{"id":1697,"date":"2025-06-10T09:19:45","date_gmt":"2025-06-10T12:19:45","guid":{"rendered":"https:\/\/www.facet.unt.edu.ar\/deptomatematica\/pagina-de-inicio\/"},"modified":"2025-09-09T12:27:51","modified_gmt":"2025-09-09T15:27:51","slug":"pagina-de-inicio","status":"publish","type":"page","link":"https:\/\/www.facet.unt.edu.ar\/deptomatematica\/","title":{"rendered":"P\u00e1gina de inicio"},"content":{"rendered":"<div id=\"pl-1697\"  class=\"panel-layout\" ><div id=\"pg-1697-0\"  class=\"panel-grid panel-no-style\" ><div id=\"pgc-1697-0-0\"  class=\"panel-grid-cell\" ><div id=\"panel-1697-0-0-0\" class=\"so-panel widget widget_black-studio-tinymce widget_black_studio_tinymce panel-first-child\" data-index=\"0\" ><div class=\"textwidget\"><p><span style=\"color: #ff6600;\"><div id=\"metaslider-id-5\" style=\"width: 100%; margin: 0 auto;\" class=\"ml-slider-3-27-5 metaslider metaslider-flex metaslider-5 ml-slider nav-hidden\">\n    <div id=\"metaslider_container_5\">\n        <div id=\"metaslider_5\">\n            <ul aria-live=\"polite\" class=\"slides\">\n                <li style=\"display: none; width: 100%;\" class=\"slide-1719 ms-image\"><img width=\"2820\" height=\"1410\" src=\"https:\/\/www.facet.unt.edu.ar\/deptomatematica\/wp-content\/uploads\/sites\/31\/2025\/02\/Brindis-matematica.jpg\" class=\"slider-5 slide-1719\" alt=\"\" decoding=\"async\" loading=\"lazy\" rel=\"\" title=\"Brindis matematica\" style=\"margin: 0 auto; width: 100%\" \/><\/li>\n                <li style=\"display: none; width: 100%;\" class=\"slide-1726 ms-image\"><img width=\"993\" height=\"496\" src=\"https:\/\/www.facet.unt.edu.ar\/deptomatematica\/wp-content\/uploads\/sites\/31\/2025\/06\/Imagen-de-WhatsApp-2025-06-06-a-las-14.39.09_b68e2e96.jpg\" class=\"slider-5 slide-1726\" alt=\"\" decoding=\"async\" loading=\"lazy\" rel=\"\" title=\"Imagen de WhatsApp 2025-06-06 a las 14.39.09_b68e2e96\" style=\"margin-top: 0.025176233635449%\" \/><\/li>\n                <li style=\"display: none; width: 100%;\" class=\"slide-738 ms-image\"><img width=\"2048\" height=\"1024\" src=\"https:\/\/www.facet.unt.edu.ar\/deptomatematica\/wp-content\/uploads\/sites\/31\/2025\/06\/44602299_10216615541091622_9150409136725295104_n.jpg\" class=\"slider-5 slide-738\" alt=\"\" decoding=\"async\" loading=\"lazy\" rel=\"\" title=\"44602299_10216615541091622_9150409136725295104_n\" style=\"margin: 0 auto; width: 100%\" \/><\/li>\n                <li style=\"display: none; width: 100%;\" class=\"slide-500 ms-image\"><img width=\"1040\" height=\"520\" src=\"https:\/\/www.facet.unt.edu.ar\/deptomatematica\/wp-content\/uploads\/sites\/31\/2025\/09\/2017-09-06-PHOTO-00000014.jpg\" class=\"slider-5 slide-500\" alt=\"\" decoding=\"async\" loading=\"lazy\" rel=\"\" title=\"\" style=\"margin: 0 auto; width: 100%\" \/><\/li>\n                <li style=\"display: none; width: 100%;\" class=\"slide-1716 ms-image\"><img width=\"4898\" height=\"2449\" src=\"https:\/\/www.facet.unt.edu.ar\/deptomatematica\/wp-content\/uploads\/sites\/31\/2025\/06\/Isanbel.jpg\" class=\"slider-5 slide-1716\" alt=\"\" decoding=\"async\" loading=\"lazy\" rel=\"\" title=\"Isanbel\" style=\"margin: 0 auto; width: 100%\" \/><\/li>\n                <li style=\"display: none; width: 100%;\" class=\"slide-1718 ms-image\"><img width=\"4898\" height=\"2449\" src=\"https:\/\/www.facet.unt.edu.ar\/deptomatematica\/wp-content\/uploads\/sites\/31\/2025\/06\/DSC07123.jpg\" class=\"slider-5 slide-1718\" alt=\"\" decoding=\"async\" loading=\"lazy\" rel=\"\" title=\"DSC07123\" style=\"margin: 0 auto; width: 100%\" \/><\/li>\n                <li style=\"display: none; width: 100%;\" class=\"slide-2040 ms-image\"><img width=\"1200\" height=\"600\" src=\"https:\/\/www.facet.unt.edu.ar\/deptomatematica\/wp-content\/uploads\/sites\/31\/2025\/09\/Imagen-de-WhatsApp-2025-08-28-a-las-12.32.23_9bbeccd6-1.jpg\" class=\"slider-5 slide-2040\" alt=\"\" decoding=\"async\" loading=\"lazy\" rel=\"\" title=\"Imagen de WhatsApp 2025-08-28 a las 12.32.23_9bbeccd6\" style=\"margin: 0 auto; width: 100%\" \/><\/li>\n                <li style=\"display: none; width: 100%;\" class=\"slide-1004 ms-image\"><img width=\"2095\" height=\"1048\" src=\"https:\/\/www.facet.unt.edu.ar\/deptomatematica\/wp-content\/uploads\/sites\/31\/2025\/09\/20181030_1217061.jpg\" class=\"slider-5 slide-1004\" alt=\"\" decoding=\"async\" loading=\"lazy\" rel=\"\" title=\"20181030_1217061\" style=\"margin: 0 auto; width: 99.952290076336%\" \/><\/li>\n                <li style=\"display: none; width: 100%;\" class=\"slide-532 ms-image\"><img width=\"2576\" height=\"1288\" src=\"https:\/\/www.facet.unt.edu.ar\/deptomatematica\/wp-content\/uploads\/sites\/31\/2025\/09\/20171006_130849.jpg\" class=\"slider-5 slide-532\" alt=\"\" decoding=\"async\" loading=\"lazy\" rel=\"\" title=\"\" style=\"margin: 0 auto; width: 100%\" \/><\/li>\n                <li style=\"display: none; width: 100%;\" class=\"slide-1724 ms-image\"><img width=\"1600\" height=\"800\" src=\"https:\/\/www.facet.unt.edu.ar\/deptomatematica\/wp-content\/uploads\/sites\/31\/2025\/06\/494026627_9624615664291383_6351509752697468817_n.jpg\" class=\"slider-5 slide-1724\" alt=\"\" decoding=\"async\" loading=\"lazy\" rel=\"\" title=\"494026627_9624615664291383_6351509752697468817_n\" style=\"margin: 0 auto; width: 100%\" \/><\/li>\n            <\/ul>\n        <\/div>\n        \n    <\/div>\n<\/div><\/span><\/p>\n<\/div><\/div><div id=\"panel-1697-0-0-1\" class=\"so-panel widget widget_headline-widget panel-last-child\" data-index=\"1\" >\t\t<h1>Bienvenidos<\/h1>\n\t\t<div class=\"decoration\"><div class=\"decoration-inside\"><\/div><\/div>\n\t\t<h3>El departamento de matem\u00e1tica se encuentra ubicado en Av. Independencia 1800 \u2013 Block 2 \u2013 Planta Baja<\/h3>\n\t\t<\/div><\/div><\/div><div id=\"pg-1697-1\"  class=\"panel-grid panel-no-style\" ><div id=\"pgc-1697-1-0\"  class=\"panel-grid-cell\" ><div id=\"panel-1697-1-0-0\" class=\"so-panel widget widget_sow-button panel-first-child\" data-index=\"2\" ><div\n\t\t\t\n\t\t\tclass=\"so-widget-sow-button so-widget-sow-button-flat-eaa51a902caf-1697\"\n\t\t\t\n\t\t><div class=\"ow-button-base ow-button-align-center\">\n\t<a href=\"https:\/\/www.facet.unt.edu.ar\/\" class=\"ow-icon-placement-left ow-button-hover\" target=\"_blank\" rel=\"noopener noreferrer\" \t\t>\n\t\t<span>\n\t\t\t\n\t\t\tFACET\t\t<\/span>\n\t<\/a>\n<\/div>\n<\/div><\/div><div id=\"panel-1697-1-0-1\" class=\"so-panel widget widget_sow-button\" data-index=\"3\" ><div\n\t\t\t\n\t\t\tclass=\"so-widget-sow-button so-widget-sow-button-flat-eaa51a902caf-1697\"\n\t\t\t\n\t\t><div class=\"ow-button-base ow-button-align-center\">\n\t<a href=\"https:\/\/facetvirtual.facet.unt.edu.ar\/\" class=\"ow-icon-placement-left ow-button-hover\" target=\"_blank\" rel=\"noopener noreferrer\" \t\t>\n\t\t<span>\n\t\t\t\n\t\t\tFACET VIRTUAL\t\t<\/span>\n\t<\/a>\n<\/div>\n<\/div><\/div><div id=\"panel-1697-1-0-2\" class=\"so-panel widget widget_sow-button panel-last-child\" data-index=\"4\" ><div\n\t\t\t\n\t\t\tclass=\"so-widget-sow-button so-widget-sow-button-flat-eaa51a902caf-1697\"\n\t\t\t\n\t\t><div class=\"ow-button-base ow-button-align-center\">\n\t<a href=\"https:\/\/www.facet.unt.edu.ar\/ingreso\/\" class=\"ow-icon-placement-left ow-button-hover\" target=\"_blank\" rel=\"noopener noreferrer\" \t\t>\n\t\t<span>\n\t\t\t\n\t\t\tIngreso FACET\t\t<\/span>\n\t<\/a>\n<\/div>\n<\/div><\/div><\/div><div id=\"pgc-1697-1-1\"  class=\"panel-grid-cell\" ><div id=\"panel-1697-1-1-0\" class=\"so-panel widget widget_sow-button panel-first-child\" data-index=\"5\" ><div\n\t\t\t\n\t\t\tclass=\"so-widget-sow-button so-widget-sow-button-flat-eaa51a902caf-1697\"\n\t\t\t\n\t\t><div class=\"ow-button-base ow-button-align-center\">\n\t<a href=\"https:\/\/www.facet.unt.edu.ar\/deptomatematica\/contacto\/\" class=\"ow-icon-placement-left ow-button-hover\" target=\"_blank\" rel=\"noopener noreferrer\" \t\t>\n\t\t<span>\n\t\t\t\n\t\t\tContacto\t\t<\/span>\n\t<\/a>\n<\/div>\n<\/div><\/div><div id=\"panel-1697-1-1-1\" class=\"so-panel widget widget_sow-post-carousel panel-last-child\" data-index=\"6\" ><div\n\t\t\t\n\t\t\tclass=\"so-widget-sow-post-carousel so-widget-sow-post-carousel-base-ee4bc174a584-1697\"\n\t\t\t\n\t\t>\t<div\n\t\tclass=\"sow-post-carousel-wrapper sow-post-carousel-theme-base\"\n\t\tstyle=\"overflow: hidden; max-width: 100%; min-height: 300px\"\n\t>\n\t\t<div class=\"sow-carousel-title has-title\">\n\t<h3 class=\"widget-title\">Novedades<\/h3>\t\t<div class=\"sow-carousel-navigation \">\n\t\t\t\t\t\t<a href=\"#\" class=\"sow-carousel-next\" title=\"Siguiente\" aria-label=\"Entradas siguientes\" role=\"button\"><\/a>\n\t\t\t\t\t\t<a href=\"#\" class=\"sow-carousel-previous\" title=\"Anterior\" aria-label=\"Entradas anteriores\" role=\"button\"><\/a>\n\t\t\t\t\t<\/div>\n\t<\/div>\n\n<div class=\"sow-carousel-container \">\n\t\t<div class=\"sow-carousel-wrapper\"\n\t\tdata-dir=\"ltr\"\n\t\tstyle=\"opacity: 0;\"\n\t\tdata-widget=\"post\" data-fetching=\"false\" data-page=\"1\" data-ajax-url=\"https:\/\/www.facet.unt.edu.ar\/deptomatematica\/wp-admin\/admin-ajax.php?_widgets_nonce=e7e6bbaa89\" data-item_count=\"9\" data-carousel_settings=\"{&quot;loop&quot;:true,&quot;animation&quot;:&quot;ease&quot;,&quot;animation_speed&quot;:800,&quot;autoplay&quot;:false,&quot;pauseOnHover&quot;:false,&quot;autoplaySpeed&quot;:8000,&quot;item_overflow&quot;:true,&quot;autoplay_continuous_scroll&quot;:false}\" data-responsive=\"{&quot;desktop_slides_to_scroll&quot;:1,&quot;tablet_landscape_breakpoint&quot;:1366,&quot;tablet_landscape_slides_to_scroll&quot;:2,&quot;tablet_portrait_breakpoint&quot;:1025,&quot;tablet_portrait_slides_to_scroll&quot;:2,&quot;mobile_breakpoint&quot;:480,&quot;mobile_slides_to_scroll&quot;:1}\" data-variable_width=\"true\" \t>\n\t\t<div\n\t\t\tclass=\"sow-carousel-items\"\n\t\t\t\t\t>\n\t\t\t\t<div class=\"sow-carousel-item\" tabindex=\"-1\" style=\"float: left;\">\n\t\t<div class=\"sow-carousel-thumbnail\">\n\t\t\t\t\t\t\t<a\n\t\t\t\thref=\"https:\/\/www.facet.unt.edu.ar\/deptomatematica\/2025\/10\/30\/exposicion-y-despedida-de-la-dra-ana-maria-sfer\/\"\n\t\t\t\t\t\t\t\t\t\tstyle=\"background-image: url( https:\/\/www.facet.unt.edu.ar\/deptomatematica\/wp-content\/uploads\/sites\/31\/2025\/10\/Despedida-Ana2.jpg )\"\n\t\t\t\t\taria-labelledby=\"sow-carousel-id-2106\"\n\t\t\t\t\ttabindex=\"-1\"\n\t\t\t\t>\n\t\t\t\t\t<span class=\"overlay\"><\/span>\n\t\t\t\t<\/a>\n\t\t\t\t\t<\/div>\n\t\t<h3 class=\"sow-carousel-item-title\">\n\t\t\t<a\n\t\t\t\thref=\"https:\/\/www.facet.unt.edu.ar\/deptomatematica\/2025\/10\/30\/exposicion-y-despedida-de-la-dra-ana-maria-sfer\/\"\n\t\t\t\tid=\"sow-carousel-id-2106\"\n\t\t\t\t\t\t\t\ttabindex=\"-1\"\n\t\t\t>\n\n\t\t\t\tExposici\u00f3n y despedida de la Dra. Ana Mar\u00eda Sfer\t\t\t<\/a>\n\t\t<\/h3>\n\t<\/div>\n\t<div class=\"sow-carousel-item\" tabindex=\"-1\" style=\"float: left;\">\n\t\t<div class=\"sow-carousel-thumbnail\">\n\t\t\t\t\t\t\t<a\n\t\t\t\thref=\"https:\/\/www.facet.unt.edu.ar\/deptomatematica\/2025\/10\/21\/seminario-de-la-maestria-en-matematica\/\"\n\t\t\t\t\t\t\t\t\t\tstyle=\"background-image: url( https:\/\/www.facet.unt.edu.ar\/deptomatematica\/wp-content\/uploads\/sites\/31\/2025\/10\/seminario-Marina.png )\"\n\t\t\t\t\taria-labelledby=\"sow-carousel-id-2101\"\n\t\t\t\t\ttabindex=\"-1\"\n\t\t\t\t>\n\t\t\t\t\t<span class=\"overlay\"><\/span>\n\t\t\t\t<\/a>\n\t\t\t\t\t<\/div>\n\t\t<h3 class=\"sow-carousel-item-title\">\n\t\t\t<a\n\t\t\t\thref=\"https:\/\/www.facet.unt.edu.ar\/deptomatematica\/2025\/10\/21\/seminario-de-la-maestria-en-matematica\/\"\n\t\t\t\tid=\"sow-carousel-id-2101\"\n\t\t\t\t\t\t\t\ttabindex=\"-1\"\n\t\t\t>\n\n\t\t\t\tSeminario de la Maestr\u00eda en Matem\u00e1tica\t\t\t<\/a>\n\t\t<\/h3>\n\t<\/div>\n\t<div class=\"sow-carousel-item\" tabindex=\"-1\" style=\"float: left;\">\n\t\t<div class=\"sow-carousel-thumbnail\">\n\t\t\t\t\t\t\t<a\n\t\t\t\thref=\"https:\/\/www.facet.unt.edu.ar\/deptomatematica\/2025\/10\/13\/4-jornada-latinoamericana-de-talleres-stem-para-ninas-y-mujeres-adolescentes-en-la-facet\/\"\n\t\t\t\t\t\t\t\t\t\tstyle=\"background-image: url( https:\/\/www.facet.unt.edu.ar\/deptomatematica\/wp-content\/uploads\/sites\/31\/2025\/10\/Imagen-de-WhatsApp-2025-10-13-a-las-10.07.10_b9de182d.jpg )\"\n\t\t\t\t\taria-labelledby=\"sow-carousel-id-2076\"\n\t\t\t\t\ttabindex=\"-1\"\n\t\t\t\t>\n\t\t\t\t\t<span class=\"overlay\"><\/span>\n\t\t\t\t<\/a>\n\t\t\t\t\t<\/div>\n\t\t<h3 class=\"sow-carousel-item-title\">\n\t\t\t<a\n\t\t\t\thref=\"https:\/\/www.facet.unt.edu.ar\/deptomatematica\/2025\/10\/13\/4-jornada-latinoamericana-de-talleres-stem-para-ninas-y-mujeres-adolescentes-en-la-facet\/\"\n\t\t\t\tid=\"sow-carousel-id-2076\"\n\t\t\t\t\t\t\t\ttabindex=\"-1\"\n\t\t\t>\n\n\t\t\t\t4\u00b0 Jornada Latinoamericana de Talleres STEM para Ni\u00f1as y Mujeres Adolescentes en la FACET\t\t\t<\/a>\n\t\t<\/h3>\n\t<\/div>\n\t<div class=\"sow-carousel-item\" tabindex=\"-1\" style=\"float: left;\">\n\t\t<div class=\"sow-carousel-thumbnail\">\n\t\t\t\t\t\t\t<a\n\t\t\t\thref=\"https:\/\/www.facet.unt.edu.ar\/deptomatematica\/2025\/10\/13\/jubilacion-amelia-barrionuevo\/\"\n\t\t\t\t\t\t\t\t\t\tstyle=\"background-image: url( https:\/\/www.facet.unt.edu.ar\/deptomatematica\/wp-content\/uploads\/sites\/31\/2025\/10\/Imagen-de-WhatsApp-2025-10-03-a-las-17.05.29_a7178971.jpg )\"\n\t\t\t\t\taria-labelledby=\"sow-carousel-id-2049\"\n\t\t\t\t\ttabindex=\"-1\"\n\t\t\t\t>\n\t\t\t\t\t<span class=\"overlay\"><\/span>\n\t\t\t\t<\/a>\n\t\t\t\t\t<\/div>\n\t\t<h3 class=\"sow-carousel-item-title\">\n\t\t\t<a\n\t\t\t\thref=\"https:\/\/www.facet.unt.edu.ar\/deptomatematica\/2025\/10\/13\/jubilacion-amelia-barrionuevo\/\"\n\t\t\t\tid=\"sow-carousel-id-2049\"\n\t\t\t\t\t\t\t\ttabindex=\"-1\"\n\t\t\t>\n\n\t\t\t\tJubilaci\u00f3n Amelia Barrionuevo\t\t\t<\/a>\n\t\t<\/h3>\n\t<\/div>\n\t<div class=\"sow-carousel-item\" tabindex=\"-1\" style=\"float: left;\">\n\t\t<div class=\"sow-carousel-thumbnail\">\n\t\t\t\t\t\t\t<a\n\t\t\t\thref=\"https:\/\/www.facet.unt.edu.ar\/deptomatematica\/2025\/10\/07\/participacion-en-san-2025\/\"\n\t\t\t\t\t\t\t\t\t\tstyle=\"background-image: url( https:\/\/www.facet.unt.edu.ar\/deptomatematica\/wp-content\/uploads\/sites\/31\/2025\/10\/SAN.jpg )\"\n\t\t\t\t\taria-labelledby=\"sow-carousel-id-2043\"\n\t\t\t\t\ttabindex=\"-1\"\n\t\t\t\t>\n\t\t\t\t\t<span class=\"overlay\"><\/span>\n\t\t\t\t<\/a>\n\t\t\t\t\t<\/div>\n\t\t<h3 class=\"sow-carousel-item-title\">\n\t\t\t<a\n\t\t\t\thref=\"https:\/\/www.facet.unt.edu.ar\/deptomatematica\/2025\/10\/07\/participacion-en-san-2025\/\"\n\t\t\t\tid=\"sow-carousel-id-2043\"\n\t\t\t\t\t\t\t\ttabindex=\"-1\"\n\t\t\t>\n\n\t\t\t\tParticipaci\u00f3n en SAN 2025\t\t\t<\/a>\n\t\t<\/h3>\n\t<\/div>\n\t<div class=\"sow-carousel-item\" tabindex=\"-1\" style=\"float: left;\">\n\t\t<div class=\"sow-carousel-thumbnail\">\n\t\t\t\t\t\t\t<a\n\t\t\t\thref=\"https:\/\/www.facet.unt.edu.ar\/deptomatematica\/2025\/09\/12\/defensa-de-tesis-doctoral\/\"\n\t\t\t\t\t\t\t\t\t\tstyle=\"background-image: url( https:\/\/www.facet.unt.edu.ar\/deptomatematica\/wp-content\/uploads\/sites\/31\/2025\/09\/unnamed-1.png )\"\n\t\t\t\t\taria-labelledby=\"sow-carousel-id-1980\"\n\t\t\t\t\ttabindex=\"-1\"\n\t\t\t\t>\n\t\t\t\t\t<span class=\"overlay\"><\/span>\n\t\t\t\t<\/a>\n\t\t\t\t\t<\/div>\n\t\t<h3 class=\"sow-carousel-item-title\">\n\t\t\t<a\n\t\t\t\thref=\"https:\/\/www.facet.unt.edu.ar\/deptomatematica\/2025\/09\/12\/defensa-de-tesis-doctoral\/\"\n\t\t\t\tid=\"sow-carousel-id-1980\"\n\t\t\t\t\t\t\t\ttabindex=\"-1\"\n\t\t\t>\n\n\t\t\t\tDefensa de Tesis Doctoral\t\t\t<\/a>\n\t\t<\/h3>\n\t<\/div>\n\t<div class=\"sow-carousel-item\" tabindex=\"-1\" style=\"float: left;\">\n\t\t<div class=\"sow-carousel-thumbnail\">\n\t\t\t\t\t\t\t<a\n\t\t\t\thref=\"https:\/\/www.facet.unt.edu.ar\/deptomatematica\/2025\/09\/02\/participacion-en-el-codinoa-2025\/\"\n\t\t\t\t\t\t\t\t\t\tstyle=\"background-image: url( https:\/\/www.facet.unt.edu.ar\/deptomatematica\/wp-content\/uploads\/sites\/31\/2025\/09\/20250828_124916-1.jpg )\"\n\t\t\t\t\taria-labelledby=\"sow-carousel-id-1819\"\n\t\t\t\t\ttabindex=\"-1\"\n\t\t\t\t>\n\t\t\t\t\t<span class=\"overlay\"><\/span>\n\t\t\t\t<\/a>\n\t\t\t\t\t<\/div>\n\t\t<h3 class=\"sow-carousel-item-title\">\n\t\t\t<a\n\t\t\t\thref=\"https:\/\/www.facet.unt.edu.ar\/deptomatematica\/2025\/09\/02\/participacion-en-el-codinoa-2025\/\"\n\t\t\t\tid=\"sow-carousel-id-1819\"\n\t\t\t\t\t\t\t\ttabindex=\"-1\"\n\t\t\t>\n\n\t\t\t\tParticipaci\u00f3n en el CODINOA 2025\t\t\t<\/a>\n\t\t<\/h3>\n\t<\/div>\n\t<div class=\"sow-carousel-item\" tabindex=\"-1\" style=\"float: left;\">\n\t\t<div class=\"sow-carousel-thumbnail\">\n\t\t\t\t\t\t\t<a\n\t\t\t\thref=\"https:\/\/www.facet.unt.edu.ar\/deptomatematica\/2025\/08\/20\/agasajo-a-la-mg-fernanda-nuno\/\"\n\t\t\t\t\t\t\t\t\t\tstyle=\"background-image: url( https:\/\/www.facet.unt.edu.ar\/deptomatematica\/wp-content\/uploads\/sites\/31\/2025\/08\/20250820_123028-1.jpg )\"\n\t\t\t\t\taria-labelledby=\"sow-carousel-id-1792\"\n\t\t\t\t\ttabindex=\"-1\"\n\t\t\t\t>\n\t\t\t\t\t<span class=\"overlay\"><\/span>\n\t\t\t\t<\/a>\n\t\t\t\t\t<\/div>\n\t\t<h3 class=\"sow-carousel-item-title\">\n\t\t\t<a\n\t\t\t\thref=\"https:\/\/www.facet.unt.edu.ar\/deptomatematica\/2025\/08\/20\/agasajo-a-la-mg-fernanda-nuno\/\"\n\t\t\t\tid=\"sow-carousel-id-1792\"\n\t\t\t\t\t\t\t\ttabindex=\"-1\"\n\t\t\t>\n\n\t\t\t\tAgasajo a la Mg. Fernanda Nu\u00f1o\t\t\t<\/a>\n\t\t<\/h3>\n\t<\/div>\n\t<div class=\"sow-carousel-item\" tabindex=\"-1\" style=\"float: left;\">\n\t\t<div class=\"sow-carousel-thumbnail\">\n\t\t\t\t\t\t\t<a\n\t\t\t\thref=\"https:\/\/www.facet.unt.edu.ar\/deptomatematica\/2025\/08\/07\/defensa-de-tesis-de-maestria\/\"\n\t\t\t\t\t\t\t\t\t\tstyle=\"background-image: url( https:\/\/www.facet.unt.edu.ar\/deptomatematica\/wp-content\/uploads\/sites\/31\/2025\/08\/seminario-de-graduacion-6.png )\"\n\t\t\t\t\taria-labelledby=\"sow-carousel-id-1764\"\n\t\t\t\t\ttabindex=\"-1\"\n\t\t\t\t>\n\t\t\t\t\t<span class=\"overlay\"><\/span>\n\t\t\t\t<\/a>\n\t\t\t\t\t<\/div>\n\t\t<h3 class=\"sow-carousel-item-title\">\n\t\t\t<a\n\t\t\t\thref=\"https:\/\/www.facet.unt.edu.ar\/deptomatematica\/2025\/08\/07\/defensa-de-tesis-de-maestria\/\"\n\t\t\t\tid=\"sow-carousel-id-1764\"\n\t\t\t\t\t\t\t\ttabindex=\"-1\"\n\t\t\t>\n\n\t\t\t\tDefensa de Tesis de Maestr\u00eda en Matem\u00e1tica\t\t\t<\/a>\n\t\t<\/h3>\n\t<\/div>\n\t\t<\/div>\n\t\t\t<\/div>\n\n\t<\/div>\n\t\t<input type=\"hidden\" name=\"instance_hash\" value=\"54696f92\"\/>\n\t<\/div>\n<\/div><\/div><\/div><div id=\"pgc-1697-1-2\"  class=\"panel-grid-cell\" ><div id=\"panel-1697-1-2-0\" class=\"so-panel widget widget_circleicon-widget panel-first-child\" data-index=\"7\" >\t\t<div class=\"circle-icon-box circle-icon-position-bottom circle-icon-hide-box circle-icon-size-small\">\n\t\t\t<div class=\"circle-icon-wrapper\">\n\t\t\t\t\t\t\t\t<div class=\"circle-icon\" >\n\t\t\t\t\t<div class=\"fa fa-arrow-circle-down\" ><\/div>\t\t\t\t<\/div>\n\t\t\t\t\t\t\t<\/div>\n\n\t\t\t\t\t\t<h4 style=\"color: #000000\">Ofertas Acad\u00e9micas<\/h4>\t\t\t\n\t\t\t\t\t\t\t\t<\/div>\n\t\t<\/div><div id=\"panel-1697-1-2-1\" class=\"so-panel widget widget_sow-button\" data-index=\"8\" ><div\n\t\t\t\n\t\t\tclass=\"so-widget-sow-button so-widget-sow-button-flat-eaa51a902caf-1764\"\n\t\t\t\n\t\t><div class=\"ow-button-base ow-button-align-center\">\n\t<a href=\"https:\/\/www.facet.unt.edu.ar\/licenciaturamatematica\/\" class=\"ow-icon-placement-left ow-button-hover\" target=\"_blank\" rel=\"noopener noreferrer\" \t\t>\n\t\t<span>\n\t\t\t\n\t\t\tLicenciatura en Matem\u00e1tica\t\t<\/span>\n\t<\/a>\n<\/div>\n<\/div><\/div><div id=\"panel-1697-1-2-2\" class=\"so-panel widget widget_sow-button panel-last-child\" data-index=\"9\" ><div\n\t\t\t\n\t\t\tclass=\"so-widget-sow-button so-widget-sow-button-flat-eaa51a902caf-1764\"\n\t\t\t\n\t\t><div class=\"ow-button-base ow-button-align-center\">\n\t<a href=\"https:\/\/www.facet.unt.edu.ar\/maestriamatematica\/\" class=\"ow-icon-placement-left ow-button-hover\" target=\"_blank\" rel=\"noopener noreferrer\" \t\t>\n\t\t<span>\n\t\t\t\n\t\t\tMaestr\u00eda en Matem\u00e1tica\t\t<\/span>\n\t<\/a>\n<\/div>\n<\/div><\/div><\/div><\/div><div id=\"pg-1697-2\"  class=\"panel-grid panel-no-style\" ><div id=\"pgc-1697-2-0\"  class=\"panel-grid-cell panel-grid-cell-empty\" ><\/div><div id=\"pgc-1697-2-1\"  class=\"panel-grid-cell\" ><div id=\"panel-1697-2-1-0\" class=\"so-panel widget widget_media_video panel-first-child panel-last-child\" data-index=\"10\" ><div style=\"width:100%;\" class=\"wp-video\"><!--[if lt IE 9]><script>document.createElement('video');<\/script><![endif]-->\n<video class=\"wp-video-shortcode\" id=\"video-1764-1\" preload=\"metadata\" controls=\"controls\"><source type=\"video\/youtube\" src=\"https:\/\/www.youtube.com\/watch?v=B1J6Ou4q8vE&#038;_=1\" \/><a href=\"https:\/\/www.youtube.com\/watch?v=B1J6Ou4q8vE\">https:\/\/www.youtube.com\/watch?v=B1J6Ou4q8vE<\/a><\/video><\/div><\/div><\/div><div id=\"pgc-1697-2-2\"  class=\"panel-grid-cell panel-grid-cell-mobile-last\" ><div id=\"panel-1697-2-2-0\" class=\"so-panel widget widget_media_video panel-first-child panel-last-child\" data-index=\"11\" ><div style=\"width:100%;\" class=\"wp-video\"><video class=\"wp-video-shortcode\" id=\"video-1764-2\" preload=\"metadata\" controls=\"controls\"><source type=\"video\/youtube\" src=\"https:\/\/www.youtube.com\/watch?v=VEJWE6cpqw0&#038;list=WL&#038;_=2\" \/><a href=\"https:\/\/www.youtube.com\/watch?v=VEJWE6cpqw0&#038;list=WL\">https:\/\/www.youtube.com\/watch?v=VEJWE6cpqw0&#038;list=WL<\/a><\/video><\/div><\/div><\/div><div id=\"pgc-1697-2-3\"  class=\"panel-grid-cell panel-grid-cell-empty\" ><\/div><\/div><\/div>","protected":false},"excerpt":{"rendered":"<p>Los invitamos a la defensa de tesis de la Maestr\u00eda en Matem\u00e1tica de la Lic. Fernanda Nu\u00f1o el 19 de Agosto de 2025 a horas 09:00 en la Sala de Medios Audiovisuales de la FACET. Resumen Este trabajo de tesis se enfoca en las degeneraciones de \u00e1lgebras de Lie nilpotentes reales de dimensi\u00f3n 6 que [&hellip;]<\/p>\n","protected":false},"author":123523,"featured_media":0,"parent":0,"menu_order":0,"comment_status":"closed","ping_status":"closed","template":"home-panels.php","meta":[],"_links":{"self":[{"href":"https:\/\/www.facet.unt.edu.ar\/deptomatematica\/wp-json\/wp\/v2\/pages\/1697"}],"collection":[{"href":"https:\/\/www.facet.unt.edu.ar\/deptomatematica\/wp-json\/wp\/v2\/pages"}],"about":[{"href":"https:\/\/www.facet.unt.edu.ar\/deptomatematica\/wp-json\/wp\/v2\/types\/page"}],"author":[{"embeddable":true,"href":"https:\/\/www.facet.unt.edu.ar\/deptomatematica\/wp-json\/wp\/v2\/users\/123523"}],"replies":[{"embeddable":true,"href":"https:\/\/www.facet.unt.edu.ar\/deptomatematica\/wp-json\/wp\/v2\/comments?post=1697"}],"version-history":[{"count":39,"href":"https:\/\/www.facet.unt.edu.ar\/deptomatematica\/wp-json\/wp\/v2\/pages\/1697\/revisions"}],"predecessor-version":[{"id":1712,"href":"https:\/\/www.facet.unt.edu.ar\/deptomatematica\/wp-json\/wp\/v2\/pages\/1697\/revisions\/1712"}],"wp:attachment":[{"href":"https:\/\/www.facet.unt.edu.ar\/deptomatematica\/wp-json\/wp\/v2\/media?parent=1697"}],"curies":[{"name":"wp","href":"https:\/\/api.w.org\/{rel}","templated":true}]}}