{"id":180,"date":"2018-04-10T10:34:03","date_gmt":"2018-04-10T13:34:03","guid":{"rendered":"https:\/\/www.facet.unt.edu.ar\/deptomatematica\/?page_id=180"},"modified":"2022-04-26T10:18:37","modified_gmt":"2022-04-26T13:18:37","slug":"uso-de-aulas","status":"publish","type":"page","link":"https:\/\/www.facet.unt.edu.ar\/deptomatematica\/uso-de-aulas\/","title":{"rendered":"Uso de Aulas"},"content":{"rendered":"<p>A continuaci\u00f3n se presenta el uso de aulas para el primer cuatrimestre del a\u00f1o 2022.<\/p>\n<h3>Se aclara a los docentes del Departamento que deben hacer sus reservas con Alfredo Gusm\u00e1n en el Departamento de Matem\u00e1tica.<\/h3>\n<p>Ante un cambio durante el a\u00f1o, luego de registrarlo con Alfredo, enviar un mail a fbarros@herrera.unt.edu.ar para la correspondiente actualizaci\u00f3n de esta p\u00e1gina. En caso de detectar un error u omisi\u00f3n comunicarlo v\u00eda mail.<\/p>\n<p>Tienen prioridad, ante necesidades, las clases o ex\u00e1menes frente a las consultas.<\/p>\n<p>Si es un cambio provisorio de un d\u00eda o pocos d\u00edas, se colocar\u00e1 en una notificaci\u00f3n aparte en esta p\u00e1gina y en la planilla de Alfredo.<\/p>\n<p>Calendarios actualizados al 26\/04\/2022.<br \/>\n<iframe loading=\"lazy\" style=\"border: solid 1px #777;\" src=\"https:\/\/calendar.google.com\/calendar\/embed?height=600&amp;wkst=2&amp;bgcolor=%23ffffff&amp;ctz=America%2FArgentina%2FBuenos_Aires&amp;showTz=0&amp;showCalendars=0&amp;showTabs=0&amp;showPrint=0&amp;mode=WEEK&amp;src=Y190MmpqNTF0c29tajdycXUxdjV1OWM5dDZtY0Bncm91cC5jYWxlbmRhci5nb29nbGUuY29t&amp;color=%239E69AF\" width=\"800\" height=\"600\" frameborder=\"0\" scrolling=\"no\"><\/iframe><\/p>\n<p><iframe loading=\"lazy\" style=\"border: solid 1px #777;\" src=\"https:\/\/calendar.google.com\/calendar\/embed?height=600&amp;wkst=2&amp;bgcolor=%23ffffff&amp;ctz=America%2FArgentina%2FBuenos_Aires&amp;showPrint=0&amp;showTz=0&amp;mode=WEEK&amp;showTabs=0&amp;showDate=1&amp;showCalendars=0&amp;src=Y192bDJia3ZscnByaGdtYmJuMGhsNjFwMGZ1c0Bncm91cC5jYWxlbmRhci5nb29nbGUuY29t&amp;color=%23F6BF26\" width=\"800\" height=\"600\" frameborder=\"0\" scrolling=\"no\"><\/iframe><\/p>\n<p><iframe loading=\"lazy\" style=\"border: solid 1px #777;\" src=\"https:\/\/calendar.google.com\/calendar\/embed?height=600&amp;wkst=2&amp;bgcolor=%23ffffff&amp;ctz=America%2FArgentina%2FBuenos_Aires&amp;showTitle=1&amp;showNav=1&amp;showTz=0&amp;showPrint=0&amp;mode=WEEK&amp;showTabs=0&amp;src=Y180ZWllbm1iMzg3bmg0N2Fua2ZtdG9rNGQ1MEBncm91cC5jYWxlbmRhci5nb29nbGUuY29t&amp;color=%23009688\" width=\"800\" height=\"600\" frameborder=\"0\" scrolling=\"no\"><\/iframe><\/p>\n<p><iframe loading=\"lazy\" style=\"border: solid 1px #777;\" src=\"https:\/\/calendar.google.com\/calendar\/embed?height=600&amp;wkst=2&amp;bgcolor=%23ffffff&amp;ctz=America%2FArgentina%2FBuenos_Aires&amp;showPrint=0&amp;showTz=0&amp;mode=WEEK&amp;showTabs=0&amp;showDate=1&amp;showCalendars=0&amp;src=Y19hZjM1OGpybWlvZDlibGgyanUxdWVnamJuOEBncm91cC5jYWxlbmRhci5nb29nbGUuY29t&amp;color=%237986CB\" width=\"800\" height=\"600\" frameborder=\"0\" scrolling=\"no\"><\/iframe><\/p>\n<p><iframe loading=\"lazy\" style=\"border: solid 1px #777;\" src=\"https:\/\/calendar.google.com\/calendar\/embed?height=600&amp;wkst=2&amp;bgcolor=%23ffffff&amp;ctz=America%2FArgentina%2FBuenos_Aires&amp;showTz=0&amp;showCalendars=0&amp;showTabs=0&amp;showPrint=0&amp;showDate=1&amp;mode=WEEK&amp;src=Y19iam5kM211Y2Uxb2p0dWE1am9jaWwxNG1zb0Bncm91cC5jYWxlbmRhci5nb29nbGUuY29t&amp;color=%23C0CA33\" width=\"800\" height=\"600\" frameborder=\"0\" scrolling=\"no\"><\/iframe><\/p>\n","protected":false},"excerpt":{"rendered":"<p>A continuaci\u00f3n se presenta el uso de aulas para el primer cuatrimestre del a\u00f1o 2022. Se aclara a los docentes del Departamento que deben hacer sus reservas con Alfredo Gusm\u00e1n en el Departamento de Matem\u00e1tica. Ante un cambio durante el a\u00f1o, luego de registrarlo con Alfredo, enviar un mail a fbarros@herrera.unt.edu.ar para la correspondiente actualizaci\u00f3n [&hellip;]<\/p>\n","protected":false},"author":101011,"featured_media":0,"parent":0,"menu_order":70,"comment_status":"closed","ping_status":"closed","template":"","meta":[],"_links":{"self":[{"href":"https:\/\/www.facet.unt.edu.ar\/deptomatematica\/wp-json\/wp\/v2\/pages\/180"}],"collection":[{"href":"https:\/\/www.facet.unt.edu.ar\/deptomatematica\/wp-json\/wp\/v2\/pages"}],"about":[{"href":"https:\/\/www.facet.unt.edu.ar\/deptomatematica\/wp-json\/wp\/v2\/types\/page"}],"author":[{"embeddable":true,"href":"https:\/\/www.facet.unt.edu.ar\/deptomatematica\/wp-json\/wp\/v2\/users\/101011"}],"replies":[{"embeddable":true,"href":"https:\/\/www.facet.unt.edu.ar\/deptomatematica\/wp-json\/wp\/v2\/comments?post=180"}],"version-history":[{"count":84,"href":"https:\/\/www.facet.unt.edu.ar\/deptomatematica\/wp-json\/wp\/v2\/pages\/180\/revisions"}],"predecessor-version":[{"id":1122,"href":"https:\/\/www.facet.unt.edu.ar\/deptomatematica\/wp-json\/wp\/v2\/pages\/180\/revisions\/1122"}],"wp:attachment":[{"href":"https:\/\/www.facet.unt.edu.ar\/deptomatematica\/wp-json\/wp\/v2\/media?parent=180"}],"curies":[{"name":"wp","href":"https:\/\/api.w.org\/{rel}","templated":true}]}}