{"id":356,"date":"2018-10-30T07:09:38","date_gmt":"2018-10-30T10:09:38","guid":{"rendered":"https:\/\/www.facet.unt.edu.ar\/deptomatematica\/?page_id=356"},"modified":"2020-10-01T21:06:08","modified_gmt":"2020-10-02T00:06:08","slug":"cronograma","status":"publish","type":"page","link":"https:\/\/www.facet.unt.edu.ar\/deptomatematica\/carreras\/licenciatura-en-matematica\/seminarios-de-alumnos\/cronograma\/","title":{"rendered":"Cronograma"},"content":{"rendered":"<p>SEMINARIO DE LOS ALUMNOS DE LA LIC. EN MATEM\u00c1TICA<\/p>\n<p><strong>Encuentros 2020<\/strong><\/p>\n<ul>\n<li>1er seminario 2020 : titulado: <strong>\u201c<\/strong><strong>Un camino hacia la investigaci\u00f3n<\/strong><strong>\u201d<\/strong>, que se transmitir\u00e1 por Google Meet , <strong>viernes 02 de octubre<\/strong>, a las\u00a0<strong>12:00 hs<\/strong>. El mismo estar\u00e1 a cargo de la\u00a0<strong>Mg. Estela Fern\u00e1ndez.<\/strong><\/li>\n<\/ul>\n<p>Destinatarios: abierto a todo p\u00fablico.<\/p>\n<p>Resumen:\u00a0Existen cuatro funciones importantes de un docente universitario: docencia, investigaci\u00f3n, gesti\u00f3n y extensi\u00f3n. En este seminario proponemos una mirada sobre la investigaci\u00f3n. La investigaci\u00f3n es una actividad orientada a la obtenci\u00f3n de nuevos conocimientos y su aplicaci\u00f3n para la soluci\u00f3n a problemas o interrogantes de car\u00e1cter cient\u00edfico\/tecnol\u00f3gico. En el tiempo ha variado la importancia dada, tradicionalmente se le ha concedido m\u00e1s importancia a la funci\u00f3n investigadora, compitiendo con la docencia, pero ahora ambas funciones se las considera conectadas. Actualmente, la investigaci\u00f3n es una actividad profesional que, por sus fines, goza de un amplio prestigio social y que permite, adem\u00e1s, generar un ingreso. En este seminario daremos un pantallazo general de los diferentes tipos de investigaci\u00f3n, composici\u00f3n, adscripci\u00f3n, financiamiento y el lugar que tiene un alumno de grado en este \u00e1mbito.<\/p>\n<p>Link a Meet:\u00a0\u00a0<a href=\"http:\/\/meet.google.com\/bak-ixns-ufa\" target=\"_blank\" rel=\"noopener noreferrer\">meet.google.com\/bak-ixns-ufa<\/a><\/p>\n<p><strong>El evento es libre y gratuito.<\/strong><\/p>\n<p><strong>Encuentros 2019<\/strong><\/p>\n<ul>\n<li>2do encuentro 2019 <span lang=\"ES\"><span lang=\"ES\">\u00a0.\u201c<em><span style=\"text-align: left; color: #333333; text-transform: none; text-indent: 0px; letter-spacing: normal; font-family: Georgia,'Times New Roman','Bitstream Charter',Times,serif; font-size: 16px; font-variant: normal; font-weight: 400; text-decoration: none; word-spacing: 0px; display: inline !important; white-space: normal; cursor: text; orphans: 2; float: none; -webkit-text-stroke-width: 0px; background-color: transparent;\">FRACTALES. <\/span><span style=\"text-align: left; color: #333333; text-transform: none; text-indent: 0px; letter-spacing: normal; font-family: Georgia,'Times New Roman','Bitstream Charter',Times,serif; font-size: 16px; font-variant: normal; font-weight: 400; text-decoration: none; word-spacing: 0px; display: inline !important; white-space: normal; cursor: text; orphans: 2; float: none; -webkit-text-stroke-width: 0px; background-color: transparent;\">QUE SON Y DONDE ENCONTRARLOS<\/span><\/em><\/span><\/span><span lang=\"ES\">\u201d, y estar\u00e1 a cargo de <span style=\"display: inline !important; float: none; background-color: transparent; color: #333333; cursor: text; font-family: Georgia,'Times New Roman','Bitstream Charter',Times,serif; font-size: 16px; font-style: normal; font-variant: normal; font-weight: 400; letter-spacing: normal; orphans: 2; text-align: left; text-decoration: none; text-indent: 0px; text-transform: none; -webkit-text-stroke-width: 0px; white-space: normal; word-spacing: 0px;\">Facundo Ol\u00e1s, alumno del Profesorado en Matem\u00e1tica \u2013 F. de Filosof\u00eda y Letras &#8211; UNT<\/span>. Se realizar\u00e1 el d\u00eda <span style=\"display: inline !important; float: none; background-color: transparent; color: #333333; cursor: text; font-family: Georgia,'Times New Roman','Bitstream Charter',Times,serif; font-size: 16px; font-style: normal; font-variant: normal; font-weight: 400; letter-spacing: normal; orphans: 2; text-align: left; text-decoration: none; text-indent: 0px; text-transform: none; -webkit-text-stroke-width: 0px; white-space: normal; word-spacing: 0px;\">Mi\u00e9rcoles 8 de mayo de 2019, 12:00 hs. <\/span><span style=\"display: inline !important; float: none; background-color: transparent; color: #333333; cursor: text; font-family: Georgia,'Times New Roman','Bitstream Charter',Times,serif; font-size: 16px; font-style: normal; font-variant: normal; font-weight: 400; letter-spacing: normal; orphans: 2; text-align: left; text-decoration: none; text-indent: 0px; text-transform: none; -webkit-text-stroke-width: 0px; white-space: normal; word-spacing: 0px;\">Aula 2-4-8, 4to piso, Block 2- FaCET-UNT<\/span>. <a href=\"https:\/\/www.facet.unt.edu.ar\/deptomatematica\/wp-content\/uploads\/sites\/31\/2019\/05\/Resumen-FRACTALES.docx\">Resumen<\/a><\/span><\/li>\n<\/ul>\n<p>&nbsp;<\/p>\n<ul>\n<li>1er encuentro 2019 <span lang=\"ES\"><span lang=\"ES\">\u00a0.\u201c<em>ELEMENTOS FINITOS VIRTUALES Y SU APLICACI\u00d3N A DOMINIOS IRREGULARES Y MULTIESCALA<\/em><\/span><\/span><span lang=\"ES\">\u201d, y estar\u00e1 a cargo del Ph.D. Guillermo Etse. Se realizar\u00e1 el d\u00eda 26 de Marzo las 12:00 hs, en el Aula 2-4-9, 4\u00b0 Piso, Block 2 de la FACET-UNT.<\/span><\/li>\n<\/ul>\n<p><strong>Encuentros 2018<\/strong><\/p>\n<ul>\n<li>7mo\u00a0encuentro 2018\u00a0<span lang=\"ES\"><span lang=\"ES\">\u00a0.\u201cGeometr\u00eda en la Naturaleza\u201d, y estar\u00e1 a cargo del Lic. Armando Alfredo Dan\u00fan.\u00a0Se realizar\u00e1 el d\u00eda 14 de Diciembrea las 11:00 hs, en el Aula 2-4-7, 4\u00b0 Piso, Block 2 de la FACET-UNT. <a href=\"https:\/\/www.facet.unt.edu.ar\/deptomatematica\/wp-content\/uploads\/sites\/31\/2018\/12\/Resumen-7mo-seminario-2018.docx\">Resumen<\/a><\/span><\/span><\/li>\n<li>6to encuentro 2018\u00a0<span lang=\"ES\"><span lang=\"ES\">a realizarse en dos charlas\u00a0<\/span><\/span>con temas relacionados entre s\u00ed:\n<ul>\n<li style=\"list-style-type: none;\">\n<ul>\n<li><em>\u201cAproximaci\u00f3n de datos y de funciones utilizando splines\u201d.\u00a0<\/em>Lunes 26\/11\/18.\u00a0<a href=\"https:\/\/www.facet.unt.edu.ar\/maestriamatematica\/wp-content\/uploads\/sites\/30\/2018\/11\/Resumen-Garau-1.docx\">Resumen<\/a><\/li>\n<li><em>\u201cM\u00e9todos isogeom\u00e9tricos para resolver ecuaciones en derivadas parciales\u201d. Martes 27\/11\/18.\u00a0<\/em><a href=\"https:\/\/www.facet.unt.edu.ar\/maestriamatematica\/wp-content\/uploads\/sites\/30\/2018\/11\/Resumen-Garau-2.docx\" target=\"_blank\" rel=\"noopener noreferrer\">Resumen<\/a><\/li>\n<\/ul>\n<\/li>\n<\/ul>\n<p>Expositor: Dr. Eduardo Garau, Investigador Adjunto del CONICET y Profesor Adjunto en la Facultad de Ingenier\u00eda Qu\u00edmica de la Universidad Nacional del Litoral.<\/p>\n<p>Ambos seminarios se dar\u00e1n a las 12 hs en aula 2-4-9 (Ex M4)<\/li>\n<\/ul>\n<ul>\n<li>5to encuentro 2018\u00a0<span lang=\"ES\">a realizarse el d\u00eda <b>martes 30 de octubre, <\/b>a las 12:00 hs, en el Aula 2-4-9, 4to piso, Block 2 de la FACET UNT. T\u00edtulo: <strong>\u201c<b>An\u00e1lisis de Componentes Principales<\/b>\u201d<\/strong><\/span><span lang=\"ES\"> .El mismo estar\u00e1 a cargo de la Alumna de la Lic. en Matem\u00e1tica y Ayudante Estudiantil C\u00e1tedra de Probabilidades y Estad\u00edstica,\u00a0<b>Srta. Gabriela Echaz\u00fa<\/b><b>.<\/b> <a href=\"https:\/\/www.facet.unt.edu.ar\/deptomatematica\/wp-content\/uploads\/sites\/31\/2018\/10\/2018Seminario-Echaz\u00fa.docx\" target=\"_blank\" rel=\"noopener noreferrer\">Resumen<\/a>.<\/span><\/li>\n<\/ul>\n<ul>\n<li>4to encuentro 2018\u00a0<span lang=\"ES\">a realizarse el d\u00eda <b>martes 02 de octubre, <\/b>a las 12:00 hs, en el Aula 2-4-9, 4to piso, Block 2 de la FACET UNT. T\u00edtulo: <strong>\u201cOferta de posgrado de la FACET\u201d<\/strong><\/span><span lang=\"ES\"> .El mismo estar\u00e1 a cargo de la\u00a0<b>Dra. Sonia Vrech (Directora del Departamento de Posgrado \u2013 FACET ).<\/b> <a href=\"https:\/\/www.facet.unt.edu.ar\/deptomatematica\/wp-content\/uploads\/sites\/31\/2018\/10\/Resumen-Seminario-Vrech.docx\" target=\"_blank\" rel=\"noopener noreferrer\">Resumen<\/a>.<\/span><\/li>\n<li>3er encuentro 2018\u00a0<span lang=\"ES\">a realizarse el d\u00eda <b>mi\u00e9rcoles 05 de setiembre, <\/b>a las 12:00 hs, en el Aula 2-4-9, 4to piso, Block 2 de la FACET UNT. T\u00edtulo: <strong>\u201cCampo de aplicaci\u00f3n de la Estad\u00edstica en las empresas\u201d<\/strong><\/span><span lang=\"ES\"> .El mismo estar\u00e1 a cargo de la\u00a0<b>\u00a0Sof\u00eda Bel\u00e9n Molina <\/b>(Estudiante de Ingenier\u00eda Industrial \u2013 Ayudante de C\u00e1tedra \u2013 FACET)<b>.<\/b> <a href=\"https:\/\/www.facet.unt.edu.ar\/deptomatematica\/wp-content\/uploads\/sites\/31\/2018\/10\/Seminario-Molina.docx\" target=\"_blank\" rel=\"noopener noreferrer\">Resumen<\/a>.<\/span><\/li>\n<li>2do<span lang=\"ES\"> encuentro 2018 a realizarse el d\u00eda <b>martes 14 de agosto, <\/b>a las 12:00 hs, en el Aula 2-4-9, 4to piso, Block 2 de la FACET UNT. T\u00edtulo: <strong>\u201cPropuesta de trabajo final: suma y resta de vectores\u201d<\/strong><\/span><span lang=\"ES\"> .El mismo estar\u00e1 a cargo del <b>Dr. Paulo Tirao.<\/b> <a href=\"https:\/\/www.facet.unt.edu.ar\/deptomatematica\/wp-content\/uploads\/sites\/31\/2018\/08\/2018SEMINARIO-PARA-ALUMNOS-DE-MATEM\u00c1TICA2.docx\" target=\"_blank\" rel=\"noopener noreferrer\">Resumen.<\/a><\/span><\/li>\n<li><span lang=\"ES\">1er encuentro 2018 a realizarse el d\u00eda <b>martes 19 de junio, <\/b>a las 12:00 hs, en el Aula 2-4-9, 4to piso, Block 2 de la FACET UNT. T\u00edtulo: <strong>\u201cSumando Infinitamente\u201d<\/strong><\/span><span lang=\"ES\"> .El mismo estar\u00e1 a cargo del <b>Lic. Armando Alfredo Dan\u00fan<\/b> (ADG en \u201c\u00c1lgebra Lineal\u201d y \u201cGeometr\u00eda\u201d de la FACET-UNT y ADG en \u201cMatem\u00e1tica Aplicada\u201d de la FAU-UNT).<\/span><br \/>\n<hr \/>\n<p><strong>Encuentros 2017<\/strong><\/li>\n<li>8vo encuentro 2017 se realizar\u00e1 los d\u00edas\u00a0<u>jueves 09<\/u> (13:00 a 14:30 hs) y <u>viernes 10 de Noviembre<\/u> (12:15 a 13:45 hs), en el Laboratorio de Computaci\u00f3n B, Block 2, Planta Baja de la FACET <strong>\u201cGeometr\u00eda con GeoGebra: herramientas b\u00e1sicas\u201d<\/strong>, . El mismo estar\u00e1 a cargo de las profesoras: Esp. Lilian\u00a0 Nadia\u00a0 Plaza, Lic. Eugenia Elizabeth Gallardo, Mg. Ana Cecilia Larr\u00e1n. <a href=\"https:\/\/www.facet.unt.edu.ar\/deptomatematica\/wp-content\/uploads\/sites\/31\/2017\/11\/Taller-de-GeoGebra.doc\" target=\"_blank\" rel=\"noopener noreferrer\">Resumen<\/a><\/li>\n<li>7mo encuentro 2017 se realizar\u00e1 Viernes 6 de Octubre a las 12 hs en los merenderos de la FACET UNT. El tema\u00a0 ser\u00e1 <strong>&#8220;\u00bfComo influyen las decisiones de los dem\u00e1s en las propias?&#8221;<\/strong>\u00a0. Los expositores ser\u00e1n los alumnos\u00a0<strong>Juan Bord\u00f3n, Santiago Serrano y \u00a0Nayla Chaben.<\/strong><a href=\"https:\/\/www.facet.unt.edu.ar\/deptomatematica\/wp-content\/uploads\/sites\/31\/2017\/10\/Resumen_Seminario_JuanBordon2017.docx\" target=\"_blank\" rel=\"noopener noreferrer\">Resumen<\/a><\/li>\n<li>6to encuentro 2017 se realizar\u00e1 Viernes 15 de Setiembre a las 12 hs en el aula 2-4-9 (ex m4), 4to piso, Block 2 de la FACET UNT. El tema\u00a0 ser\u00e1 <strong>&#8220;Orden de Magnitud en serie de n\u00fameros primos&#8221;<\/strong> . El expositor ser\u00e1 el\u00a0<strong>Lic. Federico Campos<\/strong>. <a href=\"https:\/\/www.facet.unt.edu.ar\/deptomatematica\/wp-content\/uploads\/sites\/31\/2017\/10\/Resumen-FedeCampos.doc\" target=\"_blank\" rel=\"noopener noreferrer\">Resumen.<\/a><\/li>\n<li>5to encuentro 2017 se realizar\u00e1 Viernes 25 de Agosto a las 12 hs en el aula 2-4-9 (ex m4), 4to piso, Block 2 de la FACET UNT. El tema\u00a0 ser\u00e1 <strong>\u201cUMA. Creaci\u00f3n, labor, proyecciones\u201d<\/strong> . La expositora ser\u00e1 la <strong>Lic. Eugenia Gallardo<\/strong>.<\/li>\n<li>4to encuentro 2017 se realizar\u00e1 Viernes 30 de Junio a las 12 hs en el aula 2-4-9 (ex m4), 4to piso, Block 2 de la FACET UNT. El tema\u00a0 ser\u00e1 \u201c<strong>\u00bfQu\u00e9 salidas profesionales tiene un matem\u00e1tico?<\/strong>\u201d . La expositora ser\u00e1 la <strong>Lic. Lorena Oscares<\/strong>. \u00a0\u00a0<a href=\"https:\/\/www.facet.unt.edu.ar\/maestriamatematica\/wp-content\/uploads\/sites\/30\/2017\/06\/Resumen_Seminario_Lorena_2017.doc\" target=\"_blank\" rel=\"noopener noreferrer\"> Resumen<\/a><\/li>\n<li>\n<div>3er encuentro 2017 se realizar\u00e1 Viernes 16 de Junio a las 12 hs en el aula 2-4-9 (ex m4), 4to piso, Block 2 de la FACET UNT. El tema\u00a0 ser\u00e1 \u201c<strong>Dos m\u00e9todos de resoluci\u00f3n para sucesiones en IR<\/strong>\u201d . El El expositor ser\u00e1 el <strong>Lic. Armando Dan\u00fan<\/strong>. <a href=\"https:\/\/www.facet.unt.edu.ar\/deptomatematica\/wp-content\/uploads\/sites\/31\/2017\/06\/Resumen_Seminario_Armando2017.doc\" target=\"_blank\" rel=\"noopener noreferrer\">Resumen<\/a><\/div>\n<\/li>\n<li>2do encuentro 2017 se realizar\u00e1 Viernes 5 de Abril a las 12 hs en el aula 2-4-9 (ex m4). El tema\u00a0 ser\u00e1 <strong><strong>\u201c<\/strong><\/strong><strong>Problemas f\u00edsicos, soluciones matem\u00e1ticas.Curvas notables: catenaria y cicloide<\/strong><strong>\u201d<\/strong><br \/>\nEl expositor ser\u00e1 <strong>Dr. Blas Federico de Haro Barb\u00e1s<\/strong>. <a href=\"https:\/\/www.facet.unt.edu.ar\/deptomatematica\/wp-content\/uploads\/sites\/31\/2017\/05\/2do-2017SEMINARIO-DE-LOS-ALUMNOS.doc\" target=\"_blank\" rel=\"noopener noreferrer\"><span style=\"color: #ff0000;\">Resumen<\/span><\/a><\/li>\n<li>1er encuentro 2017 se realizar\u00e1 Viernes 7 de Abril a las 12 hs en el aula 2-4-9 (ex m4). El tema\u00a0 ser\u00e1 <strong>\u201cLa Teor\u00eda de Colas como herramienta en la toma de decisiones\u201d<\/strong><br \/>\nLa expositora ser\u00e1 <strong>Lic. Mar\u00eda Lourdes Fern\u00e1ndez<\/strong>. <span style=\"color: #ff0000;\"><a href=\"https:\/\/www.facet.unt.edu.ar\/deptomatematica\/wp-content\/uploads\/sites\/31\/2017\/04\/SEMINARIO-PARA-ALUMNOS-DE-MATEM\u00c1TICA7.docx\" target=\"_blank\" rel=\"noopener noreferrer\">Resumen<\/a><br \/>\n<\/span><\/li>\n<\/ul>\n<p>&nbsp;<\/p>\n","protected":false},"excerpt":{"rendered":"<p>SEMINARIO DE LOS ALUMNOS DE LA LIC. EN MATEM\u00c1TICA Encuentros 2020 1er seminario 2020 : titulado: \u201cUn camino hacia la investigaci\u00f3n\u201d, que se transmitir\u00e1 por Google Meet , viernes 02 de octubre, a las\u00a012:00 hs. El mismo estar\u00e1 a cargo de la\u00a0Mg. Estela Fern\u00e1ndez. Destinatarios: abierto a todo p\u00fablico. Resumen:\u00a0Existen cuatro funciones importantes de un [&hellip;]<\/p>\n","protected":false},"author":101011,"featured_media":0,"parent":349,"menu_order":10,"comment_status":"closed","ping_status":"closed","template":"","meta":[],"_links":{"self":[{"href":"https:\/\/www.facet.unt.edu.ar\/deptomatematica\/wp-json\/wp\/v2\/pages\/356"}],"collection":[{"href":"https:\/\/www.facet.unt.edu.ar\/deptomatematica\/wp-json\/wp\/v2\/pages"}],"about":[{"href":"https:\/\/www.facet.unt.edu.ar\/deptomatematica\/wp-json\/wp\/v2\/types\/page"}],"author":[{"embeddable":true,"href":"https:\/\/www.facet.unt.edu.ar\/deptomatematica\/wp-json\/wp\/v2\/users\/101011"}],"replies":[{"embeddable":true,"href":"https:\/\/www.facet.unt.edu.ar\/deptomatematica\/wp-json\/wp\/v2\/comments?post=356"}],"version-history":[{"count":42,"href":"https:\/\/www.facet.unt.edu.ar\/deptomatematica\/wp-json\/wp\/v2\/pages\/356\/revisions"}],"predecessor-version":[{"id":1689,"href":"https:\/\/www.facet.unt.edu.ar\/deptomatematica\/wp-json\/wp\/v2\/pages\/356\/revisions\/1689"}],"up":[{"embeddable":true,"href":"https:\/\/www.facet.unt.edu.ar\/deptomatematica\/wp-json\/wp\/v2\/pages\/349"}],"wp:attachment":[{"href":"https:\/\/www.facet.unt.edu.ar\/deptomatematica\/wp-json\/wp\/v2\/media?parent=356"}],"curies":[{"name":"wp","href":"https:\/\/api.w.org\/{rel}","templated":true}]}}