{"id":853,"date":"2019-02-20T19:25:11","date_gmt":"2019-02-20T22:25:11","guid":{"rendered":"https:\/\/www.facet.unt.edu.ar\/deptomatematica\/?page_id=853"},"modified":"2019-02-23T23:19:26","modified_gmt":"2019-02-24T02:19:26","slug":"materiales","status":"publish","type":"page","link":"https:\/\/www.facet.unt.edu.ar\/deptomatematica\/festival-de-matematica\/materiales\/","title":{"rendered":"Materiales"},"content":{"rendered":"<p><a href=\"https:\/\/www.facet.unt.edu.ar\/deptomatematica\/festival-de-matematica\/materiales\/algebra-y-funciones\/\">Taller 1: \u00c1lgebra y Funciones<\/a><\/p>\n<p><a href=\"https:\/\/www.facet.unt.edu.ar\/deptomatematica\/festival-de-matematica\/materiales\/geometria-y-medida\/\">Taller 2: Geometr\u00eda y Medida<\/a><\/p>\n<p><a href=\"https:\/\/www.facet.unt.edu.ar\/deptomatematica\/festival-de-matematica\/materiales\/probabilidad-y-estadistica\/\">Taller 3: Probabilidad y Estad\u00edstica<\/a><\/p>\n<p><a href=\"https:\/\/www.facet.unt.edu.ar\/deptomatematica\/festival-de-matematica\/materiales\/numero-y-operaciones\/\">Taller 4: N\u00famero y Operaciones<\/a><\/p>\n<p>&nbsp;<\/p>\n","protected":false},"excerpt":{"rendered":"<p>Taller 1: \u00c1lgebra y Funciones Taller 2: Geometr\u00eda y Medida Taller 3: Probabilidad y Estad\u00edstica Taller 4: N\u00famero y Operaciones &nbsp;<\/p>\n","protected":false},"author":101011,"featured_media":0,"parent":846,"menu_order":30,"comment_status":"closed","ping_status":"closed","template":"","meta":[],"_links":{"self":[{"href":"https:\/\/www.facet.unt.edu.ar\/deptomatematica\/wp-json\/wp\/v2\/pages\/853"}],"collection":[{"href":"https:\/\/www.facet.unt.edu.ar\/deptomatematica\/wp-json\/wp\/v2\/pages"}],"about":[{"href":"https:\/\/www.facet.unt.edu.ar\/deptomatematica\/wp-json\/wp\/v2\/types\/page"}],"author":[{"embeddable":true,"href":"https:\/\/www.facet.unt.edu.ar\/deptomatematica\/wp-json\/wp\/v2\/users\/101011"}],"replies":[{"embeddable":true,"href":"https:\/\/www.facet.unt.edu.ar\/deptomatematica\/wp-json\/wp\/v2\/comments?post=853"}],"version-history":[{"count":11,"href":"https:\/\/www.facet.unt.edu.ar\/deptomatematica\/wp-json\/wp\/v2\/pages\/853\/revisions"}],"predecessor-version":[{"id":932,"href":"https:\/\/www.facet.unt.edu.ar\/deptomatematica\/wp-json\/wp\/v2\/pages\/853\/revisions\/932"}],"up":[{"embeddable":true,"href":"https:\/\/www.facet.unt.edu.ar\/deptomatematica\/wp-json\/wp\/v2\/pages\/846"}],"wp:attachment":[{"href":"https:\/\/www.facet.unt.edu.ar\/deptomatematica\/wp-json\/wp\/v2\/media?parent=853"}],"curies":[{"name":"wp","href":"https:\/\/api.w.org\/{rel}","templated":true}]}}