{"id":878,"date":"2019-02-22T18:42:59","date_gmt":"2019-02-22T21:42:59","guid":{"rendered":"https:\/\/www.facet.unt.edu.ar\/deptomatematica\/?page_id=878"},"modified":"2019-03-01T10:14:32","modified_gmt":"2019-03-01T13:14:32","slug":"numero-y-operaciones","status":"publish","type":"page","link":"https:\/\/www.facet.unt.edu.ar\/deptomatematica\/festival-de-matematica\/materiales\/numero-y-operaciones\/","title":{"rendered":"N\u00famero y Operaciones"},"content":{"rendered":"<p><a href=\"https:\/\/www.facet.unt.edu.ar\/deptomatematica\/wp-content\/uploads\/sites\/31\/2019\/02\/Formando-N\u00fameros.pdf\">Formando N\u00fameros<\/a><\/p>\n<p><a href=\"https:\/\/www.facet.unt.edu.ar\/deptomatematica\/wp-content\/uploads\/sites\/31\/2019\/03\/Solucion-Juego-Formando-N\u00fameros.pdf\">Soluci\u00f3n de Juego Formando N\u00fameros<\/a><\/p>\n<p><a href=\"https:\/\/www.facet.unt.edu.ar\/deptomatematica\/wp-content\/uploads\/sites\/31\/2019\/02\/juego-MATETABLA.pdf\">Juego MATE TABLA<\/a><\/p>\n<p><a href=\"https:\/\/www.facet.unt.edu.ar\/deptomatematica\/wp-content\/uploads\/sites\/31\/2019\/02\/Problemas-primaria.pdf\">Problemas Primaria<\/a><\/p>\n<p><a href=\"https:\/\/www.facet.unt.edu.ar\/deptomatematica\/wp-content\/uploads\/sites\/31\/2019\/03\/Solucion-Problemas-primaria.pdf\">Soluciones a problemas de primario<\/a><\/p>\n<p><a href=\"https:\/\/www.facet.unt.edu.ar\/deptomatematica\/wp-content\/uploads\/sites\/31\/2019\/02\/problemas-secundario-2.pdf\">Problemas Secundario<\/a><\/p>\n<p><a href=\"https:\/\/www.facet.unt.edu.ar\/deptomatematica\/wp-content\/uploads\/sites\/31\/2019\/03\/soluciones-problema-secundario.pdf\">Soluciones a problemas de secundario<\/a><\/p>\n<p><a href=\"https:\/\/www.facet.unt.edu.ar\/deptomatematica\/wp-content\/uploads\/sites\/31\/2019\/02\/tablero-juego-con-n\u00fameros-reales-BIS.png\">Tablero del juego con n\u00fameros reales<\/a><\/p>\n<p><a href=\"https:\/\/www.facet.unt.edu.ar\/deptomatematica\/wp-content\/uploads\/sites\/31\/2019\/02\/reglas-del-juego-del-orden-de-los-n\u00fameros-reales.pdf\">Juego sobre el orden de los n\u00fameros reales<\/a><\/p>\n","protected":false},"excerpt":{"rendered":"<p>Formando N\u00fameros Soluci\u00f3n de Juego Formando N\u00fameros Juego MATE TABLA Problemas Primaria Soluciones a problemas de primario Problemas Secundario Soluciones a problemas de secundario Tablero del juego con n\u00fameros reales Juego sobre el orden de los n\u00fameros reales<\/p>\n","protected":false},"author":101011,"featured_media":0,"parent":853,"menu_order":40,"comment_status":"closed","ping_status":"closed","template":"","meta":[],"_links":{"self":[{"href":"https:\/\/www.facet.unt.edu.ar\/deptomatematica\/wp-json\/wp\/v2\/pages\/878"}],"collection":[{"href":"https:\/\/www.facet.unt.edu.ar\/deptomatematica\/wp-json\/wp\/v2\/pages"}],"about":[{"href":"https:\/\/www.facet.unt.edu.ar\/deptomatematica\/wp-json\/wp\/v2\/types\/page"}],"author":[{"embeddable":true,"href":"https:\/\/www.facet.unt.edu.ar\/deptomatematica\/wp-json\/wp\/v2\/users\/101011"}],"replies":[{"embeddable":true,"href":"https:\/\/www.facet.unt.edu.ar\/deptomatematica\/wp-json\/wp\/v2\/comments?post=878"}],"version-history":[{"count":15,"href":"https:\/\/www.facet.unt.edu.ar\/deptomatematica\/wp-json\/wp\/v2\/pages\/878\/revisions"}],"predecessor-version":[{"id":959,"href":"https:\/\/www.facet.unt.edu.ar\/deptomatematica\/wp-json\/wp\/v2\/pages\/878\/revisions\/959"}],"up":[{"embeddable":true,"href":"https:\/\/www.facet.unt.edu.ar\/deptomatematica\/wp-json\/wp\/v2\/pages\/853"}],"wp:attachment":[{"href":"https:\/\/www.facet.unt.edu.ar\/deptomatematica\/wp-json\/wp\/v2\/media?parent=878"}],"curies":[{"name":"wp","href":"https:\/\/api.w.org\/{rel}","templated":true}]}}