{"id":97,"date":"2016-09-23T09:30:03","date_gmt":"2016-09-23T12:30:03","guid":{"rendered":"https:\/\/www.facet.unt.edu.ar\/deptomatematica\/?page_id=97"},"modified":"2026-03-26T12:28:53","modified_gmt":"2026-03-26T15:28:53","slug":"autoridades_y_comision","status":"publish","type":"page","link":"https:\/\/www.facet.unt.edu.ar\/deptomatematica\/autoridades_y_comision\/","title":{"rendered":"Autoridades y Comisiones"},"content":{"rendered":"<div id=\"pl-97\"  class=\"panel-layout\" ><div id=\"pg-97-0\"  class=\"panel-grid panel-no-style\" ><div id=\"pgc-97-0-0\"  class=\"panel-grid-cell\" ><div id=\"panel-97-0-0-0\" class=\"so-panel widget widget_team panel-first-child panel-last-child\" data-index=\"0\" ><div\n\t\t\t\n\t\t\tclass=\"so-widget-team so-widget-team-team-style-9d2a292e814f-97\"\n\t\t\t\n\t\t>\r\n\r\n\r\n    <h3 class=\"widget-title\">\r\n        <span>Jefa de departamento de Matem\u00e1tica<\/span>\r\n    <\/h3>\r\n\r\n\r\n<div class=\"team\">\r\n\r\n<div class=\"member_image\">\r\n<img src=\" https:\/\/www.facet.unt.edu.ar\/deptomatematica\/wp-content\/uploads\/sites\/31\/2025\/03\/Gomez_Silvina_cuad.png\" alt=\"\" \/>\r\n<\/div>\r\n\r\n<h2 class=\"member_title\">Mg. Silvina Ruth Gomez<\/h2>\r\n\r\n\r\n<div class=\"content\">\r\nContacto: sgomez@herrera.unt.edu.ar<\/div>\r\n\r\n<ul class=\"team_social\">\r\n<\/ul>\r\n\r\n<\/div>\r\n\r\n\r\n\r\n\r\n\r\n<\/div><\/div><\/div><div id=\"pgc-97-0-1\"  class=\"panel-grid-cell\" ><div id=\"panel-97-0-1-0\" class=\"so-panel widget widget_team panel-first-child panel-last-child\" data-index=\"1\" ><div\n\t\t\t\n\t\t\tclass=\"so-widget-team so-widget-team-team-style-2ac592960b57-97\"\n\t\t\t\n\t\t>\r\n\r\n\r\n    <h3 class=\"widget-title\">\r\n        <span>Directora de la carrera Lic. en Matem\u00e1tica<\/span>\r\n    <\/h3>\r\n\r\n\r\n<div class=\"team\">\r\n\r\n<div class=\"member_image\">\r\n<img src=\" https:\/\/www.facet.unt.edu.ar\/deptomatematica\/wp-content\/uploads\/sites\/31\/2024\/06\/Roig_Eugenia.jpeg\" alt=\"\" \/>\r\n<\/div>\r\n\r\n<h2 class=\"member_title\">Mg. Mar\u00eda Eugenia Roig<\/h2>\r\n\r\n\r\n<div class=\"content\">\r\nContacto: mroig@herrera.unt.edu.ar<\/div>\r\n\r\n<ul class=\"team_social\">\r\n<\/ul>\r\n\r\n<\/div>\r\n\r\n\r\n\r\n\r\n\r\n<\/div><\/div><\/div><div id=\"pgc-97-0-2\"  class=\"panel-grid-cell\" ><div id=\"panel-97-0-2-0\" class=\"so-panel widget widget_team panel-first-child panel-last-child\" data-index=\"2\" ><div\n\t\t\t\n\t\t\tclass=\"so-widget-team so-widget-team-team-style-2ac592960b57-97\"\n\t\t\t\n\t\t>\r\n\r\n\r\n    <h3 class=\"widget-title\">\r\n        <span>Directora de la  Maestr\u00eda en Matem\u00e1tica<\/span>\r\n    <\/h3>\r\n\r\n\r\n<div class=\"team\">\r\n\r\n<div class=\"member_image\">\r\n<img src=\" https:\/\/www.facet.unt.edu.ar\/deptomatematica\/wp-content\/uploads\/sites\/31\/2025\/03\/Emilia_Castillo_cuad.png\" alt=\"\" \/>\r\n<\/div>\r\n\r\n<h2 class=\"member_title\">Dra. Mar\u00eda Emilia Castillo<\/h2>\r\n\r\n\r\n<div class=\"content\">\r\nContacto: mecastillo@herrera.unt.edu.ar<\/div>\r\n\r\n<ul class=\"team_social\">\r\n<\/ul>\r\n\r\n<\/div>\r\n\r\n\r\n\r\n\r\n\r\n<\/div><\/div><\/div><\/div><div id=\"pg-97-1\"  class=\"panel-grid panel-no-style\" ><div id=\"pgc-97-1-0\"  class=\"panel-grid-cell\" ><div id=\"panel-97-1-0-0\" class=\"so-panel widget widget_sow-editor panel-first-child\" data-index=\"3\" ><div\n\t\t\t\n\t\t\tclass=\"so-widget-sow-editor so-widget-sow-editor-base\"\n\t\t\t\n\t\t>\n<div class=\"siteorigin-widget-tinymce textwidget\">\n\t<h2 style=\"text-align: left;\"><span style=\"color: #3366ff;\"><strong><u>COMISI\u00d3N DE PRIORIDADES 2024-2026<\/u><\/strong><\/span><\/h2>\n<p>La comisi\u00f3n de prioridades est\u00e1 integrada por el jefe de departamento y un miembro de cada jerarqu\u00eda de docentes graduados. Se encarga de tratar temas relacionados a la situaci\u00f3n de revista de los docentes del departamento entre otras cosas.<\/p>\n<p>La comisi\u00f3n para el periodo 2024-2026 se encuentra designada por resoluci\u00f3n <a href=\"https:\/\/www.facet.unt.edu.ar\/deptomatematica\/wp-content\/uploads\/sites\/31\/2024\/12\/RES-FACET-DDA-8350-2024.pdf\">RES - FACET - DDA - 8350 - 2024<\/a><\/p>\n<p><a href=\"https:\/\/www.facet.unt.edu.ar\/deptomatematica\/wp-content\/uploads\/sites\/31\/2025\/03\/IMG-20250321-WA0002.jpg\"><img decoding=\"async\" loading=\"lazy\" class=\"aligncenter wp-image-1682\" src=\"https:\/\/www.facet.unt.edu.ar\/deptomatematica\/wp-content\/uploads\/sites\/31\/2025\/03\/IMG-20250321-WA0002.jpg\" alt=\"\" width=\"500\" height=\"500\" \/><\/a><\/p>\n<\/div>\n<\/div><\/div><div id=\"panel-97-1-0-1\" class=\"so-panel widget widget_sow-accordion\" data-index=\"4\" ><div\n\t\t\t\n\t\t\tclass=\"so-widget-sow-accordion so-widget-sow-accordion-default-35f5ca9e12b4-97\"\n\t\t\t\n\t\t><div>\n\t<div class=\"sow-accordion\">\n\t\t\t<div class=\"sow-accordion-panel\"\n\t\t\t data-anchor=\"integrantes-comisi%c3%b3n-de-prioridades\">\n\t\t\t\t<div class=\"sow-accordion-panel-header-container\" role=\"heading\" aria-level=\"2\">\n\t\t\t\t\t<div class=\"sow-accordion-panel-header\" tabindex=\"0\" role=\"button\" id=\"accordion-label-integrantes-comisi%c3%b3n-de-prioridades\" aria-controls=\"accordion-content-integrantes-comisi%c3%b3n-de-prioridades\" aria-expanded=\"false\">\n\t\t\t\t\t\t<div class=\"sow-accordion-title sow-accordion-title-icon-left\">\n\t\t\t\t\t\t\t\t\t\t\t\t\t\tIntegrantes comisi\u00f3n de prioridades\t\t\t\t\t\t\t\t\t\t\t\t\t<\/div>\n\t\t\t\t\t\t<div class=\"sow-accordion-open-close-button\">\n\t\t\t\t\t\t\t<div class=\"sow-accordion-open-button\">\n\t\t\t\t\t\t\t\t<span class=\"sow-icon-ionicons\" data-sow-icon=\"&#xf218;\"\n\t\t \n\t\taria-hidden=\"true\"><\/span>\t\t\t\t\t\t\t<\/div>\n\t\t\t\t\t\t\t<div class=\"sow-accordion-close-button\">\n\t\t\t\t\t\t\t\t<span class=\"sow-icon-ionicons\" data-sow-icon=\"&#xf209;\"\n\t\t \n\t\taria-hidden=\"true\"><\/span>\t\t\t\t\t\t\t<\/div>\n\t\t\t\t\t\t<\/div>\n\t\t\t\t\t<\/div>\n\t\t\t\t<\/div>\n\n\t\t\t<div\n\t\t\t\tclass=\"sow-accordion-panel-content\"\n\t\t\t\trole=\"region\"\n\t\t\t\taria-labelledby=\"accordion-label-integrantes-comisi%c3%b3n-de-prioridades\"\n\t\t\t\tid=\"accordion-content-integrantes-comisi%c3%b3n-de-prioridades\"\n\t\t\t\tstyle=\"display: none;\"\t\t\t>\n\t\t\t\t<div class=\"sow-accordion-panel-border\" tabindex=\"0\">\n\t\t\t\t\t<p><strong>Profesor titular: <\/strong><\/p>\n<ul>\n<li>Mg. Mar\u00eda Eugenia Roig. Contacto: <a href=\"mailto:mroig@herrera.unt.edu.ar\">mroig@herrera.unt.edu.ar\u00a0<\/a><\/li>\n<\/ul>\n<p><b>Profesor <\/b><b>Asociado:\u00a0<\/b><\/p>\n<ul>\n<li>Dra. Silvina Claudia Real. Contacto: <a href=\"mailto:sreal@herrera.unt.edu.ar\">sreal@herrera.unt.edu.ar<\/a><\/li>\n<\/ul>\n<p><strong>Profesor adjunto:\u00a0<\/strong><\/p>\n<ul>\n<li>\u00a0Lic. Gabriel Ra\u00fal Trimarco. Contacto: <a href=\"mailto:gtrimarco@herrera.unt.edu.ar\">gtrimarco@herrera.unt.edu.ar<\/a><\/li>\n<\/ul>\n<p><strong>Jefe de Trabajos pr\u00e1cticos:\u00a0<\/strong><\/p>\n<ul>\n<li>Lic. Eugenia Elizabeth Gallardo. Contacto: <a href=\"mailto:egallardo@herrera.unt.edu.ar\">egallardo@herrera.unt.edu.ar<\/a><\/li>\n<\/ul>\n<p><strong>Auxiliar docente graduado:<\/strong><\/p>\n<ul>\n<li>Lic. Juan Mauricio Bord\u00f3n. Contacto: jmbordon@herrera.unt.edu.ar<\/li>\n<\/ul>\n\t\t\t\t<\/div>\n\t\t\t<\/div>\n\t\t<\/div>\n\t\t<\/div>\n<\/div>\n<\/div><\/div><div id=\"panel-97-1-0-2\" class=\"so-panel widget widget_sow-editor\" data-index=\"5\" ><div\n\t\t\t\n\t\t\tclass=\"so-widget-sow-editor so-widget-sow-editor-base\"\n\t\t\t\n\t\t>\n<div class=\"siteorigin-widget-tinymce textwidget\">\n\t<h2 style=\"text-align: left;\"><span style=\"color: #3366ff;\"><strong><u>COMISI\u00d3N ACAD\u00c9MICA 2024-2026<\/u><\/strong><\/span><\/h2>\n<p>La comisi\u00f3n acad\u00e9mica de la carrera es un \u00f3rgano acad\u00e9mico integrado por docentes pertenecientes al claustro de la carrera y con representaci\u00f3n de los estudiantes de la carrera. Se encarga de cuestiones referidas al dise\u00f1o curricular, control permanente de actualizaci\u00f3n de la carrera, coordinar con los departamentos que dictan asignaturas en la carrera, entre otras cosas.<\/p>\n<p>El director de carrera integra y preside la comisi\u00f3n.<\/p>\n<p><a href=\"https:\/\/www.facet.unt.edu.ar\/deptomatematica\/wp-content\/uploads\/sites\/31\/2024\/12\/Comision-academica-2024.jpg\"><img decoding=\"async\" loading=\"lazy\" class=\"aligncenter wp-image-1455\" src=\"https:\/\/www.facet.unt.edu.ar\/deptomatematica\/wp-content\/uploads\/sites\/31\/2024\/12\/Comision-academica-2024.jpg\" alt=\"\" width=\"500\" height=\"500\" \/><\/a><\/p>\n<p>La comisi\u00f3n para el periodo 2024-2026 se encuentra designada por resoluci\u00f3n <a href=\"https:\/\/www.facet.unt.edu.ar\/deptomatematica\/wp-content\/uploads\/sites\/31\/2024\/12\/2024_Res_FACET_DGAD_11005-Com_Acad.pdf\">RES FACET DGAD 11005 \/ 2024<\/a><\/p>\n<\/div>\n<\/div><\/div><div id=\"panel-97-1-0-3\" class=\"so-panel widget widget_sow-accordion panel-last-child\" data-index=\"6\" ><div\n\t\t\t\n\t\t\tclass=\"so-widget-sow-accordion so-widget-sow-accordion-default-35f5ca9e12b4-97\"\n\t\t\t\n\t\t><div>\n\t<div class=\"sow-accordion\">\n\t\t\t<div class=\"sow-accordion-panel\"\n\t\t\t data-anchor=\"integrantes-comisi%c3%b3n-acad%c3%a9mica\">\n\t\t\t\t<div class=\"sow-accordion-panel-header-container\" role=\"heading\" aria-level=\"2\">\n\t\t\t\t\t<div class=\"sow-accordion-panel-header\" tabindex=\"0\" role=\"button\" id=\"accordion-label-integrantes-comisi%c3%b3n-acad%c3%a9mica\" aria-controls=\"accordion-content-integrantes-comisi%c3%b3n-acad%c3%a9mica\" aria-expanded=\"false\">\n\t\t\t\t\t\t<div class=\"sow-accordion-title sow-accordion-title-icon-left\">\n\t\t\t\t\t\t\t\t\t\t\t\t\t\tIntegrantes comisi\u00f3n acad\u00e9mica\t\t\t\t\t\t\t\t\t\t\t\t\t<\/div>\n\t\t\t\t\t\t<div class=\"sow-accordion-open-close-button\">\n\t\t\t\t\t\t\t<div class=\"sow-accordion-open-button\">\n\t\t\t\t\t\t\t\t<span class=\"sow-icon-ionicons\" data-sow-icon=\"&#xf218;\"\n\t\t \n\t\taria-hidden=\"true\"><\/span>\t\t\t\t\t\t\t<\/div>\n\t\t\t\t\t\t\t<div class=\"sow-accordion-close-button\">\n\t\t\t\t\t\t\t\t<span class=\"sow-icon-ionicons\" data-sow-icon=\"&#xf209;\"\n\t\t \n\t\taria-hidden=\"true\"><\/span>\t\t\t\t\t\t\t<\/div>\n\t\t\t\t\t\t<\/div>\n\t\t\t\t\t<\/div>\n\t\t\t\t<\/div>\n\n\t\t\t<div\n\t\t\t\tclass=\"sow-accordion-panel-content\"\n\t\t\t\trole=\"region\"\n\t\t\t\taria-labelledby=\"accordion-label-integrantes-comisi%c3%b3n-acad%c3%a9mica\"\n\t\t\t\tid=\"accordion-content-integrantes-comisi%c3%b3n-acad%c3%a9mica\"\n\t\t\t\tstyle=\"display: none;\"\t\t\t>\n\t\t\t\t<div class=\"sow-accordion-panel-border\" tabindex=\"0\">\n\t\t\t\t\t<p><strong>Profesor titular: <\/strong><\/p>\n<ul>\n<li>Mg. Mar\u00eda Eugenia Roig. Contacto: <a href=\"mailto:mroig@herrera.unt.edu.ar\">mroig@herrera.unt.edu.ar\u00a0<\/a><\/li>\n<\/ul>\n<p><b>Profesor <\/b><b>Asociado:\u00a0<\/b><\/p>\n<ul>\n<li>Lic. Mar\u00eda Fernanda Galante. Contacto: <a href=\"mailto:fgalante@herrera.unt.edu.ar\">fgalante@herrera.unt.edu.ar<\/a><\/li>\n<\/ul>\n<p><strong>Profesores adjuntos:\u00a0<\/strong><\/p>\n<ul>\n<li>Lic. Francisco Luis Miguel Barros. Contacto: <a href=\"mailto:fbarros@herrera.unt.edu.ar\">fbarros@herrera.unt.edu.ar<\/a><\/li>\n<li>Lic. Mar\u00eda Victoria Trimarco. Contacto: <a href=\"mailto:vtrimarco@herrera.unt.edu.ar\" target=\"_blank\" rel=\"noopener\">vtrimarco@herrera.unt.edu.ar<\/a><\/li>\n<\/ul>\n<p><strong>Jefe de Trabajos pr\u00e1cticos:\u00a0<\/strong><\/p>\n<ul>\n<li>Prof. Florencia Anabel Dip. Contacto: <a href=\"mailto:fdip@herrera.unt.edu.ar\">fdip@herrera.unt.edu.ar<\/a><\/li>\n<\/ul>\n<p><strong>Auxiliar docente graduado:<\/strong><\/p>\n<ul>\n<li>Lic. Noelia Beatriz Arg\u00fcelles. Contacto: <a href=\"mailto:nbarguelles@herrera.unt.edu.ar\">nbarguelles@herrera.unt.edu.ar<\/a><\/li>\n<\/ul>\n<p><strong>Estudiante:<\/strong><\/p>\n<ul>\n<li>Mar\u00eda Bel\u00e9n Ruiz Dilascio. Contacto: <a href=\"mailto:ruizdilasciomariabelen@gmail.com\">ruizdilasciomariabelen@gmail.com<\/a><\/li>\n<\/ul>\n\t\t\t\t<\/div>\n\t\t\t<\/div>\n\t\t<\/div>\n\t\t<\/div>\n<\/div>\n<\/div><\/div><\/div><\/div><\/div>","protected":false},"excerpt":{"rendered":"<p>COMISI\u00d3N DE PRIORIDADES 2024-2026 La comisi\u00f3n de prioridades est\u00e1 integrada por el jefe de departamento y un miembro de cada jerarqu\u00eda de docentes graduados. Se encarga de tratar temas relacionados a la situaci\u00f3n de revista de los docentes del departamento entre otras cosas. La comisi\u00f3n para el periodo 2024-2026 se encuentra designada por resoluci\u00f3n RES [&hellip;]<\/p>\n","protected":false},"author":101011,"featured_media":0,"parent":0,"menu_order":10,"comment_status":"closed","ping_status":"closed","template":"","meta":[],"_links":{"self":[{"href":"https:\/\/www.facet.unt.edu.ar\/deptomatematica\/wp-json\/wp\/v2\/pages\/97"}],"collection":[{"href":"https:\/\/www.facet.unt.edu.ar\/deptomatematica\/wp-json\/wp\/v2\/pages"}],"about":[{"href":"https:\/\/www.facet.unt.edu.ar\/deptomatematica\/wp-json\/wp\/v2\/types\/page"}],"author":[{"embeddable":true,"href":"https:\/\/www.facet.unt.edu.ar\/deptomatematica\/wp-json\/wp\/v2\/users\/101011"}],"replies":[{"embeddable":true,"href":"https:\/\/www.facet.unt.edu.ar\/deptomatematica\/wp-json\/wp\/v2\/comments?post=97"}],"version-history":[{"count":80,"href":"https:\/\/www.facet.unt.edu.ar\/deptomatematica\/wp-json\/wp\/v2\/pages\/97\/revisions"}],"predecessor-version":[{"id":2132,"href":"https:\/\/www.facet.unt.edu.ar\/deptomatematica\/wp-json\/wp\/v2\/pages\/97\/revisions\/2132"}],"wp:attachment":[{"href":"https:\/\/www.facet.unt.edu.ar\/deptomatematica\/wp-json\/wp\/v2\/media?parent=97"}],"curies":[{"name":"wp","href":"https:\/\/api.w.org\/{rel}","templated":true}]}}