{"id":99,"date":"2015-10-28T10:14:21","date_gmt":"2015-10-28T13:14:21","guid":{"rendered":"https:\/\/www.facet.unt.edu.ar\/deptomatematica\/?page_id=99"},"modified":"2025-03-18T22:36:17","modified_gmt":"2025-03-19T01:36:17","slug":"licenciatura-en-matematica","status":"publish","type":"page","link":"https:\/\/www.facet.unt.edu.ar\/deptomatematica\/carreras\/licenciatura-en-matematica\/","title":{"rendered":"Licenciatura en Matem\u00e1tica"},"content":{"rendered":"<div id=\"pl-99\"  class=\"panel-layout\" ><div id=\"pg-99-0\"  class=\"panel-grid panel-no-style\" ><div id=\"pgc-99-0-0\"  class=\"panel-grid-cell\" ><div id=\"panel-99-0-0-0\" class=\"so-panel widget widget_sow-button panel-first-child\" data-index=\"0\" ><div\n\t\t\t\n\t\t\tclass=\"so-widget-sow-button so-widget-sow-button-flat-eaa51a902caf-99\"\n\t\t\t\n\t\t><div class=\"ow-button-base ow-button-align-center\">\n\t<a href=\"https:\/\/www.facet.unt.edu.ar\/licenciaturamatematica\/\" class=\"ow-icon-placement-left ow-button-hover\" target=\"_blank\" rel=\"noopener noreferrer\" \t\t>\n\t\t<span>\n\t\t\t<span class=\"sow-icon-genericons\" data-sow-icon=\"&#xf455;\"\n\t\tstyle=\"color: #000000\" \n\t\taria-hidden=\"true\"><\/span>\n\t\t\tSitio web de la carrera\t\t<\/span>\n\t<\/a>\n<\/div>\n<\/div><\/div><div id=\"panel-99-0-0-1\" class=\"so-panel widget widget_sow-editor panel-last-child\" data-index=\"1\" ><div\n\t\t\t\n\t\t\tclass=\"so-widget-sow-editor so-widget-sow-editor-base\"\n\t\t\t\n\t\t>\n<div class=\"siteorigin-widget-tinymce textwidget\">\n\t<p><strong>RESOLUCI\u00d3N MINISTERIAL:<\/strong>\u00a04211- 2017 - APN-ME<br \/>\n<strong>NOMBRE DE LA CARRERA:<\/strong>\u00a0Licenciatura en Matem\u00e1tica (Plan 1982)<br \/>\n<strong>MODALIDAD:<\/strong>\u00a0Presencial<br \/>\n<strong>A\u00d1OS DE DURACI\u00d3N:<\/strong>\u00a05 a\u00f1os (3552 horas reloj).<br \/>\n<strong>T\u00cdTULO A OTORGAR:<\/strong>\u00a0Licenciado en Matem\u00e1tica.<\/p>\n<p><strong>PLAN DE ESTUDIOS: <a href=\"https:\/\/www.facet.unt.edu.ar\/deptomatematica\/wp-content\/uploads\/sites\/31\/2020\/03\/Plan-de-estudios-lmatcon-logos.pdf\" target=\"_blank\" rel=\"noopener\">Ver plan de estudios<\/a><\/strong><\/p>\n<p><strong>PLAN DE ESTUDIOS CON CORRELATIVAS: <a href=\"https:\/\/www.facet.unt.edu.ar\/deptomatematica\/wp-content\/uploads\/sites\/31\/2024\/12\/Plan-de-estudios-correlativas.pdf\" target=\"_blank\" rel=\"noopener\">Ver correlativas<\/a><\/strong><\/p>\n<p><strong>ALCANCES DEL\u00a0<\/strong><strong>T\u00cdTULO:<\/strong><\/p>\n<p>\u2022 Dise\u00f1ar modelos matem\u00e1ticos en distintas \u00e1reas cient\u00edficas.<br \/>\n\u2022 Realizar docencia e investigaci\u00f3n, en instituciones oficiales y privadas en el \u00e1mbito universitario.<br \/>\n\u2022 Integrar equipos interdisciplinarios que trabajan en el desarrollo tecnol\u00f3gico y en la prestaci\u00f3n de servicios.<br \/>\n\u2022 Capacitar a docentes de todos los niveles.<br \/>\n\u2022 Ejecutar tareas de asesoramiento y gesti\u00f3n en Instituciones Educativas y en otras instituciones oficiales o privadas.<br \/>\n\u2022 Realizar c\u00e1lculos, c\u00f3mputos y tasaciones matem\u00e1ticas.<br \/>\n\u2022 Intervenir como peritos matem\u00e1ticos de entidades bancarias u otras instituciones oficiales o privadas.<\/p>\n<\/div>\n<\/div><\/div><\/div><\/div><\/div>","protected":false},"excerpt":{"rendered":"<p>RESOLUCI\u00d3N MINISTERIAL:\u00a04211- 2017 &#8211; APN-ME NOMBRE DE LA CARRERA:\u00a0Licenciatura en Matem\u00e1tica (Plan 1982) MODALIDAD:\u00a0Presencial A\u00d1OS DE DURACI\u00d3N:\u00a05 a\u00f1os (3552 horas reloj). T\u00cdTULO A OTORGAR:\u00a0Licenciado en Matem\u00e1tica. PLAN DE ESTUDIOS: Ver plan de estudios PLAN DE ESTUDIOS CON CORRELATIVAS: Ver correlativas ALCANCES DEL\u00a0T\u00cdTULO: \u2022 Dise\u00f1ar modelos matem\u00e1ticos en distintas \u00e1reas cient\u00edficas. \u2022 Realizar docencia e investigaci\u00f3n, [&hellip;]<\/p>\n","protected":false},"author":101011,"featured_media":0,"parent":154,"menu_order":10,"comment_status":"closed","ping_status":"closed","template":"","meta":[],"_links":{"self":[{"href":"https:\/\/www.facet.unt.edu.ar\/deptomatematica\/wp-json\/wp\/v2\/pages\/99"}],"collection":[{"href":"https:\/\/www.facet.unt.edu.ar\/deptomatematica\/wp-json\/wp\/v2\/pages"}],"about":[{"href":"https:\/\/www.facet.unt.edu.ar\/deptomatematica\/wp-json\/wp\/v2\/types\/page"}],"author":[{"embeddable":true,"href":"https:\/\/www.facet.unt.edu.ar\/deptomatematica\/wp-json\/wp\/v2\/users\/101011"}],"replies":[{"embeddable":true,"href":"https:\/\/www.facet.unt.edu.ar\/deptomatematica\/wp-json\/wp\/v2\/comments?post=99"}],"version-history":[{"count":15,"href":"https:\/\/www.facet.unt.edu.ar\/deptomatematica\/wp-json\/wp\/v2\/pages\/99\/revisions"}],"predecessor-version":[{"id":1600,"href":"https:\/\/www.facet.unt.edu.ar\/deptomatematica\/wp-json\/wp\/v2\/pages\/99\/revisions\/1600"}],"up":[{"embeddable":true,"href":"https:\/\/www.facet.unt.edu.ar\/deptomatematica\/wp-json\/wp\/v2\/pages\/154"}],"wp:attachment":[{"href":"https:\/\/www.facet.unt.edu.ar\/deptomatematica\/wp-json\/wp\/v2\/media?parent=99"}],"curies":[{"name":"wp","href":"https:\/\/api.w.org\/{rel}","templated":true}]}}