{"id":102,"date":"2022-02-10T01:44:08","date_gmt":"2022-02-10T01:44:08","guid":{"rendered":"https:\/\/www.facet.unt.edu.ar\/direccionalumnos\/?page_id=102"},"modified":"2022-02-15T03:03:16","modified_gmt":"2022-02-15T03:03:16","slug":"siu-guarani","status":"publish","type":"page","link":"https:\/\/www.facet.unt.edu.ar\/direccionalumnos\/siu-guarani\/","title":{"rendered":"SIU Guaran\u00ed"},"content":{"rendered":"<div id=\"pl-102\"  class=\"panel-layout\" ><div id=\"pg-102-0\"  class=\"panel-grid panel-no-style\" ><div id=\"pgc-102-0-0\"  class=\"panel-grid-cell\" ><div id=\"panel-102-0-0-0\" class=\"so-panel widget widget_black-studio-tinymce widget_black_studio_tinymce panel-first-child panel-last-child\" data-index=\"0\" ><div class=\"textwidget\"><p style=\"text-align: center;\"><span style=\"text-align: center; font-size: 18pt;\">Ingresantes<\/span><a href=\"https:\/\/guarani.unt.edu.ar\/preinscripciones\/facet\/\" target=\"_blank\" rel=\"noopener\"><img class=\"size-full wp-image-110 aligncenter\" src=\"https:\/\/www.facet.unt.edu.ar\/direccionalumnos\/wp-content\/uploads\/sites\/81\/2022\/02\/Sist-siu-guarani-2.png\" alt=\"\" width=\"170\" height=\"177\" \/><\/a>Sistema de pre-inscripci\u00f3n para ingresantes<\/p>\n<\/div><\/div><\/div><div id=\"pgc-102-0-1\"  class=\"panel-grid-cell\" ><div id=\"panel-102-0-1-0\" class=\"so-panel widget widget_black-studio-tinymce widget_black_studio_tinymce panel-first-child panel-last-child\" data-index=\"1\" ><div class=\"textwidget\"><p style=\"text-align: center;\"><span style=\"font-size: 18pt;\">Autogesti\u00f3n Acad\u00e9mica<\/span><a href=\"https:\/\/guarani.unt.edu.ar\/autogestion\/\" target=\"_blank\" rel=\"noopener\"><img class=\"size-full wp-image-125 aligncenter\" src=\"https:\/\/www.facet.unt.edu.ar\/direccionalumnos\/wp-content\/uploads\/sites\/81\/2022\/02\/Sist-siu-guarani.png\" alt=\"\" width=\"170\" height=\"176\" \/><\/a>Sistema de Gesti\u00f3n Acad\u00e9mica para alumnos<\/p>\n<\/div><\/div><\/div><\/div><\/div>","protected":false},"excerpt":{"rendered":"<p>IngresantesSistema de pre-inscripci\u00f3n para ingresantes Autogesti\u00f3n Acad\u00e9micaSistema de Gesti\u00f3n Acad\u00e9mica para alumnos<\/p>\n","protected":false},"author":123470,"featured_media":0,"parent":0,"menu_order":0,"comment_status":"closed","ping_status":"closed","template":"","meta":[],"_links":{"self":[{"href":"https:\/\/www.facet.unt.edu.ar\/direccionalumnos\/wp-json\/wp\/v2\/pages\/102"}],"collection":[{"href":"https:\/\/www.facet.unt.edu.ar\/direccionalumnos\/wp-json\/wp\/v2\/pages"}],"about":[{"href":"https:\/\/www.facet.unt.edu.ar\/direccionalumnos\/wp-json\/wp\/v2\/types\/page"}],"author":[{"embeddable":true,"href":"https:\/\/www.facet.unt.edu.ar\/direccionalumnos\/wp-json\/wp\/v2\/users\/123470"}],"replies":[{"embeddable":true,"href":"https:\/\/www.facet.unt.edu.ar\/direccionalumnos\/wp-json\/wp\/v2\/comments?post=102"}],"version-history":[{"count":27,"href":"https:\/\/www.facet.unt.edu.ar\/direccionalumnos\/wp-json\/wp\/v2\/pages\/102\/revisions"}],"predecessor-version":[{"id":105,"href":"https:\/\/www.facet.unt.edu.ar\/direccionalumnos\/wp-json\/wp\/v2\/pages\/102\/revisions\/105"}],"wp:attachment":[{"href":"https:\/\/www.facet.unt.edu.ar\/direccionalumnos\/wp-json\/wp\/v2\/media?parent=102"}],"curies":[{"name":"wp","href":"https:\/\/api.w.org\/{rel}","templated":true}]}}