{"id":227,"date":"2022-12-15T20:01:01","date_gmt":"2022-12-15T20:01:01","guid":{"rendered":"https:\/\/www.facet.unt.edu.ar\/direccionalumnos\/?page_id=227"},"modified":"2024-02-22T21:26:17","modified_gmt":"2024-02-22T21:26:17","slug":"tramites-que-debe-realizar-recien-graduado","status":"publish","type":"page","link":"https:\/\/www.facet.unt.edu.ar\/direccionalumnos\/tramites-que-debe-realizar-recien-graduado\/","title":{"rendered":"Tr\u00e1mites que debe realizar el Reci\u00e9n Graduado"},"content":{"rendered":"<p align=\"justify\"><strong>TR\u00c1MITE DE SOLICITUD DE DIPLOMA, CONSTANCIA DE T\u00cdTULO EN TR\u00c1MITE, CERTIFICADO ANAL\u00cdTICO DE ESTUDIOS COMPLETOS Y DUPLICADO DE CERTIFICADO ANAL\u00cdTICO<\/strong>:<\/p>\n<p style=\"text-align: justify;\" align=\"justify\">Para comenzar el Tr\u00e1mite del T\u00edtulo, el graduado debe revisar tener cargado en el SIU-Guaran\u00ed la aprobaci\u00f3n del 100% de la carrera y luego enviar por mail a <a href=\"mailto:egresadosfacet@herrera.unt.edu.ar\">egresadosfacet@herrera.unt.edu.ar<\/a>, la documentaci\u00f3n que se detalla a continuaci\u00f3n:<\/p>\n<blockquote>\n<p style=\"text-align: justify;\" align=\"justify\">\u2022 <strong>Documento de Identidad<\/strong> (frente y dorso) &#8211; Formato PDF (en color &#8211; escaneado o foto legible).<br \/>\n\u2022 <strong>Acta de Nacimiento<\/strong> (legalizada y actualizada, con antig\u00fcedad no mayor a 6 meses) (frente y dorso) &#8211; Formato PDF (en color &#8211; escaneada o foto legible).<\/p>\n<\/blockquote>\n<p style=\"text-align: justify;\" align=\"justify\">El Graduado adem\u00e1s, debe revisar sus datos censales en el SIU-Guaran\u00ed, los cuales se detallan a continuaci\u00f3n:<\/p>\n<blockquote><p><strong>DATOS PERSONALES<\/strong> (controlar):<\/p>\n<ul>\n<li>Apellido\/s completo\/s (como figura en el Acta de Nacimiento)<\/li>\n<li>Nombre\/s completo\/s (como figura en el Acta de Nacimiento)<\/li>\n<li>Sexo<\/li>\n<li>Tipo Documento<\/li>\n<li>N\u00ba Documento<\/li>\n<\/ul>\n<p><strong>DOMICILIO<\/strong> (actualizar):<\/p>\n<ul>\n<li>Domicilio completo<\/li>\n<\/ul>\n<p><strong>DATOS DE CONTACTO<\/strong> (agregar):<\/p>\n<ul>\n<li>E-mail<\/li>\n<li>Tel\u00e9fono Fijo<\/li>\n<li>Tel\u00e9fono Celular<\/li>\n<\/ul>\n<p><strong>ESTUDIOS<\/strong> (controlar y actualizar):<\/p>\n<ul>\n<li>Colegio Secundario (si no se encuentra en el SIU, se debe notificar a este mail para su inclusi\u00f3n)<\/li>\n<li>T\u00edtulo Secundario<\/li>\n<li>Fecha Egreso Secundario<\/li>\n<\/ul>\n<\/blockquote>\n<p align=\"justify\">Una vez controladas las actas de ex\u00e1menes y el legajo del egresado, procedimiento que puede tener una demora de hasta 15 d\u00edas h\u00e1biles, el personal del Departamento Egresados se pondr\u00e1 en contacto por correo electr\u00f3nico con el egresado para indicarle como continuar con el tr\u00e1mite.<\/p>\n<p align=\"justify\">Luego del control de actas y legajo, se le solicitar\u00e1 los comprobantes de pago del tr\u00e1mite del t\u00edtulo:<\/p>\n<p align=\"justify\"><strong><span style=\"text-decoration: underline;\">Costos<\/span><\/strong><span style=\"text-decoration: underline;\"> <strong>de<\/strong> <strong>Tr\u00e1mites de T\u00edtulo<\/strong><\/span>:<\/p>\n<p style=\"text-align: justify;\" align=\"justify\">A partir del d\u00eda<strong> 19\/02\/24<\/strong> los pagos de los aranceles del tr\u00e1mite deber\u00e1n efectuarse en <strong>Tesorer\u00eda<\/strong> de la Facultad, Block 3, Planta baja, de lunes a viernes, de 9 a 12 hs:<\/p>\n<blockquote><p>Detalle de aranceles:<\/p><\/blockquote>\n<ul>\n<li><strong>Solicitud de Diploma de Grado: <\/strong>$10.000 \u00f3 <strong>Solicitud de Diploma de Pregrado<\/strong> : $6.000, seg\u00fan corresponda.<\/li>\n<\/ul>\n<p align=\"justify\"><strong>Por cualquier otra consulta que desee realizar, enviar mail al correo electr\u00f3nico indicado anteriormente. Recuerde colocar en el mail nombre y apellido completo, DNI, carrera, tel\u00e9fono de contacto y la consulta que desea realizar.<\/strong><\/p>\n","protected":false},"excerpt":{"rendered":"<p>TR\u00c1MITE DE SOLICITUD DE DIPLOMA, CONSTANCIA DE T\u00cdTULO EN TR\u00c1MITE, CERTIFICADO ANAL\u00cdTICO DE ESTUDIOS COMPLETOS Y DUPLICADO DE CERTIFICADO ANAL\u00cdTICO: Para comenzar el Tr\u00e1mite del T\u00edtulo, el graduado debe revisar tener cargado en el SIU-Guaran\u00ed la aprobaci\u00f3n del 100% de la carrera y luego enviar por mail a egresadosfacet@herrera.unt.edu.ar, la documentaci\u00f3n que se detalla a [&hellip;]<\/p>\n","protected":false},"author":123470,"featured_media":0,"parent":0,"menu_order":0,"comment_status":"closed","ping_status":"closed","template":"","meta":[],"_links":{"self":[{"href":"https:\/\/www.facet.unt.edu.ar\/direccionalumnos\/wp-json\/wp\/v2\/pages\/227"}],"collection":[{"href":"https:\/\/www.facet.unt.edu.ar\/direccionalumnos\/wp-json\/wp\/v2\/pages"}],"about":[{"href":"https:\/\/www.facet.unt.edu.ar\/direccionalumnos\/wp-json\/wp\/v2\/types\/page"}],"author":[{"embeddable":true,"href":"https:\/\/www.facet.unt.edu.ar\/direccionalumnos\/wp-json\/wp\/v2\/users\/123470"}],"replies":[{"embeddable":true,"href":"https:\/\/www.facet.unt.edu.ar\/direccionalumnos\/wp-json\/wp\/v2\/comments?post=227"}],"version-history":[{"count":9,"href":"https:\/\/www.facet.unt.edu.ar\/direccionalumnos\/wp-json\/wp\/v2\/pages\/227\/revisions"}],"predecessor-version":[{"id":283,"href":"https:\/\/www.facet.unt.edu.ar\/direccionalumnos\/wp-json\/wp\/v2\/pages\/227\/revisions\/283"}],"wp:attachment":[{"href":"https:\/\/www.facet.unt.edu.ar\/direccionalumnos\/wp-json\/wp\/v2\/media?parent=227"}],"curies":[{"name":"wp","href":"https:\/\/api.w.org\/{rel}","templated":true}]}}