{"id":31,"date":"2021-12-22T03:14:51","date_gmt":"2021-12-22T03:14:51","guid":{"rendered":"https:\/\/www.facet.unt.edu.ar\/direccionalumnos\/pagina-de-inicio\/"},"modified":"2024-02-17T01:34:35","modified_gmt":"2024-02-17T01:34:35","slug":"pagina-de-inicio","status":"publish","type":"page","link":"https:\/\/www.facet.unt.edu.ar\/direccionalumnos\/","title":{"rendered":"P\u00e1gina de inicio"},"content":{"rendered":"<div id=\"pl-31\"  class=\"panel-layout\" ><div id=\"pg-31-0\"  class=\"panel-grid panel-no-style\" ><div id=\"pgc-31-0-0\"  class=\"panel-grid-cell\" ><div id=\"panel-31-0-0-0\" class=\"so-panel widget widget_sow-button panel-first-child panel-last-child\" data-index=\"0\" ><div\n\t\t\t\n\t\t\tclass=\"so-widget-sow-button so-widget-sow-button-wire-f04e0d0b73ba-31\"\n\t\t\t\n\t\t><div class=\"ow-button-base ow-button-align-center\">\n\t<a href=\"https:\/\/www.facet.unt.edu.ar\/wp-content\/uploads\/2022\/09\/Res.-670-22-Reglamento-de-Revalida-de-Titulos-Extranjeros.pdf\" class=\"ow-icon-placement-left ow-button-hover\" target=\"_blank\" rel=\"noopener noreferrer\" \t\t>\n\t\t<span>\n\t\t\t\n\t\t\tReglamento de Rev\u00e1lida de T\u00edtulos Extranjeros\t\t<\/span>\n\t<\/a>\n<\/div>\n<\/div><\/div><\/div><\/div><div id=\"pg-31-1\"  class=\"panel-grid panel-no-style\" ><div id=\"pgc-31-1-0\"  class=\"panel-grid-cell\" ><div id=\"panel-31-1-0-0\" class=\"so-panel widget widget_sow-button panel-first-child\" data-index=\"1\" ><div\n\t\t\t\n\t\t\tclass=\"so-widget-sow-button so-widget-sow-button-atom-556c8b7ba747-31\"\n\t\t\t\n\t\t><div class=\"ow-button-base ow-button-align-center\">\n\t<a href=\"https:\/\/bibliotecafacet.com.ar\/libredeuda\/\" class=\"ow-icon-placement-left ow-button-hover\" target=\"_blank\" rel=\"noopener noreferrer\" \t\t>\n\t\t<span>\n\t\t\t\n\t\t\tLibre Deuda\t\t<\/span>\n\t<\/a>\n<\/div>\n<\/div><\/div><div id=\"panel-31-1-0-1\" class=\"so-panel widget widget_sow-button\" data-index=\"2\" ><div\n\t\t\t\n\t\t\tclass=\"so-widget-sow-button so-widget-sow-button-atom-556c8b7ba747-31\"\n\t\t\t\n\t\t><div class=\"ow-button-base ow-button-align-center\">\n\t<a href=\"https:\/\/www.facet.unt.edu.ar\/\" class=\"ow-icon-placement-left ow-button-hover\" target=\"_blank\" rel=\"noopener noreferrer\" \t\t>\n\t\t<span>\n\t\t\t\n\t\t\tFacultad de Ciencias Exactas y Tecnolog\u00eda\t\t<\/span>\n\t<\/a>\n<\/div>\n<\/div><\/div><div id=\"panel-31-1-0-2\" class=\"so-panel widget widget_sow-button panel-last-child\" data-index=\"3\" ><div\n\t\t\t\n\t\t\tclass=\"so-widget-sow-button so-widget-sow-button-atom-556c8b7ba747-31\"\n\t\t\t\n\t\t><div class=\"ow-button-base ow-button-align-center\">\n\t<a href=\"https:\/\/www.facet.unt.edu.ar\/calendario-academico-facet\/\" class=\"ow-icon-placement-left ow-button-hover\" target=\"_blank\" rel=\"noopener noreferrer\" \t\t>\n\t\t<span>\n\t\t\t\n\t\t\tCalendario Acad\u00e9mico\t\t<\/span>\n\t<\/a>\n<\/div>\n<\/div><\/div><\/div><div id=\"pgc-31-1-1\"  class=\"panel-grid-cell\" ><div id=\"panel-31-1-1-0\" class=\"so-panel widget widget_sow-button panel-first-child\" data-index=\"4\" ><div\n\t\t\t\n\t\t\tclass=\"so-widget-sow-button so-widget-sow-button-atom-556c8b7ba747-31\"\n\t\t\t\n\t\t><div class=\"ow-button-base ow-button-align-center\">\n\t<a href=\"https:\/\/bibliotecafacet.com.ar\/wp-content\/uploads\/2023\/03\/Autorizacion-de-deposito-Proyectos-Finales-tesina.docx\" class=\"ow-icon-placement-left ow-button-hover\" target=\"_blank\" rel=\"noopener noreferrer\" \t\t>\n\t\t<span>\n\t\t\t\n\t\t\tAutorizaci\u00f3n de deposito Proyectos Finales Tesina\t\t<\/span>\n\t<\/a>\n<\/div>\n<\/div><\/div><div id=\"panel-31-1-1-1\" class=\"so-panel widget widget_sow-button\" data-index=\"5\" ><div\n\t\t\t\n\t\t\tclass=\"so-widget-sow-button so-widget-sow-button-atom-556c8b7ba747-31\"\n\t\t\t\n\t\t><div class=\"ow-button-base ow-button-align-center\">\n\t<a href=\"https:\/\/www.facet.unt.edu.ar\/ingreso-facet\/\" class=\"ow-icon-placement-left ow-button-hover\" target=\"_blank\" rel=\"noopener noreferrer\" \t\t>\n\t\t<span>\n\t\t\t\n\t\t\tIngreso FACET\t\t<\/span>\n\t<\/a>\n<\/div>\n<\/div><\/div><div id=\"panel-31-1-1-2\" class=\"so-panel widget widget_sow-button panel-last-child\" data-index=\"6\" ><div\n\t\t\t\n\t\t\tclass=\"so-widget-sow-button so-widget-sow-button-atom-556c8b7ba747-31\"\n\t\t\t\n\t\t><div class=\"ow-button-base ow-button-align-center\">\n\t<a href=\"https:\/\/www.facet.unt.edu.ar\/sbe\/\" class=\"ow-icon-placement-left ow-button-hover\" target=\"_blank\" rel=\"noopener noreferrer\" \t\t>\n\t\t<span>\n\t\t\t\n\t\t\tSecretar\u00eda de Bienestar Estudiantil\t\t<\/span>\n\t<\/a>\n<\/div>\n<\/div><\/div><\/div><\/div><div id=\"pg-31-2\"  class=\"panel-grid panel-no-style\" ><div id=\"pgc-31-2-0\"  class=\"panel-grid-cell\" ><div id=\"panel-31-2-0-0\" class=\"so-panel widget widget_black-studio-tinymce widget_black_studio_tinymce panel-first-child panel-last-child\" data-index=\"7\" ><div class=\"textwidget\"><p style=\"text-align: center;\"><span style=\"text-align: center; font-size: 18pt;\">Ingresantes<\/span><\/p>\n<p><a href=\"https:\/\/guarani.unt.edu.ar\/preinscripciones\/facet\/\" target=\"_blank\" rel=\"noopener\"><img class=\"size-full wp-image-110 aligncenter\" src=\"https:\/\/www.facet.unt.edu.ar\/direccionalumnos\/wp-content\/uploads\/sites\/81\/2022\/02\/Sist-siu-guarani-2.png\" alt=\"\" width=\"170\" height=\"177\" \/><\/a><\/p>\n<p style=\"text-align: center;\">Sistema de pre-inscripci\u00f3n para ingresantes<\/p>\n<\/div><\/div><\/div><div id=\"pgc-31-2-1\"  class=\"panel-grid-cell\" ><div id=\"panel-31-2-1-0\" class=\"so-panel widget widget_black-studio-tinymce widget_black_studio_tinymce panel-first-child panel-last-child\" data-index=\"8\" ><div class=\"textwidget\"><p style=\"text-align: center;\"><span style=\"font-size: 18pt;\">Autogesti\u00f3n Acad\u00e9mica<\/span><\/p>\n<p style=\"text-align: center;\"><a href=\"https:\/\/guarani.unt.edu.ar\/autogestion\/\" target=\"_blank\" rel=\"noopener\"><img class=\"size-full wp-image-125 aligncenter\" src=\"https:\/\/www.facet.unt.edu.ar\/direccionalumnos\/wp-content\/uploads\/sites\/81\/2022\/02\/Sist-siu-guarani.png\" alt=\"\" width=\"170\" height=\"176\" \/><\/a><\/p>\n<p style=\"text-align: center;\">Sistema de Gesti\u00f3n Acad\u00e9mica para alumnos<\/p>\n<\/div><\/div><\/div><\/div><div id=\"pg-31-3\"  class=\"panel-grid panel-no-style\" ><div id=\"pgc-31-3-0\"  class=\"panel-grid-cell\" ><div id=\"panel-31-3-0-0\" class=\"so-panel widget widget_circleicon-widget panel-first-child panel-last-child\" data-index=\"9\" >\t\t<div class=\"circle-icon-box circle-icon-position-top circle-icon-hide-box circle-icon-size-large\">\n\t\t\t<div class=\"circle-icon-wrapper\">\n\t\t\t\t<a href=\"https:\/\/www.facet.unt.edu.ar\/direccionalumnos\/quienes-somos\/\" class=\"link-icon\" >\t\t\t\t<div class=\"circle-icon icon-style-set\" style=\"background-image: url(https:\/\/www.facet.unt.edu.ar\/direccionalumnos\/quienes-somos\/);background-color: #1e73be\">\n\t\t\t\t\t<div class=\"fa fa-pencil-square-o icon-color-set\" style=\"color: #ffffff\"><\/div>\t\t\t\t<\/div>\n\t\t\t\t<\/a>\t\t\t<\/div>\n\n\t\t\t<a href=\"https:\/\/www.facet.unt.edu.ar\/direccionalumnos\/quienes-somos\/\" class=\"link-title\" >\t\t\t<h4 >QUIENES SOMOS<\/h4>\t\t\t<\/a>\n\t\t\t<p class=\"text\" >Aqu\u00ed encontrar\u00e1s informaci\u00f3n de las \u00e1reas que dependen de Direcci\u00f3n Alumnos<\/p>\t\t\t\t\t\t\t<a href=\"https:\/\/www.facet.unt.edu.ar\/direccionalumnos\/quienes-somos\/\" class=\"more-button\" >CLICK AQU\u00cd <i><\/i><\/a>\n\t\t\t\t\t<\/div>\n\t\t<\/div><\/div><div id=\"pgc-31-3-1\"  class=\"panel-grid-cell\" ><div id=\"panel-31-3-1-0\" class=\"so-panel widget widget_circleicon-widget panel-first-child panel-last-child\" data-index=\"10\" >\t\t<div class=\"circle-icon-box circle-icon-position-top circle-icon-hide-box circle-icon-size-large\">\n\t\t\t<div class=\"circle-icon-wrapper\">\n\t\t\t\t<a href=\"https:\/\/www.facet.unt.edu.ar\/direccionalumnos\/preguntas-frecuentes\/\" class=\"link-icon\" >\t\t\t\t<div class=\"circle-icon icon-style-set\" style=\"background-image: url(https:\/\/www.facet.unt.edu.ar\/direccionalumnos\/preguntas-frecuentes\/);background-color: #f237e5\">\n\t\t\t\t\t<div class=\"fa fa-question-circle-o icon-color-set\" style=\"color: #ffffff\"><\/div>\t\t\t\t<\/div>\n\t\t\t\t<\/a>\t\t\t<\/div>\n\n\t\t\t<a href=\"https:\/\/www.facet.unt.edu.ar\/direccionalumnos\/preguntas-frecuentes\/\" class=\"link-title\" >\t\t\t<h4 >PREGUNTAS FRECUENTES<\/h4>\t\t\t<\/a>\n\t\t\t<p class=\"text\" >Aqu\u00ed acceder\u00e1s a consultas realizadas con frecuencia<\/p>\t\t\t\t\t\t\t<a href=\"https:\/\/www.facet.unt.edu.ar\/direccionalumnos\/preguntas-frecuentes\/\" class=\"more-button\" >M\u00e1s informaci\u00f3n en.... <i><\/i><\/a>\n\t\t\t\t\t<\/div>\n\t\t<\/div><\/div><\/div><\/div>","protected":false},"excerpt":{"rendered":"<p>Reglamento de Rev\u00e1lida de T\u00edtulos Extranjeros Libre Deuda Facultad de Ciencias Exactas y Tecnolog\u00eda Calendario Acad\u00e9mico Autorizaci\u00f3n de deposito Proyectos Finales Tesina Ingreso FACET Secretar\u00eda de Bienestar Estudiantil Ingresantes Sistema de pre-inscripci\u00f3n para ingresantes Autogesti\u00f3n Acad\u00e9mica Sistema de Gesti\u00f3n Acad\u00e9mica para alumnos QUIENES SOMOS Aqu\u00ed encontrar\u00e1s informaci\u00f3n de las \u00e1reas que dependen de Direcci\u00f3n Alumnos [&hellip;]<\/p>\n","protected":false},"author":123470,"featured_media":0,"parent":0,"menu_order":0,"comment_status":"closed","ping_status":"closed","template":"home-panels.php","meta":[],"_links":{"self":[{"href":"https:\/\/www.facet.unt.edu.ar\/direccionalumnos\/wp-json\/wp\/v2\/pages\/31"}],"collection":[{"href":"https:\/\/www.facet.unt.edu.ar\/direccionalumnos\/wp-json\/wp\/v2\/pages"}],"about":[{"href":"https:\/\/www.facet.unt.edu.ar\/direccionalumnos\/wp-json\/wp\/v2\/types\/page"}],"author":[{"embeddable":true,"href":"https:\/\/www.facet.unt.edu.ar\/direccionalumnos\/wp-json\/wp\/v2\/users\/123470"}],"replies":[{"embeddable":true,"href":"https:\/\/www.facet.unt.edu.ar\/direccionalumnos\/wp-json\/wp\/v2\/comments?post=31"}],"version-history":[{"count":1,"href":"https:\/\/www.facet.unt.edu.ar\/direccionalumnos\/wp-json\/wp\/v2\/pages\/31\/revisions"}],"predecessor-version":[{"id":32,"href":"https:\/\/www.facet.unt.edu.ar\/direccionalumnos\/wp-json\/wp\/v2\/pages\/31\/revisions\/32"}],"wp:attachment":[{"href":"https:\/\/www.facet.unt.edu.ar\/direccionalumnos\/wp-json\/wp\/v2\/media?parent=31"}],"curies":[{"name":"wp","href":"https:\/\/api.w.org\/{rel}","templated":true}]}}