{"id":63,"date":"2021-12-23T02:14:47","date_gmt":"2021-12-23T02:14:47","guid":{"rendered":"https:\/\/www.facet.unt.edu.ar\/direccionalumnos\/?page_id=63"},"modified":"2024-02-23T13:40:48","modified_gmt":"2024-02-23T13:40:48","slug":"tramites","status":"publish","type":"page","link":"https:\/\/www.facet.unt.edu.ar\/direccionalumnos\/tramites\/","title":{"rendered":"Tr\u00e1mites"},"content":{"rendered":"<div id=\"pl-63\"  class=\"panel-layout\" ><div id=\"pg-63-0\"  class=\"panel-grid panel-no-style\" ><div id=\"pgc-63-0-0\"  class=\"panel-grid-cell\" ><div id=\"panel-63-0-0-0\" class=\"so-panel widget widget_sow-editor panel-first-child\" data-index=\"0\" ><div\n\t\t\t\n\t\t\tclass=\"so-widget-sow-editor so-widget-sow-editor-base\"\n\t\t\t\n\t\t><h3 class=\"widget-title\">Los tr\u00e1mites que puedes realizar en Direcci\u00f3n Alumnos son:<\/h3>\n<div class=\"siteorigin-widget-tinymce textwidget\">\n\t<ul style=\"list-style-type: disc;\">\n<li class=\"CDt4Ke zfr3Q\" dir=\"ltr\">Soy ingresante y necesito presentar los papeles<\/li>\n<li class=\"CDt4Ke zfr3Q\" dir=\"ltr\">Quiero reinscribirme a la carrera como todos los a\u00f1os<\/li>\n<li class=\"CDt4Ke zfr3Q\" dir=\"ltr\">Si no aparezco en el sistema SIU Guaran\u00ed, necesito la readmisi\u00f3n a la carrera<\/li>\n<li class=\"CDt4Ke zfr3Q\" dir=\"ltr\">Necesito cambiarme de carrera<\/li>\n<li class=\"CDt4Ke zfr3Q\" dir=\"ltr\">Cursado simult\u00e1neo de carreras<\/li>\n<li class=\"CDt4Ke zfr3Q\" dir=\"ltr\">Necesito solicitar la equiparaci\u00f3n de materias<\/li>\n<li class=\"CDt4Ke zfr3Q\" dir=\"ltr\">Solicitar Inscripci\u00f3n a cursada, fuera de t\u00e9rmino<\/li>\n<li class=\"CDt4Ke zfr3Q\" dir=\"ltr\">Inscripci\u00f3n a la carrera fuera de t\u00e9rmino<\/li>\n<li class=\"CDt4Ke zfr3Q\" dir=\"ltr\">Excepci\u00f3n de correlativas de materias para poder cursar<\/li>\n<li class=\"CDt4Ke zfr3Q\" dir=\"ltr\">Se me vence una materia y necesito una Extensi\u00f3n de Regularidad<\/li>\n<li class=\"CDt4Ke zfr3Q\" dir=\"ltr\">Quiero cambiarme de Facultad o Universidad, necesito la legalizaci\u00f3n de programas y pase de facultad \/ universidad.<\/li>\n<li class=\"CDt4Ke zfr3Q\" dir=\"ltr\">Soy alumno vocacional interno o externo y necesito resolver mi problema<\/li>\n<li class=\"CDt4Ke zfr3Q\" dir=\"ltr\"><a href=\"https:\/\/www.facet.unt.edu.ar\/direccionalumnos\/tramites-que-debe-realizar-recien-graduado\/\" target=\"_blank\" rel=\"noopener\"><strong>Iniciar tr\u00e1mites del T\u00edtulo<\/strong><\/a><\/li>\n<li class=\"CDt4Ke zfr3Q\" dir=\"ltr\">Otro tr\u00e1mite\n<ol>\n<li style=\"list-style-type: none;\">\n<ol>\n<li style=\"list-style-type: none;\"><\/li>\n<\/ol>\n<\/li>\n<\/ol>\n<\/li>\n<\/ul>\n<\/div>\n<\/div><\/div><div id=\"panel-63-0-0-1\" class=\"so-panel widget widget_sow-editor\" data-index=\"1\" ><div\n\t\t\t\n\t\t\tclass=\"so-widget-sow-editor so-widget-sow-editor-base\"\n\t\t\t\n\t\t>\n<div class=\"siteorigin-widget-tinymce textwidget\">\n\t<h3>A partir del 19\/02\/24, todos los tr\u00e1mites\u00a0deben abonarse en Tesorer\u00eda de la Facultad, Block 3, Planta baja, de lunes a viernes, de 9 a 12 hs. S\u00f3lo se abona en efectivo.<\/h3>\n<\/div>\n<\/div><\/div><div id=\"panel-63-0-0-2\" class=\"so-panel widget widget_sow-editor panel-last-child\" data-index=\"2\" ><div\n\t\t\t\n\t\t\tclass=\"so-widget-sow-editor so-widget-sow-editor-base\"\n\t\t\t\n\t\t><h3 class=\"widget-title\">Los aranceles son los siguientes:<\/h3>\n<div class=\"siteorigin-widget-tinymce textwidget\">\n\t<p>&nbsp;<\/p>\n<table style=\"width: 90.7527%; height: 517px;\" width=\"100%\">\n<tbody>\n<tr style=\"height: 24px;\">\n<td style=\"width: 53.3077%; height: 24px;\" width=\"47%\">DESCRIPCI\u00d3N DEL TR\u00c1MITE<\/td>\n<td style=\"width: 11.5161%; height: 24px;\" width=\"17%\">IMPORTE<\/td>\n<\/tr>\n<tr style=\"height: 104px;\">\n<td style=\"width: 53.3077%; height: 89px;\" width=\"47%\">\n<p style=\"text-align: justify;\">Notas (Dirigidas al Decano): Cambio de carrera, cursado simult\u00e1neo, inscripci\u00f3n fuera de t\u00e9rmino, extensi\u00f3n de regularidad, excepci\u00f3n de correlativas, equiparaci\u00f3n de materias, eximici\u00f3n de ingreso, etc.<\/p>\n<\/td>\n<td style=\"width: 11.5161%; text-align: center; height: 89px;\" width=\"17%\">$ 1.000<\/td>\n<\/tr>\n<tr style=\"height: 24px;\">\n<td style=\"width: 53.3077%; height: 24px;\" width=\"47%\">Situaci\u00f3n de Revista (Docente)<\/td>\n<td style=\"width: 11.5161%; text-align: center; height: 24px;\" width=\"17%\">$ 2.000<\/td>\n<\/tr>\n<tr style=\"height: 24px;\">\n<td style=\"width: 53.3077%; height: 24px;\" width=\"47%\">Certificado Parcial (Cambio de Facultad)<\/td>\n<td style=\"width: 11.5161%; text-align: center; height: 24px;\" width=\"17%\">$ 6.000<\/td>\n<\/tr>\n<tr style=\"height: 24px;\">\n<td style=\"width: 53.3077%; height: 24px;\" width=\"47%\">Legalizaci\u00f3n de Programas de Materias hasta 6 (seis) materias<\/td>\n<td style=\"width: 11.5161%; text-align: center; height: 24px;\" width=\"17%\">$ 6.000<\/td>\n<\/tr>\n<tr>\n<td style=\"width: 53.3077%;\">Legalizaci\u00f3n de Programas de Materias m\u00e1s de 6 (seis) materias<\/td>\n<td style=\"width: 11.5161%; text-align: center;\">$ 1.000<br \/>\npor materia<\/td>\n<\/tr>\n<tr style=\"height: 24px;\">\n<td style=\"width: 53.3077%; height: 24px;\" width=\"47%\">Duplicado de Certificados Anal\u00edticos<\/td>\n<td style=\"width: 11.5161%; text-align: center; height: 24px;\" width=\"17%\">$ 10.000<\/td>\n<\/tr>\n<tr style=\"height: 24px;\">\n<td style=\"width: 53.3077%; height: 24px;\" width=\"47%\">Readmisi\u00f3n (Alumnos) (s\u00f3lo para alumnos de ciclos lectivos anteriores que no est\u00e9n dados de alta en el SIU GUARAN\u00cd)<\/td>\n<td style=\"width: 11.5161%; text-align: center; height: 24px;\" width=\"17%\">$ 2.000<\/td>\n<\/tr>\n<tr style=\"height: 24px;\">\n<td style=\"width: 53.3077%; height: 24px;\" width=\"47%\">Inscripci\u00f3n (Alumnos)<\/td>\n<td style=\"width: 11.5161%; text-align: center; height: 24px;\" width=\"17%\">$ 2.000<\/td>\n<\/tr>\n<tr style=\"height: 24px;\">\n<td style=\"width: 53.3077%; height: 24px;\" width=\"47%\">Re-inscripci\u00f3n (Alumnos)<\/td>\n<td style=\"width: 11.5161%; text-align: center; height: 24px;\" width=\"17%\">$ 1.000<\/td>\n<\/tr>\n<tr style=\"height: 24px;\">\n<td style=\"width: 53.3077%; height: 24px;\" width=\"47%\">Constancias<\/td>\n<td style=\"width: 11.5161%; text-align: center; height: 24px;\" width=\"17%\">$ 1.000<\/td>\n<\/tr>\n<tr style=\"height: 24px;\">\n<td style=\"width: 53.3077%; height: 24px;\" width=\"47%\">Estado Acad\u00e9mico<\/td>\n<td style=\"width: 11.5161%; text-align: center; height: 24px;\" width=\"17%\">$ 1.000<\/td>\n<\/tr>\n<tr style=\"height: 24px;\">\n<td style=\"width: 53.3077%; height: 24px;\" width=\"47%\">Certificado Parcial (Para Becas)<\/td>\n<td style=\"width: 11.5161%; text-align: center; height: 24px;\" width=\"17%\">$ 1.000<\/td>\n<\/tr>\n<tr style=\"height: 24px;\">\n<td style=\"width: 53.3077%; height: 24px;\" width=\"47%\">Solicitud T\u00edtulo de Grado<\/td>\n<td style=\"width: 11.5161%; text-align: center; height: 24px;\" width=\"17%\">$ 10.000<\/td>\n<\/tr>\n<tr style=\"height: 24px;\">\n<td style=\"width: 53.3077%; height: 24px;\" width=\"47%\">Solicitud T\u00edtulo de Pregrado<\/td>\n<td style=\"width: 11.5161%; text-align: center; height: 24px;\" width=\"17%\">$ 6.000<\/td>\n<\/tr>\n<tr style=\"height: 24px;\">\n<td style=\"width: 53.3077%; height: 24px;\" width=\"47%\">Solicitud T\u00edtulo de Posgrado<\/td>\n<td style=\"width: 11.5161%; text-align: center; height: 24px;\" width=\"17%\">$ 20.000<\/td>\n<\/tr>\n<tr style=\"height: 24px;\">\n<td style=\"width: 53.3077%; height: 24px;\" width=\"47%\">Duplicado de Diploma de Pregrado<\/td>\n<td style=\"width: 11.5161%; text-align: center; height: 24px;\" width=\"17%\">$ 12.000<\/td>\n<\/tr>\n<tr style=\"height: 48px;\">\n<td style=\"width: 53.3077%; height: 20px;\" width=\"47%\">Duplicado Diploma de Grado<\/td>\n<td style=\"width: 11.5161%; text-align: center; height: 20px;\" width=\"17%\">$ 20.000<\/td>\n<\/tr>\n<tr style=\"height: 24px;\">\n<td style=\"width: 53.3077%; height: 24px;\">Duplicado Diploma de Posgrado<\/td>\n<td style=\"width: 11.5161%; text-align: center; height: 24px;\">$ 40.000<\/td>\n<\/tr>\n<\/tbody>\n<\/table>\n<\/div>\n<\/div><\/div><\/div><\/div><\/div>","protected":false},"excerpt":{"rendered":"<p>Soy ingresante y necesito presentar los papeles Quiero reinscribirme a la carrera como todos los a\u00f1os Si no aparezco en el sistema SIU Guaran\u00ed, necesito la readmisi\u00f3n a la carrera Necesito cambiarme de carrera Cursado simult\u00e1neo de carreras Necesito solicitar la equiparaci\u00f3n de materias Solicitar Inscripci\u00f3n a cursada, fuera de t\u00e9rmino Inscripci\u00f3n a la carrera [&hellip;]<\/p>\n","protected":false},"author":123470,"featured_media":0,"parent":0,"menu_order":0,"comment_status":"closed","ping_status":"closed","template":"","meta":[],"_links":{"self":[{"href":"https:\/\/www.facet.unt.edu.ar\/direccionalumnos\/wp-json\/wp\/v2\/pages\/63"}],"collection":[{"href":"https:\/\/www.facet.unt.edu.ar\/direccionalumnos\/wp-json\/wp\/v2\/pages"}],"about":[{"href":"https:\/\/www.facet.unt.edu.ar\/direccionalumnos\/wp-json\/wp\/v2\/types\/page"}],"author":[{"embeddable":true,"href":"https:\/\/www.facet.unt.edu.ar\/direccionalumnos\/wp-json\/wp\/v2\/users\/123470"}],"replies":[{"embeddable":true,"href":"https:\/\/www.facet.unt.edu.ar\/direccionalumnos\/wp-json\/wp\/v2\/comments?post=63"}],"version-history":[{"count":88,"href":"https:\/\/www.facet.unt.edu.ar\/direccionalumnos\/wp-json\/wp\/v2\/pages\/63\/revisions"}],"predecessor-version":[{"id":177,"href":"https:\/\/www.facet.unt.edu.ar\/direccionalumnos\/wp-json\/wp\/v2\/pages\/63\/revisions\/177"}],"wp:attachment":[{"href":"https:\/\/www.facet.unt.edu.ar\/direccionalumnos\/wp-json\/wp\/v2\/media?parent=63"}],"curies":[{"name":"wp","href":"https:\/\/api.w.org\/{rel}","templated":true}]}}