{"id":109,"date":"2015-09-18T15:13:41","date_gmt":"2015-09-18T18:13:41","guid":{"rendered":"https:\/\/www.facet.unt.edu.ar\/disenoiluminacion\/?page_id=109"},"modified":"2023-05-11T15:13:59","modified_gmt":"2023-05-11T18:13:59","slug":"disenador-de-iluminacion","status":"publish","type":"page","link":"https:\/\/www.facet.unt.edu.ar\/disenoiluminacion\/disenador-de-iluminacion\/","title":{"rendered":"Objetivo"},"content":{"rendered":"<div id=\"pl-109\"  class=\"panel-layout\" ><div id=\"pg-109-0\"  class=\"panel-grid panel-has-style\" ><div class=\"siteorigin-panels-stretch panel-row-style-full-width panel-row-style panel-row-style-for-109-0\" data-stretch-type=\"full-stretched\" ><div id=\"pgc-109-0-0\"  class=\"panel-grid-cell\" ><div id=\"panel-109-0-0-0\" class=\"so-panel widget widget_black-studio-tinymce widget_black_studio_tinymce panel-first-child panel-last-child\" data-index=\"0\" ><div class=\"textwidget\">&nbsp;\n<table style=\"border-collapse: collapse; width: 65.9674%; height: 600px;\">\n<tbody>\n<tr>\n<td style=\"width: 100%;\">\n<h4 style=\"text-align: left;\">La carrera de Dise\u00f1o de Iluminaci\u00f3n tiende a jerarquizar esta profesi\u00f3n desde la Universidad Nacional de<\/h4>\n<h4 style=\"text-align: left;\">Tucum\u00e1n. Su dise\u00f1o es el resultado de la experiencia adquirida durante los 10 a\u00f1os de dictado de la carrera \u035eT\u00e9cnico Dise\u00f1ador Universitario en Iluminaci\u00f3n en la Facultad de Ciencias Exactas y Tecnolog\u00eda. La carrera responde a la demanda creciente de dise\u00f1adores de iluminaci\u00f3n en el campo de la Arquitectura y la Ingenier\u00eda y del Dise\u00f1o en general, tanto para espacios interiores como exteriores.<\/h4>\n<h4 style=\"text-align: left;\">La carrera, de cuatro a\u00f1os de duraci\u00f3n, permitir\u00e1 a los alumnos continuar con estudios de posgrado, lo que constituye hoy una exigencia debido a los acelerados cambios cient\u00edficos y tecnol\u00f3gicos en el campo disciplinario.<\/h4>\n<\/td>\n<\/tr>\n<\/tbody>\n<\/table>\n<h4><\/h4>\n<h4><\/h4>\n&nbsp;\n\n&nbsp;\n\n&nbsp;<\/div><\/div><\/div><\/div><\/div><div id=\"pg-109-1\"  class=\"panel-grid panel-has-style\" ><div class=\"siteorigin-panels-stretch panel-row-style-full-width panel-row-style panel-row-style-for-109-1\" data-stretch-type=\"full-stretched\" ><div id=\"pgc-109-1-0\"  class=\"panel-grid-cell panel-grid-cell-empty\" ><\/div><\/div><\/div><div id=\"pg-109-2\"  class=\"panel-grid panel-has-style\" ><div class=\"siteorigin-panels-stretch panel-row-style-full-width panel-row-style panel-row-style-for-109-2\" style=\"background-color: #f2e9de; \" data-stretch-type=\"full-stretched\" ><div id=\"pgc-109-2-0\"  class=\"panel-grid-cell panel-grid-cell-empty\" ><\/div><\/div><\/div><\/div>","protected":false},"excerpt":{"rendered":"<p>&nbsp; La carrera de Dise\u00f1o de Iluminaci\u00f3n tiende a jerarquizar esta profesi\u00f3n desde la Universidad Nacional de Tucum\u00e1n. Su dise\u00f1o es el resultado de la experiencia adquirida durante los 10 a\u00f1os de dictado de la carrera \u035eT\u00e9cnico Dise\u00f1ador Universitario en Iluminaci\u00f3n en la Facultad de Ciencias Exactas y Tecnolog\u00eda. La carrera responde a la demanda [&hellip;]<\/p>\n","protected":false},"author":24,"featured_media":0,"parent":0,"menu_order":0,"comment_status":"closed","ping_status":"closed","template":"templates\/template-full.php","meta":[],"_links":{"self":[{"href":"https:\/\/www.facet.unt.edu.ar\/disenoiluminacion\/wp-json\/wp\/v2\/pages\/109"}],"collection":[{"href":"https:\/\/www.facet.unt.edu.ar\/disenoiluminacion\/wp-json\/wp\/v2\/pages"}],"about":[{"href":"https:\/\/www.facet.unt.edu.ar\/disenoiluminacion\/wp-json\/wp\/v2\/types\/page"}],"author":[{"embeddable":true,"href":"https:\/\/www.facet.unt.edu.ar\/disenoiluminacion\/wp-json\/wp\/v2\/users\/24"}],"replies":[{"embeddable":true,"href":"https:\/\/www.facet.unt.edu.ar\/disenoiluminacion\/wp-json\/wp\/v2\/comments?post=109"}],"version-history":[{"count":46,"href":"https:\/\/www.facet.unt.edu.ar\/disenoiluminacion\/wp-json\/wp\/v2\/pages\/109\/revisions"}],"predecessor-version":[{"id":3264,"href":"https:\/\/www.facet.unt.edu.ar\/disenoiluminacion\/wp-json\/wp\/v2\/pages\/109\/revisions\/3264"}],"wp:attachment":[{"href":"https:\/\/www.facet.unt.edu.ar\/disenoiluminacion\/wp-json\/wp\/v2\/media?parent=109"}],"curies":[{"name":"wp","href":"https:\/\/api.w.org\/{rel}","templated":true}]}}