{"id":111,"date":"2015-09-18T15:14:03","date_gmt":"2015-09-18T18:14:03","guid":{"rendered":"https:\/\/www.facet.unt.edu.ar\/disenoiluminacion\/?page_id=111"},"modified":"2023-05-11T15:33:51","modified_gmt":"2023-05-11T18:33:51","slug":"perfil-del-egresado","status":"publish","type":"page","link":"https:\/\/www.facet.unt.edu.ar\/disenoiluminacion\/perfil-del-egresado\/","title":{"rendered":"Perfil del Egresado"},"content":{"rendered":"<div id=\"pl-111\"  class=\"panel-layout\" ><div id=\"pg-111-0\"  class=\"panel-grid panel-has-style\" ><div class=\"siteorigin-panels-stretch panel-row-style-full-width panel-row-style panel-row-style-for-111-0\" data-stretch-type=\"full-stretched\" ><div id=\"pgc-111-0-0\"  class=\"panel-grid-cell\" ><div id=\"panel-111-0-0-0\" class=\"so-panel widget widget_black-studio-tinymce widget_black_studio_tinymce panel-first-child panel-last-child\" data-index=\"0\" ><div class=\"textwidget\"><p><strong>La carrera de Dise\u00f1ador de Iluminaci\u00f3n responde a la demanda creciente de dise\u00f1adores de iluminaci\u00f3n en el campo de la Ingenier\u00eda, la Arquitectura y el Dise\u00f1o en general, tanto de espacios interiores como exteriores, cubriendo un \u00e1rea de vacancia en el sistema educativo de nivel superior en el pa\u00eds y la regi\u00f3n.<\/strong><\/p>\n<p>El egresado podr\u00e1 realizar an\u00e1lisis, relevamiento, evaluaci\u00f3n y estudio de factibilidad, proyecto y direcci\u00f3n, planificaci\u00f3n y ejecuci\u00f3n del proyecto, puesta en marcha, operaci\u00f3n y\/o gerenciamiento, ensayos, mediciones, mantenimiento, reparaci\u00f3n, modificaci\u00f3n, transformaci\u00f3n, reconversi\u00f3n e inspecci\u00f3n de: Instalaciones de iluminaci\u00f3n de todo tipo y finalidad y conjuntos de instalaciones de iluminaci\u00f3n de cualquier grado de complejidad.<br \/>\nRealizar estudios, tareas y asesoramiento relacionados con procesos de selecci\u00f3n y fabricaci\u00f3n de sistemas y componentes de iluminaci\u00f3n, en sus aspectos t\u00e9cnicos, econ\u00f3micos y comerciales.<br \/>\nDesarrollar actividades de asesoramiento, direcci\u00f3n y supervisi\u00f3n de tareas relacionadas con el inciso A.<br \/>\nRealizar Arbitrajes, Pericias, y Tasaciones relacionados con la iluminaci\u00f3n y la visi\u00f3n.<br \/>\nDesarrollar actividades asesoramiento en asuntos ambientales relacionados con la iluminaci\u00f3n y la visi\u00f3n.<\/p>\n<\/div><\/div><\/div><div id=\"pgc-111-0-1\"  class=\"panel-grid-cell\" ><div id=\"panel-111-0-1-0\" class=\"so-panel widget widget_sow-image panel-first-child panel-last-child\" data-index=\"1\" ><div\n\t\t\t\n\t\t\tclass=\"so-widget-sow-image so-widget-sow-image-default-d6014b76747a-111\"\n\t\t\t\n\t\t>\n\n<div class=\"sow-image-container\">\n\t\t<img src=\"https:\/\/www.facet.unt.edu.ar\/disenoiluminacion\/wp-content\/uploads\/sites\/89\/2023\/05\/MAVILE-2012.jpg\" width=\"1936\" height=\"1296\" sizes=\"(max-width: 1936px) 100vw, 1936px\" title=\"Egresados MAVILE 2010\" alt=\"Egresados MAVILE 2010\" loading=\"lazy\" \t\tclass=\"so-widget-image\"\/>\n\t<\/div>\n\n<\/div><\/div><\/div><\/div><\/div><div id=\"pg-111-1\"  class=\"panel-grid panel-has-style\" ><div class=\"siteorigin-panels-stretch panel-row-style-full-width panel-row-style panel-row-style-for-111-1\" style=\"background-color: #f2e9de; \" data-stretch-type=\"full-stretched\" ><div id=\"pgc-111-1-0\"  class=\"panel-grid-cell\" ><div id=\"panel-111-1-0-0\" class=\"so-panel widget widget_black-studio-tinymce widget_black_studio_tinymce panel-first-child\" data-index=\"2\" ><div class=\"panel-widget-style panel-widget-style-for-111-1-0-0\" ><div class=\"textwidget\"><h3 style=\"height: 2vh; margin: -5vh 0 0 0; padding: 2vh 0 4vh 0; text-align: center; font-size: 2em; color: #fae4ca;\">Posgrados<\/h3>\n<\/div><\/div><\/div><div id=\"panel-111-1-0-1\" class=\"so-panel widget widget_sow-features panel-last-child\" data-index=\"3\" ><div class=\"panel-widget-style panel-widget-style-for-111-1-0-1\" ><div\n\t\t\t\n\t\t\tclass=\"so-widget-sow-features so-widget-sow-features-default-21bfab401cfb-111\"\n\t\t\t\n\t\t>\n<div class=\"sow-features-list sow-features-responsive\">\n\n\t\t\t\t\t\t\t\t\t<div\n\t\t\t\tclass=\"sow-features-feature sow-icon-container-position-top sow-features-feature-last-row\"\n\t\t\t\tstyle=\"display: flex; flex-direction: column; float: left; width: 33.333%;\"\n\t\t\t>\n\t\t\t\t\t\t\t<div class=\"sow-features-feature-right-left-container\" style=\"display: flex; flex-direction: inherit;\">\n\t\t\t\n\t\t\t\t\t\t\t\t\t<a\n\t\t\t\t\t\thref=\"https:\/\/www.facet.unt.edu.ar\/luminotecnia\/mavile\/\"\n\t\t\t\t\t\t\t\t\t\t\t>\n\t\t\t\t\t\t\t\t<div\n\t\t\t\t\tclass=\"sow-icon-container sow-container-rounded-square\"\n\t\t\t\t\tstyle=\"color: #4e88bf; \"\n\t\t\t\t\t>\n\t\t\t\t\t<span class=\"sow-icon-typicons\" data-sow-icon=\"&#xe09a;\"\n\t\tstyle=\"font-size: 30px; color: #FFFFFF\" \n\t\taria-hidden=\"true\"><\/span>\t\t\t\t<\/div>\n\t\t\t\t\t\t\t\t\t<\/a>\n\t\t\t\t\n\t\t\t\t<div class=\"textwidget\">\n\t\t\t\t\t\t\t\t\t\t\t<div class=\"sow-features-feature-content\">\n\t\t\t\t\t\n\t\t\t\t\t\t\t\t\t\t\t<h5>\n\t\t\t\t\t\t\t\t\t\t\t\t\t\t\t<a\n\t\t\t\t\t\t\t\t\thref=\"https:\/\/www.facet.unt.edu.ar\/luminotecnia\/mavile\/\"\n\t\t\t\t\t\t\t\t\t\t\t\t\t\t\t\t\t>\n\t\t\t\t\t\t\t\n\t\t\t\t\t\t\tEspecializaci\u00f3n Mavile\t\t\t\t\t\t\t\t\t\t\t\t\t\t\t<\/a>\n\t\t\t\t\t\t\t\t\t\t\t\t\t<\/h5>\n\t\t\t\t\t\n\t\t\t\t\t\t\t\t\t\t\t<p>MAVILE brinda incumbencias laborales relacionadas con la realizaci\u00f3n de proyectos de iluminaci\u00f3n, y responde a diferentes.<\/p>\n\t\t\t\t\t\n\t\t\t\t\t\t\t\t\t\t\t<\/div>\n\t\t\t\t\t\t<p class=\"sow-more-text\">\n\t\t\t\t\t\t\t<a href=\"https:\/\/www.facet.unt.edu.ar\/luminotecnia\/mavile\/\" >\t\t\t\t\t\t\tConoce m\u00e1s\t\t\t\t\t\t\t<\/a>\t\t\t\t\t\t<\/p>\n\t\t\t\t\t\t\t\t\t<\/div>\n\t\t\t\t\t\t\t\t\t<\/div>\n\t\t\t\t\t\t\t\t\n\t\t\t\t\t\t\t<\/div>\n\n\t\t\t\t\t\t\t\t<div\n\t\t\t\tclass=\"sow-features-feature sow-icon-container-position-top sow-features-feature-last-row\"\n\t\t\t\tstyle=\"display: flex; flex-direction: column; float: left; width: 33.333%;\"\n\t\t\t>\n\t\t\t\t\t\t\t<div class=\"sow-features-feature-right-left-container\" style=\"display: flex; flex-direction: inherit;\">\n\t\t\t\n\t\t\t\t\t\t\t\t\t<a\n\t\t\t\t\t\thref=\"https:\/\/www.facet.unt.edu.ar\/luminotecnia\/maestria-en-luminotecnia\/\"\n\t\t\t\t\t\t\t\t\t\t\t>\n\t\t\t\t\t\t\t\t<div\n\t\t\t\t\tclass=\"sow-icon-container sow-container-rounded-square\"\n\t\t\t\t\tstyle=\"color: #4e88bf; \"\n\t\t\t\t\t>\n\t\t\t\t\t<span class=\"sow-icon-icomoon\" data-sow-icon=\"&#xe91f;\"\n\t\tstyle=\"font-size: 30px; color: #FFFFFF\" \n\t\taria-hidden=\"true\"><\/span>\t\t\t\t<\/div>\n\t\t\t\t\t\t\t\t\t<\/a>\n\t\t\t\t\n\t\t\t\t<div class=\"textwidget\">\n\t\t\t\t\t\t\t\t\t\t\t<div class=\"sow-features-feature-content\">\n\t\t\t\t\t\n\t\t\t\t\t\t\t\t\t\t\t<h5>\n\t\t\t\t\t\t\t\t\t\t\t\t\t\t\t<a\n\t\t\t\t\t\t\t\t\thref=\"https:\/\/www.facet.unt.edu.ar\/luminotecnia\/maestria-en-luminotecnia\/\"\n\t\t\t\t\t\t\t\t\t\t\t\t\t\t\t\t\t>\n\t\t\t\t\t\t\t\n\t\t\t\t\t\t\tMaestr\u00eda en Luminotecnia\t\t\t\t\t\t\t\t\t\t\t\t\t\t\t<\/a>\n\t\t\t\t\t\t\t\t\t\t\t\t\t<\/h5>\n\t\t\t\t\t\n\t\t\t\t\t\t\t\t\t\t\t<p>Orientada a la formaci\u00f3n de graduados universitarios interesados en desempe\u00f1arse en \u00e1mbitos acad\u00e9micos y de investigaci\u00f3n.<\/p>\n\t\t\t\t\t\n\t\t\t\t\t\t\t\t\t\t\t<\/div>\n\t\t\t\t\t\t<p class=\"sow-more-text\">\n\t\t\t\t\t\t\t<a href=\"https:\/\/www.facet.unt.edu.ar\/luminotecnia\/maestria-en-luminotecnia\/\" >\t\t\t\t\t\t\tConoce m\u00e1s\t\t\t\t\t\t\t<\/a>\t\t\t\t\t\t<\/p>\n\t\t\t\t\t\t\t\t\t<\/div>\n\t\t\t\t\t\t\t\t\t<\/div>\n\t\t\t\t\t\t\t\t\n\t\t\t\t\t\t\t<\/div>\n\n\t\t\t\t\t\t\t\t<div\n\t\t\t\tclass=\"sow-features-feature sow-icon-container-position-top sow-features-feature-last-row\"\n\t\t\t\tstyle=\"display: flex; flex-direction: column; float: left; width: 33.333%;\"\n\t\t\t>\n\t\t\t\t\t\t\t<div class=\"sow-features-feature-right-left-container\" style=\"display: flex; flex-direction: inherit;\">\n\t\t\t\n\t\t\t\t\t\t\t\t\t<a\n\t\t\t\t\t\thref=\"https:\/\/www.facet.unt.edu.ar\/luminotecnia\/doctorado\/\"\n\t\t\t\t\t\t\t\t\t\t\t>\n\t\t\t\t\t\t\t\t<div\n\t\t\t\t\tclass=\"sow-icon-container sow-container-rounded-square\"\n\t\t\t\t\tstyle=\"color: #4e88bf; \"\n\t\t\t\t\t>\n\t\t\t\t\t<span class=\"sow-icon-fontawesome sow-fas\" data-sow-icon=\"&#xf19d;\"\n\t\tstyle=\"font-size: 30px; color: #FFFFFF\" \n\t\taria-hidden=\"true\"><\/span>\t\t\t\t<\/div>\n\t\t\t\t\t\t\t\t\t<\/a>\n\t\t\t\t\n\t\t\t\t<div class=\"textwidget\">\n\t\t\t\t\t\t\t\t\t\t\t<div class=\"sow-features-feature-content\">\n\t\t\t\t\t\n\t\t\t\t\t\t\t\t\t\t\t<h5>\n\t\t\t\t\t\t\t\t\t\t\t\t\t\t\t<a\n\t\t\t\t\t\t\t\t\thref=\"https:\/\/www.facet.unt.edu.ar\/luminotecnia\/doctorado\/\"\n\t\t\t\t\t\t\t\t\t\t\t\t\t\t\t\t\t>\n\t\t\t\t\t\t\t\n\t\t\t\t\t\t\tDoctorado en Ciencias y Tecnolog\u00edas de la Luz \t\t\t\t\t\t\t\t\t\t\t\t\t\t\t<\/a>\n\t\t\t\t\t\t\t\t\t\t\t\t\t<\/h5>\n\t\t\t\t\t\n\t\t\t\t\t\t\t\t\t\t\t<p>M\u00e1ximo t\u00edtulo acad\u00e9mico y tiene como objetivo la formaci\u00f3n de graduados universitarios interesados en docencia e investigaci\u00f3n.<\/p>\n\t\t\t\t\t\n\t\t\t\t\t\t\t\t\t\t\t<\/div>\n\t\t\t\t\t\t<p class=\"sow-more-text\">\n\t\t\t\t\t\t\t<a href=\"https:\/\/www.facet.unt.edu.ar\/luminotecnia\/doctorado\/\" >\t\t\t\t\t\t\tConoce m\u00e1s\t\t\t\t\t\t\t<\/a>\t\t\t\t\t\t<\/p>\n\t\t\t\t\t\t\t\t\t<\/div>\n\t\t\t\t\t\t\t\t\t<\/div>\n\t\t\t\t\t\t\t\t\n\t\t\t\t\t\t\t<\/div>\n\n\t\t\t\n<\/div>\n<\/div><\/div><\/div><\/div><\/div><\/div><\/div>","protected":false},"excerpt":{"rendered":"<p>La carrera de Dise\u00f1ador de Iluminaci\u00f3n responde a la demanda creciente de dise\u00f1adores de iluminaci\u00f3n en el campo de la Ingenier\u00eda, la Arquitectura y el Dise\u00f1o en general, tanto de espacios interiores como exteriores, cubriendo un \u00e1rea de vacancia en el sistema educativo de nivel superior en el pa\u00eds y la regi\u00f3n. El egresado podr\u00e1 [&hellip;]<\/p>\n","protected":false},"author":24,"featured_media":0,"parent":0,"menu_order":0,"comment_status":"closed","ping_status":"closed","template":"templates\/template-full.php","meta":[],"_links":{"self":[{"href":"https:\/\/www.facet.unt.edu.ar\/disenoiluminacion\/wp-json\/wp\/v2\/pages\/111"}],"collection":[{"href":"https:\/\/www.facet.unt.edu.ar\/disenoiluminacion\/wp-json\/wp\/v2\/pages"}],"about":[{"href":"https:\/\/www.facet.unt.edu.ar\/disenoiluminacion\/wp-json\/wp\/v2\/types\/page"}],"author":[{"embeddable":true,"href":"https:\/\/www.facet.unt.edu.ar\/disenoiluminacion\/wp-json\/wp\/v2\/users\/24"}],"replies":[{"embeddable":true,"href":"https:\/\/www.facet.unt.edu.ar\/disenoiluminacion\/wp-json\/wp\/v2\/comments?post=111"}],"version-history":[{"count":44,"href":"https:\/\/www.facet.unt.edu.ar\/disenoiluminacion\/wp-json\/wp\/v2\/pages\/111\/revisions"}],"predecessor-version":[{"id":3273,"href":"https:\/\/www.facet.unt.edu.ar\/disenoiluminacion\/wp-json\/wp\/v2\/pages\/111\/revisions\/3273"}],"wp:attachment":[{"href":"https:\/\/www.facet.unt.edu.ar\/disenoiluminacion\/wp-json\/wp\/v2\/media?parent=111"}],"curies":[{"name":"wp","href":"https:\/\/api.w.org\/{rel}","templated":true}]}}