{"id":2020,"date":"2021-04-24T11:48:26","date_gmt":"2021-04-24T14:48:26","guid":{"rendered":"https:\/\/www.facet.unt.edu.ar\/disenoiluminacion\/?page_id=2020"},"modified":"2021-04-24T13:34:35","modified_gmt":"2021-04-24T16:34:35","slug":"tesis-doctorales","status":"publish","type":"page","link":"https:\/\/www.facet.unt.edu.ar\/disenoiluminacion\/tesis-doctorales\/","title":{"rendered":"Tesis Doctorales"},"content":{"rendered":"<p>Para tener acceso a alguna de estas tesis haga click para solicitar el permiso<\/p>\n<p><strong><a href=\"https:\/\/drive.google.com\/file\/d\/14fxwCPVE_EGtdPVWqkkaLimN4V0bD-ax\/view?usp=sharing\">Modelo Computacional de la Constancia de la Reflectancia Perceptual<\/a><\/strong><\/p>\n<p>Pablo Barrionuevo &#8211; 2012<\/p>\n<p><a href=\"https:\/\/drive.google.com\/file\/d\/1iq3v6yrkpHA4hS0Qxe1s1ykGyQTLZqId\/view?usp=sharing\"><strong>Iluminaci\u00f3n en aulas. La din\u00e1mica de luz natural en cielos claros y su incidencia en el rendimiento atencional de los alumnos<\/strong><\/a><\/p>\n<p>Juan Manuel Monteoliva &#8211; 2014<\/p>\n<p><a href=\"https:\/\/drive.google.com\/file\/d\/13qGJmh3kzS_umApdu0AtDTAbpL8_JTfe\/view?usp=sharing\"><b>Control de luz solar directa en la envolvente edilicia en climas\u00a0 soleados. Su impacto en el consumo diurno de energ\u00eda el\u00e9ctrica\u00a0 para iluminaci\u00f3n en edificios no residenciales de ciudad oasis.<\/b><\/a><\/p>\n<p>Ayel\u00e9n Villalba &#8211; 2014<\/p>\n<p><a href=\"https:\/\/drive.google.com\/file\/d\/1VR-MJdeZjzHrqekx__ZGBPB9879_D8cd\/view?usp=sharing\"><strong>Visi\u00f3n funcional: Caracterizaci\u00f3n f\u00edsica y psicof\u00edsica de la difusi\u00f3n intraocular<\/strong><\/a><\/p>\n<p>Clemente Paz Filgueira &#8211; 2016<\/p>\n<p><a href=\"https:\/\/drive.google.com\/file\/d\/1_CJntkf5rihPmev9JrokQCu-YNpDOd05\/view?usp=sharing\"><strong>Confort visual en espacios interiores iluminados con luz natural en\u00a0climas soleados. Modelos de deslumbramiento<\/strong><\/a><\/p>\n<p>Julieta YaminGarret\u00f3 &#8211; 2016<\/p>\n<p><a href=\"https:\/\/drive.google.com\/file\/d\/1UItPEqZV2aJnT4G6ccKZ4bqAY5JB7RcJ\/view?usp=sharing\"><strong>Eficiencia energ\u00e9tica en sistemas de iluminaci\u00f3n urbana<\/strong><\/a><\/p>\n<p>Oscar Preciado Olvera &#8211; 2017<\/p>\n<p><a href=\"https:\/\/drive.google.com\/file\/d\/14Q6N2ig7AckzfcEaaFcUiV54AeRB1dUU\/view?usp=sharing\">Calidad visual en el rango de adaptaci\u00f3n mes\u00f3pico<\/a><\/p>\n<p>Roberto S\u00e1nchez &#8211; 2018<\/p>\n<p><a href=\"https:\/\/drive.google.com\/file\/d\/1wygdH2kvF3WSYriYblV1fyo8RX2dfxd7\/view?usp=sharing\"><strong>Sensibilidad al contraste como descriptor de la visi\u00f3n funcional.\u00a0Aplicaci\u00f3n en casos cl\u00ednicos y no cl\u00ednicos<\/strong><\/a><\/p>\n<p>B\u00e1rbara Silva &#8211; 2019<\/p>\n<p><a href=\"https:\/\/drive.google.com\/file\/d\/15_uKWjKiiE26mdRCAT3syIclhTm3Ev0S\/view?usp=sharing\"><strong>Influencia de las condiciones ambientales en museos en la satisfacci\u00f3n de los visitantes. Su evaluaci\u00f3n<\/strong><\/a><\/p>\n<p>Natalia Baz\u00e1n &#8211; 2020<\/p>\n<p><a href=\"https:\/\/drive.google.com\/file\/d\/1x9DRsOmsbN31i5G2CWJluFws7jRYlqJ7\/view?usp=sharing\"><strong>Puesta en valor del Patrimonio Cultural mediante la aplicaci\u00f3n de nuevas tecnolog\u00edas digitales de\u00a0documentaci\u00f3n y visualizaci\u00f3n<\/strong><\/a><\/p>\n<p>Merta Peluffo &#8211; 2020<\/p>\n","protected":false},"excerpt":{"rendered":"<p>Para tener acceso a alguna de estas tesis haga click para solicitar el permiso Modelo Computacional de la Constancia de la Reflectancia Perceptual Pablo Barrionuevo &#8211; 2012 Iluminaci\u00f3n en aulas. La din\u00e1mica de luz natural en cielos claros y su incidencia en el rendimiento atencional de los alumnos Juan Manuel Monteoliva &#8211; 2014 Control de [&hellip;]<\/p>\n","protected":false},"author":24,"featured_media":0,"parent":0,"menu_order":0,"comment_status":"closed","ping_status":"closed","template":"","meta":[],"_links":{"self":[{"href":"https:\/\/www.facet.unt.edu.ar\/disenoiluminacion\/wp-json\/wp\/v2\/pages\/2020"}],"collection":[{"href":"https:\/\/www.facet.unt.edu.ar\/disenoiluminacion\/wp-json\/wp\/v2\/pages"}],"about":[{"href":"https:\/\/www.facet.unt.edu.ar\/disenoiluminacion\/wp-json\/wp\/v2\/types\/page"}],"author":[{"embeddable":true,"href":"https:\/\/www.facet.unt.edu.ar\/disenoiluminacion\/wp-json\/wp\/v2\/users\/24"}],"replies":[{"embeddable":true,"href":"https:\/\/www.facet.unt.edu.ar\/disenoiluminacion\/wp-json\/wp\/v2\/comments?post=2020"}],"version-history":[{"count":11,"href":"https:\/\/www.facet.unt.edu.ar\/disenoiluminacion\/wp-json\/wp\/v2\/pages\/2020\/revisions"}],"predecessor-version":[{"id":2061,"href":"https:\/\/www.facet.unt.edu.ar\/disenoiluminacion\/wp-json\/wp\/v2\/pages\/2020\/revisions\/2061"}],"wp:attachment":[{"href":"https:\/\/www.facet.unt.edu.ar\/disenoiluminacion\/wp-json\/wp\/v2\/media?parent=2020"}],"curies":[{"name":"wp","href":"https:\/\/api.w.org\/{rel}","templated":true}]}}