{"id":2407,"date":"2022-03-21T14:52:22","date_gmt":"2022-03-21T17:52:22","guid":{"rendered":"https:\/\/www.facet.unt.edu.ar\/disenoiluminacion\/?page_id=2407"},"modified":"2022-04-05T12:13:21","modified_gmt":"2022-04-05T15:13:21","slug":"perfil-oscar-preciado","status":"publish","type":"page","link":"https:\/\/www.facet.unt.edu.ar\/disenoiluminacion\/perfil-oscar-preciado\/","title":{"rendered":"Dr. Oscar Preciado"},"content":{"rendered":"<p><a href=\"https:\/\/www.facet.unt.edu.ar\/disenoiluminacion\/wp-content\/uploads\/sites\/89\/2022\/03\/14-O.-Preciado.jpeg\"><img decoding=\"async\" loading=\"lazy\" class=\"alignleft wp-image-2402\" src=\"https:\/\/www.facet.unt.edu.ar\/disenoiluminacion\/wp-content\/uploads\/sites\/89\/2022\/03\/14-O.-Preciado.jpeg\" alt=\"\" width=\"84\" height=\"139\" \/><\/a><\/p>\n<p><span style=\"font-weight: 400;\">Estudi\u00e9 Ingenier\u00eda El\u00e9ctrica y Electr\u00f3nica en la Universidad Nacional Aut\u00f3noma de M\u00e9xico y una Maestr\u00eda en Ingenier\u00eda en Energ\u00eda en el \u00c1rea de Dise\u00f1o Bioclim\u00e1tico en Edificaciones en donde present\u00e9 una tesis relacionada con el aprovechamiento de la luz natural en edificios. En la Universidad Nacional de Tucum\u00e1n obtuve el grado de Especialista en Medio Ambiente Visual e Iluminaci\u00f3n Eficiente y posteriormente el de Doctor en la misma \u00e1rea con el de tema de eficiencia energ\u00e9tica en sistemas de alumbrado p\u00fablico. Posteriormente realic\u00e9 una estancia postdoctoral en el Light&amp;Lighting Laboratory de la Universidad KU Leuven en Gante, B\u00e9lgica. Actualmente dicto los cursos: &#8220;Fuentes de luz, luminarias y equipos auxiliares&#8221; e &#8220;Iluminaci\u00f3n y contexto&#8221; en la Carrera de Dise\u00f1o de Iluminaci\u00f3n y, en el posgrado, los cursos de &#8220;Producci\u00f3n de luz y control \u00f3ptico&#8221; y &#8220;Sistemas de control&#8221;. En cuanto a investigaci\u00f3n me interesan temas como la visi\u00f3n, el color, el alumbrado p\u00fablico, la eficiencia energ\u00e9tica y la iluminaci\u00f3n natural. Cuando tengo tiempo tambi\u00e9n realizo proyectos de dise\u00f1o de iluminaci\u00f3n. Fuera de la academia, disfruto mucho correr distancias medias y trail, el monta\u00f1ismo, bailar, tocar el bombo, cantar, leer y el cine.<\/span><\/p>\n<p>&nbsp;<\/p>\n<p><a href=\"https:\/\/www.facet.unt.edu.ar\/disenoiluminacion\/wp-content\/uploads\/sites\/89\/2022\/03\/email.png\"><img decoding=\"async\" loading=\"lazy\" class=\"alignnone wp-image-2415\" src=\"https:\/\/www.facet.unt.edu.ar\/disenoiluminacion\/wp-content\/uploads\/sites\/89\/2022\/03\/email.png\" alt=\"\" width=\"25\" height=\"25\" \/><\/a><\/p>\n<p><strong>upreciado@herrera.unt.edu.ar<\/strong><\/p>\n<p>&nbsp;<\/p>\n<p><b>PUBLICACIONES<\/b><\/p>\n<p><span style=\"font-weight: 400;\">Barrionuevo, P. A., Preciado, O. U., Sandoval, M. L., &amp; Issolio, L. A. (2022). Chapter 1. Optical set-ups: Optical stimulation systems for studying human vision (In press). In M. Spitschan &amp; S. Nayantara (Eds.),\u00a0<\/span><i><span style=\"font-weight: 400;\">Circadian and Visual Neuroscience<\/span><\/i><span style=\"font-weight: 400;\">\u00a0(Issue 271, p. 358). Elsevier.<\/span><\/p>\n<p>&nbsp;<\/p>\n<p><span style=\"font-weight: 400;\">Preciado, O. U., Martin, A., Manzano, E., Smet, K. A. G., &amp; Hanselaer, P. (2021). CAM18sl brightness prediction for unrelated saturated stimuli including age effects.\u00a0<\/span><i><span style=\"font-weight: 400;\">Optics Express<\/span><\/i><span style=\"font-weight: 400;\">,\u00a0<\/span><i><span style=\"font-weight: 400;\">29<\/span><\/i><span style=\"font-weight: 400;\">(18), 29257\u201329274.\u00a0<\/span><a href=\"https:\/\/doi.org\/10.1364\/OE.431382\"><span style=\"font-weight: 400;\">https:\/\/doi.org\/10.1364\/OE.431382<\/span><\/a><\/p>\n<p>&nbsp;<\/p>\n<p><span style=\"font-weight: 400;\">Preciado, O., D\u00e9cima, A., &amp; Barraza, J. (2020). Characterization of a commercial DSLR camera for the implementation of an imaging luminance meter.\u00a0<\/span><i><span style=\"font-weight: 400;\">Anales AFA<\/span><\/i><span style=\"font-weight: 400;\">,\u00a0<\/span><i><span style=\"font-weight: 400;\">31<\/span><\/i><span style=\"font-weight: 400;\">(4), 143\u2013149.\u00a0<\/span><a href=\"https:\/\/doi.org\/10.31527\/analesafa.2020.31.4.143\"><span style=\"font-weight: 400;\">https:\/\/doi.org\/10.31527\/analesafa.2020.31.4.143<\/span><\/a><\/p>\n<p>&nbsp;<\/p>\n<p><span style=\"font-weight: 400;\">Preciado, O., Issolio, L., Manzano, E., Colombo, E., &amp; Barrionuevo, P. (2018). Melanopsin excitation in conditions of natural and artificial lighting.\u00a0<\/span><i><span style=\"font-weight: 400;\">Anales AFA Nro. Especial InVisionT<\/span><\/i><span style=\"font-weight: 400;\">, 25\u201330.\u00a0<\/span><a href=\"https:\/\/doi.org\/https:\/doi.org\/10.31527\/analesafa.2018.inVisionT.25\"><span style=\"font-weight: 400;\">https:\/\/doi.org\/https:\/\/doi.org\/10.31527\/analesafa.2018.inVisionT.25<\/span><\/a><\/p>\n<p>&nbsp;<\/p>\n<p><span style=\"font-weight: 400;\">Preciado, O., &amp; Manzano, E. (2017). Spectral characteristics of road surfaces and eye transmittance: Effects on energy efficiency of road lighting at mesopic levels.\u00a0<\/span><i><span style=\"font-weight: 400;\">Lighting Research and Technology<\/span><\/i><span style=\"font-weight: 400;\">,\u00a0<\/span><i><span style=\"font-weight: 400;\">50<\/span><\/i><span style=\"font-weight: 400;\">(6), 1\u201321.\u00a0<\/span><a href=\"https:\/\/doi.org\/10.1177\/1477153517718227\"><span style=\"font-weight: 400;\">https:\/\/doi.org\/10.1177\/1477153517718227<\/span><\/a><\/p>\n","protected":false},"excerpt":{"rendered":"<p>Estudi\u00e9 Ingenier\u00eda El\u00e9ctrica y Electr\u00f3nica en la Universidad Nacional Aut\u00f3noma de M\u00e9xico y una Maestr\u00eda en Ingenier\u00eda en Energ\u00eda en el \u00c1rea de Dise\u00f1o Bioclim\u00e1tico en Edificaciones en donde present\u00e9 una tesis relacionada con el aprovechamiento de la luz natural en edificios. En la Universidad Nacional de Tucum\u00e1n obtuve el grado de Especialista en Medio [&hellip;]<\/p>\n","protected":false},"author":123476,"featured_media":0,"parent":0,"menu_order":0,"comment_status":"closed","ping_status":"closed","template":"templates\/template-full.php","meta":[],"_links":{"self":[{"href":"https:\/\/www.facet.unt.edu.ar\/disenoiluminacion\/wp-json\/wp\/v2\/pages\/2407"}],"collection":[{"href":"https:\/\/www.facet.unt.edu.ar\/disenoiluminacion\/wp-json\/wp\/v2\/pages"}],"about":[{"href":"https:\/\/www.facet.unt.edu.ar\/disenoiluminacion\/wp-json\/wp\/v2\/types\/page"}],"author":[{"embeddable":true,"href":"https:\/\/www.facet.unt.edu.ar\/disenoiluminacion\/wp-json\/wp\/v2\/users\/123476"}],"replies":[{"embeddable":true,"href":"https:\/\/www.facet.unt.edu.ar\/disenoiluminacion\/wp-json\/wp\/v2\/comments?post=2407"}],"version-history":[{"count":17,"href":"https:\/\/www.facet.unt.edu.ar\/disenoiluminacion\/wp-json\/wp\/v2\/pages\/2407\/revisions"}],"predecessor-version":[{"id":2706,"href":"https:\/\/www.facet.unt.edu.ar\/disenoiluminacion\/wp-json\/wp\/v2\/pages\/2407\/revisions\/2706"}],"wp:attachment":[{"href":"https:\/\/www.facet.unt.edu.ar\/disenoiluminacion\/wp-json\/wp\/v2\/media?parent=2407"}],"curies":[{"name":"wp","href":"https:\/\/api.w.org\/{rel}","templated":true}]}}