{"id":2524,"date":"2022-03-23T09:55:24","date_gmt":"2022-03-23T12:55:24","guid":{"rendered":"https:\/\/www.facet.unt.edu.ar\/disenoiluminacion\/?page_id=2524"},"modified":"2022-04-05T12:18:28","modified_gmt":"2022-04-05T15:18:28","slug":"dr-beatriz-odonell","status":"publish","type":"page","link":"https:\/\/www.facet.unt.edu.ar\/disenoiluminacion\/dr-beatriz-odonell\/","title":{"rendered":"Dra. Beatriz Odonell"},"content":{"rendered":"<p><a href=\"https:\/\/www.facet.unt.edu.ar\/disenoiluminacion\/wp-content\/uploads\/sites\/89\/2022\/03\/04-B.-Odonell.jpg\"><img decoding=\"async\" loading=\"lazy\" class=\"alignleft wp-image-2521\" src=\"https:\/\/www.facet.unt.edu.ar\/disenoiluminacion\/wp-content\/uploads\/sites\/89\/2022\/03\/04-B.-Odonell.jpg\" alt=\"\" width=\"120\" height=\"104\" \/><\/a><\/p>\n<p><span style=\"font-weight: 400;\">Dra. en Medio Ambiente Visual e Iluminaci\u00f3n Eficiente (MAVILE), Mag\u00edster en Luminotecnia y Licenciada en F\u00edsica, t\u00edtulos obtenidos en la Universidad Nacional de Tucum\u00e1n. Profesora Asociada en el Departamento de Luminotecnia de la Facultad de Ciencias Exactas y Tecnolog\u00eda de la UNT para carreras de grado y postgrado en \u00e1reas de Factores Humanos de la Iluminaci\u00f3n y Dise\u00f1o de Iluminaci\u00f3n de interiores. Vice Directora del Departamento de Luminotecnia Luz y Visi\u00f3n HC B\u00fchler. Fue Directora de la Carrera de Especializaci\u00f3n en Medio Ambiente Visual e Iluminaci\u00f3n Eficiente entre 2017-2021.\u00a0 Investigador Responsable en Programas de Investigaci\u00f3n en el \u00e1rea de Visi\u00f3n e Iluminaci\u00f3n. Ha publicado art\u00edculos en revistas con referato y cap\u00edtulos de libros en temas relacionados con Factores Humanos, Visi\u00f3n y Preservaci\u00f3n de obras de arte.\u00a0 Participa como expositora en Congresos nacionales e internacionales. Obtuvo becas de perfeccionamiento en el extranjero \u2013UK, USA y Brasil-<\/span><\/p>\n<p>&nbsp;<\/p>\n<p><a href=\"https:\/\/www.facet.unt.edu.ar\/disenoiluminacion\/wp-content\/uploads\/sites\/89\/2022\/03\/email.png\"><img decoding=\"async\" loading=\"lazy\" class=\"alignnone wp-image-2415\" src=\"https:\/\/www.facet.unt.edu.ar\/disenoiluminacion\/wp-content\/uploads\/sites\/89\/2022\/03\/email.png\" alt=\"\" width=\"25\" height=\"25\" \/><\/a><\/p>\n<p><strong>bodonell@herrera.unt.edu.ar<\/strong><\/p>\n","protected":false},"excerpt":{"rendered":"<p>Dra. en Medio Ambiente Visual e Iluminaci\u00f3n Eficiente (MAVILE), Mag\u00edster en Luminotecnia y Licenciada en F\u00edsica, t\u00edtulos obtenidos en la Universidad Nacional de Tucum\u00e1n. Profesora Asociada en el Departamento de Luminotecnia de la Facultad de Ciencias Exactas y Tecnolog\u00eda de la UNT para carreras de grado y postgrado en \u00e1reas de Factores Humanos de la [&hellip;]<\/p>\n","protected":false},"author":24,"featured_media":0,"parent":0,"menu_order":0,"comment_status":"closed","ping_status":"closed","template":"templates\/template-full.php","meta":[],"_links":{"self":[{"href":"https:\/\/www.facet.unt.edu.ar\/disenoiluminacion\/wp-json\/wp\/v2\/pages\/2524"}],"collection":[{"href":"https:\/\/www.facet.unt.edu.ar\/disenoiluminacion\/wp-json\/wp\/v2\/pages"}],"about":[{"href":"https:\/\/www.facet.unt.edu.ar\/disenoiluminacion\/wp-json\/wp\/v2\/types\/page"}],"author":[{"embeddable":true,"href":"https:\/\/www.facet.unt.edu.ar\/disenoiluminacion\/wp-json\/wp\/v2\/users\/24"}],"replies":[{"embeddable":true,"href":"https:\/\/www.facet.unt.edu.ar\/disenoiluminacion\/wp-json\/wp\/v2\/comments?post=2524"}],"version-history":[{"count":4,"href":"https:\/\/www.facet.unt.edu.ar\/disenoiluminacion\/wp-json\/wp\/v2\/pages\/2524\/revisions"}],"predecessor-version":[{"id":2712,"href":"https:\/\/www.facet.unt.edu.ar\/disenoiluminacion\/wp-json\/wp\/v2\/pages\/2524\/revisions\/2712"}],"wp:attachment":[{"href":"https:\/\/www.facet.unt.edu.ar\/disenoiluminacion\/wp-json\/wp\/v2\/media?parent=2524"}],"curies":[{"name":"wp","href":"https:\/\/api.w.org\/{rel}","templated":true}]}}