{"id":2556,"date":"2022-03-28T10:43:00","date_gmt":"2022-03-28T13:43:00","guid":{"rendered":"https:\/\/www.facet.unt.edu.ar\/disenoiluminacion\/?page_id=2556"},"modified":"2022-04-05T12:18:59","modified_gmt":"2022-04-05T15:18:59","slug":"dra-graciela-lucia-del-carmen-tonello","status":"publish","type":"page","link":"https:\/\/www.facet.unt.edu.ar\/disenoiluminacion\/dra-graciela-lucia-del-carmen-tonello\/","title":{"rendered":"Dra. Graciela Luc\u00eda del Carmen Tonello"},"content":{"rendered":"<p><a href=\"https:\/\/www.facet.unt.edu.ar\/disenoiluminacion\/wp-content\/uploads\/sites\/89\/2022\/03\/08-G.-Tonello.jpg\"><img decoding=\"async\" loading=\"lazy\" class=\"wp-image-2553 alignleft\" src=\"https:\/\/www.facet.unt.edu.ar\/disenoiluminacion\/wp-content\/uploads\/sites\/89\/2022\/03\/08-G.-Tonello.jpg\" alt=\"\" width=\"141\" height=\"135\" \/><\/a><\/p>\n<p><span style=\"font-weight: 400;\">Docente e investigadora.<\/span> <span style=\"font-weight: 400;\">Psic\u00f3loga de la UNT, con doctorado en Psicolog\u00eda Ambiental de la Universidad de Lund en Suecia. Co-dirige la Maestr\u00eda en Luminotecnia del DLLyV. Es Miembro de N\u00famero de la Academia de Ciencias de la Salud de Tucum\u00e1n; Editora Asociada Regional (por Am\u00e9rica del Sur) de Leukos, la revista cient\u00edfica de la IES, y reviewer de numerosas revistas internacionales en el campo de la luz, la conducta y el ambiente.<\/span><\/p>\n<p>&nbsp;<\/p>\n<p><span style=\"font-weight: 400;\">Mi campo de docencia, investigaci\u00f3n y formaci\u00f3n de recursos humanos es la Psicolog\u00eda Ambiental. En este marco estudio los efectos del est\u00edmulo luminoso en la conducta y los estados de \u00e1nimo de las personas, as\u00ed como el impacto del ser humano en la integridad del medio ambiente, mediante el constructo de conducta sustentable.<\/span><\/p>\n<p><span style=\"font-weight: 400;\">Espec\u00edficamente mi \u00e1rea de actuaci\u00f3n en el departamento de Luminotecnia, Luz y Visi\u00f3n es el \u00e1rea de los Efectos No Visuales (psicobiol\u00f3gicos) de la luz: ritmos circadianos, luz y salud, salud y ambiente. Metodolog\u00edas subjetivas de evaluaci\u00f3n del espacio iluminado, relacionando \u00edndices de calidad ambiental objetivos y subjetivos.<\/span><\/p>\n<p>&nbsp;<\/p>\n<p><a href=\"https:\/\/www.facet.unt.edu.ar\/disenoiluminacion\/wp-content\/uploads\/sites\/89\/2022\/03\/email.png\"><img decoding=\"async\" loading=\"lazy\" class=\"alignnone wp-image-2415\" src=\"https:\/\/www.facet.unt.edu.ar\/disenoiluminacion\/wp-content\/uploads\/sites\/89\/2022\/03\/email.png\" alt=\"\" width=\"25\" height=\"25\" \/><\/a><\/p>\n<p><strong>gtonello@herrera.unt.edu.ar<\/strong><\/p>\n<p>&nbsp;<\/p>\n<p><b>PUBLICACIONES<\/b><span style=\"font-weight: 400;\">\u00a0<\/span><\/p>\n<ol start=\"2021\">\n<li><span style=\"font-weight: 400;\"> Tonello, G. Medio Ambiente y Salud Mental. Enciclopedia Argentina de Salud Mental. www.enciclopediasaludmental.org.ar<\/span><\/li>\n<\/ol>\n<p>&nbsp;<\/p>\n<ol start=\"2020\">\n<li><span style=\"font-weight: 400;\"> Tonello, G. La pandemia y sus efectos desde la perspectiva de la Psicolog\u00eda Ambiental. Revista PsicoLogos Edici\u00f3n extraordinaria COVID-19 A\u00d1O XXIX- N\u00b032:59-66. <\/span><a href=\"http:\/\/www.psicologia.unt.edu.ar\/?page_id=389\"><span style=\"font-weight: 400;\">http:\/\/www.psicologia.unt.edu.ar\/?page_id=389<\/span><\/a><\/li>\n<\/ol>\n<p>&nbsp;<\/p>\n<ol start=\"2019\">\n<li><span style=\"font-weight: 400;\"> G Tonello, N Hern\u00e1ndez de Borsetti, H Borsetti, L Tereschuk, S L\u00f3pez Zigar\u00e1n. Perceived well-being and light-reactive hormones. Lighting Research &amp; Technology, 51. DOI: <\/span><span style=\"font-weight: 400;\">&#8220;<\/span><a href=\"https:\/\/doi.org\/10.1177\/1477153517750714#_blank\"><span style=\"font-weight: 400;\">https:\/\/doi.org\/10.1177\/1477153517750714<\/span><\/a><span style=\"font-weight: 400;\">&#8220;<\/span><\/li>\n<li><span style=\"font-weight: 400;\"> Tonello, G. y D\u00edaz Ganin, MB. El ambiente visual de unidades de cuidados cr\u00edticos: su evaluaci\u00f3n por parte de pacientes y personal. Revista Investigando en Psicolog\u00eda. https:\/\/psicologiauntojs.org\/index.php\/investigando-en-psicologia\/article\/view\/17<\/span><\/li>\n<\/ol>\n<p>&nbsp;<\/p>\n<ol start=\"2017\">\n<li><span style=\"font-weight: 400;\"> Lombana M, Tonello GL. Perceptual and emotional effects of light and color in a simulated retail space. Color Res Appl. 2017;00:1\u201312. <\/span><a href=\"https:\/\/doi.org\/10.1002\/col.22127\"><span style=\"font-weight: 400;\">https:\/\/doi.org\/10.1002\/col.22127<\/span><\/a><\/li>\n<\/ol>\n<p>&nbsp;<\/p>\n<ol start=\"2015\">\n<li><span style=\"font-weight: 400;\"> Tonello G: Luz y salud (una revisi\u00f3n) Revista Luminotecnia No. 129.\u00a0<\/span><\/li>\n<\/ol>\n<p>&nbsp;<\/p>\n<p><span style=\"font-weight: 400;\">Tonello, G. y Valladares, N. Conciencia ambiental y conducta sustentable relacionada con el uso de energ\u00eda para iluminaci\u00f3n. Revista Gesti\u00f3n y Ambiente, Universidad de Colombia, Vol. 18. No. 1.\u00a0 http:\/\/www.revistas.unal.edu.co\/index.php\/gestion\/article\/view\/44906\/51440<\/span><\/p>\n<p><span style=\"font-weight: 400;\">En prensa<\/span><span style=\"font-weight: 400;\">: Cap\u00edtulo 1.6: Efectos No Visuales (psico-biol\u00f3gicos) de la radiaci\u00f3n \u00f3ptica. En Manual de la Asociaci\u00f3n Argentina de Luminotecnia, AADL.<\/span><\/p>\n","protected":false},"excerpt":{"rendered":"<p>Docente e investigadora. Psic\u00f3loga de la UNT, con doctorado en Psicolog\u00eda Ambiental de la Universidad de Lund en Suecia. Co-dirige la Maestr\u00eda en Luminotecnia del DLLyV. Es Miembro de N\u00famero de la Academia de Ciencias de la Salud de Tucum\u00e1n; Editora Asociada Regional (por Am\u00e9rica del Sur) de Leukos, la revista cient\u00edfica de la IES, [&hellip;]<\/p>\n","protected":false},"author":24,"featured_media":0,"parent":0,"menu_order":0,"comment_status":"closed","ping_status":"closed","template":"templates\/template-full.php","meta":[],"_links":{"self":[{"href":"https:\/\/www.facet.unt.edu.ar\/disenoiluminacion\/wp-json\/wp\/v2\/pages\/2556"}],"collection":[{"href":"https:\/\/www.facet.unt.edu.ar\/disenoiluminacion\/wp-json\/wp\/v2\/pages"}],"about":[{"href":"https:\/\/www.facet.unt.edu.ar\/disenoiluminacion\/wp-json\/wp\/v2\/types\/page"}],"author":[{"embeddable":true,"href":"https:\/\/www.facet.unt.edu.ar\/disenoiluminacion\/wp-json\/wp\/v2\/users\/24"}],"replies":[{"embeddable":true,"href":"https:\/\/www.facet.unt.edu.ar\/disenoiluminacion\/wp-json\/wp\/v2\/comments?post=2556"}],"version-history":[{"count":3,"href":"https:\/\/www.facet.unt.edu.ar\/disenoiluminacion\/wp-json\/wp\/v2\/pages\/2556\/revisions"}],"predecessor-version":[{"id":2714,"href":"https:\/\/www.facet.unt.edu.ar\/disenoiluminacion\/wp-json\/wp\/v2\/pages\/2556\/revisions\/2714"}],"wp:attachment":[{"href":"https:\/\/www.facet.unt.edu.ar\/disenoiluminacion\/wp-json\/wp\/v2\/media?parent=2556"}],"curies":[{"name":"wp","href":"https:\/\/api.w.org\/{rel}","templated":true}]}}