{"id":2569,"date":"2022-03-29T08:44:43","date_gmt":"2022-03-29T11:44:43","guid":{"rendered":"https:\/\/www.facet.unt.edu.ar\/disenoiluminacion\/?page_id=2569"},"modified":"2022-05-05T14:51:23","modified_gmt":"2022-05-05T17:51:23","slug":"dr-luis-issolio","status":"publish","type":"page","link":"https:\/\/www.facet.unt.edu.ar\/disenoiluminacion\/dr-luis-issolio\/","title":{"rendered":"Dr. Luis Issolio"},"content":{"rendered":"<p><a href=\"https:\/\/www.facet.unt.edu.ar\/disenoiluminacion\/wp-content\/uploads\/sites\/89\/2022\/03\/02-L.-Issolio.jpg\"><img decoding=\"async\" loading=\"lazy\" class=\"wp-image-2564 alignleft\" src=\"https:\/\/www.facet.unt.edu.ar\/disenoiluminacion\/wp-content\/uploads\/sites\/89\/2022\/03\/02-L.-Issolio.jpg\" alt=\"\" width=\"147\" height=\"208\" \/><\/a><\/p>\n<p><span style=\"font-weight: 400;\">Mi inter\u00e9s se centra en estudiar la relaci\u00f3n entre las personas y el h\u00e1bitat, en cuanto espacio iluminado. Las investigaciones que realizo se orientan a describir la respuesta visual en espacios poco iluminados (iluminaci\u00f3n mes\u00f3pica) y los efectos de fuentes deslumbrantes en las personas. Los resultados obtenidos permiten, por un lado, describir ampliamente los procesos de adaptaci\u00f3n a la luz que se dan en la retina de los humanos y, por otra parte, medir la calidad \u00f3ptica del ojo para caracterizarlo en t\u00e9rminos de transparencia, aberraciones y difusi\u00f3n intraocular.<\/span><\/p>\n<p><span style=\"font-weight: 400;\">Mediante estas investigaciones se determinan diferentes par\u00e1metros que caracterizan a la respuesta visual y que son \u00fatiles para discriminar desempe\u00f1os visuales normales de aquellos comportamientos que evidencian patolog\u00edas o los efectos del normal envejecimiento de las personas.<\/span><\/p>\n<p><span style=\"font-weight: 400;\">El desarrollo de distintas pruebas de evaluaci\u00f3n de la visi\u00f3n que se hicieron para estas investigaciones tambi\u00e9n da pie a la concreci\u00f3n de herramientas de diagn\u00f3stico visual como los tests de Agudeza Visual, Sensibilidad al Contraste, Adaptaci\u00f3n a la Oscuridad entre otros que se convierten en aplicaciones \u00fatiles para el control visual de pacientes y conductores de veh\u00edculos.<\/span><\/p>\n<p>&nbsp;<\/p>\n<p><a href=\"https:\/\/www.facet.unt.edu.ar\/disenoiluminacion\/wp-content\/uploads\/sites\/89\/2022\/03\/email.png\"><img decoding=\"async\" loading=\"lazy\" class=\"alignnone wp-image-2415\" src=\"https:\/\/www.facet.unt.edu.ar\/disenoiluminacion\/wp-content\/uploads\/sites\/89\/2022\/03\/email.png\" alt=\"\" width=\"25\" height=\"25\" \/><\/a><\/p>\n<p><strong>lissolio@herrera.unt.edu.ar<\/strong><\/p>\n<p>&nbsp;<\/p>\n<p><b>PUBLICACIONES\u00a0<\/b><\/p>\n<p><a href=\"https:\/\/www.facet.unt.edu.ar\/disenoiluminacion\/wp-content\/uploads\/sites\/89\/2022\/04\/open-book.png\"><img decoding=\"async\" loading=\"lazy\" class=\"alignnone wp-image-2766\" src=\"https:\/\/www.facet.unt.edu.ar\/disenoiluminacion\/wp-content\/uploads\/sites\/89\/2022\/04\/open-book.png\" alt=\"\" width=\"45\" height=\"45\" \/><\/a><\/p>\n<ol>\n<li style=\"font-weight: 400;\" aria-level=\"1\"><span style=\"font-weight: 400;\">\u201cImplementation of the Frequency Scatter Index in clinical commercially available double-pass systems\u201d. Roberto S\u00e1nchez, Carlos Garc\u00eda-Guerra, Joan Mart\u00ednez-Roda, An\u00edbal de Paul, Luis Issolio, Jaume Pujol. Current Eye Research. (2021) 18:1-8. doi: 10.1080\/02713683.2021.2002908.\u00a0<\/span><\/li>\n<li style=\"font-weight: 400;\" aria-level=\"1\"><span style=\"font-weight: 400;\">\u201cTransmittance measurement of the in vivo human eye with a double-pass system\u201d. Roberto S\u00e1nchez, An\u00edbal de Paul, Francisco Burgos-Fern\u00e1ndez, Meritxell Vilaseca, Jaume Pujol &amp; Luis Issolio.\u00a0 Optica Applicata, Vol. 51 issue 1 (2021).<\/span><\/li>\n<li style=\"font-weight: 400;\" aria-level=\"1\"><span style=\"font-weight: 400;\">\u201cInfluence of age and spectral power distribution on mesopic visual sensitivity\u201d. Eduardo Garc\u00eda, Isabel Arranz, Luis Issolio, Beatriz M. Matesanz, Alejandro H. Gloriani, Jos\u00e9 A. Men\u00e9ndez, B\u00e1rbara Silva, Elisa Colombo, Santiago Mar, Juan A. Aparicio. Attention, Perception &amp; Psychophysics. 2019. <\/span><a href=\"https:\/\/doi.org\/10.3758\/s13414-018-1616-6\"><span style=\"font-weight: 400;\">https:\/\/doi.org\/10.3758\/s13414-018-1616-6<\/span><\/a><span style=\"font-weight: 400;\">.\u00a0<\/span><\/li>\n<li style=\"font-weight: 400;\" aria-level=\"1\"><span style=\"font-weight: 400;\">\u201cEffect of eccentricity and light level on the timing of light adaptation mechanisms\u201d. Pablo Barrionuevo, Beatriz Matesanz, Alejandro Gloriani, Isabel Arranz, Luis Issolio, Santiago Mar, Juan Aparicio. Journal of the Optical Society of America. 2018. Vol 35, Nro 4, pp. B144-B151\u00a0<\/span><\/li>\n<li style=\"font-weight: 400;\" aria-level=\"1\"><span style=\"font-weight: 400;\">\u201cDetermination of the optimum double-pass image through focus operators\u201d. An\u00edbal de Paul, Roberto S\u00e1nchez &amp; Luis Issolio. Journal of the Optical Society of America. 2018. Vol 35, Nro1, pp. 20-27.\u00a0<\/span><\/li>\n<li style=\"font-weight: 400;\" aria-level=\"1\"><span style=\"font-weight: 400;\">\u00a0\u201cPupil dynamics with periodic flashes: Effect of age in mesopic adaptation\u201d. Silva B, Sfer A, Durso M, Issolio L &amp; Colombo E. Journal of the Optical Society of America (2016). Vol 33, Nro 8, pp. 1546-1552. ISS<\/span><\/li>\n<li style=\"font-weight: 400;\" aria-level=\"1\"><span style=\"font-weight: 400;\">\u201cInfluence of background size, luminance and eccentricity on different adaptation mechanisms\u201d. A Gloriani, B Matesanz, PA Barrionuevo, I Arranz, LA Issolio, S Mar, J Aparicio. Vision Research. Vol. 125, 12-22 (2016).<\/span><\/li>\n<li style=\"font-weight: 400;\" aria-level=\"1\"><span style=\"font-weight: 400;\">\u201cStraylight and visual quality on early nuclear and posterior subcapsular cataracts\u201d. Clemente Paz Filgueira, Roberto S\u00e1nchez; Luis Issolio; Elisa Colombo. Current Eye Research. <\/span><a href=\"https:\/\/www.ncbi.nlm.nih.gov\/pubmed\/26766561\"><span style=\"font-weight: 400;\">https:\/\/www.ncbi.nlm.nih.gov\/pubmed\/26766561<\/span><\/a> <span style=\"font-weight: 400;\">2016; 41(9): 1209-15.\u00a0<\/span><\/li>\n<li style=\"font-weight: 400;\" aria-level=\"1\"><span style=\"font-weight: 400;\">\u201cDiscrimination between surgical and non-surgical nuclear cataract based on ROC analysis\u201d. Clemente Paz Filgueira, Roberto S\u00e1nchez, Elisa Colombo, Meritxell Vilaseca, Jaume Pujol, Luis Issolio. Current Eye Research, 2014; 39(12): 1187-93.\u00a0<\/span><\/li>\n<li style=\"font-weight: 400;\" aria-level=\"1\"><span style=\"font-weight: 400;\">\u201cTransitional spaces from exterior to interior as functional vision barriers in aging\u201d. Cecilia Lasagno, Luis Issolio, Andrea Pattini and Elisa Colombo. Lighting Research &amp; Technology;\u00a0vol.\u00a046,\u00a06:\u00a0pp.\u00a0706-715, 2014. First published on\u00a0April 16, 2014.\u00a0<\/span><\/li>\n<li style=\"font-weight: 400;\" aria-level=\"1\"><span style=\"font-weight: 400;\">\u201cMethodology to evaluate glare effects in corrected ammetropic subjects\u201d. An\u00edbal de Paul, Elisa Colombo, Silvia Comastri, Juan Aparicio, Jos\u00e9 Men\u00e9ndez, and Luis Issolio. \u00d3ptica Pura y Aplicada. Sociedad Espa\u00f1ola de \u00d3ptica. Opt. Pura Apl. 46(3) 285-293 (2013). IS<\/span><\/li>\n<li style=\"font-weight: 400;\" aria-level=\"1\"><span style=\"font-weight: 400;\">\u201cOptical and Neural Mechanisms Modelling the Effect of Light Adaptation in Letter Contrast Sensitivity&#8221;. Isabel Arranz, Beatriz Mart\u00ednez Matesanz, Luis Alberto Issolio, Jos\u00e9 Antonio Men\u00e9ndez, Santiago Mar, Juan Antonio Aparicio. Lighting Research &amp; Technology, published online 21 June 2013, DOI: 10.1177\/1477153513484633, <\/span><a href=\"http:\/\/lrt.sagepub.com\/content\/early\/2013\/06\/20\/1477153513484633\"><span style=\"font-weight: 400;\">http:\/\/lrt.sagepub.com\/content\/early\/2013\/06\/20\/1477153513484633<\/span><\/a><span style=\"font-weight: 400;\">.\u00a0<\/span><\/li>\n<li style=\"font-weight: 400;\" aria-level=\"1\"><span style=\"font-weight: 400;\">&#8220;Functional vision barriers: a new concept analized in terms of human visual performance&#8221;. Elisa Colombo, Beatriz O\u00b4Donell, Javier Santill\u00e1n and Luis Issolio. Psychology and Neurosciences, 6(2), 219-226 (2013).\u00a0<\/span><\/li>\n<li style=\"font-weight: 400;\" aria-level=\"1\"><span style=\"font-weight: 400;\">\u201cRetinal mesopic adaptation model for brightness perception under transient glare\u201d. Barrionuevo P, Colombo E, and Issolio L. Journal of the Optical Society of America. 30 (6), pp. 1236-1247 (2013).\u00a0<\/span><\/li>\n<li style=\"font-weight: 400;\" aria-level=\"1\"><span style=\"font-weight: 400;\">&#8220;Veiling luminance as a descriptor of brightness reduction caused by transient glare&#8221;. Luis A. Issolio, Pablo A. Barrionuevo, Silvia A. Comastri and Elisa M. Colombo. Journal of the Optical Society of America. Vol. 29, Nro 10, 2230-2236 (2012).\u00a0\u00a0<\/span><\/li>\n<li style=\"font-weight: 400;\" aria-level=\"1\"><span style=\"font-weight: 400;\">\u201cComparison between an objective and a psychophysical method for the evaluation of intraocular light scattering\u201d. Pablo Barrionuevo, Elisa Colombo, Meritxell Vilaseca, Jaume Pujol &amp; Luis Issolio. Journal of the Optical Society of America. Vol. 29, Nro 7, 1293-1298 (2012).<\/span><\/li>\n<li style=\"font-weight: 400;\" aria-level=\"1\"><span style=\"font-weight: 400;\">\u201cThe influence of spectral distribution of halogen incandescent lamps on letter contrast sensitivity measured in clinical offices\u201d. Arranz I, Matesanz B, de la Rosa C, Men\u00e9ndez J A, Issolio L, Mar S, and Aparicio JA. Lighting Research &amp; Technology, September 2012 44: 364-376, first published on July 11, 2011 doi:10.1177\/1477153511402890.\u00a0<\/span><\/li>\n<li style=\"font-weight: 400;\" aria-level=\"1\"><span style=\"font-weight: 400;\">\u201cTemporal Retinal Sensitivity in Mesopic Adaptation\u201d. Beatriz M. Matesanz, Luis Issolio, Isabel Arranz, Cristina De La Rosa, Jos\u00e9 A. Men\u00e9ndez, Santiago Mar, and Juan A. Aparicio. Ophthalmic and Physiological Optics. 31:615-624 (2011).\u00a0<\/span><\/li>\n<li aria-level=\"1\">\u00a0\u201cQuantitative and functional influence of surround luminance on letter contrast sensitivity function\u201d. J. A. Aparicio, I. Arranz, B. M. Matesanz, J. G. Vizmanos, L. Padierna, V. R. Gonz\u00e1lez, J. A. Men\u00e9ndez, S. Mar and L. Issolio. Ophthalmic and Physiological Optics. 30: 188\u2013199 (2010).<\/li>\n<\/ol>\n","protected":false},"excerpt":{"rendered":"<p>Mi inter\u00e9s se centra en estudiar la relaci\u00f3n entre las personas y el h\u00e1bitat, en cuanto espacio iluminado. Las investigaciones que realizo se orientan a describir la respuesta visual en espacios poco iluminados (iluminaci\u00f3n mes\u00f3pica) y los efectos de fuentes deslumbrantes en las personas. Los resultados obtenidos permiten, por un lado, describir ampliamente los procesos [&hellip;]<\/p>\n","protected":false},"author":123476,"featured_media":0,"parent":0,"menu_order":0,"comment_status":"closed","ping_status":"closed","template":"templates\/template-full.php","meta":[],"_links":{"self":[{"href":"https:\/\/www.facet.unt.edu.ar\/disenoiluminacion\/wp-json\/wp\/v2\/pages\/2569"}],"collection":[{"href":"https:\/\/www.facet.unt.edu.ar\/disenoiluminacion\/wp-json\/wp\/v2\/pages"}],"about":[{"href":"https:\/\/www.facet.unt.edu.ar\/disenoiluminacion\/wp-json\/wp\/v2\/types\/page"}],"author":[{"embeddable":true,"href":"https:\/\/www.facet.unt.edu.ar\/disenoiluminacion\/wp-json\/wp\/v2\/users\/123476"}],"replies":[{"embeddable":true,"href":"https:\/\/www.facet.unt.edu.ar\/disenoiluminacion\/wp-json\/wp\/v2\/comments?post=2569"}],"version-history":[{"count":9,"href":"https:\/\/www.facet.unt.edu.ar\/disenoiluminacion\/wp-json\/wp\/v2\/pages\/2569\/revisions"}],"predecessor-version":[{"id":2828,"href":"https:\/\/www.facet.unt.edu.ar\/disenoiluminacion\/wp-json\/wp\/v2\/pages\/2569\/revisions\/2828"}],"wp:attachment":[{"href":"https:\/\/www.facet.unt.edu.ar\/disenoiluminacion\/wp-json\/wp\/v2\/media?parent=2569"}],"curies":[{"name":"wp","href":"https:\/\/api.w.org\/{rel}","templated":true}]}}