{"id":274,"date":"2015-10-15T16:15:16","date_gmt":"2015-10-15T19:15:16","guid":{"rendered":"https:\/\/www.facet.unt.edu.ar\/disenoiluminacion\/?page_id=274"},"modified":"2021-11-16T14:23:52","modified_gmt":"2021-11-16T17:23:52","slug":"programa-esp-mavile","status":"publish","type":"page","link":"https:\/\/www.facet.unt.edu.ar\/disenoiluminacion\/programa-esp-mavile\/","title":{"rendered":"Programa de Especializaci\u00f3n MAVILE 2022"},"content":{"rendered":"<div id=\"pl-274\"  class=\"panel-layout\" ><div id=\"pg-274-0\"  class=\"panel-grid panel-no-style\" ><div id=\"pgc-274-0-0\"  class=\"panel-grid-cell panel-grid-cell-mobile-last\" ><div id=\"panel-274-0-0-0\" class=\"so-panel widget widget_text panel-first-child\" data-index=\"0\" >\t\t\t<div class=\"textwidget\"><table id=\"programaMavile\" align=\"center\">\n\t<tr>\n\t<th colspan=\"2\">M\u00f3dulo I \u2013 Formaci\u00f3n y representaci\u00f3n de la imagen: \u00f3ptica, visi\u00f3n y fotometr\u00eda<\/th>\n\t<\/tr>\n\t<tr>\n\t\t<td>PERIODO<\/td>\n\t\t<td>Marzo-Mayo<\/td>\n\t<\/tr>\n\t<tr>\n\t\t<td>DURACI\u00d3N<\/td>\n\t\t<td>140 horas acreditables<\/td>\n\t<\/tr>\n\t<tr>\n\t\t<td>EXAMEN FINAL<\/td>\n\t\t<td>25 al 29 de Julio<\/td>\n\t<\/tr>\n\t<tr>\n\t\t<td rowspan=\"4\">ASIGNATURAS Y DOCENTES<\/td>\n\t\t<td><strong>\u00d3ptica y Visi\u00f3n<\/strong> - Docentes: Dr. Diego Corregidor, Dr. Jos\u00e9 Barraza y Dr. Luis Issolio<\/td>\n\t<\/tr>\n\t<tr>\n\t\t<td><strong>Iluminaci\u00f3n y fotometr\u00eda<\/strong> - Docentes: Mg. Sergio Gor y Dra. B\u00e1rbara Silva<\/td>\n\t<\/tr>\n\t<tr>\n\t\t<td><strong>Fuentes y Luminarias<\/strong> - Docentes: Mg. Alberto Cabello y Dr. Oscar Preciado<\/td>\n\t<\/tr>\n\t<tr>\n\t\t<td><strong>Cuantificaci\u00f3n y percepci\u00f3n del color<\/strong> - Docentes: Dr. Andr\u00e9s Mart\u00edn<\/td>\n\t<\/tr>\n\t<tr><th colspan=\"2\">M\u00f3dulo II \u2013 La actividad humana y el medio visual<\/th><\/tr>\n\t<tr>\n\t\t<td>PERIODO<\/td>\n\t\t<td>Mayo-Julio<\/td>\n\t<\/tr>\n\t<tr>\n\t\t<td>DURACI\u00d3N<\/td>\n\t\t<td>60 horas acreditables<\/td>\n\t<\/tr>\n\t<tr>\n\t\t<td>EXAMEN FINAL<\/td>\n\t\t<td>25 al 29 de Julio<\/td>\n\t<\/tr>\n\t<tr>\n\t\t<td rowspan=\"2\">ASIGNATURAS Y DOCENTES<\/td>\n\t\t<td><strong>Efectos visuales de la luz<\/strong> - Docentes: Dra. Beatriz O\u00b4Donell y Dr. Javier Santill\u00e1n<\/td>\n\t<\/tr>\n\t<tr>\n\t\t<td><strong>Efectos no visuales de la iluminaci\u00f3n<\/strong> - Docente: Dra. Graciela Tonello y Dra. Nancy Hern\u00e1ndez.<\/td>\n\t<\/tr>\n\t<tr><th colspan=\"2\">M\u00f3dulo III \u2013 Cuantificaci\u00f3n y predicci\u00f3n de la iluminaci\u00f3n<\/th><\/tr>\n\t<tr>\n\t\t<td>PERIODO<\/td>\n\t\t<td>Agosto-Diciembre<\/td>\n\t<\/tr>\n\t<tr>\n\t\t<td>DURACI\u00d3N<\/td>\n\t\t<td>200 horas acreditables<\/td>\n\t<\/tr>\n\t<tr>\n\t\t<td>DEFENSA P\u00daBLICA DEL PROYECTO (EXAMEN FINAL)<\/td>\n\t\t<td>5 al 9 de Diciembre<\/td>\n\t<\/tr>\n\t<tr>\n\t\t<td rowspan=\"9\">ASIGNATURAS Y DOCENTES<\/td>\n\t\t<td><strong>Introducci\u00f3n al dise\u00f1o de iluminaci\u00f3n y arquitectura<\/strong> - Docentes: Esp. Arq. Jos\u00e9 Luis Guijarro y Dr. Ra\u00fal Ajmat<\/td>\n\t<\/tr>\n\t<tr><td><strong>Dise\u00f1o de iluminaci\u00f3n de exteriores<\/strong> - Docentes: Dr. Eduardo Manzano y Mg. Alberto Cabello<\/td><\/tr>\n\t<tr><td><strong>Dise\u00f1o de iluminaci\u00f3n de interiores<\/strong> - Docentes: Mg. Mario Raitelli <\/td><\/tr>\n\t<tr><td><strong>Iluminaci\u00f3n natural<\/strong> - Docentes: Dra. Andrea  Pattini<\/td><\/tr>\n\t<tr><td><strong>Sistemas de control<\/strong> - Docentes: Mg. Alberto Cabello y Dr. Oscar Preciado<\/td><\/tr>\n\t<tr><td><strong>Acondicionamiento ambiental<\/strong> - Docentes: Esp. Arq. Jos\u00e9 Luis Guijarro y Dr. Ra\u00fal Ajmat<\/td><\/tr>\n\t<tr><td><strong>Gesti\u00f3n de proyectos<\/strong> - Docentes: Mg. Sergio Gor<\/td><\/tr>\n\t<tr><td><strong>Taller<\/strong> - Docentes: Dr. Eduardo Manzano, Mg. Mario Raitelli, Dra. Beatriz O\u00b4Donell, Dr. Ra\u00fal Ajmat, Esp. Arq. Jos\u00e9 Luis Guigarro, Dis. Ilum. Natalia Valladares, Esp. Arq. Mar\u00eda P\u00e9rez Zamora. Adem\u00e1s la  participaci\u00f3n especial de:  Esp. Arq. Elena Longo \u2013 Estudio Isolux, Bs As, Argentina y Esp. Arq. Josefina Almada \u2013 ERCO Iluminaci\u00f3n, Bs As, Argentina <\/td><\/tr>\n            <!--    <td rowspan=\"9\"><\/td>\n\t\t\n\t<\/tr>\n\t<tr><th colspan=\"2\">Evaluaci\u00f3n final: 6 de julio<\/th><\/tr> -->\n\t<\/table><\/div>\n\t\t<\/div><div id=\"panel-274-0-0-1\" class=\"so-panel widget widget_sow-button panel-last-child\" data-index=\"1\" ><div\n\t\t\t\n\t\t\tclass=\"so-widget-sow-button so-widget-sow-button-wire-c19231c987a2-274\"\n\t\t\t\n\t\t><div class=\"ow-button-base ow-button-align-right\">\n\t<a href=\"https:\/\/www.facet.unt.edu.ar\/disenoiluminacion\/mavile\/\" class=\"ow-icon-placement-left ow-button-hover\" \t\t>\n\t\t<span>\n\t\t\t<span class=\"sow-icon-fontawesome sow-fas\" data-sow-icon=\"&#xf104;\"\n\t\t \n\t\taria-hidden=\"true\"><\/span>\n\t\t\tEspecializaci\u00f3n MAVILE\t\t<\/span>\n\t<\/a>\n<\/div>\n<\/div><\/div><\/div><div id=\"pgc-274-0-1\"  class=\"panel-grid-cell panel-grid-cell-empty\" ><\/div><\/div><\/div>","protected":false},"excerpt":{"rendered":"<p>M\u00f3dulo I \u2013 Formaci\u00f3n y representaci\u00f3n de la imagen: \u00f3ptica, visi\u00f3n y fotometr\u00eda PERIODO Marzo-Mayo DURACI\u00d3N 140 horas acreditables EXAMEN FINAL 25 al 29 de Julio ASIGNATURAS Y DOCENTES \u00d3ptica y Visi\u00f3n &#8211; Docentes: Dr. Diego Corregidor, Dr. Jos\u00e9 Barraza y Dr. Luis Issolio Iluminaci\u00f3n y fotometr\u00eda &#8211; Docentes: Mg. Sergio Gor y Dra. B\u00e1rbara [&hellip;]<\/p>\n","protected":false},"author":24,"featured_media":0,"parent":0,"menu_order":0,"comment_status":"closed","ping_status":"closed","template":"templates\/template-full.php","meta":[],"_links":{"self":[{"href":"https:\/\/www.facet.unt.edu.ar\/disenoiluminacion\/wp-json\/wp\/v2\/pages\/274"}],"collection":[{"href":"https:\/\/www.facet.unt.edu.ar\/disenoiluminacion\/wp-json\/wp\/v2\/pages"}],"about":[{"href":"https:\/\/www.facet.unt.edu.ar\/disenoiluminacion\/wp-json\/wp\/v2\/types\/page"}],"author":[{"embeddable":true,"href":"https:\/\/www.facet.unt.edu.ar\/disenoiluminacion\/wp-json\/wp\/v2\/users\/24"}],"replies":[{"embeddable":true,"href":"https:\/\/www.facet.unt.edu.ar\/disenoiluminacion\/wp-json\/wp\/v2\/comments?post=274"}],"version-history":[{"count":46,"href":"https:\/\/www.facet.unt.edu.ar\/disenoiluminacion\/wp-json\/wp\/v2\/pages\/274\/revisions"}],"predecessor-version":[{"id":294,"href":"https:\/\/www.facet.unt.edu.ar\/disenoiluminacion\/wp-json\/wp\/v2\/pages\/274\/revisions\/294"}],"wp:attachment":[{"href":"https:\/\/www.facet.unt.edu.ar\/disenoiluminacion\/wp-json\/wp\/v2\/media?parent=274"}],"curies":[{"name":"wp","href":"https:\/\/api.w.org\/{rel}","templated":true}]}}