{"id":2756,"date":"2022-04-08T15:35:23","date_gmt":"2022-04-08T18:35:23","guid":{"rendered":"https:\/\/www.facet.unt.edu.ar\/disenoiluminacion\/?page_id=2756"},"modified":"2022-04-19T15:34:55","modified_gmt":"2022-04-19T18:34:55","slug":"sophia-heredia","status":"publish","type":"page","link":"https:\/\/www.facet.unt.edu.ar\/disenoiluminacion\/sophia-heredia\/","title":{"rendered":"Sophia Heredia"},"content":{"rendered":"<p><a href=\"https:\/\/www.facet.unt.edu.ar\/disenoiluminacion\/wp-content\/uploads\/sites\/89\/2022\/04\/33-S.-Heredia.jpeg\"><img decoding=\"async\" loading=\"lazy\" class=\"alignleft wp-image-2753\" src=\"https:\/\/www.facet.unt.edu.ar\/disenoiluminacion\/wp-content\/uploads\/sites\/89\/2022\/04\/33-S.-Heredia.jpeg\" alt=\"\" width=\"120\" height=\"160\" \/><\/a><\/p>\n<p><span style=\"font-weight: 400;\">Me gradu\u00e9 en el a\u00f1o 2018 como Dise\u00f1adora de Iluminaci\u00f3n en la FACET-UNT y desde el 2019 soy Docente de la carrera en las materias: Bases del Dise\u00f1o de Iluminaci\u00f3n de Exteriores, Bases del Dise\u00f1o de Iluminaci\u00f3n de Interiores y sus respectivos talleres.<\/span><\/p>\n<p><span style=\"font-weight: 400;\">Adem\u00e1s, soy estudiante del doctorado en Medio Ambiente Visual e Iluminaci\u00f3n Eficiente en el ILAV.<\/span><\/p>\n<p><span style=\"font-weight: 400;\">Mi objetivo profesional est\u00e1 centrado en poder contribuir al desarrollo del alumbrado p\u00fablico en la Argentina. Oriento mi investigaci\u00f3n a todo lo relacionado con normas de regulaci\u00f3n que permitan asegurar una adecuada, eficiente y saludable iluminaci\u00f3n p\u00fablica. Una manera de poder llevarlo a cabo es por medio del desarrollo de un m\u00e9todo que pueda medir la eficiencia energ\u00e9tica de forma integral.\u00a0<\/span><\/p>\n<p>&nbsp;<\/p>\n<p><a href=\"https:\/\/www.facet.unt.edu.ar\/disenoiluminacion\/wp-content\/uploads\/sites\/89\/2022\/04\/correo-electronico.png\"><img decoding=\"async\" loading=\"lazy\" class=\"alignnone wp-image-2662\" src=\"https:\/\/www.facet.unt.edu.ar\/disenoiluminacion\/wp-content\/uploads\/sites\/89\/2022\/04\/correo-electronico.png\" alt=\"\" width=\"25\" height=\"25\" \/><\/a><\/p>\n<p><strong>sheredia@herrera.unt.edu.ar<\/strong><\/p>\n<p>&nbsp;<\/p>\n<p><b>PUBLICACIONES<\/b><\/p>\n<p><a href=\"https:\/\/www.facet.unt.edu.ar\/disenoiluminacion\/wp-content\/uploads\/sites\/89\/2022\/04\/open-book.png\"><img decoding=\"async\" loading=\"lazy\" class=\"alignnone wp-image-2766\" src=\"https:\/\/www.facet.unt.edu.ar\/disenoiluminacion\/wp-content\/uploads\/sites\/89\/2022\/04\/open-book.png\" alt=\"\" width=\"80\" height=\"80\" \/><\/a><\/p>\n<ul>\n<li style=\"font-weight: 400;\" aria-level=\"1\"><span style=\"font-weight: 400;\">Evaluaci\u00f3n de la eficiencia del recambio de luminarias en la ciudad de San Miguel de Tucum\u00e1n. Heredia Sophia, Preciado Oscar, Cabello Alberto, Manzano Eduardo. Libro de Res\u00famenes del Encuentro Cient\u00edfico de Investigadores de la Facultad de Ciencias Exactas y Tecnolog\u00eda ECIFACET 2021. http:\/\/www.facet.unt.edu.ar\/ecifacet. ISBN 978-987-754-272-1. 2021<\/span><\/li>\n<li style=\"font-weight: 400;\" aria-level=\"1\"><span style=\"font-weight: 400;\">Bases para el etiquetado de eficiencia global de luminarias LEDs. Alberto Cabello, Sophia Heredia. Libro de Res\u00famenes de la XIV Jornadas Argentinas de Luminotecnia. ISBN 978-987-4998-24-8. 2019.<\/span><\/li>\n<li style=\"font-weight: 400;\" aria-level=\"1\"><span style=\"font-weight: 400;\">An\u00e1lisis y evaluaci\u00f3n de la reconversi\u00f3n de instalaciones de alumbrado p\u00fablico con luminarias LEDs. Alberto Cabello, Sophia Heredia. Libro de Res\u00famenes de la XIV Jornadas Argentinas de Luminotecnia. ISBN 978-987-4998-24-8. 2019.<\/span><\/li>\n<li style=\"font-weight: 400;\" aria-level=\"1\"><span style=\"font-weight: 400;\">Hacia una mejor cuantificaci\u00f3n de la iluminaci\u00f3n efectiva para las plantas. Sophia Heredia, Jos\u00e9 F. Barraza, Andr\u00e9s Mart\u00edn. Memorias LUXAM\u00c9RICA 2018 ISBN: 978-987-20335-8-3 Iluminaci\u00f3n de los Proyectos: \u201cJerarquizaci\u00f3n y puesta en valor de Plaza Independencia\u201d y \u201cPaseo de la Independencia: Jerarquizaci\u00f3n del Entorno de Plaza Independencia\u201d Mar\u00eda Natalia Gaspar, Sophia Heredia. Memorias LUXAM\u00c9RICA 2018 ISBN: 978-987-20335-8-3<\/span><\/li>\n<li style=\"font-weight: 400;\" aria-level=\"1\"><span style=\"font-weight: 400;\">Indicadores de Eficiencia Energ\u00e9tica y Calidad Lum\u00ednica de Luminarias LEDs para Alumbrado Vial. Soph\u00eda Heredia, Alberto Cabello, Eduardo Manzano. Memorias LUXAM\u00c9RICA 2018 ISBN: 978-987-20335-8-3<\/span><\/li>\n<li style=\"font-weight: 400;\" aria-level=\"1\"><span style=\"font-weight: 400;\">Propuesta de etiquetado de eficiencia global de luminarias LED para alumbrado vial. A. Cabello, S. Heredia, E. Manzano. Revista luminotecnia. Edici\u00f3n 144 Noviembre \u2013 Diciembre 2018. R.N.P.I: 5341454 ; ISSN 0325 2558<\/span><\/li>\n<li style=\"font-weight: 400;\" aria-level=\"1\"><span style=\"font-weight: 400;\">Propuesta de etiquetado global de eficiencia energ\u00e9tica y fotom\u00e9trica de luminarias LED para interiores. A. Cabello, S. Heredia y M. Raitelli. Revista Luminotecnia. Edici\u00f3n 141 Marzo \u2013 Abril 2018. R.N.P.I: 5341454 ; ISSN 0325 2558<\/span><\/li>\n<li style=\"font-weight: 400;\" aria-level=\"1\"><span style=\"font-weight: 400;\">Caracterizaci\u00f3n de Indicadores de Eficiencia Energ\u00e9tica y Fotom\u00e9trica de Luminarias LEDs. Sophia Heredia, Alberto Cabello, Mario Raitelli. Libro de Res\u00famenes de la XIII Jornadas Argentinas de Luminotecnia. 2017. ISBN 978-987-1896-83-7 1.<\/span><\/li>\n<\/ul>\n","protected":false},"excerpt":{"rendered":"<p>Me gradu\u00e9 en el a\u00f1o 2018 como Dise\u00f1adora de Iluminaci\u00f3n en la FACET-UNT y desde el 2019 soy Docente de la carrera en las materias: Bases del Dise\u00f1o de Iluminaci\u00f3n de Exteriores, Bases del Dise\u00f1o de Iluminaci\u00f3n de Interiores y sus respectivos talleres. Adem\u00e1s, soy estudiante del doctorado en Medio Ambiente Visual e Iluminaci\u00f3n Eficiente [&hellip;]<\/p>\n","protected":false},"author":123476,"featured_media":0,"parent":0,"menu_order":0,"comment_status":"closed","ping_status":"closed","template":"templates\/template-full.php","meta":[],"_links":{"self":[{"href":"https:\/\/www.facet.unt.edu.ar\/disenoiluminacion\/wp-json\/wp\/v2\/pages\/2756"}],"collection":[{"href":"https:\/\/www.facet.unt.edu.ar\/disenoiluminacion\/wp-json\/wp\/v2\/pages"}],"about":[{"href":"https:\/\/www.facet.unt.edu.ar\/disenoiluminacion\/wp-json\/wp\/v2\/types\/page"}],"author":[{"embeddable":true,"href":"https:\/\/www.facet.unt.edu.ar\/disenoiluminacion\/wp-json\/wp\/v2\/users\/123476"}],"replies":[{"embeddable":true,"href":"https:\/\/www.facet.unt.edu.ar\/disenoiluminacion\/wp-json\/wp\/v2\/comments?post=2756"}],"version-history":[{"count":5,"href":"https:\/\/www.facet.unt.edu.ar\/disenoiluminacion\/wp-json\/wp\/v2\/pages\/2756\/revisions"}],"predecessor-version":[{"id":2768,"href":"https:\/\/www.facet.unt.edu.ar\/disenoiluminacion\/wp-json\/wp\/v2\/pages\/2756\/revisions\/2768"}],"wp:attachment":[{"href":"https:\/\/www.facet.unt.edu.ar\/disenoiluminacion\/wp-json\/wp\/v2\/media?parent=2756"}],"curies":[{"name":"wp","href":"https:\/\/api.w.org\/{rel}","templated":true}]}}