{"id":2772,"date":"2022-04-20T09:19:21","date_gmt":"2022-04-20T12:19:21","guid":{"rendered":"https:\/\/www.facet.unt.edu.ar\/disenoiluminacion\/?page_id=2772"},"modified":"2022-04-20T09:21:08","modified_gmt":"2022-04-20T12:21:08","slug":"mg-mario-roberto-raitelli","status":"publish","type":"page","link":"https:\/\/www.facet.unt.edu.ar\/disenoiluminacion\/mg-mario-roberto-raitelli\/","title":{"rendered":"Mg. Mario Roberto Raitelli"},"content":{"rendered":"<p><span style=\"font-weight: 400;\"><a href=\"https:\/\/www.facet.unt.edu.ar\/disenoiluminacion\/wp-content\/uploads\/sites\/89\/2022\/04\/01-M.-Raitelli.jpeg\"><img decoding=\"async\" loading=\"lazy\" class=\"alignleft wp-image-2769\" src=\"https:\/\/www.facet.unt.edu.ar\/disenoiluminacion\/wp-content\/uploads\/sites\/89\/2022\/04\/01-M.-Raitelli.jpeg\" alt=\"\" width=\"120\" height=\"120\" \/><\/a>Soy Ingeniero el\u00e9ctrico y Magister en Luminotecnia por la Universidad Nacional de Tucum\u00e1n (UNT). Profesor Asociado e investigador en el \u00c1rea de dise\u00f1o de iluminaci\u00f3n del Departamento de Luminotecnia, Luz y Visi\u00f3n (DLLyV), de la Facultad de Ciencias Exactas y Tecnolog\u00eda (FACET) de la UNT. Actualmente, soy director del DLLYV-FACET-UNT. Docente de grado y posgrado en las carreras: Dise\u00f1ador de iluminaci\u00f3n, Especializaci\u00f3n en Medio Ambiente visual e iluminaci\u00f3n eficiente (MAVILE), Maestr\u00eda en Museolog\u00eda de la UNT, y Especializaci\u00f3n en Higiene y Seguridad en el Trabajo, de la Universidad Tecnol\u00f3gica Nacional, Facultad Regional Tucum\u00e1n. Adem\u00e1s, he dictado cursos de posgrado en el programa de cooperaci\u00f3n entre la Fundaci\u00f3n Coordinaci\u00f3n de Perfeccionamiento del Personal de Nivel Superior (CAPES) del Ministerio de Educaci\u00f3n de Brasil y el Ministerio de Ciencia, Tecnolog\u00eda e Innovaci\u00f3n Productiva (MINCyT) de Argentina.<\/span><\/p>\n<p><span style=\"font-weight: 400;\">Como miembro del DLLyV participo en proyectos de I+D+i sobre dise\u00f1o, gesti\u00f3n y explotaci\u00f3n, eficiencia e impacto ambiental de la iluminaci\u00f3n de espacios urbanos y edificios.\u00a0<\/span><\/p>\n<p><span style=\"font-weight: 400;\">Expositor y miembro de comit\u00e9s acad\u00e9micos en eventos nacionales e internacionales, y publica regularmente en revistas de su especialidad.\u00a0<\/span><\/p>\n<p><span style=\"font-weight: 400;\">Me desempe\u00f1o como responsable del \u00c1rea de servicios a terceros del DLLyV-FACET-UNT.<\/span><\/p>\n<p><span style=\"font-weight: 400;\">En mi tiempo libre practico deportes y actividades f\u00edsicas, en especial al aire libre. Disfruto de asados con familiares y amigos, del cine de acci\u00f3n y ciencia ficci\u00f3n, y de la m\u00fasica rom\u00e1ntica. Soy un entusiasta, pero p\u00e9simo bailar\u00edn de tango.<\/span><\/p>\n<p><a href=\"https:\/\/www.facet.unt.edu.ar\/disenoiluminacion\/wp-content\/uploads\/sites\/89\/2022\/04\/correo-electronico.png\"><img decoding=\"async\" loading=\"lazy\" class=\"alignnone wp-image-2662\" src=\"https:\/\/www.facet.unt.edu.ar\/disenoiluminacion\/wp-content\/uploads\/sites\/89\/2022\/04\/correo-electronico.png\" alt=\"\" width=\"27\" height=\"27\" \/><\/a><\/p>\n<p><strong>mraitelli@herrera.unt.edu.ar<\/strong><\/p>\n","protected":false},"excerpt":{"rendered":"<p>Soy Ingeniero el\u00e9ctrico y Magister en Luminotecnia por la Universidad Nacional de Tucum\u00e1n (UNT). Profesor Asociado e investigador en el \u00c1rea de dise\u00f1o de iluminaci\u00f3n del Departamento de Luminotecnia, Luz y Visi\u00f3n (DLLyV), de la Facultad de Ciencias Exactas y Tecnolog\u00eda (FACET) de la UNT. Actualmente, soy director del DLLYV-FACET-UNT. Docente de grado y posgrado [&hellip;]<\/p>\n","protected":false},"author":123476,"featured_media":0,"parent":0,"menu_order":0,"comment_status":"closed","ping_status":"closed","template":"templates\/template-full.php","meta":[],"_links":{"self":[{"href":"https:\/\/www.facet.unt.edu.ar\/disenoiluminacion\/wp-json\/wp\/v2\/pages\/2772"}],"collection":[{"href":"https:\/\/www.facet.unt.edu.ar\/disenoiluminacion\/wp-json\/wp\/v2\/pages"}],"about":[{"href":"https:\/\/www.facet.unt.edu.ar\/disenoiluminacion\/wp-json\/wp\/v2\/types\/page"}],"author":[{"embeddable":true,"href":"https:\/\/www.facet.unt.edu.ar\/disenoiluminacion\/wp-json\/wp\/v2\/users\/123476"}],"replies":[{"embeddable":true,"href":"https:\/\/www.facet.unt.edu.ar\/disenoiluminacion\/wp-json\/wp\/v2\/comments?post=2772"}],"version-history":[{"count":1,"href":"https:\/\/www.facet.unt.edu.ar\/disenoiluminacion\/wp-json\/wp\/v2\/pages\/2772\/revisions"}],"predecessor-version":[{"id":2773,"href":"https:\/\/www.facet.unt.edu.ar\/disenoiluminacion\/wp-json\/wp\/v2\/pages\/2772\/revisions\/2773"}],"wp:attachment":[{"href":"https:\/\/www.facet.unt.edu.ar\/disenoiluminacion\/wp-json\/wp\/v2\/media?parent=2772"}],"curies":[{"name":"wp","href":"https:\/\/api.w.org\/{rel}","templated":true}]}}