{"id":2781,"date":"2022-04-20T09:45:45","date_gmt":"2022-04-20T12:45:45","guid":{"rendered":"https:\/\/www.facet.unt.edu.ar\/disenoiluminacion\/?page_id=2781"},"modified":"2022-05-05T14:52:05","modified_gmt":"2022-05-05T17:52:05","slug":"dr-eduardo-r-manzano","status":"publish","type":"page","link":"https:\/\/www.facet.unt.edu.ar\/disenoiluminacion\/dr-eduardo-r-manzano\/","title":{"rendered":"Dr. Eduardo R. Manzano"},"content":{"rendered":"<p><span style=\"font-weight: 400;\"><a href=\"https:\/\/www.facet.unt.edu.ar\/disenoiluminacion\/wp-content\/uploads\/sites\/89\/2022\/04\/03-E.-Manzano.jpg\"><img decoding=\"async\" loading=\"lazy\" class=\"alignleft wp-image-2776\" src=\"https:\/\/www.facet.unt.edu.ar\/disenoiluminacion\/wp-content\/uploads\/sites\/89\/2022\/04\/03-E.-Manzano.jpg\" alt=\"\" width=\"110\" height=\"120\" \/><\/a>Es Doctor por la Universidad Polit\u00e9cnica de Catalu\u00f1a, Barcelona, Espa\u00f1a; Magister en Ingenier\u00eda\u00a0 e Ingeniero El\u00e9ctrico por la Universidad Nacional de Tucum\u00e1n.\u00a0 Becario del Consejo Brit\u00e1nico (1993-1994) en University of Liverpool, School of Architecture &amp; Building Engineering. Becario del FOMEC en la Universidad Polit\u00e9cnica de Catalu\u00f1a, Barcelona, Espa\u00f1a (1997-2001). Director del Departamento de Luminotecnia Luz y Visi\u00f3n (DLLyV) FACET UNT\u00a0 (2012-2018), Director del Departamento de Ciencia y T\u00e9cnica FACET UNT (2018-2022). Director Acad\u00e9mico de la Maestr\u00eda en Luminotecnia (2008-2022).Director de proyectos PICT (2006) CAFP-BA (2009-2017), PIUNT (2005-2022), Programa de articulaci\u00f3n y fortalecimiento federal de las capacidades en ciencia y tecnolog\u00eda COVID-19 (2020). Profesor titular del DLLyV asignatura Dise\u00f1o y Taller de Iluminaci\u00f3n exterior. Dirige tesis de postgrado en Maestr\u00eda en Luminotecnia y Doctorado MAVILE.<\/span><\/p>\n<p><a href=\"https:\/\/www.facet.unt.edu.ar\/disenoiluminacion\/wp-content\/uploads\/sites\/89\/2022\/04\/correo-electronico.png\"><img decoding=\"async\" loading=\"lazy\" class=\"alignnone wp-image-2662\" src=\"https:\/\/www.facet.unt.edu.ar\/disenoiluminacion\/wp-content\/uploads\/sites\/89\/2022\/04\/correo-electronico.png\" alt=\"\" width=\"30\" height=\"30\" \/><\/a><\/p>\n<p><strong>emanzano@herrera.unt.edu.ar<\/strong><\/p>\n<p><b>PUBLICACIONES<\/b><\/p>\n<p><a href=\"https:\/\/www.facet.unt.edu.ar\/disenoiluminacion\/wp-content\/uploads\/sites\/89\/2022\/04\/open-book.png\"><img decoding=\"async\" loading=\"lazy\" class=\"alignnone wp-image-2766\" src=\"https:\/\/www.facet.unt.edu.ar\/disenoiluminacion\/wp-content\/uploads\/sites\/89\/2022\/04\/open-book.png\" alt=\"\" width=\"35\" height=\"35\" \/><\/a><\/p>\n<ul>\n<li style=\"font-weight: 400;\" aria-level=\"1\"><b>Manzano E.R. Ferreira M. Cudmani D., Costa D., De Nobrega M., G\u00f3mez Marigliano A.C. Gor S., Assaf L., Tonello G., Raitelli M., Cabrera M. (2020).<\/b><span style=\"font-weight: 400;\"> Radiaci\u00f3n Ultravioleta C aplicada a la desinfecci\u00f3n de ambulancias. Pag. 109-115, Memorias del XV Congreso de Iluminaci\u00f3n Bogot\u00e1, Lux Am\u00e9rica 2020. Universidad Nacional de Colombia. 6-9\/10\/2020. ISBN: 978-958-49-0271-9.<\/span><\/li>\n<li style=\"font-weight: 400;\" aria-level=\"1\"><b>Rigali Silvina., Manzano E.R., Castro Mar\u00eda I., Corbal\u00e1n Rub\u00e9n, Saracco Mar\u00eda V. (2020)<\/b><span style=\"font-weight: 400;\"> Barreras que dificultan la adopci\u00f3n de planes estrat\u00e9gicos de iluminaci\u00f3n en ciudades de argentina. Pag. 142-146, Memorias del XV Congreso de Iluminaci\u00f3n Bogot\u00e1, Lux Am\u00e9rica 2020. Universidad Nacional de Colombia. 6-9\/10\/2020. ISBN: 978-958-49-0271-9.<\/span><\/li>\n<li style=\"font-weight: 400;\" aria-level=\"1\"><b>Preciado Oscar, Mart\u00edn Andr\u00e9s, Manzano E.R., Hanselaer Peter (2020)<\/b><span style=\"font-weight: 400;\"> Transmitancia del ojo humano y percepci\u00f3n de luminosidad. Pag. 21-26, Memorias del XV Congreso de Iluminaci\u00f3n Bogot\u00e1, Lux Am\u00e9rica 2020. Universidad Nacional de Colombia. 6-9\/10\/2020 ISBN: 978-958-49-0271-9.<\/span><\/li>\n<li style=\"font-weight: 400;\" aria-level=\"1\"><b>Manzano E.R., (2019).<\/b><span style=\"font-weight: 400;\"> Editor del libro de res\u00famenes de Encuentro Cient\u00edfico de Investigadores de la Facultad de Ciencias Exactas y Tecnolog\u00eda ECIFACET 2019. Formato electr\u00f3nico. 117 paginas. https:\/\/www.facet.unt.edu.ar\/ecifacet\/libro-de-resumenes\/. ISBN 978-987-754-221-9.\u00a0<\/span><\/li>\n<li style=\"font-weight: 400;\" aria-level=\"1\"><b>Manzano E.R., (2019).<\/b><span style=\"font-weight: 400;\"> Editor del Libro de Res\u00famenes de las: XIV Jornadas de Ciencia y Tecnolog\u00eda de Facultades de Ingenier\u00eda del NOA. Formato electr\u00f3nico. 341 paginas. https:\/\/www.facet.unt.edu.ar\/wp-content\/uploads\/2020\/11\/01-Libro-de-Resumenes-de-las-XIV-Jornadas-V14-1.pdf. ISBN 978-987-754-203-5.\u00a0<\/span><\/li>\n<li style=\"font-weight: 400;\" aria-level=\"1\"><b>Manzano E.R., (2019).<\/b><span style=\"font-weight: 400;\"> Editor de la revista INVESTIGACION EN FACULTADES DE INGENIERIA DEL NOA N\u00fam. 5. Formato electr\u00f3nico. 386 paginas. https:\/\/www.facet.unt.edu.ar\/wp-content\/uploads\/2020\/11\/04-Revista-5-2019-V2.pdf. ISSN: 1853-6662.\u00a0<\/span><\/li>\n<li style=\"font-weight: 400;\" aria-level=\"1\"><b>Preciado O, Manzano E. (2017)<\/b><span style=\"font-weight: 400;\"> Spectral characteristics of road surfaces and eye transmittance: Effects on energy efficiency of road lighting at mesopic levels. Lighting Research and Technology 2017; 0: 1\u201321. DOI: 10.1177\/1477153517718227 <\/span>http:\/\/journals.sagepub.com\/doi\/abs\/10.1177\/1477153517718227<\/li>\n<li style=\"font-weight: 400;\" aria-level=\"1\"><b>Galleguillos P., Manzano E. (2017)<\/b><span style=\"font-weight: 400;\"> Aproximaci\u00f3n a una metodolog\u00eda de dise\u00f1o en Luminarias de Alumbrado P\u00fablico mediante el uso de tecnolog\u00eda de Estado S\u00f3lido. Actas de XIII Jornadas Argentinas de Iluminaci\u00f3n, Luz 2015. Pag. 20-27. ISBN 978-987-1896-83-7. www.edutecne.utn.edu.ar\/pub-institucionales\/luminotecnia.pdf<\/span><\/li>\n<li style=\"font-weight: 400;\" aria-level=\"1\"><b>Manzano E., O\u00b4Donell B., Raitelli M., Del Negro L., De Nobrega M., Caldelari M. (2017)<\/b><span style=\"font-weight: 400;\"> Iluminaci\u00f3n del Palacio de Justicia de la Ciudad de San Miguel de Tucum\u00e1n. Actas de XIII Jornadas Argentinas de Iluminaci\u00f3n, Luz 2015. Pag.38-43. ISBN 978-987-1896-83-7. www.edutecne.utn.edu.ar\/pub-institucionales\/luminotecnia.pdf<\/span><\/li>\n<li style=\"font-weight: 400;\" aria-level=\"1\"><b>Manzano E. (2017)<\/b><span style=\"font-weight: 400;\"> Luminarias LEDs para Iluminaci\u00f3n Vial, Criterios de Calidad y Mantenimiento. Actas de XIII Jornadas Argentinas de Iluminaci\u00f3n, Luz 2015. Pag.93-100. ISBN 978-987-1896-83-7. www.edutecne.utn.edu.ar\/pub-institucionales\/luminotecnia.pdf<\/span><\/li>\n<li style=\"font-weight: 400;\" aria-level=\"1\"><b>Manzano E., Cabello A., Raitelli, Preciado O., Guzm\u00e1n C., Mockey I. Carlorosi M., Esp\u00edn F., Galleguillos P. Rigali S., Deco F., Cardozo E., Del Negro L. (2018).\u00a0 <\/b><span style=\"font-weight: 400;\">Eficiencia en la Iluminaci\u00f3n de espacios urbano. Libro editado por EDUNT, registrado con ISBN 978-987-754-147-2. 148 p\u00e1ginas. <\/span><a href=\"http:\/\/www.facet.unt.edu.ar\/disenoiluminacion\/libro-eficiencia-en-la-iluminacion-de-espacios-urbanos\/\"><span style=\"font-weight: 400;\">www.facet.unt.edu.ar\/disenoiluminacion\/libro-eficiencia-en-la-iluminacion-de-espacios-urbanos\/<\/span><\/a><\/li>\n<li style=\"font-weight: 400;\" aria-level=\"1\"><b>Preciado O., Manzano E.<\/b> <b>(2016). <\/b><span style=\"font-weight: 400;\">The effect of road lighting luminaire spectral power distribution over luminance perception considering road reflectance and human eye transmittance. Proceedings from Commission Internacionale de l\u2019Ecalirage CIE 2016 Lighting Quality and Energy Efficiency Conference, Melbourne, Australia, March 3rd to 5th, 2016. Trabajo publicado.<\/span><\/li>\n<li style=\"font-weight: 400;\" aria-level=\"1\"><b>Preciado O., Manzano E.<\/b> <b>(2016). <\/b><span style=\"font-weight: 400;\">Evaluating energy efficiency on road lighting systems. Journal Energy Efficiency Springer, Febrero 2016. Trabajo enviado, en revisi\u00f3n<\/span><\/li>\n<li style=\"font-weight: 400;\" aria-level=\"1\"><b>Guzm\u00e1n C., Castillo R., Manzano E., L. Diaz (2016). <\/b><span style=\"font-weight: 400;\">Evaluaci\u00f3n del impacto lum\u00ednico de un cartel publicitario con tecnolog\u00eda LED. P\u00e1g. 126-133, Memorias del XIII Congreso Panamericano de Iluminaci\u00f3n, La Serena, Chile, 23-25 Noviembre 2016. ISBN 978-956-368-059-1.\u00a0<\/span><\/li>\n<li aria-level=\"1\"><b>Guzm\u00e1n C., Manzano E.\u00a0 (2016). <\/b><span style=\"font-weight: 400;\">La intervenci\u00f3n con el color de la luz en la restauraci\u00f3n del patrimonio hist\u00f3rico. Pag. 284-291, Memorias del XIII Congreso Panamericano de Iluminaci\u00f3n, La Serena, Chile, 23-25 Noviembre 2016. ISBN 978-956-368-059-1.\u00a0<\/span><\/li>\n<li aria-level=\"1\"><b>Galleguillos P., Manzano E. (2016). <\/b><span style=\"font-weight: 400;\">Relevancia de la temperatura de color en el dise\u00f1o de la disipaci\u00f3n t\u00e9rmica de luminarias LED. P\u00e1g. 184-188, Memorias del XIII Congreso Panamericano de Iluminaci\u00f3n, La Serena, Chile, 23-25 Noviembre 2016. ISBN 978-956-368-059-1.\u00a0<\/span><\/li>\n<li aria-level=\"1\"><b>Esp\u00edn F., Manzano E., Cabello A. (2016). <\/b><span style=\"font-weight: 400;\">Luminarias LED, estudio de la representatividad de la fotometr\u00eda en iluminaci\u00f3n vial. Pag. 379-383, Memorias del XIII Congreso Panamericano de Iluminaci\u00f3n, La Serena, Chile, 23-25 Noviembre 2016. ISBN 978-956-368-059-1.\u00a0<\/span><\/li>\n<li aria-level=\"1\"><b>Cabello A., Esp\u00edn F., Manzano E., Raitelli M. (2016). <\/b><span style=\"font-weight: 400;\">M\u00e9todo de comparaci\u00f3n y ajuste entre valores medidos y calculados en instalaciones de alumbrado vial.\u00a0 P\u00e1g. 216-222, Memorias del XIII Congreso Panamericano de Iluminaci\u00f3n, La Serena, Chile, 23-25 Noviembre 2016. ISBN 978-956-368-059-1.<\/span><b>\u00a0<\/b><\/li>\n<li aria-level=\"1\"><b>Manzano E. (2016). <\/b><span style=\"font-weight: 400;\">El mantenimiento y las luminarias LED en iluminaci\u00f3n urbana. Pag. 276-283, Memorias del XIII Congreso Panamericano de Iluminaci\u00f3n, La Serena, Chile, 23-25 Noviembre 2016. ISBN 978-956-368-059-1.\u00a0<\/span><\/li>\n<li aria-level=\"1\"><b>Rigali S., Manzano E, Raitelli M. (2016). <\/b><span style=\"font-weight: 400;\">Estimaci\u00f3n de indicadores de eficiencia y calidad de las instalaciones de alumbrado vial con tecnolog\u00eda tradicional y estado de s\u00f3lido (SSL). P\u00e1g. 89-95, Memorias del XIII Congreso Panamericano de Iluminaci\u00f3n, La Serena, Chile, 23-25 Noviembre 2016. ISBN 978-956-368-059-1.<\/span><\/li>\n<li aria-level=\"1\"><b>Preciado O., Manzano E. (2014).<\/b><span style=\"font-weight: 400;\"> Evaluaci\u00f3n de la eficiencia energ\u00e9tica en el alumbrado p\u00fablico. Actas de XII Confer\u00eancia Panamericana de Ilumina\u00e7\u00e3o. Pag. 77-84 ISSBN 978-85-86923-36-4 8. Editorial IEE Universidad de San Pablo, Brasil. Diciembre 2014.<\/span><\/li>\n<li aria-level=\"1\"><b>Sanhueza P., Galleguillos P., Rodr\u00edguez Rubke L., Manzano E., Raitielli M., Cabello A. (2014).<\/b><span style=\"font-weight: 400;\"> Regulaci\u00f3n de la contaminaci\u00f3n lum\u00ednica en el Norte de Chile. Actas de XII Confer\u00eancia Panamericana de Ilumina\u00e7\u00e3o. Pag. 287-290. ISSBN 978-85-86923-36-4 8. Editorial IEE Universidad de San Pablo, Brasil. Diciembre 2014.<\/span><\/li>\n<li aria-level=\"1\"><b>Manzano E., Raitelli M., Cabello A. , Sanhueza P., Galleguillos P., Rodr\u00edguez R\u00fcbke L., Calixto Burini E. (2014).<\/b> Requerimientos para luminarias de LED en iluminaci\u00f3n urbana. Actas de XII Confer\u00eancia Panamericana de Ilumina\u00e7\u00e3o. Pag. 57-62. ISSBN 978-85-86923-36-4 8. Editorial IEE Universidad de San Pablo, Brasil. Diciembre 2014.<\/li>\n<\/ul>\n<ul>\n<li style=\"list-style-type: none;\"><\/li>\n<\/ul>\n","protected":false},"excerpt":{"rendered":"<p>Es Doctor por la Universidad Polit\u00e9cnica de Catalu\u00f1a, Barcelona, Espa\u00f1a; Magister en Ingenier\u00eda\u00a0 e Ingeniero El\u00e9ctrico por la Universidad Nacional de Tucum\u00e1n.\u00a0 Becario del Consejo Brit\u00e1nico (1993-1994) en University of Liverpool, School of Architecture &amp; Building Engineering. Becario del FOMEC en la Universidad Polit\u00e9cnica de Catalu\u00f1a, Barcelona, Espa\u00f1a (1997-2001). Director del Departamento de Luminotecnia Luz [&hellip;]<\/p>\n","protected":false},"author":123476,"featured_media":0,"parent":0,"menu_order":0,"comment_status":"closed","ping_status":"closed","template":"templates\/template-full.php","meta":[],"_links":{"self":[{"href":"https:\/\/www.facet.unt.edu.ar\/disenoiluminacion\/wp-json\/wp\/v2\/pages\/2781"}],"collection":[{"href":"https:\/\/www.facet.unt.edu.ar\/disenoiluminacion\/wp-json\/wp\/v2\/pages"}],"about":[{"href":"https:\/\/www.facet.unt.edu.ar\/disenoiluminacion\/wp-json\/wp\/v2\/types\/page"}],"author":[{"embeddable":true,"href":"https:\/\/www.facet.unt.edu.ar\/disenoiluminacion\/wp-json\/wp\/v2\/users\/123476"}],"replies":[{"embeddable":true,"href":"https:\/\/www.facet.unt.edu.ar\/disenoiluminacion\/wp-json\/wp\/v2\/comments?post=2781"}],"version-history":[{"count":4,"href":"https:\/\/www.facet.unt.edu.ar\/disenoiluminacion\/wp-json\/wp\/v2\/pages\/2781\/revisions"}],"predecessor-version":[{"id":2830,"href":"https:\/\/www.facet.unt.edu.ar\/disenoiluminacion\/wp-json\/wp\/v2\/pages\/2781\/revisions\/2830"}],"wp:attachment":[{"href":"https:\/\/www.facet.unt.edu.ar\/disenoiluminacion\/wp-json\/wp\/v2\/media?parent=2781"}],"curies":[{"name":"wp","href":"https:\/\/api.w.org\/{rel}","templated":true}]}}