{"id":2809,"date":"2022-04-25T11:23:23","date_gmt":"2022-04-25T14:23:23","guid":{"rendered":"https:\/\/www.facet.unt.edu.ar\/disenoiluminacion\/?page_id=2809"},"modified":"2022-04-25T11:27:18","modified_gmt":"2022-04-25T14:27:18","slug":"mg-javier-enrique-santillan","status":"publish","type":"page","link":"https:\/\/www.facet.unt.edu.ar\/disenoiluminacion\/mg-javier-enrique-santillan\/","title":{"rendered":"Mg. Javier Enrique Santill\u00e1n"},"content":{"rendered":"<p><span style=\"font-weight: 400;\"><a href=\"https:\/\/www.facet.unt.edu.ar\/disenoiluminacion\/wp-content\/uploads\/sites\/89\/2022\/04\/13-J.-Santillan.jpg\"><img decoding=\"async\" loading=\"lazy\" class=\"alignleft wp-image-2794\" src=\"https:\/\/www.facet.unt.edu.ar\/disenoiluminacion\/wp-content\/uploads\/sites\/89\/2022\/04\/13-J.-Santillan.jpg\" alt=\"\" width=\"115\" height=\"115\" \/><\/a>Se gradu\u00f3 en la Facultad de Psicolog\u00eda de la UNT en 1998, realiz\u00f3 su Especializaci\u00f3n en Medio Ambiente Visual e Iluminaci\u00f3n Eficiente y sus estudios de Mag\u00edster en Percepci\u00f3n Visual en el Departamento de Luminotecnia, Luz y Visi\u00f3n de la Facultad de Ciencias Exactas y Tecnolog\u00eda de la UNT, para lo cual cont\u00f3 con becas otorgadas por la Secretar\u00eda de Ciencia y T\u00e9cnica de la UNT. Es \u201cDoutor em Ci\u00eancias\u201d en el \u00e1rea de la Psicobiolog\u00eda por la Universidad de S\u00e3o Paulo\u00a0(USP), Brasil, estudios de postgrado que fueron apoyados por la beca de la Coordena\u00e7\u00e3o de Aperfei\u00e7oamento de Pessoal de Ensino Superior para alumnos de Programas de Excelencia (CAPES ProEx) del gobierno brasilero la cual tambi\u00e9n incluy\u00f3 la formaci\u00f3n como profesor universitario (Programa PAE).<\/span><\/p>\n<p>&nbsp;<\/p>\n<p><span style=\"font-weight: 400;\">Se incorpor\u00f3 como Investigador del CONICET al Instituto de Investigaci\u00f3n en Luz, Ambiente y Visi\u00f3n (ILAV), perteneciente al Centro Cient\u00edfico Tecnol\u00f3gico (CCT) conformado por el CONICET y la UNT.<\/span><\/p>\n<p>&nbsp;<\/p>\n<p><span style=\"font-weight: 400;\">Se desempe\u00f1a como Profesor Adjunto en las asignaturas \u201cPercepci\u00f3n Visual\u201d y \u201cEfectos Visuales y no-visuales de la Iluminaci\u00f3n\u201d de la carrera de Dise\u00f1o de Iluminaci\u00f3n y en los cursos de\u00a0Postgrado en Luz y Visi\u00f3n del Departamento de Luminotecnia, Luz y Visi\u00f3n \u201cIng. Herberto C. B\u00fchler\u201d, donde colabora en las \u00e1reas vinculadas a la Neurociencia de la Visi\u00f3n y a la Psicolog\u00eda Experimental aplicada al dise\u00f1o (Diferencias individuales y Dise\u00f1o de iluminaci\u00f3n). Actualmente es Director de la Carrera de Dise\u00f1o de Iluminaci\u00f3n.\u00a0<\/span><\/p>\n<p>&nbsp;<\/p>\n<p><span style=\"font-weight: 400;\">Su inter\u00e9s es el estudio psicobiol\u00f3gico de los procesos perceptuales y motores aplicados principalmente al dise\u00f1o de iluminaci\u00f3n, sistemas de control e instrumentos de medici\u00f3n. Junto al equipo con el que colabora, ha sido distinguido con el premio INNOVAR 2006, otorgado por la Secretar\u00eda de Ciencia, Tecnolog\u00eda e Innovaci\u00f3n Productiva de la Naci\u00f3n, en la categor\u00eda \u201cInvestigaci\u00f3n Aplicada\u201d por la creaci\u00f3n de un equipo informatizado para la medici\u00f3n de funciones visuales.<\/span><\/p>\n<p><a href=\"https:\/\/www.facet.unt.edu.ar\/disenoiluminacion\/wp-content\/uploads\/sites\/89\/2022\/04\/correo-electronico.png\"><img decoding=\"async\" loading=\"lazy\" class=\"alignnone wp-image-2662\" src=\"https:\/\/www.facet.unt.edu.ar\/disenoiluminacion\/wp-content\/uploads\/sites\/89\/2022\/04\/correo-electronico.png\" alt=\"\" width=\"25\" height=\"25\" \/><\/a><\/p>\n<p><strong>jsantillan@herrera.unt.edu.ar<\/strong><\/p>\n","protected":false},"excerpt":{"rendered":"<p>Se gradu\u00f3 en la Facultad de Psicolog\u00eda de la UNT en 1998, realiz\u00f3 su Especializaci\u00f3n en Medio Ambiente Visual e Iluminaci\u00f3n Eficiente y sus estudios de Mag\u00edster en Percepci\u00f3n Visual en el Departamento de Luminotecnia, Luz y Visi\u00f3n de la Facultad de Ciencias Exactas y Tecnolog\u00eda de la UNT, para lo cual cont\u00f3 con becas [&hellip;]<\/p>\n","protected":false},"author":123476,"featured_media":0,"parent":0,"menu_order":0,"comment_status":"closed","ping_status":"closed","template":"templates\/template-full.php","meta":[],"_links":{"self":[{"href":"https:\/\/www.facet.unt.edu.ar\/disenoiluminacion\/wp-json\/wp\/v2\/pages\/2809"}],"collection":[{"href":"https:\/\/www.facet.unt.edu.ar\/disenoiluminacion\/wp-json\/wp\/v2\/pages"}],"about":[{"href":"https:\/\/www.facet.unt.edu.ar\/disenoiluminacion\/wp-json\/wp\/v2\/types\/page"}],"author":[{"embeddable":true,"href":"https:\/\/www.facet.unt.edu.ar\/disenoiluminacion\/wp-json\/wp\/v2\/users\/123476"}],"replies":[{"embeddable":true,"href":"https:\/\/www.facet.unt.edu.ar\/disenoiluminacion\/wp-json\/wp\/v2\/comments?post=2809"}],"version-history":[{"count":2,"href":"https:\/\/www.facet.unt.edu.ar\/disenoiluminacion\/wp-json\/wp\/v2\/pages\/2809\/revisions"}],"predecessor-version":[{"id":2811,"href":"https:\/\/www.facet.unt.edu.ar\/disenoiluminacion\/wp-json\/wp\/v2\/pages\/2809\/revisions\/2811"}],"wp:attachment":[{"href":"https:\/\/www.facet.unt.edu.ar\/disenoiluminacion\/wp-json\/wp\/v2\/media?parent=2809"}],"curies":[{"name":"wp","href":"https:\/\/api.w.org\/{rel}","templated":true}]}}