{"id":303,"date":"2015-10-16T17:09:46","date_gmt":"2015-10-16T20:09:46","guid":{"rendered":"https:\/\/www.facet.unt.edu.ar\/disenoiluminacion\/?page_id=303"},"modified":"2021-04-24T11:23:48","modified_gmt":"2021-04-24T14:23:48","slug":"adm-maestria-y-doctorado","status":"publish","type":"page","link":"https:\/\/www.facet.unt.edu.ar\/disenoiluminacion\/adm-maestria-y-doctorado\/","title":{"rendered":"INSCRIPCI\u00d3N A LA MAESTR\u00cdA Y AL DOCTORADO"},"content":{"rendered":"<div id=\"pl-303\"  class=\"panel-layout\" ><div id=\"pg-303-0\"  class=\"panel-grid panel-no-style\" ><div id=\"pgc-303-0-0\"  class=\"panel-grid-cell\" ><div id=\"panel-303-0-0-0\" class=\"so-panel widget widget_sow-editor panel-first-child panel-last-child\" data-index=\"0\" ><div\n\t\t\t\n\t\t\tclass=\"so-widget-sow-editor so-widget-sow-editor-base\"\n\t\t\t\n\t\t><h3 class=\"widget-title\">INSCRIPCI\u00d3N A LA MAESTR\u00cdA Y AL DOCTORADO<\/h3>\n<div class=\"siteorigin-widget-tinymce textwidget\">\n\t<hr \/>\n<p>Las carreras de Maestr\u00eda y Doctorado en la UNT tienen dos instancias: la primera es la admisi\u00f3n en la Unidad Acad\u00e9mica, y la segunda es la inscripci\u00f3n ante el Consejo de Posgrado de la UNT. Tener la admisi\u00f3n y\/o inscripci\u00f3n previa en otra carrera en la UNT, o un titulo de postgrado de la UNT, no eximen al candidato de una nueva presentaci\u00f3n.<\/p>\n<h3>Requisitos para la Inscripci\u00f3n en la Maestr\u00eda y el Doctorado<\/h3>\n<ul>\n<li><strong>Toda inscripci\u00f3n en la maestr\u00eda y el doctorado debe iniciarse <\/strong>dirigiendo una nota a la direcci\u00f3n de la carrera, acompa\u00f1ada por la siguiente documentaci\u00f3n:\n<ol>\n<li><span class=\"fontstyle0\">Copia del titulo legalizado por UNT. (Para el caso de extranjeros se debe adjuntar: Copia fiel de original a la vista, Apostillado de la Haya-Traducci\u00f3n al Castellano por traductor oficial.)<\/span>.<\/li>\n<li><span class=\"fontstyle0\">Curr\u00edculum Vitae con car\u00e1cter de declaraci\u00f3n jurada Actualizado, debe quedar establecido claramente el lugar de residencia, debe tener fecha y estar firmado en la ultima hoja por el candidato, en tinta azul, no debe tener m\u00e1s de 5 hojas y en caso de utilizar firma digital debe estar autenticada por el responsable de Posgrado.<\/span><\/li>\n<li><span class=\"fontstyle0\">Documento de Identidad Autenticado (Copia fiel de original a la vista).<\/span><\/li>\n<li><span class=\"fontstyle0\">Notificaci\u00f3n de estado de carrera ante CONEAU (Firmada por el alumno y Director de Posgrado, y con fecha)<\/span><\/li>\n<li><span class=\"fontstyle0\">Nota del director de carrera dirigida al Decano elevando la nota del alumno.<\/span><\/li>\n<li><span class=\"fontstyle0\">Adem\u00e1s, debe enviar v\u00eda email toda la Documentaci\u00f3n al Departamento Posgrado (postgrado_facet@herrera.unt.edu.ar).<\/span><\/li>\n<\/ol>\n<\/li>\n<\/ul>\n<p><strong>Consideraciones sobre la <em>copia de t\u00edtulo universitario<\/em> autenticada:<\/strong><\/p>\n<ul>\n<li><strong>Si el t\u00edtulo de grado fue expedido por la UNT<\/strong> debe ser legalizado por la Direcci\u00f3n de T\u00edtulos y Legalizaciones de la UNT.<\/li>\n<li><strong>Si el t\u00edtulo fue expedido por universidades nacionales<\/strong> deben ser legalizados por la instituci\u00f3n de origen.<\/li>\n<li><strong>Si el t\u00edtulo fue expedido por una universidad extranjera<\/strong> deber\u00e1 ser legalizados a trav\u00e9s de los Ministerios de Relaciones Exteriores y de Educaci\u00f3n, si se trata de un pa\u00eds adherido al Convenio de la Haya el t\u00edtulo requiere del apostillado de la Haya.<\/li>\n<\/ul>\n<\/div>\n<\/div><\/div><\/div><\/div><\/div>","protected":false},"excerpt":{"rendered":"<p>Las carreras de Maestr\u00eda y Doctorado en la UNT tienen dos instancias: la primera es la admisi\u00f3n en la Unidad Acad\u00e9mica, y la segunda es la inscripci\u00f3n ante el Consejo de Posgrado de la UNT. Tener la admisi\u00f3n y\/o inscripci\u00f3n previa en otra carrera en la UNT, o un titulo de postgrado de la UNT, [&hellip;]<\/p>\n","protected":false},"author":24,"featured_media":0,"parent":0,"menu_order":0,"comment_status":"closed","ping_status":"closed","template":"templates\/template-full-notitle.php","meta":[],"_links":{"self":[{"href":"https:\/\/www.facet.unt.edu.ar\/disenoiluminacion\/wp-json\/wp\/v2\/pages\/303"}],"collection":[{"href":"https:\/\/www.facet.unt.edu.ar\/disenoiluminacion\/wp-json\/wp\/v2\/pages"}],"about":[{"href":"https:\/\/www.facet.unt.edu.ar\/disenoiluminacion\/wp-json\/wp\/v2\/types\/page"}],"author":[{"embeddable":true,"href":"https:\/\/www.facet.unt.edu.ar\/disenoiluminacion\/wp-json\/wp\/v2\/users\/24"}],"replies":[{"embeddable":true,"href":"https:\/\/www.facet.unt.edu.ar\/disenoiluminacion\/wp-json\/wp\/v2\/comments?post=303"}],"version-history":[{"count":6,"href":"https:\/\/www.facet.unt.edu.ar\/disenoiluminacion\/wp-json\/wp\/v2\/pages\/303\/revisions"}],"predecessor-version":[{"id":2024,"href":"https:\/\/www.facet.unt.edu.ar\/disenoiluminacion\/wp-json\/wp\/v2\/pages\/303\/revisions\/2024"}],"wp:attachment":[{"href":"https:\/\/www.facet.unt.edu.ar\/disenoiluminacion\/wp-json\/wp\/v2\/media?parent=303"}],"curies":[{"name":"wp","href":"https:\/\/api.w.org\/{rel}","templated":true}]}}