{"id":3127,"date":"2022-11-03T10:14:07","date_gmt":"2022-11-03T13:14:07","guid":{"rendered":"https:\/\/www.facet.unt.edu.ar\/disenoiluminacion\/?page_id=3127"},"modified":"2022-11-15T10:54:36","modified_gmt":"2022-11-15T13:54:36","slug":"autoridades","status":"publish","type":"page","link":"https:\/\/www.facet.unt.edu.ar\/disenoiluminacion\/autoridades\/","title":{"rendered":"Autoridades"},"content":{"rendered":"<p><strong>Director de la carrera:<\/strong><\/p>\n<ul>\n<li>Mg. Ing. Alerto Cabello.<\/li>\n<\/ul>\n<p><strong>Comisi\u00f3n acad\u00e9mica:<\/strong><\/p>\n<ul>\n<li>Dra. Graciela Tonello.<\/li>\n<li>Mg. Ing. Sergio Ricardo Gor.<\/li>\n<li>Dr. Javier Santill\u00e1n.<\/li>\n<li>Dr. Diego Corregidor.<\/li>\n<li>Dr. Oscar U. Preciado.<\/li>\n<li>Dis. de Ilum. Sophia Heredia.<\/li>\n<li>Representante Estudiantil: Javier Dominguez.<\/li>\n<\/ul>\n<p><strong>Secretar\u00eda administrativa:<\/strong><\/p>\n<ul>\n<li>Graciela \u00c1lvarez<\/li>\n<\/ul>\n<p><strong>Bibliotecario:<\/strong><\/p>\n<ul>\n<li>Martin Ledesma<\/li>\n<\/ul>\n","protected":false},"excerpt":{"rendered":"<p>Director de la carrera: Mg. Ing. Alerto Cabello. Comisi\u00f3n acad\u00e9mica: Dra. Graciela Tonello. Mg. Ing. Sergio Ricardo Gor. Dr. Javier Santill\u00e1n. Dr. Diego Corregidor. Dr. Oscar U. Preciado. Dis. de Ilum. Sophia Heredia. Representante Estudiantil: Javier Dominguez. Secretar\u00eda administrativa: Graciela \u00c1lvarez Bibliotecario: Martin Ledesma<\/p>\n","protected":false},"author":123476,"featured_media":0,"parent":0,"menu_order":0,"comment_status":"closed","ping_status":"closed","template":"templates\/template-full.php","meta":[],"_links":{"self":[{"href":"https:\/\/www.facet.unt.edu.ar\/disenoiluminacion\/wp-json\/wp\/v2\/pages\/3127"}],"collection":[{"href":"https:\/\/www.facet.unt.edu.ar\/disenoiluminacion\/wp-json\/wp\/v2\/pages"}],"about":[{"href":"https:\/\/www.facet.unt.edu.ar\/disenoiluminacion\/wp-json\/wp\/v2\/types\/page"}],"author":[{"embeddable":true,"href":"https:\/\/www.facet.unt.edu.ar\/disenoiluminacion\/wp-json\/wp\/v2\/users\/123476"}],"replies":[{"embeddable":true,"href":"https:\/\/www.facet.unt.edu.ar\/disenoiluminacion\/wp-json\/wp\/v2\/comments?post=3127"}],"version-history":[{"count":4,"href":"https:\/\/www.facet.unt.edu.ar\/disenoiluminacion\/wp-json\/wp\/v2\/pages\/3127\/revisions"}],"predecessor-version":[{"id":3216,"href":"https:\/\/www.facet.unt.edu.ar\/disenoiluminacion\/wp-json\/wp\/v2\/pages\/3127\/revisions\/3216"}],"wp:attachment":[{"href":"https:\/\/www.facet.unt.edu.ar\/disenoiluminacion\/wp-json\/wp\/v2\/media?parent=3127"}],"curies":[{"name":"wp","href":"https:\/\/api.w.org\/{rel}","templated":true}]}}