{"id":3252,"date":"2023-04-18T11:59:40","date_gmt":"2023-04-18T14:59:40","guid":{"rendered":"https:\/\/www.facet.unt.edu.ar\/disenoiluminacion\/?page_id=3252"},"modified":"2023-05-11T15:00:12","modified_gmt":"2023-05-11T18:00:12","slug":"plan-de-estudio","status":"publish","type":"page","link":"https:\/\/www.facet.unt.edu.ar\/disenoiluminacion\/plan-de-estudio\/","title":{"rendered":"Plan de Estudio"},"content":{"rendered":"<p>&nbsp;<\/p>\n<div>\n<div>\n<table style=\"width: 92.9817%; height: 1032px;\">\n<tbody>\n<tr style=\"height: 48px;\">\n<td style=\"width: 5.44693%; height: 48px;\">A\u00d1O<\/td>\n<td style=\"width: 10.6145%; height: 48px;\">M\u00d3DULO<\/td>\n<td style=\"width: 53.6313%; height: 48px;\">MATERIA<\/td>\n<td style=\"width: 14.2458%; height: 48px;\">HS\/SEMANA<\/td>\n<td style=\"width: 14.1061%; height: 48px;\">HS TOTALES<\/td>\n<\/tr>\n<tr style=\"height: 24px;\">\n<td style=\"text-align: center; width: 5.44693%; height: 240px;\" rowspan=\"10\">&nbsp;<\/p>\n<p>&nbsp;<\/p>\n<p>&nbsp;<\/p>\n<p>&nbsp;<\/p>\n<p>1<\/td>\n<td style=\"text-align: center; width: 10.6145%; height: 120px;\" rowspan=\"5\">&nbsp;<\/p>\n<p>&nbsp;<\/p>\n<p>1<\/td>\n<td style=\"width: 53.6313%; height: 24px;\">Matem\u00e1ticas I<\/td>\n<td style=\"text-align: center; width: 14.2458%; height: 24px;\">6<\/td>\n<td style=\"text-align: center; width: 14.1061%; height: 24px;\">96<\/td>\n<\/tr>\n<tr style=\"height: 24px;\">\n<td style=\"width: 53.6313%; height: 24px;\">Laboratorio de F\u00edsica general<\/td>\n<td style=\"text-align: center; width: 14.2458%; height: 24px;\">6<\/td>\n<td style=\"text-align: center; width: 14.1061%; height: 24px;\">96<\/td>\n<\/tr>\n<tr style=\"height: 24px;\">\n<td style=\"width: 53.6313%; height: 24px;\">Medio ambiente Visual<\/td>\n<td style=\"text-align: center; width: 14.2458%; height: 24px;\">4<\/td>\n<td style=\"text-align: center; width: 14.1061%; height: 24px;\">64<\/td>\n<\/tr>\n<tr style=\"height: 24px;\">\n<td style=\"width: 53.6313%; height: 24px;\">Laboratorio de Computaci\u00f3n<\/td>\n<td style=\"text-align: center; width: 14.2458%; height: 24px;\">4<\/td>\n<td style=\"text-align: center; width: 14.1061%; height: 24px;\">64<\/td>\n<\/tr>\n<tr style=\"height: 24px;\">\n<td style=\"width: 53.6313%; height: 24px;\">Representaci\u00f3n Gr\u00e1fica (Dibujo)<\/td>\n<td style=\"text-align: center; width: 14.2458%; height: 24px;\">4<\/td>\n<td style=\"text-align: center; width: 14.1061%; height: 24px;\">64<\/td>\n<\/tr>\n<tr style=\"height: 24px;\">\n<td style=\"text-align: center; width: 10.6145%; height: 120px;\" rowspan=\"5\">&nbsp;<\/p>\n<p>&nbsp;<\/p>\n<p>2<\/td>\n<td style=\"width: 53.6313%; height: 24px;\">Laboratorio de Circuitos El\u00e9ctricos<\/td>\n<td style=\"text-align: center; width: 14.2458%; height: 24px;\">6<\/td>\n<td style=\"text-align: center; width: 14.1061%; height: 24px;\">96<\/td>\n<\/tr>\n<tr style=\"height: 24px;\">\n<td style=\"width: 53.6313%; height: 24px;\">Laboratorio de \u00d3ptica e Iluminaci\u00f3n<\/td>\n<td style=\"text-align: center; width: 14.2458%; height: 24px;\">5<\/td>\n<td style=\"text-align: center; width: 14.1061%; height: 24px;\">80<\/td>\n<\/tr>\n<tr style=\"height: 24px;\">\n<td style=\"width: 53.6313%; height: 24px;\">Efectos visuales y no visuales de la iluminaci\u00f3n<\/td>\n<td style=\"text-align: center; width: 14.2458%; height: 24px;\">5<\/td>\n<td style=\"text-align: center; width: 14.1061%; height: 24px;\">80<\/td>\n<\/tr>\n<tr style=\"height: 24px;\">\n<td style=\"width: 53.6313%; height: 24px;\">Laboratorio de Fotometr\u00eda<\/td>\n<td style=\"text-align: center; width: 14.2458%; height: 24px;\">5<\/td>\n<td style=\"text-align: center; width: 14.1061%; height: 24px;\">80<\/td>\n<\/tr>\n<tr style=\"height: 24px;\">\n<td style=\"width: 53.6313%; height: 24px;\">Dise\u00f1o Asistido por computadora<\/td>\n<td style=\"text-align: center; width: 14.2458%; height: 24px;\">4<\/td>\n<td style=\"text-align: center; width: 14.1061%; height: 24px;\">64<\/td>\n<\/tr>\n<tr style=\"height: 24px;\">\n<td style=\"text-align: center; width: 5.44693%; height: 240px;\" rowspan=\"10\">&nbsp;<\/p>\n<p>&nbsp;<\/p>\n<p>&nbsp;<\/p>\n<p>&nbsp;<\/p>\n<p>2<\/td>\n<td style=\"text-align: center; width: 10.6145%; height: 120px;\" rowspan=\"5\">&nbsp;<\/p>\n<p>&nbsp;<\/p>\n<p>3<\/td>\n<td style=\"width: 53.6313%; height: 24px;\">Taller: Instalaciones El\u00e9ctricas I<\/td>\n<td style=\"text-align: center; width: 14.2458%; height: 24px;\">4<\/td>\n<td style=\"text-align: center; width: 14.1061%; height: 24px;\">64<\/td>\n<\/tr>\n<tr style=\"height: 24px;\">\n<td style=\"width: 53.6313%; height: 24px;\">Fuentes de luz, Luminarias y Equipos Auxiliares<\/td>\n<td style=\"text-align: center; width: 14.2458%; height: 24px;\">5<\/td>\n<td style=\"text-align: center; width: 14.1061%; height: 24px;\">80<\/td>\n<\/tr>\n<tr style=\"height: 24px;\">\n<td style=\"width: 53.6313%; height: 24px;\">Bases del dise\u00f1o de Iluminaci\u00f3n de interiores<\/td>\n<td style=\"text-align: center; width: 14.2458%; height: 24px;\">5<\/td>\n<td style=\"text-align: center; width: 14.1061%; height: 24px;\">80<\/td>\n<\/tr>\n<tr style=\"height: 24px;\">\n<td style=\"width: 53.6313%; height: 24px;\">Bases del dise\u00f1o de Iluminaci\u00f3n de exteriores<\/td>\n<td style=\"text-align: center; width: 14.2458%; height: 24px;\">5<\/td>\n<td style=\"text-align: center; width: 14.1061%; height: 24px;\">80<\/td>\n<\/tr>\n<tr style=\"height: 24px;\">\n<td style=\"width: 53.6313%; height: 24px;\">Ingl\u00e9s I<\/td>\n<td style=\"text-align: center; width: 14.2458%; height: 24px;\">4<\/td>\n<td style=\"text-align: center; width: 14.1061%; height: 24px;\">64<\/td>\n<\/tr>\n<tr style=\"height: 24px;\">\n<td style=\"text-align: center; width: 10.6145%; height: 120px;\" rowspan=\"5\">&nbsp;<\/p>\n<p>&nbsp;<\/p>\n<p>4<\/td>\n<td style=\"width: 53.6313%; height: 24px;\">Laboratorio de Electr\u00f3nica<\/td>\n<td style=\"text-align: center; width: 14.2458%; height: 24px;\">4<\/td>\n<td style=\"text-align: center; width: 14.1061%; height: 24px;\">64<\/td>\n<\/tr>\n<tr style=\"height: 24px;\">\n<td style=\"width: 53.6313%; height: 24px;\">Taller: Gesti\u00f3n de proyectos<\/td>\n<td style=\"text-align: center; width: 14.2458%; height: 24px;\">3<\/td>\n<td style=\"text-align: center; width: 14.1061%; height: 24px;\">48<\/td>\n<\/tr>\n<tr style=\"height: 24px;\">\n<td style=\"width: 53.6313%; height: 24px;\">Taller: Iluminaci\u00f3n de interiores<\/td>\n<td style=\"text-align: center; width: 14.2458%; height: 24px;\">6<\/td>\n<td style=\"text-align: center; width: 14.1061%; height: 24px;\">96<\/td>\n<\/tr>\n<tr style=\"height: 24px;\">\n<td style=\"width: 53.6313%; height: 24px;\">Taller: Iluminaci\u00f3n de exteriores<\/td>\n<td style=\"text-align: center; width: 14.2458%; height: 24px;\">6<\/td>\n<td style=\"text-align: center; width: 14.1061%; height: 24px;\">96<\/td>\n<\/tr>\n<tr style=\"height: 24px;\">\n<td style=\"width: 53.6313%; height: 24px;\">Ingl\u00e9s II<\/td>\n<td style=\"text-align: center; width: 14.2458%; height: 24px;\">4<\/td>\n<td style=\"text-align: center; width: 14.1061%; height: 24px;\">64<\/td>\n<\/tr>\n<tr style=\"height: 24px;\">\n<td style=\"text-align: center; width: 5.44693%; height: 240px;\" rowspan=\"10\">&nbsp;<\/p>\n<p>&nbsp;<\/p>\n<p>&nbsp;<\/p>\n<p>&nbsp;<\/p>\n<p>3<\/td>\n<td style=\"text-align: center; width: 10.6145%; height: 120px;\" rowspan=\"5\">&nbsp;<\/p>\n<p>&nbsp;<\/p>\n<p>5<\/td>\n<td style=\"width: 53.6313%; height: 24px;\">Matem\u00e1ticas II<\/td>\n<td style=\"text-align: center; width: 14.2458%; height: 24px;\">6<\/td>\n<td style=\"text-align: center; width: 14.1061%; height: 24px;\">96<\/td>\n<\/tr>\n<tr style=\"height: 24px;\">\n<td style=\"width: 53.6313%; height: 24px;\">Estad\u00edstica descriptiva<\/td>\n<td style=\"text-align: center; width: 14.2458%; height: 24px;\">3<\/td>\n<td style=\"text-align: center; width: 14.1061%; height: 24px;\">48<\/td>\n<\/tr>\n<tr style=\"height: 24px;\">\n<td style=\"width: 53.6313%; height: 24px;\">Acondicionamiento Ambiental<\/td>\n<td style=\"text-align: center; width: 14.2458%; height: 24px;\">5<\/td>\n<td style=\"text-align: center; width: 14.1061%; height: 24px;\">80<\/td>\n<\/tr>\n<tr style=\"height: 24px;\">\n<td style=\"width: 53.6313%; height: 24px;\">Percepci\u00f3n Visual<\/td>\n<td style=\"text-align: center; width: 14.2458%; height: 24px;\">4<\/td>\n<td style=\"text-align: center; width: 14.1061%; height: 24px;\">64<\/td>\n<\/tr>\n<tr style=\"height: 24px;\">\n<td style=\"width: 53.6313%; height: 24px;\">Lenguaje arquitect\u00f3nico<\/td>\n<td style=\"text-align: center; width: 14.2458%; height: 24px;\">4<\/td>\n<td style=\"text-align: center; width: 14.1061%; height: 24px;\">64<\/td>\n<\/tr>\n<tr style=\"height: 24px;\">\n<td style=\"text-align: center; width: 10.6145%; height: 120px;\" rowspan=\"5\">&nbsp;<\/p>\n<p>&nbsp;<\/p>\n<p>6<\/td>\n<td style=\"width: 53.6313%; height: 24px;\">Laboratorio de Radiometr\u00eda y colorimetr\u00eda<\/td>\n<td style=\"text-align: center; width: 14.2458%; height: 24px;\">6<\/td>\n<td style=\"text-align: center; width: 14.1061%; height: 24px;\">96<\/td>\n<\/tr>\n<tr style=\"height: 24px;\">\n<td style=\"width: 53.6313%; height: 24px;\">Iluminaci\u00f3n natural<\/td>\n<td style=\"text-align: center; width: 14.2458%; height: 24px;\">5<\/td>\n<td style=\"text-align: center; width: 14.1061%; height: 24px;\">80<\/td>\n<\/tr>\n<tr style=\"height: 24px;\">\n<td style=\"width: 53.6313%; height: 24px;\">Psicolog\u00eda Ambiental<\/td>\n<td style=\"text-align: center; width: 14.2458%; height: 24px;\">5<\/td>\n<td style=\"text-align: center; width: 14.1061%; height: 24px;\">80<\/td>\n<\/tr>\n<tr style=\"height: 24px;\">\n<td style=\"width: 53.6313%; height: 24px;\">La luz en la historia de la arquitectura<\/td>\n<td style=\"text-align: center; width: 14.2458%; height: 24px;\">4<\/td>\n<td style=\"text-align: center; width: 14.1061%; height: 24px;\">64<\/td>\n<\/tr>\n<tr style=\"height: 24px;\">\n<td style=\"width: 53.6313%; height: 24px;\">Ingl\u00e9s III<\/td>\n<td style=\"text-align: center; width: 14.2458%; height: 24px;\">3<\/td>\n<td style=\"text-align: center; width: 14.1061%; height: 24px;\">48<\/td>\n<\/tr>\n<tr style=\"height: 24px;\">\n<td style=\"text-align: center; width: 5.44693%; height: 264px;\" rowspan=\"10\">&nbsp;<\/p>\n<p>&nbsp;<\/p>\n<p>&nbsp;<\/p>\n<p>&nbsp;<\/p>\n<p>4<\/td>\n<td style=\"text-align: center; width: 10.6145%; height: 120px;\" rowspan=\"5\">&nbsp;<\/p>\n<p>&nbsp;<\/p>\n<p>7<\/td>\n<td style=\"width: 53.6313%; height: 24px;\">Taller: Instalaciones El\u00e9ctricas II<\/td>\n<td style=\"text-align: center; width: 14.2458%; height: 24px;\">5<\/td>\n<td style=\"text-align: center; width: 14.1061%; height: 24px;\">80<\/td>\n<\/tr>\n<tr style=\"height: 24px;\">\n<td style=\"width: 53.6313%; height: 24px;\">Dise\u00f1o de Iluminaci\u00f3n de Interiores<\/td>\n<td style=\"text-align: center; width: 14.2458%; height: 24px;\">6<\/td>\n<td style=\"text-align: center; width: 14.1061%; height: 24px;\">96<\/td>\n<\/tr>\n<tr style=\"height: 24px;\">\n<td style=\"width: 53.6313%; height: 24px;\">Dise\u00f1o de Iluminaci\u00f3n de Exteriores<\/td>\n<td style=\"text-align: center; width: 14.2458%; height: 24px;\">6<\/td>\n<td style=\"text-align: center; width: 14.1061%; height: 24px;\">96<\/td>\n<\/tr>\n<tr style=\"height: 24px;\">\n<td style=\"width: 53.6313%; height: 24px;\">Ciencia, Tecnolog\u00eda y Sociedad<\/td>\n<td style=\"text-align: center; width: 14.2458%; height: 24px;\">4<\/td>\n<td style=\"text-align: center; width: 14.1061%; height: 24px;\">64<\/td>\n<\/tr>\n<tr style=\"height: 24px;\">\n<td style=\"width: 53.6313%; height: 24px;\">Ingl\u00e9s IV<\/td>\n<td style=\"text-align: center; width: 14.2458%; height: 24px;\">3<\/td>\n<td style=\"text-align: center; width: 14.1061%; height: 24px;\">48<\/td>\n<\/tr>\n<tr style=\"height: 24px;\">\n<td style=\"text-align: center; width: 10.6145%; height: 144px;\" rowspan=\"5\">&nbsp;<\/p>\n<p>&nbsp;<\/p>\n<p>8<\/td>\n<td style=\"width: 53.6313%; height: 24px;\">Taller: Dise\u00f1o integrado de Iluminaci\u00f3n de Interiores<\/td>\n<td style=\"text-align: center; width: 14.2458%; height: 24px;\">7<\/td>\n<td style=\"text-align: center; width: 14.1061%; height: 24px;\">112<\/td>\n<\/tr>\n<tr style=\"height: 48px;\">\n<td style=\"width: 53.6313%; height: 48px;\">Taller: Dise\u00f1o integrado de Iluminaci\u00f3n de Exteriores<\/td>\n<td style=\"text-align: center; width: 14.2458%; height: 48px;\">7<\/td>\n<td style=\"text-align: center; width: 14.1061%; height: 48px;\">112<\/td>\n<\/tr>\n<tr style=\"height: 24px;\">\n<td style=\"width: 53.6313%; height: 24px;\">Iluminaci\u00f3n y contexto<\/td>\n<td style=\"text-align: center; width: 14.2458%; height: 24px;\">3<\/td>\n<td style=\"text-align: center; width: 14.1061%; height: 24px;\">48<\/td>\n<\/tr>\n<tr style=\"height: 24px;\">\n<td style=\"width: 53.6313%; height: 24px;\">Electiva I<\/td>\n<td style=\"text-align: center; width: 14.2458%; height: 24px;\">3<\/td>\n<td style=\"text-align: center; width: 14.1061%; height: 24px;\">48<\/td>\n<\/tr>\n<tr style=\"height: 24px;\">\n<td style=\"width: 53.6313%; height: 24px;\">Electiva II<\/td>\n<td style=\"text-align: center; width: 14.2458%; height: 24px;\">3<\/td>\n<td style=\"text-align: center; width: 14.1061%; height: 24px;\">48<\/td>\n<\/tr>\n<\/tbody>\n<\/table>\n<\/div>\n<\/div>\n","protected":false},"excerpt":{"rendered":"<p>&nbsp; A\u00d1O M\u00d3DULO MATERIA HS\/SEMANA HS TOTALES &nbsp; &nbsp; &nbsp; &nbsp; 1 &nbsp; &nbsp; 1 Matem\u00e1ticas I 6 96 Laboratorio de F\u00edsica general 6 96 Medio ambiente Visual 4 64 Laboratorio de Computaci\u00f3n 4 64 Representaci\u00f3n Gr\u00e1fica (Dibujo) 4 64 &nbsp; &nbsp; 2 Laboratorio de Circuitos El\u00e9ctricos 6 96 Laboratorio de \u00d3ptica e Iluminaci\u00f3n 5 [&hellip;]<\/p>\n","protected":false},"author":123476,"featured_media":0,"parent":0,"menu_order":0,"comment_status":"closed","ping_status":"closed","template":"templates\/template-full.php","meta":[],"_links":{"self":[{"href":"https:\/\/www.facet.unt.edu.ar\/disenoiluminacion\/wp-json\/wp\/v2\/pages\/3252"}],"collection":[{"href":"https:\/\/www.facet.unt.edu.ar\/disenoiluminacion\/wp-json\/wp\/v2\/pages"}],"about":[{"href":"https:\/\/www.facet.unt.edu.ar\/disenoiluminacion\/wp-json\/wp\/v2\/types\/page"}],"author":[{"embeddable":true,"href":"https:\/\/www.facet.unt.edu.ar\/disenoiluminacion\/wp-json\/wp\/v2\/users\/123476"}],"replies":[{"embeddable":true,"href":"https:\/\/www.facet.unt.edu.ar\/disenoiluminacion\/wp-json\/wp\/v2\/comments?post=3252"}],"version-history":[{"count":7,"href":"https:\/\/www.facet.unt.edu.ar\/disenoiluminacion\/wp-json\/wp\/v2\/pages\/3252\/revisions"}],"predecessor-version":[{"id":3262,"href":"https:\/\/www.facet.unt.edu.ar\/disenoiluminacion\/wp-json\/wp\/v2\/pages\/3252\/revisions\/3262"}],"wp:attachment":[{"href":"https:\/\/www.facet.unt.edu.ar\/disenoiluminacion\/wp-json\/wp\/v2\/media?parent=3252"}],"curies":[{"name":"wp","href":"https:\/\/api.w.org\/{rel}","templated":true}]}}