{"id":3277,"date":"2023-05-23T11:20:14","date_gmt":"2023-05-23T14:20:14","guid":{"rendered":"https:\/\/www.facet.unt.edu.ar\/disenoiluminacion\/?page_id=3277"},"modified":"2023-05-23T11:27:34","modified_gmt":"2023-05-23T14:27:34","slug":"mg-ing-alberto-cabello","status":"publish","type":"page","link":"https:\/\/www.facet.unt.edu.ar\/disenoiluminacion\/mg-ing-alberto-cabello\/","title":{"rendered":"Mg. Ing. Alberto Cabello"},"content":{"rendered":"<p><span style=\"font-weight: 400;\"><a href=\"https:\/\/www.facet.unt.edu.ar\/disenoiluminacion\/wp-content\/uploads\/sites\/89\/2015\/11\/acabello2.jpg\"><img decoding=\"async\" loading=\"lazy\" class=\"wp-image-388 alignleft\" src=\"https:\/\/www.facet.unt.edu.ar\/disenoiluminacion\/wp-content\/uploads\/sites\/89\/2015\/11\/acabello2-300x300.jpg\" alt=\"\" width=\"150\" height=\"150\" srcset=\"https:\/\/www.facet.unt.edu.ar\/disenoiluminacion\/wp-content\/uploads\/sites\/89\/2015\/11\/acabello2-300x300.jpg 300w, https:\/\/www.facet.unt.edu.ar\/disenoiluminacion\/wp-content\/uploads\/sites\/89\/2015\/11\/acabello2-150x150.jpg 150w, https:\/\/www.facet.unt.edu.ar\/disenoiluminacion\/wp-content\/uploads\/sites\/89\/2015\/11\/acabello2.jpg 361w\" sizes=\"(max-width: 150px) 100vw, 150px\" \/><\/a>Graduado como Ingeniero Electricista en el entonces Instituto de Ingenier\u00eda El\u00e9ctrica de la Universidad Nacional de Tucum\u00e1n (FACET-UNT) en 1987, y obtuvo el t\u00edtulo de posgrado Mag\u00edster en Luminotecnia en el Dpto de Luminotecnia, Luz y Visi\u00f3n de la UNT en 1997. Actualmente es Profesor Asociado con dedicaci\u00f3n exclusiva en el Departamento de Luminotecnia, Luz y Visi\u00f3n de la UNT y miembro investigador del Instituto de Luz, Ambiente y Visi\u00f3n (ILAV) del CONICET. Actual responsable cient\u00edfico del Laboratorio de Fotogoniometr\u00eda del ILAV.\u00a0<\/span><\/p>\n<p><span style=\"font-weight: 400;\">Actualmente se desempe\u00f1a como director de la carrera de grado \u201cDise\u00f1o de iluminaci\u00f3n\u201d del Dpto. de Luminotecnia, Luz y Visi\u00f3n de la facultad de Ciencias Exactas y Tecnolog\u00eda.<\/span><\/p>\n<p><span style=\"font-weight: 400;\">En la carrera de grado \u201cDise\u00f1o de iluminaci\u00f3n\u201d es docente responsable de las asignaturas \u201cFuentes de Luz, Luminarias y Equipos Auxiliares\u201d, \u201cBases del Dise\u00f1o de iluminaci\u00f3n de Exteriores\u201d, \u201cTaller: iluminaci\u00f3n de Exteriores\u201d y la electiva \u201cIluminaci\u00f3n Industrial\u201d. Participa como docente colaborador en las asignaturas \u201cMedioambiente Visual\u201d y \u201cDise\u00f1o de iluminaci\u00f3n de Exteriores\u201d, mientras que en la carrera de posgrado \u201cEspecializaci\u00f3n en Medio Ambiente Visual e iluminaci\u00f3n Eficiente\u201d (MAVILE), es responsable del curso \u201cProducci\u00f3n de la Luz y Control \u00d3ptico\u201d y colabora en el dictado del curso \u201cDise\u00f1o de sistemas de iluminaci\u00f3n de exteriores. Alumbrado P\u00fablico. Monumentos, etc.\u201d<\/span><\/p>\n<p><span style=\"font-weight: 400;\">Sus temas de investigaci\u00f3n incluyen estudios sobre la interacci\u00f3n del Alumbrado Urbano con el arbolado, la Poluci\u00f3n Lum\u00ednica y la Eficiencia Energ\u00e9tica de instalaciones de alumbrado.<\/span><\/p>\n<p><a href=\"https:\/\/www.facet.unt.edu.ar\/luminotecnia\/wp-content\/uploads\/sites\/15\/2022\/03\/email.png\"><img decoding=\"async\" loading=\"lazy\" class=\"alignnone wp-image-2415\" src=\"https:\/\/www.facet.unt.edu.ar\/luminotecnia\/wp-content\/uploads\/sites\/15\/2022\/03\/email.png\" alt=\"\" width=\"25\" height=\"25\" \/><\/a><\/p>\n<p><strong>acabello@herrera.unt.edu.ar<\/strong><\/p>\n<p><a href=\"https:\/\/www.facet.unt.edu.ar\/luminotecnia\/wp-content\/uploads\/sites\/15\/2022\/04\/open-book.png\"><img decoding=\"async\" loading=\"lazy\" class=\"alignnone wp-image-2766\" src=\"https:\/\/www.facet.unt.edu.ar\/luminotecnia\/wp-content\/uploads\/sites\/15\/2022\/04\/open-book.png\" alt=\"\" width=\"45\" height=\"45\" \/><\/a><\/p>\n<p><b>PUBLICACIONES<\/b><\/p>\n<ul>\n<li style=\"font-weight: 400;\" aria-level=\"1\"><span style=\"font-weight: 400;\">Cabello A.J., Kirschbaum C.F. \u201cModelling the urban light pollution\u201d, 2000 IESNA Annual Conference Proceedings, pp 67-80, July 31- August 2, 2000, Washington D.C.<\/span><\/li>\n<\/ul>\n<p>&nbsp;<\/p>\n<ul>\n<li style=\"font-weight: 400;\" aria-level=\"1\"><span style=\"font-weight: 400;\">Cabello A.J., Glez. Vizmanos J.L., Kirschbaum C.F.,\u201dDesarrollo de un M\u00e9todo para Caracterizar la Reflectancia de Superficies No Lambertianas\u201d, Anales de la 88\u00aa Reunion Nacional de F\u00edsica AFA 2003 -Asociaci\u00f3n de F\u00edsica de la Argentina\u2013 Vol.15, pp.102-110, Bariloche, Argentina, 2003.<\/span><\/li>\n<\/ul>\n<p>&nbsp;<\/p>\n<ul>\n<li style=\"font-weight: 400;\" aria-level=\"1\"><span style=\"font-weight: 400;\">\u00a0\u00a0\u00a0Manzano E., Cabello A., \u201cEvaluaci\u00f3n de la Poluci\u00f3n Lum\u00ednica Urbana\u201d. Revista Luminotecnia,\u00a0 N\u00ba 79,\u00a0 pp. 118-124, ed. AADL, Buenos Aires, septiembre 2005.13.<\/span><\/li>\n<\/ul>\n<p>&nbsp;<\/p>\n<ul>\n<li style=\"font-weight: 400;\" aria-level=\"1\"><span style=\"font-weight: 400;\">\u00a0\u00a0\u00a0Cabello A, Kirschbaum C., Lighting Pollution and Intrusive Light Evaluation in Residential and Rural Areas, Proc. Conferencia Internacional STARLIGHT, 329-338. Ed. Cipriano Mar\u00edn &amp; Jafar Safari, isla de La Palma, Espa\u00f1a, 19 y 20 de abril de 2007.\u00a0<\/span><\/li>\n<\/ul>\n<p>&nbsp;<\/p>\n<ul>\n<li style=\"font-weight: 400;\" aria-level=\"1\"><span style=\"font-weight: 400;\">Mattivi M., Cabello A., Kirschbaum C.,Impacto del Alumbrado P\u00fablico en la Atracci\u00f3n de Insectos en \u00c1reas Subtropicales, Luminotecnia N\u00ba 89, ed. AADL.,ISSN 0325 \u2013 2558, 2008.<\/span><\/li>\n<\/ul>\n<p>&nbsp;<\/p>\n<ul>\n<li style=\"font-weight: 400;\" aria-level=\"1\"><span style=\"font-weight: 400;\">\u00a0\u00a0\u00a0Cabello A., Kirschbaum C., \u201cEstimation of Wasted Energy by Light Pollution in Urban and Rural Areas\u201d. P\u00f3ster presentado en CIE 2010 &#8211; Lighting Quality &amp; Energy Efficiency&#8221; Conference, \u00a0 Vienna (Austria), 14 al 17 de marzo de 2010<\/span><\/li>\n<\/ul>\n<p>&nbsp;<\/p>\n<ul>\n<li style=\"font-weight: 400;\" aria-level=\"1\"><span style=\"font-weight: 400;\">\u00a0\u00a0\u00a0Carlos Kirschbaum; Alberto Cabello; Alfredo Grau; Alejandra M. Kortsarz. El Alumbrado P\u00fablico y los \u00c1rboles. Cap\u00edtulo 9 de \u201cGu\u00eda de arbolado de Tucum\u00e1n\u201d \u2013 1\u00aa edici\u00f3n. San Miguel de Tucum\u00e1n: EdUNT. 2012. pp.69 &#8211; 95. <\/span><span style=\"font-weight: 400;\">ISBN<\/span><span style=\"font-weight: 400;\"> 978-950-554-721-0<\/span><\/li>\n<\/ul>\n<p>&nbsp;<\/p>\n<ul>\n<li style=\"font-weight: 400;\" aria-level=\"1\"><span style=\"font-weight: 400;\">Sanhueza P., Galleguillos P., Rodr\u00edguez Rubke L., Manzano E., Raitielli M., Cabello A. (2014).\u00a0Regulaci\u00f3n de la contaminaci\u00f3n lum\u00ednica en el Norte de Chile. Actas de XII Confer\u00eancia Panamericana de Ilumina\u00e7\u00e3o. Pag. 287-290. ISSBN 978-85-86923-36-4 8. Editorial IEE Universidad de San Pablo, Brasil. Diciembre 2014.<\/span><\/li>\n<\/ul>\n<p>&nbsp;<\/p>\n<ul>\n<li style=\"font-weight: 400;\" aria-level=\"1\"><span style=\"font-weight: 400;\">Cabello A.J., Raitelli M.R. \u201cEstimaci\u00f3n del factor de Mantenimiento del Sistema de Iluminaci\u00f3n de una Concesi\u00f3n Vial. Partes 1, 2, 3, y 4\u201d. Publicadas en la Revista LUMINOTECNIA, ed. AADL N\u00ba 123, julio\/agosto 2014, pp.40-45 (parte1), N\u00ba 124, septiembre\/octubre 2014, pp.36-39 (Parte 2), N\u00ba 125, noviembre\/diciembre 2014, pp.30-35 (Parte 3) y N\u00ba 126, Marzo\/abril 2015, pp.24-29 (parte 4), ISSN 0325 \u2013 2558, Buenos Aires 2014 al 2015.<\/span><\/li>\n<\/ul>\n<p>&nbsp;<\/p>\n<ul>\n<li style=\"font-weight: 400;\" aria-level=\"1\"><span style=\"font-weight: 400;\">Manzano E., Raitelli M., Cabello A., Sanhueza P., Galleguillos P., Rodr\u00edguez R\u00fcbke L., Calixto Burini E. \u201cRequerimientos de calidad para luminarias LED en iluminaci\u00f3n urbana\u201d, Revista LUMINOTECNIA, ed. AADL., N\u00ba 130, Nov.\/dic.2015, pp.46-54, ISSN 0325 \u2013 2558, Buenos Aires 2015.<\/span><\/li>\n<\/ul>\n<p>&nbsp;<\/p>\n<ul>\n<li style=\"font-weight: 400;\" aria-level=\"1\"><span style=\"font-weight: 400;\">Cabello A., Esp\u00edn F., Manzano E., Raitelli M. (2016). M\u00e9todo de comparaci\u00f3n y ajuste entre valores medidos y calculados en instalaciones de alumbrado vial.\u00a0 P\u00e1g. 216-222, Memorias del XIII Congreso Panamericano de Iluminaci\u00f3n, La Serena, Chile, 23-25 noviembre 2016. ISBN 978-956-368-059-1.<\/span><\/li>\n<\/ul>\n<p>&nbsp;<\/p>\n<ul>\n<li style=\"font-weight: 400;\" aria-level=\"1\"><span style=\"font-weight: 400;\">Cabello A., Amado C. \u201cEvaluaci\u00f3n de la Poluci\u00f3n Lum\u00ednica por Luz Reflejada en Superficies Urbanas mediante un M\u00e9todo de Simulaci\u00f3n\u201d. Memorias LUXAMERICA 2016, pp.117-123 \u2013 ISBN 978-956-368-059-1. Editado por la Fundaci\u00f3n Chilena de Luminotecnia, Santiago de Chile, noviembre 2016.<\/span><\/li>\n<\/ul>\n<p>&nbsp;<\/p>\n<ul>\n<li style=\"font-weight: 400;\" aria-level=\"1\"><span style=\"font-weight: 400;\">Manzano E., Cabello A., Raitelli, Preciado O., Guzm\u00e1n C., Mockey I. Carlorosi M., Esp\u00edn F., Galleguillos P. Rigali S., Deco F., Cardozo E., Del Negro L. (2018).\u00a0\u00a0Eficiencia en la Iluminaci\u00f3n de espacios urbanos. Libro editado por EDUNT, registrado con ISBN 978-987-754-147-2. 148 p\u00e1ginas.\u00a0<\/span><a href=\"http:\/\/www.facet.unt.edu.ar\/luminotecnia\/libro-eficiencia-en-la-iluminacion-de-espacios-urbanos\/\"><span style=\"font-weight: 400;\">www.facet.unt.edu.ar\/luminotecnia\/libro-eficiencia-en-la-iluminacion-de-espacios-urbanos\/<\/span><\/a><\/li>\n<\/ul>\n<p>&nbsp;<\/p>\n<ul>\n<li style=\"font-weight: 400;\" aria-level=\"1\"><span style=\"font-weight: 400;\">Cabello A., Heredia S., Raitelli M.,(2018).\u201cPropuesta de Etiquetado Global de Eficiencia Energ\u00e9tica y Fotom\u00e9trica de Luminarias LEDs para Interiores\u201d. Revista Luminotecnia N\u00ba 141, pp.44-51. ed. AADL., marzo\/abril 2018. ISSN 0325 \u2013 2558<\/span><\/li>\n<\/ul>\n<p>&nbsp;<\/p>\n<ul>\n<li style=\"font-weight: 400;\" aria-level=\"1\"><span style=\"font-weight: 400;\">Cabello A., Heredia S., Manzano E.,(2019).\u201c Propuesta de Etiquetado de Eficiencia Global de Luminarias LEDs para Alumbrado Vial\u201d. Revista Luminotecnia N\u00ba 144, pp.42-49. ed. AADL., Noviembre\/diciembre 2018. ISSN 0325 \u2013 2558<\/span><\/li>\n<\/ul>\n","protected":false},"excerpt":{"rendered":"<p>Graduado como Ingeniero Electricista en el entonces Instituto de Ingenier\u00eda El\u00e9ctrica de la Universidad Nacional de Tucum\u00e1n (FACET-UNT) en 1987, y obtuvo el t\u00edtulo de posgrado Mag\u00edster en Luminotecnia en el Dpto de Luminotecnia, Luz y Visi\u00f3n de la UNT en 1997. Actualmente es Profesor Asociado con dedicaci\u00f3n exclusiva en el Departamento de Luminotecnia, Luz [&hellip;]<\/p>\n","protected":false},"author":123476,"featured_media":0,"parent":0,"menu_order":0,"comment_status":"closed","ping_status":"closed","template":"templates\/template-full.php","meta":[],"_links":{"self":[{"href":"https:\/\/www.facet.unt.edu.ar\/disenoiluminacion\/wp-json\/wp\/v2\/pages\/3277"}],"collection":[{"href":"https:\/\/www.facet.unt.edu.ar\/disenoiluminacion\/wp-json\/wp\/v2\/pages"}],"about":[{"href":"https:\/\/www.facet.unt.edu.ar\/disenoiluminacion\/wp-json\/wp\/v2\/types\/page"}],"author":[{"embeddable":true,"href":"https:\/\/www.facet.unt.edu.ar\/disenoiluminacion\/wp-json\/wp\/v2\/users\/123476"}],"replies":[{"embeddable":true,"href":"https:\/\/www.facet.unt.edu.ar\/disenoiluminacion\/wp-json\/wp\/v2\/comments?post=3277"}],"version-history":[{"count":3,"href":"https:\/\/www.facet.unt.edu.ar\/disenoiluminacion\/wp-json\/wp\/v2\/pages\/3277\/revisions"}],"predecessor-version":[{"id":3280,"href":"https:\/\/www.facet.unt.edu.ar\/disenoiluminacion\/wp-json\/wp\/v2\/pages\/3277\/revisions\/3280"}],"wp:attachment":[{"href":"https:\/\/www.facet.unt.edu.ar\/disenoiluminacion\/wp-json\/wp\/v2\/media?parent=3277"}],"curies":[{"name":"wp","href":"https:\/\/api.w.org\/{rel}","templated":true}]}}