{"id":462,"date":"2016-02-22T16:59:52","date_gmt":"2016-02-22T19:59:52","guid":{"rendered":"https:\/\/www.facet.unt.edu.ar\/disenoiluminacion\/?page_id=462"},"modified":"2016-02-26T17:03:04","modified_gmt":"2016-02-26T20:03:04","slug":"vision-basica-y-aplicada","status":"publish","type":"page","link":"https:\/\/www.facet.unt.edu.ar\/disenoiluminacion\/vision-basica-y-aplicada\/","title":{"rendered":"Visi\u00f3n b\u00e1sica y aplicada"},"content":{"rendered":"<div id=\"pl-462\"  class=\"panel-layout\" ><div id=\"pg-462-0\"  class=\"panel-grid panel-no-style\" ><div id=\"pgc-462-0-0\"  class=\"panel-grid-cell\" ><div id=\"panel-462-0-0-0\" class=\"so-panel widget widget_black-studio-tinymce widget_black_studio_tinymce panel-first-child panel-last-child\" data-index=\"0\" ><div class=\"textwidget\"><p>El objetivo general es contribuir a una mejor caracterizaci\u00f3n de la visi\u00f3n funcional e identificaci\u00f3n de las condiciones del ambiente iluminado que optimicen la respuesta de la persona. La visi\u00f3n funcional se refiere a las capacidades visuales en relaci\u00f3n a la realizaci\u00f3n de una determinada tarea y en un determinado ambiente. Esto implica considerar la componente visual de la tarea y las exigencias que de all\u00ed se derivan, as\u00ed como las caracter\u00edsticas del medio visual iluminado, las caracter\u00edsticas fotom\u00e9tricas de la escena visual, incluyendo al est\u00edmulo de inter\u00e9s, que determina el estado de adaptaci\u00f3n del sistema visual y en consecuencia condiciona su respuesta. Tambi\u00e9n factores como la edad, la salud o el stress visual de las personas son determinantes, la aparici\u00f3n de condiciones patol\u00f3gicas propias de la edad como la catarata; determinando las caracter\u00edsticas \u00f3pticas de medios y materiales, difusores de la radiaci\u00f3n \u00f3ptica, que forman parte del h\u00e1bitat humano; estudiando el procesamiento de la informaci\u00f3n neural del color a diferentes niveles de adaptaci\u00f3n y determinando la eficiencia y el confort visual de las personas en h\u00e1bitats construidos espec\u00edficos como espacios urbanos de transici\u00f3n.<\/p>\n<p>La hip\u00f3tesis que subyace en las investigaciones es que se puede mejorar el desempe\u00f1o de las personas al realizar tareas con una componente visual alta en los diferentes h\u00e1bitats construidos a partir de: a) el conocimiento de la respuesta espec\u00edfica del sistema visual humano -visi\u00f3n funcional- a las condiciones ambientales que son de inter\u00e9s para realizar la tarea, especialmente cuando se trata de condiciones de visi\u00f3n reducida por baja iluminaci\u00f3n (zonas de transici\u00f3n o nivel mes\u00f3pico) o por atmosferas que difunden la luz; b) determinaci\u00f3n de las condiciones de iluminaci\u00f3n que maximicen la respuesta visual en las situaciones de inter\u00e9s; y c) identificaci\u00f3n de aspectos del dise\u00f1o de ese h\u00e1bitat que faciliten el desempe\u00f1o visual de las personas. El prop\u00f3sito es evitar, de esta manera, barreras de iluminaci\u00f3n que dificultan la tarea visual afectando el desempe\u00f1o global de las personas.<\/p>\n\n<h4>Investigadores:<\/h4><\/div><\/div><\/div><\/div><div id=\"pg-462-1\"  class=\"panel-grid panel-no-style\" ><div id=\"pgc-462-1-0\"  class=\"panel-grid-cell\" ><div id=\"panel-462-1-0-0\" class=\"so-panel widget widget_circleicon-widget panel-first-child panel-last-child\" data-index=\"1\" >\t\t<div class=\"circle-icon-box circle-icon-position-top circle-icon-hide-box circle-icon-size-small\">\n\t\t\t<div class=\"circle-icon-wrapper\">\n\t\t\t\t\t\t\t\t<div class=\"circle-icon icon-style-set\" style=\"background-image: url(https:\/\/www.facet.unt.edu.ar\/disenoiluminacion\/wp-content\/uploads\/sites\/89\/2015\/11\/ecolombo.jpg)\">\n\t\t\t\t\t\t\t\t\t<\/div>\n\t\t\t\t\t\t\t<\/div>\n\n\t\t\t\t\t\t<h4 >Elisa Colombo<\/h4>\t\t\t\n\t\t\t\t\t\t\t\t<\/div>\n\t\t<\/div><\/div><div id=\"pgc-462-1-1\"  class=\"panel-grid-cell\" ><div id=\"panel-462-1-1-0\" class=\"so-panel widget widget_circleicon-widget panel-first-child panel-last-child\" data-index=\"2\" >\t\t<div class=\"circle-icon-box circle-icon-position-top circle-icon-hide-box circle-icon-size-small\">\n\t\t\t<div class=\"circle-icon-wrapper\">\n\t\t\t\t\t\t\t\t<div class=\"circle-icon\" >\n\t\t\t\t\t<div class=\"fa fa-user\" ><\/div>\t\t\t\t<\/div>\n\t\t\t\t\t\t\t<\/div>\n\n\t\t\t\t\t\t<h4 >Jos\u00e9 Barraza<\/h4>\t\t\t\n\t\t\t\t\t\t\t\t<\/div>\n\t\t<\/div><\/div><div id=\"pgc-462-1-2\"  class=\"panel-grid-cell\" ><div id=\"panel-462-1-2-0\" class=\"so-panel widget widget_circleicon-widget panel-first-child panel-last-child\" data-index=\"3\" >\t\t<div class=\"circle-icon-box circle-icon-position-top circle-icon-hide-box circle-icon-size-small\">\n\t\t\t<div class=\"circle-icon-wrapper\">\n\t\t\t\t\t\t\t\t<div class=\"circle-icon icon-style-set\" style=\"background-image: url(https:\/\/www.facet.unt.edu.ar\/disenoiluminacion\/wp-content\/uploads\/sites\/89\/2015\/11\/lissolio.jpg)\">\n\t\t\t\t\t\t\t\t\t<\/div>\n\t\t\t\t\t\t\t<\/div>\n\n\t\t\t\t\t\t<h4 >Luis Issolio<\/h4>\t\t\t\n\t\t\t\t\t\t\t\t<\/div>\n\t\t<\/div><\/div><div id=\"pgc-462-1-3\"  class=\"panel-grid-cell\" ><div id=\"panel-462-1-3-0\" class=\"so-panel widget widget_circleicon-widget panel-first-child panel-last-child\" data-index=\"4\" >\t\t<div class=\"circle-icon-box circle-icon-position-top circle-icon-hide-box circle-icon-size-small\">\n\t\t\t<div class=\"circle-icon-wrapper\">\n\t\t\t\t\t\t\t\t<div class=\"circle-icon icon-style-set\" style=\"background-image: url(https:\/\/www.facet.unt.edu.ar\/disenoiluminacion\/wp-content\/uploads\/sites\/89\/2015\/11\/amartin.png)\">\n\t\t\t\t\t\t\t\t\t<\/div>\n\t\t\t\t\t\t\t<\/div>\n\n\t\t\t\t\t\t<h4 >Andr\u00e9s Mart\u00edn<\/h4>\t\t\t\n\t\t\t\t\t\t\t\t<\/div>\n\t\t<\/div><\/div><div id=\"pgc-462-1-4\"  class=\"panel-grid-cell\" ><div id=\"panel-462-1-4-0\" class=\"so-panel widget widget_circleicon-widget panel-first-child panel-last-child\" data-index=\"5\" >\t\t<div class=\"circle-icon-box circle-icon-position-top circle-icon-hide-box circle-icon-size-small\">\n\t\t\t<div class=\"circle-icon-wrapper\">\n\t\t\t\t\t\t\t\t<div class=\"circle-icon\" >\n\t\t\t\t\t<div class=\"fa fa-user\" ><\/div>\t\t\t\t<\/div>\n\t\t\t\t\t\t\t<\/div>\n\n\t\t\t\t\t\t<h4 >Mirta Ja\u00e9n<\/h4>\t\t\t\n\t\t\t\t\t\t\t\t<\/div>\n\t\t<\/div><\/div><div id=\"pgc-462-1-5\"  class=\"panel-grid-cell\" ><div id=\"panel-462-1-5-0\" class=\"so-panel widget widget_circleicon-widget panel-first-child panel-last-child\" data-index=\"6\" >\t\t<div class=\"circle-icon-box circle-icon-position-top circle-icon-hide-box circle-icon-size-small\">\n\t\t\t<div class=\"circle-icon-wrapper\">\n\t\t\t\t\t\t\t\t<div class=\"circle-icon icon-style-set\" style=\"background-image: url(https:\/\/www.facet.unt.edu.ar\/disenoiluminacion\/wp-content\/uploads\/sites\/89\/2015\/11\/bodonnel.jpg)\">\n\t\t\t\t\t\t\t\t\t<\/div>\n\t\t\t\t\t\t\t<\/div>\n\n\t\t\t\t\t\t<h4 >Beatriz O\u2019Donell<\/h4>\t\t\t\n\t\t\t\t\t\t\t\t<\/div>\n\t\t<\/div><\/div><div id=\"pgc-462-1-6\"  class=\"panel-grid-cell\" ><div id=\"panel-462-1-6-0\" class=\"so-panel widget widget_circleicon-widget panel-first-child panel-last-child\" data-index=\"7\" >\t\t<div class=\"circle-icon-box circle-icon-position-top circle-icon-hide-box circle-icon-size-small\">\n\t\t\t<div class=\"circle-icon-wrapper\">\n\t\t\t\t\t\t\t\t<div class=\"circle-icon\" >\n\t\t\t\t\t<div class=\"fa fa-user\" ><\/div>\t\t\t\t<\/div>\n\t\t\t\t\t\t\t<\/div>\n\n\t\t\t\t\t\t<h4 >Javier Santill\u00e1n<\/h4>\t\t\t\n\t\t\t\t\t\t\t\t<\/div>\n\t\t<\/div><\/div><\/div><\/div>","protected":false},"excerpt":{"rendered":"<p>El objetivo general es contribuir a una mejor caracterizaci\u00f3n de la visi\u00f3n funcional e identificaci\u00f3n de las condiciones del ambiente iluminado que optimicen la respuesta de la persona. La visi\u00f3n funcional se refiere a las capacidades visuales en relaci\u00f3n a la realizaci\u00f3n de una determinada tarea y en un determinado ambiente. Esto implica considerar la [&hellip;]<\/p>\n","protected":false},"author":24,"featured_media":0,"parent":0,"menu_order":0,"comment_status":"closed","ping_status":"closed","template":"templates\/template-full.php","meta":[],"_links":{"self":[{"href":"https:\/\/www.facet.unt.edu.ar\/disenoiluminacion\/wp-json\/wp\/v2\/pages\/462"}],"collection":[{"href":"https:\/\/www.facet.unt.edu.ar\/disenoiluminacion\/wp-json\/wp\/v2\/pages"}],"about":[{"href":"https:\/\/www.facet.unt.edu.ar\/disenoiluminacion\/wp-json\/wp\/v2\/types\/page"}],"author":[{"embeddable":true,"href":"https:\/\/www.facet.unt.edu.ar\/disenoiluminacion\/wp-json\/wp\/v2\/users\/24"}],"replies":[{"embeddable":true,"href":"https:\/\/www.facet.unt.edu.ar\/disenoiluminacion\/wp-json\/wp\/v2\/comments?post=462"}],"version-history":[{"count":14,"href":"https:\/\/www.facet.unt.edu.ar\/disenoiluminacion\/wp-json\/wp\/v2\/pages\/462\/revisions"}],"predecessor-version":[{"id":497,"href":"https:\/\/www.facet.unt.edu.ar\/disenoiluminacion\/wp-json\/wp\/v2\/pages\/462\/revisions\/497"}],"wp:attachment":[{"href":"https:\/\/www.facet.unt.edu.ar\/disenoiluminacion\/wp-json\/wp\/v2\/media?parent=462"}],"curies":[{"name":"wp","href":"https:\/\/api.w.org\/{rel}","templated":true}]}}