{"id":64,"date":"2014-09-23T11:34:07","date_gmt":"2014-09-23T14:34:07","guid":{"rendered":"https:\/\/www.facet.unt.edu.ar\/dllyv\/home\/"},"modified":"2022-11-14T13:11:04","modified_gmt":"2022-11-14T16:11:04","slug":"home","status":"publish","type":"page","link":"https:\/\/www.facet.unt.edu.ar\/disenoiluminacion\/","title":{"rendered":"Home"},"content":{"rendered":"<div id=\"pl-64\"  class=\"panel-layout\" ><div id=\"pg-64-0\"  class=\"panel-grid panel-no-style\" ><div id=\"pgc-64-0-0\"  class=\"panel-grid-cell\" ><div id=\"panel-64-0-0-0\" class=\"so-panel widget widget_circleicon-widget panel-first-child panel-last-child\" data-index=\"0\" >\t\t<div class=\"circle-icon-box circle-icon-position-top circle-icon-hide-box circle-icon-size-small\">\n\t\t\t<div class=\"circle-icon-wrapper\">\n\t\t\t\t<a href=\"https:\/\/www.facet.unt.edu.ar\/ingreso-facet\/\" class=\"link-icon\" >\t\t\t\t<div class=\"circle-icon icon-style-set\" style=\"background-color: #ffcc00\">\n\t\t\t\t\t<div class=\"fa fa-file-text icon-color-set\" style=\"color: #444444\"><\/div>\t\t\t\t<\/div>\n\t\t\t\t<\/a>\t\t\t<\/div>\n\n\t\t\t<a href=\"https:\/\/www.facet.unt.edu.ar\/ingreso-facet\/\" class=\"link-title\" >\t\t\t<h4 >Ingreso FACET<\/h4>\t\t\t<\/a>\n\t\t\t<p class=\"text\" style=\"color: #000000\">Aqu\u00ed encontrar\u00e1s informaci\u00f3n importante si est\u00e1s interesado en ingresar a nuestra Facultad en cualquiera de las carreras que ofrece.<\/p>\t\t\t\t\t\t\t<a href=\"https:\/\/www.facet.unt.edu.ar\/ingreso-facet\/\" class=\"more-button\" >Conoce m\u00e1s <i><\/i><\/a>\n\t\t\t\t\t<\/div>\n\t\t<\/div><\/div><div id=\"pgc-64-0-1\"  class=\"panel-grid-cell\" ><div id=\"panel-64-0-1-0\" class=\"so-panel widget widget_circleicon-widget panel-first-child panel-last-child\" data-index=\"1\" >\t\t<div class=\"circle-icon-box circle-icon-position-top circle-icon-hide-box circle-icon-size-small\">\n\t\t\t<div class=\"circle-icon-wrapper\">\n\t\t\t\t<a href=\"https:\/\/www.facet.unt.edu.ar\/direccionalumnos\/\" class=\"link-icon\" >\t\t\t\t<div class=\"circle-icon icon-style-set\" style=\"background-color: #ffcc00\">\n\t\t\t\t\t<div class=\"fa fa-bank icon-color-set\" style=\"color: #444444\"><\/div>\t\t\t\t<\/div>\n\t\t\t\t<\/a>\t\t\t<\/div>\n\n\t\t\t<a href=\"https:\/\/www.facet.unt.edu.ar\/direccionalumnos\/\" class=\"link-title\" >\t\t\t<h4 >Direcci\u00f3n Alumnos<\/h4>\t\t\t<\/a>\n\t\t\t<p class=\"text\" >Aqu\u00ed podr\u00e1s realizar todos los tr\u00e1mites relacionados a tus gestiones como estudiante de la FACET.<\/p>\t\t\t\t\t\t\t<a href=\"https:\/\/www.facet.unt.edu.ar\/direccionalumnos\/\" class=\"more-button\" >Conoce m\u00e1s <i><\/i><\/a>\n\t\t\t\t\t<\/div>\n\t\t<\/div><\/div><div id=\"pgc-64-0-2\"  class=\"panel-grid-cell\" ><div id=\"panel-64-0-2-0\" class=\"so-panel widget widget_circleicon-widget panel-first-child panel-last-child\" data-index=\"2\" >\t\t<div class=\"circle-icon-box circle-icon-position-top circle-icon-hide-box circle-icon-size-small\">\n\t\t\t<div class=\"circle-icon-wrapper\">\n\t\t\t\t<a href=\"https:\/\/bibliotecafacet.com.ar\/\" class=\"link-icon\" >\t\t\t\t<div class=\"circle-icon icon-style-set\" style=\"background-color: #ffcc00\">\n\t\t\t\t\t<div class=\"fa fa-book icon-color-set\" style=\"color: #444444\"><\/div>\t\t\t\t<\/div>\n\t\t\t\t<\/a>\t\t\t<\/div>\n\n\t\t\t<a href=\"https:\/\/bibliotecafacet.com.ar\/\" class=\"link-title\" >\t\t\t<h4 >Biblioteca FACET<\/h4>\t\t\t<\/a>\n\t\t\t<p class=\"text\" >Biblioteca central de la Facultad.<\/p>\t\t\t\t\t\t\t<a href=\"https:\/\/bibliotecafacet.com.ar\/\" class=\"more-button\" >Conoce m\u00e1s <i><\/i><\/a>\n\t\t\t\t\t<\/div>\n\t\t<\/div><\/div><div id=\"pgc-64-0-3\"  class=\"panel-grid-cell\" ><div id=\"panel-64-0-3-0\" class=\"so-panel widget widget_circleicon-widget panel-first-child panel-last-child\" data-index=\"3\" >\t\t<div class=\"circle-icon-box circle-icon-position-top circle-icon-hide-box circle-icon-size-small\">\n\t\t\t<div class=\"circle-icon-wrapper\">\n\t\t\t\t<a href=\"https:\/\/guarani.unt.edu.ar\/autogestion\/\" class=\"link-icon\" >\t\t\t\t<div class=\"circle-icon icon-style-set\" style=\"background-color: #ffcc00\">\n\t\t\t\t\t<div class=\"fa fa-laptop icon-color-set\" style=\"color: #444444\"><\/div>\t\t\t\t<\/div>\n\t\t\t\t<\/a>\t\t\t<\/div>\n\n\t\t\t<a href=\"https:\/\/guarani.unt.edu.ar\/autogestion\/\" class=\"link-title\" >\t\t\t<h4 >SIU Guarani<\/h4>\t\t\t<\/a>\n\t\t\t<p class=\"text\" >Sistema de gesti\u00f3n donde pueden registrarse y gestionar todas las actividades de la Universidad.<\/p>\t\t\t\t\t\t\t<a href=\"https:\/\/guarani.unt.edu.ar\/autogestion\/\" class=\"more-button\" >Conoce m\u00e1s <i><\/i><\/a>\n\t\t\t\t\t<\/div>\n\t\t<\/div><\/div><\/div><div id=\"pg-64-1\"  class=\"panel-grid panel-has-style\" ><div class=\"siteorigin-panels-stretch panel-row-style-full-width panel-row-style panel-row-style-for-64-1\" data-stretch-type=\"full\" ><div id=\"pgc-64-1-0\"  class=\"panel-grid-cell\" ><div id=\"panel-64-1-0-0\" class=\"so-panel widget widget_black-studio-tinymce widget_black_studio_tinymce panel-first-child panel-last-child\" data-index=\"4\" ><div class=\"panel-widget-style panel-widget-style-for-64-1-0-0\" ><h3 class=\"widget-title\">Dise\u00f1o de Iluminaci\u00f3n<\/h3><div class=\"textwidget\"><p><strong>Duraci\u00f3n<\/strong>:\u00a0 4 a\u00f1os<\/p>\n<p><strong>Cantidad de Asignaturas<\/strong>: 40<\/p>\n<p>La carrera responde a la demanda creciente de dise\u00f1adores de iluminaci\u00f3n en el campo de la Arquitectura y la Ingenier\u00eda y del Dise\u00f1o en general, tanto para espacios interiores como exteriores.<\/p>\n<p>La carrera, de cuatro a\u00f1os de duraci\u00f3n, permitir\u00e1 a los alumnos continuar con estudios de posgrado, lo que constituye hoy una exigencia debido a los acelerados cambios cient\u00edficos y tecnol\u00f3gicos en el campo disciplinario.<\/p>\n<p>El profesional graduado en la carrera de DISE\u00d1ADOR DE ILUMINACI\u00d3N podr\u00e1 desempe\u00f1arse en todos los aspectos relacionados con el dise\u00f1o y ejecuci\u00f3n de instalaciones de iluminaci\u00f3n de todo tipo y complejidad (excepto las instalaciones el\u00e9ctricas asociadas); con la capacidad de vincularse e interactuar eficazmente con profesionales de campos relacionados con las actividades de iluminaci\u00f3n y con la habilidad de analizar, plantear y resolver problemas aplicando un enfoque multidisciplinario que contemple los factores humanos, los t\u00e9cnico-econ\u00f3micos y los del medio ambiente. Deber\u00e1 haber desarrollado una gran capacidad de estudio aut\u00f3nomo, esp\u00edritu cr\u00edtico y creatividad, para abordar los problemas concretos de la profesi\u00f3n a partir de una formaci\u00f3n general.<\/p>\n<\/div><\/div><\/div><\/div><div id=\"pgc-64-1-1\"  class=\"panel-grid-cell\" ><div id=\"panel-64-1-1-0\" class=\"so-panel widget widget_sow-social-media-buttons panel-first-child\" data-index=\"5\" ><div\n\t\t\t\n\t\t\tclass=\"so-widget-sow-social-media-buttons so-widget-sow-social-media-buttons-atom-99deeea7ee1f-64\"\n\t\t\t\n\t\t>\n\n<div class=\"social-media-button-container\">\n\t\n\t\t<a class=\"ow-button-hover sow-social-media-button-facebook-0 sow-social-media-button\" title=\"Dise\u00f1o de Iluminaci\u00f3n en Facebook\" aria-label=\"Dise\u00f1o de Iluminaci\u00f3n en Facebook\" target=\"_blank\" rel=\"noopener noreferrer\" href=\"https:\/\/www.facebook.com\/\" >\n\t\t\t<span>\n\t\t\t\t\t\t\t\t<span class=\"sow-icon-fontawesome sow-fab\" data-sow-icon=\"&#xf39e;\"\n\t\t \n\t\taria-hidden=\"true\"><\/span>\t\t\t\t\t\t\t<\/span>\n\t\t<\/a>\n\t\n\t\t<a class=\"ow-button-hover sow-social-media-button-instagram-0 sow-social-media-button\" title=\"Dise\u00f1o de Iluminaci\u00f3n en Instagram\" aria-label=\"Dise\u00f1o de Iluminaci\u00f3n en Instagram\" target=\"_blank\" rel=\"noopener noreferrer\" href=\"https:\/\/instagram.com\/diseno.iluminacion.facet.unt?igshid=YmMyMTA2M2Y=\" >\n\t\t\t<span>\n\t\t\t\t\t\t\t\t<span class=\"sow-icon-fontawesome sow-fab\" data-sow-icon=\"&#xf16d;\"\n\t\t \n\t\taria-hidden=\"true\"><\/span>\t\t\t\t\t\t\t<\/span>\n\t\t<\/a>\n\t<\/div>\n<\/div><\/div><div id=\"panel-64-1-1-1\" class=\"so-panel widget widget_black-studio-tinymce widget_black_studio_tinymce panel-last-child\" data-index=\"6\" ><div class=\"panel-widget-style panel-widget-style-for-64-1-1-1\" ><div class=\"textwidget\"><div id=\"related-links\">\n<h3>Otros Si\u00adtios de In\u00adte\u00adr\u00e9s<\/h3>\n<div class=\"links-container\">\n<ul>\n \t<li><a href=\"https:\/\/www.facet.unt.edu.ar\/sbe\/\"><strong>Secretar\u00eda de Bienestar Estudiantil - SBE<\/strong><\/a><\/li>\n \t<li><strong><a href=\"https:\/\/www.facet.unt.edu.ar\/\" target=\"_blank\" rel=\"noopener\">Fa\u00adcul\u00adtad de Cien\u00adcias Exac\u00adtas y Tec\u00adno\u00adlo\u00adg\u00eda\u00a0<\/a><\/strong><\/li>\n \t<li><a href=\"https:\/\/facetvirtual.facet.unt.edu.ar\/\"><strong>Facet Virtual<\/strong><\/a><\/li>\n \t<li><a href=\"https:\/\/www.facet.unt.edu.ar\/luminotecnia\/\"><strong>Dpto. de Luminotecnia<\/strong><\/a><\/li>\n<\/ul>\n<\/div>\n<\/div><\/div><\/div><\/div><\/div><\/div><\/div><\/div>","protected":false},"excerpt":{"rendered":"<p>Duraci\u00f3n:\u00a0 4 a\u00f1os Cantidad de Asignaturas: 40 La carrera responde a la demanda creciente de dise\u00f1adores de iluminaci\u00f3n en el campo de la Arquitectura y la Ingenier\u00eda y del Dise\u00f1o en general, tanto para espacios interiores como exteriores. La carrera, de cuatro a\u00f1os de duraci\u00f3n, permitir\u00e1 a los alumnos continuar con estudios de posgrado, lo [&hellip;]<\/p>\n","protected":false},"author":1,"featured_media":0,"parent":0,"menu_order":0,"comment_status":"closed","ping_status":"closed","template":"home-panels.php","meta":[],"_links":{"self":[{"href":"https:\/\/www.facet.unt.edu.ar\/disenoiluminacion\/wp-json\/wp\/v2\/pages\/64"}],"collection":[{"href":"https:\/\/www.facet.unt.edu.ar\/disenoiluminacion\/wp-json\/wp\/v2\/pages"}],"about":[{"href":"https:\/\/www.facet.unt.edu.ar\/disenoiluminacion\/wp-json\/wp\/v2\/types\/page"}],"author":[{"embeddable":true,"href":"https:\/\/www.facet.unt.edu.ar\/disenoiluminacion\/wp-json\/wp\/v2\/users\/1"}],"replies":[{"embeddable":true,"href":"https:\/\/www.facet.unt.edu.ar\/disenoiluminacion\/wp-json\/wp\/v2\/comments?post=64"}],"version-history":[{"count":164,"href":"https:\/\/www.facet.unt.edu.ar\/disenoiluminacion\/wp-json\/wp\/v2\/pages\/64\/revisions"}],"predecessor-version":[{"id":2936,"href":"https:\/\/www.facet.unt.edu.ar\/disenoiluminacion\/wp-json\/wp\/v2\/pages\/64\/revisions\/2936"}],"wp:attachment":[{"href":"https:\/\/www.facet.unt.edu.ar\/disenoiluminacion\/wp-json\/wp\/v2\/media?parent=64"}],"curies":[{"name":"wp","href":"https:\/\/api.w.org\/{rel}","templated":true}]}}