{"id":78,"date":"2015-09-18T14:56:50","date_gmt":"2015-09-18T17:56:50","guid":{"rendered":"https:\/\/www.facet.unt.edu.ar\/disenoiluminacion\/?page_id=78"},"modified":"2022-08-01T15:25:18","modified_gmt":"2022-08-01T18:25:18","slug":"oferta-academica","status":"publish","type":"page","link":"https:\/\/www.facet.unt.edu.ar\/disenoiluminacion\/oferta-academica\/","title":{"rendered":"Oferta Acad\u00e9mica"},"content":{"rendered":"<div id=\"pl-78\"  class=\"panel-layout\" ><div id=\"pg-78-0\"  class=\"panel-grid panel-has-style\" ><div class=\"siteorigin-panels-stretch panel-row-style-full-width panel-row-style panel-row-style-for-78-0\" data-stretch-type=\"full\" ><div id=\"pgc-78-0-0\"  class=\"panel-grid-cell\" ><div id=\"panel-78-0-0-0\" class=\"so-panel widget widget_black-studio-tinymce widget_black_studio_tinymce panel-first-child panel-last-child\" data-index=\"0\" ><div class=\"textwidget\"><h1 style=\"margin: 0.5em;text-align:center;font-size:3em\">Oferta Acad\u00e9mica<\/h1>\n<\/div><\/div><\/div><\/div><\/div><div id=\"pg-78-1\"  class=\"panel-grid panel-has-style\" ><div class=\"siteorigin-panels-stretch panel-row-style-full-width panel-row-style panel-row-style-for-78-1\" data-stretch-type=\"full-stretched\" ><div id=\"pgc-78-1-0\"  class=\"panel-grid-cell\" ><div id=\"panel-78-1-0-0\" class=\"so-panel widget widget_black-studio-tinymce widget_black_studio_tinymce panel-first-child panel-last-child\" data-index=\"1\" ><div class=\"textwidget\"><p class=\"shad2px\" style=\"padding: 0.5em;color: #fafafa;font-size: 2.1em;text-align: center;line-height: 10vh\">El Departamento de Luminotecnia, Luz y Visi\u00f3n ofrece carreras de grado y de posgrado, permitiendo a los alumnos iniciarse, profundizar e investigar en el amplio espectro de posibilidades inherentes a la luz el ambiente y la visi\u00f3n.<\/p>\n<\/div><\/div><\/div><\/div><\/div><div id=\"pg-78-2\"  class=\"panel-grid panel-has-style\" ><div class=\"siteorigin-panels-stretch panel-row-style-full-width panel-row-style panel-row-style-for-78-2\" style=\"background-color: #f2e9de; \" data-stretch-type=\"full\" ><div id=\"pgc-78-2-0\"  class=\"panel-grid-cell\" ><div id=\"panel-78-2-0-0\" class=\"so-panel widget widget_text panel-first-child panel-last-child\" data-index=\"2\" >\t\t\t<div class=\"textwidget\"><h3 style=\"text-align:center;font-size:3em\">GRADO<\/h3><\/div>\n\t\t<\/div><\/div><\/div><\/div><div id=\"pg-78-3\"  class=\"panel-grid panel-has-style\" ><div class=\"siteorigin-panels-stretch panel-row-style-full-width panel-row-style panel-row-style-for-78-3\" data-stretch-type=\"full\" ><div id=\"pgc-78-3-0\"  class=\"panel-grid-cell\" ><div id=\"panel-78-3-0-0\" class=\"so-panel widget widget_sow-features panel-first-child panel-last-child\" data-index=\"3\" ><div\n\t\t\t\n\t\t\tclass=\"so-widget-sow-features so-widget-sow-features-default-1a9005f62c6b-78\"\n\t\t\t\n\t\t>\n<div class=\"sow-features-list sow-features-responsive\">\n\n\t\t\t\t\t\t\t\t\t<div\n\t\t\t\tclass=\"sow-features-feature sow-icon-container-position-top sow-features-feature-last-row\"\n\t\t\t\tstyle=\"display: flex; flex-direction: column; float: left; width: 100%;\"\n\t\t\t>\n\t\t\t\n\t\t\t\t\t\t\t\t\t<a\n\t\t\t\t\t\thref=\"https:\/\/www.facet.unt.edu.ar\/disenoiluminacion\/disenador-de-iluminacion\/\"\n\t\t\t\t\t\t\t\t\t\t\t>\n\t\t\t\t\t\t\t\t<div\n\t\t\t\t\tclass=\"sow-icon-container sow-container-round\"\n\t\t\t\t\tstyle=\"color: #4687bf; \"\n\t\t\t\t\t>\n\t\t\t\t\t<span class=\"sow-icon-elegantline\" data-sow-icon=\"&#xe030;\"\n\t\tstyle=\"font-size: 48px; color: #FFFFFF\" \n\t\taria-hidden=\"true\"><\/span>\t\t\t\t<\/div>\n\t\t\t\t\t\t\t\t\t<\/a>\n\t\t\t\t\n\t\t\t\t<div class=\"textwidget\">\n\t\t\t\t\t\n\t\t\t\t\t\t\t\t\t\t\t<h5>\n\t\t\t\t\t\t\t\t\t\t\t\t\t\t\t<a\n\t\t\t\t\t\t\t\t\thref=\"https:\/\/www.facet.unt.edu.ar\/disenoiluminacion\/disenador-de-iluminacion\/\"\n\t\t\t\t\t\t\t\t\t\t\t\t\t\t\t\t\t>\n\t\t\t\t\t\t\t\n\t\t\t\t\t\t\tDise\u00f1ador en iluminaci\u00f3n\t\t\t\t\t\t\t\t\t\t\t\t\t\t\t<\/a>\n\t\t\t\t\t\t\t\t\t\t\t\t\t<\/h5>\n\t\t\t\t\t\n\t\t\t\t\t\n\t\t\t\t\t\t\t\t\t<\/div>\n\t\t\t\t\t\t\t\t\n\t\t\t\t\t\t\t<\/div>\n\n\t\t\t\n<\/div>\n<\/div><\/div><\/div><div id=\"pgc-78-3-1\"  class=\"panel-grid-cell\" ><div id=\"panel-78-3-1-0\" class=\"so-panel widget widget_text panel-first-child panel-last-child\" data-index=\"4\" >\t\t\t<div class=\"textwidget\"><p style=\"line-height:2.5em;font-size: 1.2em\">Responde a la demanda creciente de dise\u00f1adores de iluminaci\u00f3n en el campo de la Arquitectura y la Ingenier\u00eda y del Dise\u00f1o en general, tanto para espacios interiores como exteriores. <a href=\"https:\/\/www.facet.unt.edu.ar\/disenoiluminacion\/disenador-de-iluminacion\/\">Conoce m\u00e1s<\/a><\/p><\/div>\n\t\t<\/div><\/div><\/div><\/div><div id=\"pg-78-4\"  class=\"panel-grid panel-has-style\" ><div class=\"siteorigin-panels-stretch panel-row-style-full-width panel-row-style panel-row-style-for-78-4\" style=\"background-color: #f2e9de; \" data-stretch-type=\"full\" ><div id=\"pgc-78-4-0\"  class=\"panel-grid-cell\" ><div id=\"panel-78-4-0-0\" class=\"so-panel widget widget_text panel-first-child panel-last-child\" data-index=\"5\" >\t\t\t<div class=\"textwidget\"><h3 style=\"text-align:center;font-size:3em\">POSGRADO<\/h3><\/div>\n\t\t<\/div><\/div><\/div><\/div><div id=\"pg-78-5\"  class=\"panel-grid panel-no-style\" ><div id=\"pgc-78-5-0\"  class=\"panel-grid-cell\" ><div id=\"panel-78-5-0-0\" class=\"so-panel widget widget_sow-features panel-first-child panel-last-child\" data-index=\"6\" ><div\n\t\t\t\n\t\t\tclass=\"so-widget-sow-features so-widget-sow-features-default-1a9005f62c6b-78\"\n\t\t\t\n\t\t>\n<div class=\"sow-features-list sow-features-responsive\">\n\n\t\t\t\t\t\t\t\t\t<div\n\t\t\t\tclass=\"sow-features-feature sow-icon-container-position-top sow-features-feature-last-row\"\n\t\t\t\tstyle=\"display: flex; flex-direction: column; float: left; width: 100%;\"\n\t\t\t>\n\t\t\t\n\t\t\t\t\t\t\t\t\t<a\n\t\t\t\t\t\thref=\"https:\/\/www.facet.unt.edu.ar\/disenoiluminacion\/mavile\/\"\n\t\t\t\t\t\t\t\t\t\t\t>\n\t\t\t\t\t\t\t\t<div\n\t\t\t\t\tclass=\"sow-icon-container sow-container-round\"\n\t\t\t\t\tstyle=\"color: #4687bf; \"\n\t\t\t\t\t>\n\t\t\t\t\t<span class=\"sow-icon-elegantline\" data-sow-icon=\"&#xe030;\"\n\t\tstyle=\"font-size: 48px; color: #FFFFFF\" \n\t\taria-hidden=\"true\"><\/span>\t\t\t\t<\/div>\n\t\t\t\t\t\t\t\t\t<\/a>\n\t\t\t\t\n\t\t\t\t<div class=\"textwidget\">\n\t\t\t\t\t\n\t\t\t\t\t\t\t\t\t\t\t<h5>\n\t\t\t\t\t\t\t\t\t\t\t\t\t\t\t<a\n\t\t\t\t\t\t\t\t\thref=\"https:\/\/www.facet.unt.edu.ar\/disenoiluminacion\/mavile\/\"\n\t\t\t\t\t\t\t\t\t\t\t\t\t\t\t\t\t>\n\t\t\t\t\t\t\t\n\t\t\t\t\t\t\tEspecializaci\u00f3n MAVILE\t\t\t\t\t\t\t\t\t\t\t\t\t\t\t<\/a>\n\t\t\t\t\t\t\t\t\t\t\t\t\t<\/h5>\n\t\t\t\t\t\n\t\t\t\t\t\n\t\t\t\t\t\t\t\t\t<\/div>\n\t\t\t\t\t\t\t\t\n\t\t\t\t\t\t\t<\/div>\n\n\t\t\t\n<\/div>\n<\/div><\/div><\/div><div id=\"pgc-78-5-1\"  class=\"panel-grid-cell\" ><div id=\"panel-78-5-1-0\" class=\"so-panel widget widget_text panel-first-child panel-last-child\" data-index=\"7\" >\t\t\t<div class=\"textwidget\"><p style=\"line-height:2.5em;font-size: 1.2em\">Esta especializaci\u00f3n brinda incumbencias laborales relacionadas con la realizaci\u00f3n de proyectos de iluminaci\u00f3n en direfentes \u00e1reas, como dise\u00f1o de sistemas de iluminaci\u00f3n, dise\u00f1o Industrial y consultor\u00eda. <a href=\"https:\/\/www.facet.unt.edu.ar\/disenoiluminacion\/mavile\/\">Conoce m\u00e1s<\/a><\/p><\/div>\n\t\t<\/div><\/div><\/div><div id=\"pg-78-6\"  class=\"panel-grid panel-no-style\" ><div id=\"pgc-78-6-0\"  class=\"panel-grid-cell\" ><div id=\"panel-78-6-0-0\" class=\"so-panel widget widget_sow-features panel-first-child panel-last-child\" data-index=\"8\" ><div\n\t\t\t\n\t\t\tclass=\"so-widget-sow-features so-widget-sow-features-default-1a9005f62c6b-78\"\n\t\t\t\n\t\t>\n<div class=\"sow-features-list sow-features-responsive\">\n\n\t\t\t\t\t\t\t\t\t<div\n\t\t\t\tclass=\"sow-features-feature sow-icon-container-position-top sow-features-feature-last-row\"\n\t\t\t\tstyle=\"display: flex; flex-direction: column; float: left; width: 100%;\"\n\t\t\t>\n\t\t\t\n\t\t\t\t\t\t\t\t\t<a\n\t\t\t\t\t\thref=\"https:\/\/www.facet.unt.edu.ar\/disenoiluminacion\/maestria-en-luminotecnia\/\"\n\t\t\t\t\t\t\t\t\t\t\t>\n\t\t\t\t\t\t\t\t<div\n\t\t\t\t\tclass=\"sow-icon-container sow-container-round\"\n\t\t\t\t\tstyle=\"color: #4687bf; \"\n\t\t\t\t\t>\n\t\t\t\t\t<span class=\"sow-icon-elegantline\" data-sow-icon=\"&#xe030;\"\n\t\tstyle=\"font-size: 48px; color: #FFFFFF\" \n\t\taria-hidden=\"true\"><\/span>\t\t\t\t<\/div>\n\t\t\t\t\t\t\t\t\t<\/a>\n\t\t\t\t\n\t\t\t\t<div class=\"textwidget\">\n\t\t\t\t\t\n\t\t\t\t\t\t\t\t\t\t\t<h5>\n\t\t\t\t\t\t\t\t\t\t\t\t\t\t\t<a\n\t\t\t\t\t\t\t\t\thref=\"https:\/\/www.facet.unt.edu.ar\/disenoiluminacion\/maestria-en-luminotecnia\/\"\n\t\t\t\t\t\t\t\t\t\t\t\t\t\t\t\t\t>\n\t\t\t\t\t\t\t\n\t\t\t\t\t\t\tMaestr\u00eda en Luminotecnia\t\t\t\t\t\t\t\t\t\t\t\t\t\t\t<\/a>\n\t\t\t\t\t\t\t\t\t\t\t\t\t<\/h5>\n\t\t\t\t\t\n\t\t\t\t\t\n\t\t\t\t\t\t\t\t\t<\/div>\n\t\t\t\t\t\t\t\t\n\t\t\t\t\t\t\t<\/div>\n\n\t\t\t\n<\/div>\n<\/div><\/div><\/div><div id=\"pgc-78-6-1\"  class=\"panel-grid-cell\" ><div id=\"panel-78-6-1-0\" class=\"so-panel widget widget_text panel-first-child panel-last-child\" data-index=\"9\" ><div class=\"panel-widget-style panel-widget-style-for-78-6-1-0\" >\t\t\t<div class=\"textwidget\"><p style=\"line-height:2.5em;padding-top: 2em;font-size: 1.2em\">La maestr\u00eda se encuentra orientada a la formaci\u00f3n de graduados universitarios interesados en desempe\u00f1arse en \u00e1mbitos acad\u00e9micos y de investigaci\u00f3n. <a href=\"https:\/\/www.facet.unt.edu.ar\/disenoiluminacion\/maestria-en-luminotecnia\/\">Conoce m\u00e1s<\/a><\/p><\/div>\n\t\t<\/div><\/div><\/div><\/div><div id=\"pg-78-7\"  class=\"panel-grid panel-has-style\" ><div class=\"siteorigin-panels-stretch panel-row-style-full-width panel-row-style panel-row-style-for-78-7\" data-stretch-type=\"full\" ><div id=\"pgc-78-7-0\"  class=\"panel-grid-cell\" ><div id=\"panel-78-7-0-0\" class=\"so-panel widget widget_sow-features panel-first-child panel-last-child\" data-index=\"10\" ><div\n\t\t\t\n\t\t\tclass=\"so-widget-sow-features so-widget-sow-features-default-1a9005f62c6b-78\"\n\t\t\t\n\t\t>\n<div class=\"sow-features-list sow-features-responsive\">\n\n\t\t\t\t\t\t\t\t\t<div\n\t\t\t\tclass=\"sow-features-feature sow-icon-container-position-top sow-features-feature-last-row\"\n\t\t\t\tstyle=\"display: flex; flex-direction: column; float: left; width: 100%;\"\n\t\t\t>\n\t\t\t\n\t\t\t\t\t\t\t\t\t<a\n\t\t\t\t\t\thref=\"https:\/\/www.facet.unt.edu.ar\/disenoiluminacion\/doctorado-mavile\/\"\n\t\t\t\t\t\t\t\t\t\t\t>\n\t\t\t\t\t\t\t\t<div\n\t\t\t\t\tclass=\"sow-icon-container sow-container-round\"\n\t\t\t\t\tstyle=\"color: #4687bf; \"\n\t\t\t\t\t>\n\t\t\t\t\t<span class=\"sow-icon-elegantline\" data-sow-icon=\"&#xe030;\"\n\t\tstyle=\"font-size: 48px; color: #FFFFFF\" \n\t\taria-hidden=\"true\"><\/span>\t\t\t\t<\/div>\n\t\t\t\t\t\t\t\t\t<\/a>\n\t\t\t\t\n\t\t\t\t<div class=\"textwidget\">\n\t\t\t\t\t\n\t\t\t\t\t\t\t\t\t\t\t<h5>\n\t\t\t\t\t\t\t\t\t\t\t\t\t\t\t<a\n\t\t\t\t\t\t\t\t\thref=\"https:\/\/www.facet.unt.edu.ar\/disenoiluminacion\/doctorado-mavile\/\"\n\t\t\t\t\t\t\t\t\t\t\t\t\t\t\t\t\t>\n\t\t\t\t\t\t\t\n\t\t\t\t\t\t\tDoctorado en Cs. y Tec. de la Luz \t\t\t\t\t\t\t\t\t\t\t\t\t\t\t<\/a>\n\t\t\t\t\t\t\t\t\t\t\t\t\t<\/h5>\n\t\t\t\t\t\n\t\t\t\t\t\n\t\t\t\t\t\t\t\t\t<\/div>\n\t\t\t\t\t\t\t\t\n\t\t\t\t\t\t\t<\/div>\n\n\t\t\t\n<\/div>\n<\/div><\/div><\/div><div id=\"pgc-78-7-1\"  class=\"panel-grid-cell\" ><div id=\"panel-78-7-1-0\" class=\"so-panel widget widget_text panel-first-child panel-last-child\" data-index=\"11\" ><div class=\"panel-widget-style panel-widget-style-for-78-7-1-0\" >\t\t\t<div class=\"textwidget\"><p style=\"line-height:2.5em;padding-top: 2em;font-size: 1.2em\">El doctorado es el m\u00e1ximo titulo acad\u00e9mico y tiene como objetivo la formaci\u00f3n de graduados universitarios interesados en docencia e investigaci\u00f3n. <a href=\"https:\/\/www.facet.unt.edu.ar\/disenoiluminacion\/doctorado-mavile\/\">Conoce m\u00e1s<\/a><\/p><\/div>\n\t\t<\/div><\/div><\/div><\/div><\/div><\/div>","protected":false},"excerpt":{"rendered":"<p>Oferta Acad\u00e9mica El Departamento de Luminotecnia, Luz y Visi\u00f3n ofrece carreras de grado y de posgrado, permitiendo a los alumnos iniciarse, profundizar e investigar en el amplio espectro de posibilidades inherentes a la luz el ambiente y la visi\u00f3n.<\/p>\n","protected":false},"author":24,"featured_media":0,"parent":0,"menu_order":0,"comment_status":"closed","ping_status":"closed","template":"templates\/template-full-notitle.php","meta":[],"_links":{"self":[{"href":"https:\/\/www.facet.unt.edu.ar\/disenoiluminacion\/wp-json\/wp\/v2\/pages\/78"}],"collection":[{"href":"https:\/\/www.facet.unt.edu.ar\/disenoiluminacion\/wp-json\/wp\/v2\/pages"}],"about":[{"href":"https:\/\/www.facet.unt.edu.ar\/disenoiluminacion\/wp-json\/wp\/v2\/types\/page"}],"author":[{"embeddable":true,"href":"https:\/\/www.facet.unt.edu.ar\/disenoiluminacion\/wp-json\/wp\/v2\/users\/24"}],"replies":[{"embeddable":true,"href":"https:\/\/www.facet.unt.edu.ar\/disenoiluminacion\/wp-json\/wp\/v2\/comments?post=78"}],"version-history":[{"count":51,"href":"https:\/\/www.facet.unt.edu.ar\/disenoiluminacion\/wp-json\/wp\/v2\/pages\/78\/revisions"}],"predecessor-version":[{"id":2919,"href":"https:\/\/www.facet.unt.edu.ar\/disenoiluminacion\/wp-json\/wp\/v2\/pages\/78\/revisions\/2919"}],"wp:attachment":[{"href":"https:\/\/www.facet.unt.edu.ar\/disenoiluminacion\/wp-json\/wp\/v2\/media?parent=78"}],"curies":[{"name":"wp","href":"https:\/\/api.w.org\/{rel}","templated":true}]}}