{"id":82,"date":"2015-09-18T14:58:56","date_gmt":"2015-09-18T17:58:56","guid":{"rendered":"https:\/\/www.facet.unt.edu.ar\/disenoiluminacion\/?page_id=82"},"modified":"2021-04-24T21:24:56","modified_gmt":"2021-04-25T00:24:56","slug":"investigacion","status":"publish","type":"page","link":"https:\/\/www.facet.unt.edu.ar\/disenoiluminacion\/investigacion\/","title":{"rendered":"Investigaci\u00f3n"},"content":{"rendered":"<div id=\"pl-82\"  class=\"panel-layout\" ><div id=\"pg-82-0\"  class=\"panel-grid panel-has-style\" ><div class=\"siteorigin-panels-stretch panel-row-style-full-width panel-row-style panel-row-style-for-82-0\" data-stretch-type=\"full-stretched\" ><div id=\"pgc-82-0-0\"  class=\"panel-grid-cell\" ><div id=\"panel-82-0-0-0\" class=\"so-panel widget widget_black-studio-tinymce widget_black_studio_tinymce panel-first-child panel-last-child\" data-index=\"0\" ><div class=\"panel-widget-style panel-widget-style-for-82-0-0-0\" ><div class=\"textwidget\"><p>La investigaci\u00f3n b\u00e1sica y aplicada se desarrolla en la actualidad con financiamientos del CONICET, la Agencia Nacional para la Promoci\u00f3n Cient\u00edfica y Tecnol\u00f3gica, el Consejo de Investigaciones de la UNT, Agencia Espa\u00f1ola de Cooperaci\u00f3n Internacional y la Secretar\u00eda de Pol\u00edticas Universitarias. Ha recibido tambi\u00e9n importantes apoyos de la Fundaci\u00f3n Antorchas, Consejo Brit\u00e1nico, Uni\u00f3n Europea, DAAD, Royal Society.<\/p>\n<p>Nuestro departamento ha establecido intercambios con universidades como la de Santa B\u00e1rbara de California, USA; Valladolid, Polit\u00e9cnica de Madrid y de Catalu\u00f1a, Murcia, Espa\u00f1a; T\u00e9cnica de Berl\u00edn, Karlsruhe, T\u00e9cnica de Darmstad, BAM, Alemania; Lund, Suecia; Bristol, Newcastle, Liverpool, Londres, Nottinghan, Inglaterra; S\u00e3o Paulo, R\u00edo Grande do Sur, Brasil; de la Rep\u00fablica, Uruguay; Cat\u00f3lica de Valpara\u00edso, Chile, Leuven, B\u00e9lgica, entre otras.<\/p>\n<p>Algunas de las lineas de investigaci\u00f3n que se llevan adelante son:<\/p>\n<\/div><\/div><\/div><\/div><\/div><\/div><div id=\"pg-82-1\"  class=\"panel-grid panel-has-style\" ><div class=\"siteorigin-panels-stretch panel-row-style-full-width panel-row-style panel-row-style-for-82-1\" data-stretch-type=\"full-stretched\" ><div id=\"pgc-82-1-0\"  class=\"panel-grid-cell\" ><div id=\"panel-82-1-0-0\" class=\"so-panel widget widget_black-studio-tinymce widget_black_studio_tinymce panel-first-child panel-last-child\" data-index=\"1\" ><div class=\"panel-widget-style panel-widget-style-for-82-1-0-0\" ><h3 class=\"widget-title\">Visi\u00f3n b\u00e1sica y aplicada<\/h3><div class=\"textwidget\"><hr \/>\n<h4>Descripci\u00f3n:<\/h4>\n<p>El objetivo general es contribuir a una mejor caracterizaci\u00f3n de la visi\u00f3n funcional e identificaci\u00f3n de las condiciones del ambiente iluminado que optimicen la respuesta de la persona. La visi\u00f3n funcional se refiere a las capacidades visuales en relaci\u00f3n a la realizaci\u00f3n de una determinada tarea y en un determinado ambiente.<\/p>\n<p style=\"text-align: right;\"><a class=\"read-more\" href=\"https:\/\/www.facet.unt.edu.ar\/disenoiluminacion\/vision-basica-y-aplicada\/\">Leer m\u00e1s<\/a><\/p>\n<h4>Investigadores:<\/h4>\n<ul>\n<li>Luis Issolio<\/li>\n<li>Jos\u00e9 Barraza<\/li>\n<li>Andr\u00e9s Mart\u00edn<\/li>\n<li>Pablo Barrionuevo<\/li>\n<li>Beatriz O'Donell<\/li>\n<li>Mirta Jaen<\/li>\n<li>Javier Santill\u00e1n<\/li>\n<\/ul>\n<\/div><\/div><\/div><\/div><div id=\"pgc-82-1-1\"  class=\"panel-grid-cell\" ><div id=\"panel-82-1-1-0\" class=\"so-panel widget widget_black-studio-tinymce widget_black_studio_tinymce panel-first-child panel-last-child\" data-index=\"2\" ><div class=\"panel-widget-style panel-widget-style-for-82-1-1-0\" ><h3 class=\"widget-title\">Implementaci\u00f3n de calidad<\/h3><div class=\"textwidget\"><hr>\n<h4>Actividades:<\/h4>\n<ul>\n<li>Calidad en Laboratorios, (Gu\u00eda ISO 17025)<\/li>\n<li>Formaci\u00f3n de Auditor Interno_ Aplicaci\u00f3n de la Gu\u00eda ISO 19011<\/li>\n<li>Sistemas de Gesti\u00f3n de la Calidad 9001<\/li>\n<li>Gesti\u00f3n de la Calidad en investigaci\u00f3n<\/li>\n<li>Validaci\u00f3n de T\u00e9cnicas Anal\u00edticas de Ensayos<\/li>\n<\/ul>\n<h4>Responsable:<\/h4>\n<ul>\n<li class=\"sweep-right\">Sergio R. Gor<\/li>\n<\/ul>\n<\/div><\/div><\/div><\/div><\/div><\/div><div id=\"pg-82-2\"  class=\"panel-grid panel-has-style\" ><div class=\"siteorigin-panels-stretch panel-row-style-full-width panel-row-style panel-row-style-for-82-2\" data-stretch-type=\"full-stretched\" ><div id=\"pgc-82-2-0\"  class=\"panel-grid-cell\" ><div id=\"panel-82-2-0-0\" class=\"so-panel widget widget_black-studio-tinymce widget_black_studio_tinymce panel-first-child panel-last-child\" data-index=\"3\" ><div class=\"panel-widget-style panel-widget-style-for-82-2-0-0\" ><h3 class=\"widget-title\">Efectos no visuales de la iluminaci\u00f3n<\/h3><div class=\"textwidget\"><hr>\n<h4>Descripci\u00f3n:<\/h4>\n<p>El objetivo general es la investigaci\u00f3n de los efectos psicol\u00f3gicos y fisiol\u00f3gicos de la iluminaci\u00f3n en las personas, mediante la determinaci\u00f3n del impacto de la luz sobre los factores visuales, biol\u00f3gicos y emocionales, sistematizados  en una metodolog\u00eda integral de evaluaci\u00f3n del espacio iluminado, permitiendo todo ello considerar recomendaciones para la iluminaci\u00f3n de interiores, y su optimizaci\u00f3n energ\u00e9tica (eficiente) desde una perspectiva humana, incluyendo el bienestar de las personas.<\/p>\n<h4>Investigadores:<\/h4>\n<ul>\n<li class=\"sweep-right\">Graciela Tonello<\/li>\n<\/ul><\/div><\/div><\/div><\/div><div id=\"pgc-82-2-1\"  class=\"panel-grid-cell\" ><div id=\"panel-82-2-1-0\" class=\"so-panel widget widget_black-studio-tinymce widget_black_studio_tinymce panel-first-child panel-last-child\" data-index=\"4\" ><div class=\"panel-widget-style panel-widget-style-for-82-2-1-0\" ><h3 class=\"widget-title\">Desarrollo y escalamiento de prototipos<\/h3><div class=\"textwidget\"><hr \/>\n\n<h4>Descripci\u00f3n:<\/h4>\nEl \u00e1rea D-TEC se especializa en aplicar sus capacidades y habilidades para resolver problemas tecnol\u00f3gicos, propendiendo hacia la transferencia de conocimiento.\n\nEl objetivo general es desarrollar una plataforma de transferencia tecnol\u00f3gica que permita escalar los desarrollos innovativos producidos por los grupos de investigaci\u00f3n hasta alcanzar prototipos comercializables.\n<h4>Investigadores:<\/h4>\n<ul>\n \t<li>Diego corregidor<\/li>\n \t<li>Eduardo guennam<\/li>\n \t<li>Melina Chocobar<\/li>\n \t<li>Mauro Luque<\/li>\n \t<li>Alejandra mangiafico<\/li>\n \t<li>Mart\u00edn Ferreyra<\/li>\n<\/ul><\/div><\/div><\/div><\/div><\/div><\/div><div id=\"pg-82-3\"  class=\"panel-grid panel-has-style\" ><div class=\"siteorigin-panels-stretch panel-row-style-full-width panel-row-style panel-row-style-for-82-3\" data-stretch-type=\"full-stretched\" ><div id=\"pgc-82-3-0\"  class=\"panel-grid-cell\" ><div id=\"panel-82-3-0-0\" class=\"so-panel widget widget_black-studio-tinymce widget_black_studio_tinymce panel-first-child panel-last-child\" data-index=\"5\" ><div class=\"panel-widget-style panel-widget-style-for-82-3-0-0\" ><h3 class=\"widget-title\">Procesamiento de Im\u00e1genes de Sat\u00e9lite<\/h3><div class=\"textwidget\"><hr>\n<h4>Descripci\u00f3n:<\/h4>\n<p>La l\u00ednea de investigaci\u00f3n <i>Procesamiento de Im\u00e1genes de Sat\u00e9lite y Sistemas de Informaci\u00f3n Geogr\u00e1fica<\/i> incluye el an\u00e1lisis y el procesamiento de im\u00e1genes provenientes de sat\u00e9lites de observaci\u00f3n de la tierra.<\/p>\n<h4>Investigadores:<\/h4>\n<ul>\n<li class=\"sweep-right\">Horacio Madariaga<\/li>\n<\/ul>\n<\/div><\/div><\/div><\/div><div id=\"pgc-82-3-1\"  class=\"panel-grid-cell\" ><div id=\"panel-82-3-1-0\" class=\"so-panel widget widget_black-studio-tinymce widget_black_studio_tinymce panel-first-child panel-last-child\" data-index=\"6\" ><div class=\"panel-widget-style panel-widget-style-for-82-3-1-0\" ><h3 class=\"widget-title\">Eficiencia energ\u00e9tica y medio ambiente<\/h3><div class=\"textwidget\"><hr>\n<h4>Descripci\u00f3n:<\/h4>\n<h4>Investigadores:<\/h4>\n<ul>\n<li class=\"sweep-right\">Mario Raitelli<\/li>\n<li class=\"sweep-right\">Graciela Tonello<\/li>\n<li class=\"sweep-right\">Carlos Kirschbaum<\/li>\n<li class=\"sweep-right\">Jorge Mas<\/li>\n<\/ul>\n<\/div><\/div><\/div><\/div><\/div><\/div><div id=\"pg-82-4\"  class=\"panel-grid panel-has-style\" ><div class=\"siteorigin-panels-stretch panel-row-style-full-width panel-row-style panel-row-style-for-82-4\" data-stretch-type=\"full-stretched\" ><div id=\"pgc-82-4-0\"  class=\"panel-grid-cell\" ><div id=\"panel-82-4-0-0\" class=\"so-panel widget widget_black-studio-tinymce widget_black_studio_tinymce panel-first-child panel-last-child\" data-index=\"7\" ><div class=\"panel-widget-style panel-widget-style-for-82-4-0-0\" ><h3 class=\"widget-title\">Iluminaci\u00f3n y Conservaci\u00f3n de patrimonio hist\u00f3rico cultural<\/h3><div class=\"textwidget\"><hr>\n<h4>Descripci\u00f3n:<\/h4>\n<h4>Investigadores:<\/h4>\n<ul>\n<li class=\"sweep-right\">Ra\u00fal Ajmat<\/li>\n<li class=\"sweep-right\">Beatriz O'Donell<\/li>\n<li class=\"sweep-right\">Jos\u00e9 Sandoval<\/li>\n<\/ul>\n<\/div><\/div><\/div><\/div><div id=\"pgc-82-4-1\"  class=\"panel-grid-cell\" ><div id=\"panel-82-4-1-0\" class=\"so-panel widget widget_black-studio-tinymce widget_black_studio_tinymce panel-first-child panel-last-child\" data-index=\"8\" ><div class=\"panel-widget-style panel-widget-style-for-82-4-1-0\" ><h3 class=\"widget-title\">Gesti\u00f3n y dise\u00f1o de iluminaci\u00f3n<\/h3><div class=\"textwidget\"><hr>\n<h4>Descripci\u00f3n:<\/h4>\n<h4>Investigadores:<\/h4>\n<ul>\n<li class=\"sweep-right\">Eduardo Manzano<\/li>\n<li class=\"sweep-right\">Mario Raitelli<\/li>\n<li class=\"sweep-right\">Alberto Cabello<\/li>\n<li class=\"sweep-right\">Leonardo Assaf<\/li>\n<\/ul>\n<\/div><\/div><\/div><\/div><\/div><\/div><\/div>","protected":false},"excerpt":{"rendered":"<p>La investigaci\u00f3n b\u00e1sica y aplicada se desarrolla en la actualidad con financiamientos del CONICET, la Agencia Nacional para la Promoci\u00f3n Cient\u00edfica y Tecnol\u00f3gica, el Consejo de Investigaciones de la UNT, Agencia Espa\u00f1ola de Cooperaci\u00f3n Internacional y la Secretar\u00eda de Pol\u00edticas Universitarias. Ha recibido tambi\u00e9n importantes apoyos de la Fundaci\u00f3n Antorchas, Consejo Brit\u00e1nico, Uni\u00f3n Europea, DAAD, [&hellip;]<\/p>\n","protected":false},"author":24,"featured_media":0,"parent":0,"menu_order":0,"comment_status":"closed","ping_status":"closed","template":"templates\/template-full.php","meta":[],"_links":{"self":[{"href":"https:\/\/www.facet.unt.edu.ar\/disenoiluminacion\/wp-json\/wp\/v2\/pages\/82"}],"collection":[{"href":"https:\/\/www.facet.unt.edu.ar\/disenoiluminacion\/wp-json\/wp\/v2\/pages"}],"about":[{"href":"https:\/\/www.facet.unt.edu.ar\/disenoiluminacion\/wp-json\/wp\/v2\/types\/page"}],"author":[{"embeddable":true,"href":"https:\/\/www.facet.unt.edu.ar\/disenoiluminacion\/wp-json\/wp\/v2\/users\/24"}],"replies":[{"embeddable":true,"href":"https:\/\/www.facet.unt.edu.ar\/disenoiluminacion\/wp-json\/wp\/v2\/comments?post=82"}],"version-history":[{"count":17,"href":"https:\/\/www.facet.unt.edu.ar\/disenoiluminacion\/wp-json\/wp\/v2\/pages\/82\/revisions"}],"predecessor-version":[{"id":2095,"href":"https:\/\/www.facet.unt.edu.ar\/disenoiluminacion\/wp-json\/wp\/v2\/pages\/82\/revisions\/2095"}],"wp:attachment":[{"href":"https:\/\/www.facet.unt.edu.ar\/disenoiluminacion\/wp-json\/wp\/v2\/media?parent=82"}],"curies":[{"name":"wp","href":"https:\/\/api.w.org\/{rel}","templated":true}]}}