{"id":84,"date":"2015-09-18T15:00:27","date_gmt":"2015-09-18T18:00:27","guid":{"rendered":"https:\/\/www.facet.unt.edu.ar\/disenoiluminacion\/?page_id=84"},"modified":"2018-07-27T10:53:08","modified_gmt":"2018-07-27T13:53:08","slug":"proyectos-de-investigacion","status":"publish","type":"page","link":"https:\/\/www.facet.unt.edu.ar\/disenoiluminacion\/proyectos-de-investigacion\/","title":{"rendered":"Proyectos de Investigaci\u00f3n"},"content":{"rendered":"<div id=\"pl-84\"  class=\"panel-layout\" ><div id=\"pg-84-0\"  class=\"panel-grid panel-no-style\" ><div id=\"pgc-84-0-0\"  class=\"panel-grid-cell\" ><div id=\"panel-84-0-0-0\" class=\"so-panel widget widget_black-studio-tinymce widget_black_studio_tinymce panel-first-child panel-last-child\" data-index=\"0\" ><div class=\"textwidget\"><p><span style=\"color: #999999;\">(P\u00e1gina en construcci\u00f3n)<\/span><\/p>\n<p><strong>Sistemas de energ\u00eda. Programa PIUNT 26\/E643<\/strong><\/p>\n<div>Est\u00e1 conformado por proyectos que tratan sobre la caracterizaci\u00f3n de los sistemas energ\u00e9ticos, incluido el aprovechamiento de la energ\u00eda solar, para lo cual cuenta con un laboratorio con capacidad de mediciones radiom\u00e9tricas y fotom\u00e9tricas. <a href=\"https:\/\/www.facet.unt.edu.ar\/disenoiluminacion\/sistemas-de-energia\/\" target=\"_blank\" rel=\"noopener\"><strong><em>Ver M\u00e1s<\/em><\/strong><\/a><\/div>\n<\/div><\/div><\/div><\/div><\/div>","protected":false},"excerpt":{"rendered":"<p>(P\u00e1gina en construcci\u00f3n) Sistemas de energ\u00eda. Programa PIUNT 26\/E643 Est\u00e1 conformado por proyectos que tratan sobre la caracterizaci\u00f3n de los sistemas energ\u00e9ticos, incluido el aprovechamiento de la energ\u00eda solar, para lo cual cuenta con un laboratorio con capacidad de mediciones radiom\u00e9tricas y fotom\u00e9tricas. Ver M\u00e1s<\/p>\n","protected":false},"author":24,"featured_media":0,"parent":0,"menu_order":0,"comment_status":"closed","ping_status":"closed","template":"","meta":[],"_links":{"self":[{"href":"https:\/\/www.facet.unt.edu.ar\/disenoiluminacion\/wp-json\/wp\/v2\/pages\/84"}],"collection":[{"href":"https:\/\/www.facet.unt.edu.ar\/disenoiluminacion\/wp-json\/wp\/v2\/pages"}],"about":[{"href":"https:\/\/www.facet.unt.edu.ar\/disenoiluminacion\/wp-json\/wp\/v2\/types\/page"}],"author":[{"embeddable":true,"href":"https:\/\/www.facet.unt.edu.ar\/disenoiluminacion\/wp-json\/wp\/v2\/users\/24"}],"replies":[{"embeddable":true,"href":"https:\/\/www.facet.unt.edu.ar\/disenoiluminacion\/wp-json\/wp\/v2\/comments?post=84"}],"version-history":[{"count":5,"href":"https:\/\/www.facet.unt.edu.ar\/disenoiluminacion\/wp-json\/wp\/v2\/pages\/84\/revisions"}],"predecessor-version":[{"id":1794,"href":"https:\/\/www.facet.unt.edu.ar\/disenoiluminacion\/wp-json\/wp\/v2\/pages\/84\/revisions\/1794"}],"wp:attachment":[{"href":"https:\/\/www.facet.unt.edu.ar\/disenoiluminacion\/wp-json\/wp\/v2\/media?parent=84"}],"curies":[{"name":"wp","href":"https:\/\/api.w.org\/{rel}","templated":true}]}}