{"id":1858,"date":"2019-07-14T02:03:40","date_gmt":"2019-07-14T05:03:40","guid":{"rendered":"https:\/\/www.facet.unt.edu.ar\/dpto-cs-comp\/?page_id=1858"},"modified":"2020-07-14T21:04:32","modified_gmt":"2020-07-15T00:04:32","slug":"programador-universitario","status":"publish","type":"page","link":"https:\/\/www.facet.unt.edu.ar\/dpto-cs-comp\/programador-universitario\/","title":{"rendered":"PU"},"content":{"rendered":"<h2>Programador Universitario<\/h2>\n<ul>\n<li><strong>Duraci\u00f3n<\/strong>: 3 a\u00f1os<\/li>\n<li><strong>Horario de Cursado<\/strong>: 14 a 19hs, de Lunes a Viernes<\/li>\n<li><strong>Tiempo que lleva activa la carrera<\/strong>: 23 a\u00f1os<\/li>\n<\/ul>\n<h3>Empresas en Tucum\u00e1n en las que se insertan los Programadores Universitarios<\/h3>\n<ul style=\"list-style-type: square;\">\n<li>Censys<\/li>\n<li>Everis<\/li>\n<li>Globant<\/li>\n<li>Insignia<\/li>\n<li>SOVOS<\/li>\n<li>Vortex<\/li>\n<\/ul>\n<h3>Dependencias del Estado en las que se insertan los Programadores Universitarios<\/h3>\n<ul style=\"list-style-type: circle;\">\n<li>Casa de Gobierno<\/li>\n<li>Ministerio de Educaci\u00f3n<\/li>\n<li>CIIDEPT<\/li>\n<\/ul>\n<p>+Info:\u00a0<a href=\"https:\/\/www.facet.unt.edu.ar\/programadoruniversitario\/\">https:\/\/www.facet.unt.edu.ar\/programadoruniversitario\/<\/a><\/p>\n","protected":false},"excerpt":{"rendered":"<p>Programador Universitario Duraci\u00f3n: 3 a\u00f1os Horario de Cursado: 14 a 19hs, de Lunes a Viernes Tiempo que lleva activa la carrera: 23 a\u00f1os Empresas en Tucum\u00e1n en las que se insertan los Programadores Universitarios Censys Everis Globant Insignia SOVOS Vortex Dependencias del Estado en las que se insertan los Programadores Universitarios Casa de Gobierno Ministerio [&hellip;]<\/p>\n","protected":false},"author":23,"featured_media":0,"parent":0,"menu_order":0,"comment_status":"closed","ping_status":"closed","template":"","meta":[],"_links":{"self":[{"href":"https:\/\/www.facet.unt.edu.ar\/dpto-cs-comp\/wp-json\/wp\/v2\/pages\/1858"}],"collection":[{"href":"https:\/\/www.facet.unt.edu.ar\/dpto-cs-comp\/wp-json\/wp\/v2\/pages"}],"about":[{"href":"https:\/\/www.facet.unt.edu.ar\/dpto-cs-comp\/wp-json\/wp\/v2\/types\/page"}],"author":[{"embeddable":true,"href":"https:\/\/www.facet.unt.edu.ar\/dpto-cs-comp\/wp-json\/wp\/v2\/users\/23"}],"replies":[{"embeddable":true,"href":"https:\/\/www.facet.unt.edu.ar\/dpto-cs-comp\/wp-json\/wp\/v2\/comments?post=1858"}],"version-history":[{"count":7,"href":"https:\/\/www.facet.unt.edu.ar\/dpto-cs-comp\/wp-json\/wp\/v2\/pages\/1858\/revisions"}],"predecessor-version":[{"id":2097,"href":"https:\/\/www.facet.unt.edu.ar\/dpto-cs-comp\/wp-json\/wp\/v2\/pages\/1858\/revisions\/2097"}],"wp:attachment":[{"href":"https:\/\/www.facet.unt.edu.ar\/dpto-cs-comp\/wp-json\/wp\/v2\/media?parent=1858"}],"curies":[{"name":"wp","href":"https:\/\/api.w.org\/{rel}","templated":true}]}}