{"id":1882,"date":"2019-07-17T13:10:23","date_gmt":"2019-07-17T16:10:23","guid":{"rendered":"https:\/\/www.facet.unt.edu.ar\/dpto-cs-comp\/?page_id=1882"},"modified":"2020-04-18T11:52:41","modified_gmt":"2020-04-18T14:52:41","slug":"licenciatura-en-informatica","status":"publish","type":"page","link":"https:\/\/www.facet.unt.edu.ar\/dpto-cs-comp\/licenciatura-en-informatica\/","title":{"rendered":"Licenciatura en Inform\u00e1tica"},"content":{"rendered":"<h2>Licenciatura en Inform\u00e1tica<\/h2>\n<p>Duraci\u00f3n:\u00a0 5 a\u00f1os<\/p>\n<p>Carrera acreditada por la Comisi\u00f3n Nacional de Evaluaci\u00f3n y Acreditaci\u00f3n Universitaria (CONEAU), seg\u00fan Resoluci\u00f3n <a href=\"http:\/\/www.coneau.gob.ar\/archivos\/resoluciones\/RS-2019-49567761-APN-CONEAU-MECCYT.pdf\" target=\"_blank\" rel=\"noopener noreferrer\">RS-2019-49567761-APN-CONEAU#MECCYT<\/a><\/p>\n<h3>Actividades Reservadas al T\u00edtulo de Licenciado en Inform\u00e1tica<\/h3>\n<p>Seg\u00fan resoluci\u00f3n del Ministerio de Educaci\u00f3n de la Naci\u00f3n N\u00ba 1254\/2018 (Anexo XXX)<\/p>\n<ol>\n<li>Especificar, proyectar y desarrollar sistemas de informaci\u00f3n, sistemas de comunicaci\u00f3n de datos y software cuya utilizaci\u00f3n pueda afectar la seguridad, salud, bienes o derechos.<\/li>\n<li>Proyectar y dirigir lo referido a seguridad inform\u00e1tica.<\/li>\n<li>Establecer m\u00e9tricas y normas de calidad de software.<\/li>\n<li>Certificar el funcionamiento, condici\u00f3n de uso o estado de lo mencionado anteriormente.<\/li>\n<li>Dirigir y controlar la implementaci\u00f3n, operaci\u00f3n y mantenimiento de lo anteriormente mencionado.<\/li>\n<\/ol>\n<p>Correlativas: <a href=\"https:\/\/www.facet.unt.edu.ar\/dpto-cs-comp\/wp-content\/uploads\/sites\/29\/2020\/04\/Correlativas-Licenciatura-en-Inform\u00e1tica.pdf\">Correlativas-Licenciatura-en-Inform\u00e1tica<\/a><\/p>\n<p>+Info: <a href=\"https:\/\/www.facet.unt.edu.ar\/licinformatica\/\" target=\"_blank\" rel=\"noopener noreferrer\">https:\/\/www.facet.unt.edu.ar\/licinformatica\/<\/a><\/p>\n","protected":false},"excerpt":{"rendered":"<p>Licenciatura en Inform\u00e1tica Duraci\u00f3n:\u00a0 5 a\u00f1os Carrera acreditada por la Comisi\u00f3n Nacional de Evaluaci\u00f3n y Acreditaci\u00f3n Universitaria (CONEAU), seg\u00fan Resoluci\u00f3n RS-2019-49567761-APN-CONEAU#MECCYT Actividades Reservadas al T\u00edtulo de Licenciado en Inform\u00e1tica Seg\u00fan resoluci\u00f3n del Ministerio de Educaci\u00f3n de la Naci\u00f3n N\u00ba 1254\/2018 (Anexo XXX) Especificar, proyectar y desarrollar sistemas de informaci\u00f3n, sistemas de comunicaci\u00f3n de datos y [&hellip;]<\/p>\n","protected":false},"author":23,"featured_media":0,"parent":0,"menu_order":0,"comment_status":"closed","ping_status":"closed","template":"","meta":[],"_links":{"self":[{"href":"https:\/\/www.facet.unt.edu.ar\/dpto-cs-comp\/wp-json\/wp\/v2\/pages\/1882"}],"collection":[{"href":"https:\/\/www.facet.unt.edu.ar\/dpto-cs-comp\/wp-json\/wp\/v2\/pages"}],"about":[{"href":"https:\/\/www.facet.unt.edu.ar\/dpto-cs-comp\/wp-json\/wp\/v2\/types\/page"}],"author":[{"embeddable":true,"href":"https:\/\/www.facet.unt.edu.ar\/dpto-cs-comp\/wp-json\/wp\/v2\/users\/23"}],"replies":[{"embeddable":true,"href":"https:\/\/www.facet.unt.edu.ar\/dpto-cs-comp\/wp-json\/wp\/v2\/comments?post=1882"}],"version-history":[{"count":11,"href":"https:\/\/www.facet.unt.edu.ar\/dpto-cs-comp\/wp-json\/wp\/v2\/pages\/1882\/revisions"}],"predecessor-version":[{"id":1963,"href":"https:\/\/www.facet.unt.edu.ar\/dpto-cs-comp\/wp-json\/wp\/v2\/pages\/1882\/revisions\/1963"}],"wp:attachment":[{"href":"https:\/\/www.facet.unt.edu.ar\/dpto-cs-comp\/wp-json\/wp\/v2\/media?parent=1882"}],"curies":[{"name":"wp","href":"https:\/\/api.w.org\/{rel}","templated":true}]}}