{"id":2084,"date":"2020-07-14T19:38:12","date_gmt":"2020-07-14T22:38:12","guid":{"rendered":"https:\/\/www.facet.unt.edu.ar\/dpto-cs-comp\/?page_id=2084"},"modified":"2020-08-01T17:34:06","modified_gmt":"2020-08-01T20:34:06","slug":"ingenieria-en-informatica","status":"publish","type":"page","link":"https:\/\/www.facet.unt.edu.ar\/dpto-cs-comp\/ingenieria-en-informatica\/","title":{"rendered":"Ingenier\u00eda en Inform\u00e1tica"},"content":{"rendered":"<h2><strong>Ingenier\u00eda en Inform\u00e1tica<\/strong><\/h2>\n<p><strong>Duraci\u00f3n<\/strong>:\u00a0 5 a\u00f1os<\/p>\n<p><strong>Cantidad de Asignaturas<\/strong>: 42<\/p>\n<p><strong>Cantidad de Horas<\/strong>: 3920<\/p>\n<p><strong>Plan de Estudios:<\/strong> <a href=\"https:\/\/www.facet.unt.edu.ar\/dpto-cs-comp\/wp-content\/uploads\/sites\/29\/2020\/07\/Plan-de-Estudios-INGENIER\u00cdA-EN-INFORM\u00c1TICA.pdf\">Descargar Plan<\/a><\/p>\n<p><strong>Inicio de pr\u00f3ximo dictado<\/strong>: Marzo 2021<\/p>\n<h3><strong>Actividades Profesionales Reservadas al T\u00edtulo de Ingeniero en Inform\u00e1tica<\/strong><\/h3>\n<p><span class=\"fontstyle0\">Las Actividades Profesionales Reservadas al T\u00edtulo son un subconjunto dentro del total de alcances de un t\u00edtulo, que refieren a aquellas habilitaciones que involucran tareas que tienen un riesgo directo sobre la salud, la seguridad, los derechos, los bienes o la formaci\u00f3n de los habitantes.<\/span><\/p>\n<p>Seg\u00fan resoluci\u00f3n del Ministerio de Educaci\u00f3n de la Naci\u00f3n N\u00ba 1254\/2018 (Anexo XXXII) estas Actividades Reservadas para el Ingeniero en Inform\u00e1tica son:<\/p>\n<ol style=\"margin-left: 1.2vw;\">\n<li><span style=\"color: #000000;\">Especificar, proyectar y desarrollar sistemas de informaci\u00f3n, sistemas de <\/span><span style=\"color: #000000;\">comunicaci\u00f3n de datos y software cuya utilizaci\u00f3n pueda afectar la seguridad, <\/span><span style=\"color: #000000;\">salud, bienes o derechos.<\/span><\/li>\n<li><span style=\"color: #000000;\">Proyectar y dirigir lo referido a seguridad inform\u00e1tica.<\/span><\/li>\n<li><span style=\"color: #000000;\">Establecer m\u00e9tricas y normas de calidad de software.<\/span><\/li>\n<li><span style=\"color: #000000;\">Certificar el funcionamiento, condici\u00f3n de uso o estado de lo mencionado <\/span><span style=\"color: #000000;\">anteriormente.<\/span><\/li>\n<li><span style=\"color: #000000;\">Dirigir y controlar la implementaci\u00f3n, operaci\u00f3n y mantenimiento de lo <\/span><span style=\"color: #000000;\">anteriormente mencionado.<\/span><\/li>\n<\/ol>\n<p><strong>+Info:<\/strong> <a href=\"https:\/\/www.facet.unt.edu.ar\/ingenieriainformatica\/\">https:\/\/www.facet.unt.edu.ar\/ingenieriainformatica\/\u00a0<\/a><\/p>\n","protected":false},"excerpt":{"rendered":"<p>Ingenier\u00eda en Inform\u00e1tica Duraci\u00f3n:\u00a0 5 a\u00f1os Cantidad de Asignaturas: 42 Cantidad de Horas: 3920 Plan de Estudios: Descargar Plan Inicio de pr\u00f3ximo dictado: Marzo 2021 Actividades Profesionales Reservadas al T\u00edtulo de Ingeniero en Inform\u00e1tica Las Actividades Profesionales Reservadas al T\u00edtulo son un subconjunto dentro del total de alcances de un t\u00edtulo, que refieren a aquellas [&hellip;]<\/p>\n","protected":false},"author":101021,"featured_media":0,"parent":0,"menu_order":0,"comment_status":"closed","ping_status":"closed","template":"","meta":[],"_links":{"self":[{"href":"https:\/\/www.facet.unt.edu.ar\/dpto-cs-comp\/wp-json\/wp\/v2\/pages\/2084"}],"collection":[{"href":"https:\/\/www.facet.unt.edu.ar\/dpto-cs-comp\/wp-json\/wp\/v2\/pages"}],"about":[{"href":"https:\/\/www.facet.unt.edu.ar\/dpto-cs-comp\/wp-json\/wp\/v2\/types\/page"}],"author":[{"embeddable":true,"href":"https:\/\/www.facet.unt.edu.ar\/dpto-cs-comp\/wp-json\/wp\/v2\/users\/101021"}],"replies":[{"embeddable":true,"href":"https:\/\/www.facet.unt.edu.ar\/dpto-cs-comp\/wp-json\/wp\/v2\/comments?post=2084"}],"version-history":[{"count":24,"href":"https:\/\/www.facet.unt.edu.ar\/dpto-cs-comp\/wp-json\/wp\/v2\/pages\/2084\/revisions"}],"predecessor-version":[{"id":2131,"href":"https:\/\/www.facet.unt.edu.ar\/dpto-cs-comp\/wp-json\/wp\/v2\/pages\/2084\/revisions\/2131"}],"wp:attachment":[{"href":"https:\/\/www.facet.unt.edu.ar\/dpto-cs-comp\/wp-json\/wp\/v2\/media?parent=2084"}],"curies":[{"name":"wp","href":"https:\/\/api.w.org\/{rel}","templated":true}]}}