{"id":2273,"date":"2021-08-21T14:46:14","date_gmt":"2021-08-21T17:46:14","guid":{"rendered":"https:\/\/www.facet.unt.edu.ar\/dpto-cs-comp\/?page_id=2273"},"modified":"2021-08-21T14:49:59","modified_gmt":"2021-08-21T17:49:59","slug":"cv-gluccioni","status":"publish","type":"page","link":"https:\/\/www.facet.unt.edu.ar\/dpto-cs-comp\/cv-gluccioni\/","title":{"rendered":"cv-gluccioni"},"content":{"rendered":"<h2>Mg. Lic. Griselda Mar\u00eda Luccioni<\/h2>\n<p><a href=\"https:\/\/www.facet.unt.edu.ar\/dpto-cs-comp\/wp-content\/uploads\/sites\/29\/2021\/08\/FotoGriselda.jpg\"><img decoding=\"async\" loading=\"lazy\" class=\"alignnone wp-image-2274\" src=\"https:\/\/www.facet.unt.edu.ar\/dpto-cs-comp\/wp-content\/uploads\/sites\/29\/2021\/08\/FotoGriselda.jpg\" alt=\"\" width=\"166\" height=\"226\" \/><\/a><\/p>\n<ul>\n<li>Tiene los t\u00edtulos de:\n<ul>\n<li><strong><em>Mag\u00edster en M\u00e9todos Num\u00e9ricos y Computacionales en Ingenier\u00eda<\/em><\/strong>. (2006). UNT.<\/li>\n<li><strong><em>Licenciada En Matem\u00e1tica<\/em><\/strong>. (1979). UNT.<\/li>\n<\/ul>\n<\/li>\n<li>Se desempe\u00f1a como Profesora Regular en los cargos (Obtenidos por Concurso de Antecedentes y Oposici\u00f3n) desde 2008 a la fecha:<\/li>\n<\/ul>\n<p>&#8211; <strong><em>Profesora Titular Dedicaci\u00f3n Exclusiva<\/em><\/strong>. Departamento de Ciencias de la Computaci\u00f3n. FACET. UNT<\/p>\n<p>&#8211; <strong><em>Profesora Asociada Dedicaci\u00f3n Simple<\/em><\/strong>. Departamento de Ingenier\u00eda El\u00e9ctrica y Computaci\u00f3n. FACET. UNT.<\/p>\n<ul>\n<li>Es Investigadora categorizada con Categor\u00eda 3. Dirige el Proyecto de Investigaci\u00f3n \u201c<em>Aplicaciones de fotogrametr\u00eda Digital<\/em>\u201d desde 2018 a 2022. Ha sido integrante de Proyectos de Investigaci\u00f3n CIUNT desde 1998.<\/li>\n<li>Es miembro del <em>Honorable Consejo Superior de la UNT<\/em>, desde 2016. Preside la Comisi\u00f3n de Ense\u00f1anza y Disciplina del Honorable Consejo Superior, desde 2018.<\/li>\n<li>Ha sido directora de la carrera de <strong><em>Programador Universitario<\/em><\/strong>. (Desde 1999 hasta 2014).<\/li>\n<li>Ha sido directora de la carrera <strong><em>Licenciatura en Inform\u00e1tica<\/em><\/strong>. (Desde 2005 hasta 2014)<\/li>\n<li>Es representante de la UNT en la RedUnci, desde 2012.<\/li>\n<li>Es Coautora de numerosas publicaciones docentes de la Asociaci\u00f3n Cooperadora de la FACET, UNT. Desde 1988 con reediciones.<\/li>\n<li>Ha publicado trabajos cient\u00edficos en revistas nacionales e internacionales y ha presentado trabajos en congresos nacionales, desde 1984.<\/li>\n<li>Ha participado en calidad de asistente y de expositor en numerosas Jornadas, Talleres, Conferencias, Congresos desde el a\u00f1o 1981.<\/li>\n<\/ul>\n","protected":false},"excerpt":{"rendered":"<p>Mg. Lic. Griselda Mar\u00eda Luccioni Tiene los t\u00edtulos de: Mag\u00edster en M\u00e9todos Num\u00e9ricos y Computacionales en Ingenier\u00eda. (2006). UNT. Licenciada En Matem\u00e1tica. (1979). UNT. Se desempe\u00f1a como Profesora Regular en los cargos (Obtenidos por Concurso de Antecedentes y Oposici\u00f3n) desde 2008 a la fecha: &#8211; Profesora Titular Dedicaci\u00f3n Exclusiva. Departamento de Ciencias de la Computaci\u00f3n. [&hellip;]<\/p>\n","protected":false},"author":101021,"featured_media":0,"parent":0,"menu_order":0,"comment_status":"closed","ping_status":"closed","template":"","meta":[],"_links":{"self":[{"href":"https:\/\/www.facet.unt.edu.ar\/dpto-cs-comp\/wp-json\/wp\/v2\/pages\/2273"}],"collection":[{"href":"https:\/\/www.facet.unt.edu.ar\/dpto-cs-comp\/wp-json\/wp\/v2\/pages"}],"about":[{"href":"https:\/\/www.facet.unt.edu.ar\/dpto-cs-comp\/wp-json\/wp\/v2\/types\/page"}],"author":[{"embeddable":true,"href":"https:\/\/www.facet.unt.edu.ar\/dpto-cs-comp\/wp-json\/wp\/v2\/users\/101021"}],"replies":[{"embeddable":true,"href":"https:\/\/www.facet.unt.edu.ar\/dpto-cs-comp\/wp-json\/wp\/v2\/comments?post=2273"}],"version-history":[{"count":3,"href":"https:\/\/www.facet.unt.edu.ar\/dpto-cs-comp\/wp-json\/wp\/v2\/pages\/2273\/revisions"}],"predecessor-version":[{"id":2278,"href":"https:\/\/www.facet.unt.edu.ar\/dpto-cs-comp\/wp-json\/wp\/v2\/pages\/2273\/revisions\/2278"}],"wp:attachment":[{"href":"https:\/\/www.facet.unt.edu.ar\/dpto-cs-comp\/wp-json\/wp\/v2\/media?parent=2273"}],"curies":[{"name":"wp","href":"https:\/\/api.w.org\/{rel}","templated":true}]}}