{"id":2291,"date":"2021-08-21T15:12:07","date_gmt":"2021-08-21T18:12:07","guid":{"rendered":"https:\/\/www.facet.unt.edu.ar\/dpto-cs-comp\/?page_id=2291"},"modified":"2021-08-21T15:14:24","modified_gmt":"2021-08-21T18:14:24","slug":"cv-gbarraza","status":"publish","type":"page","link":"https:\/\/www.facet.unt.edu.ar\/dpto-cs-comp\/cv-gbarraza\/","title":{"rendered":"cv-gbarraza"},"content":{"rendered":"<h2><b>Lic. F\u00e1tima Gabriela Barraza<\/b><\/h2>\n<p><a href=\"https:\/\/www.facet.unt.edu.ar\/dpto-cs-comp\/wp-content\/uploads\/sites\/29\/2021\/08\/gbarraza.png\"><img decoding=\"async\" loading=\"lazy\" class=\"alignnone wp-image-2289\" src=\"https:\/\/www.facet.unt.edu.ar\/dpto-cs-comp\/wp-content\/uploads\/sites\/29\/2021\/08\/gbarraza.png\" alt=\"\" width=\"250\" height=\"252\" \/><\/a><\/p>\n<div><b>T\u00edtulo<\/b><\/div>\n<ul>\n<li>Licenciada en Inform\u00e1tica \u2013 Universidad Nacional de Tucum\u00e1n<\/li>\n<li>Programadora Universitaria \u2013 Universidad Nacional de Tucum\u00e1n<\/li>\n<\/ul>\n<div><\/div>\n<div><b>Docencia<\/b><\/div>\n<ul>\n<li>Auxiliar Docente Graduada en: C\u00e1tedra Elementos de Computaci\u00f3n y L\u00f3gica, C\u00e1tedra de Programaci\u00f3n. Facultad de Ciencias Exactas y Tecnolog\u00eda \u2013 Universidad Nacional de Tucum\u00e1n.<\/li>\n<\/ul>\n<div><\/div>\n<p><b>Formaci\u00f3n complementaria<\/b><\/p>\n<ul>\n<li>Liderazgo y Trabajo en Equipo.-UNT<\/li>\n<li>Programaci\u00f3n Web \u2013 UTN<\/li>\n<\/ul>\n<p><b>Actividades de extensi\u00f3n Universitaria<\/b><\/p>\n<ul>\n<li>Proyecto \u201cla Inform\u00e1tica en la escuela\u201d, Programa de Voluntariado Universitario y Pasant\u00edas Sociales, realizado en la Escuela Jos\u00e9 Mart\u00ed, Modalidad J\u00f3venes -2009 \/ 2010.<\/li>\n<li>Dise\u00f1o del sitio web del Instituto de Tecnolog\u00eda Arquitect\u00f3nica \u2013 2012.<\/li>\n<\/ul>\n","protected":false},"excerpt":{"rendered":"<p>Lic. F\u00e1tima Gabriela Barraza T\u00edtulo Licenciada en Inform\u00e1tica \u2013 Universidad Nacional de Tucum\u00e1n Programadora Universitaria \u2013 Universidad Nacional de Tucum\u00e1n Docencia Auxiliar Docente Graduada en: C\u00e1tedra Elementos de Computaci\u00f3n y L\u00f3gica, C\u00e1tedra de Programaci\u00f3n. Facultad de Ciencias Exactas y Tecnolog\u00eda \u2013 Universidad Nacional de Tucum\u00e1n. Formaci\u00f3n complementaria Liderazgo y Trabajo en Equipo.-UNT Programaci\u00f3n Web \u2013 [&hellip;]<\/p>\n","protected":false},"author":101021,"featured_media":0,"parent":0,"menu_order":0,"comment_status":"closed","ping_status":"closed","template":"","meta":[],"_links":{"self":[{"href":"https:\/\/www.facet.unt.edu.ar\/dpto-cs-comp\/wp-json\/wp\/v2\/pages\/2291"}],"collection":[{"href":"https:\/\/www.facet.unt.edu.ar\/dpto-cs-comp\/wp-json\/wp\/v2\/pages"}],"about":[{"href":"https:\/\/www.facet.unt.edu.ar\/dpto-cs-comp\/wp-json\/wp\/v2\/types\/page"}],"author":[{"embeddable":true,"href":"https:\/\/www.facet.unt.edu.ar\/dpto-cs-comp\/wp-json\/wp\/v2\/users\/101021"}],"replies":[{"embeddable":true,"href":"https:\/\/www.facet.unt.edu.ar\/dpto-cs-comp\/wp-json\/wp\/v2\/comments?post=2291"}],"version-history":[{"count":4,"href":"https:\/\/www.facet.unt.edu.ar\/dpto-cs-comp\/wp-json\/wp\/v2\/pages\/2291\/revisions"}],"predecessor-version":[{"id":2295,"href":"https:\/\/www.facet.unt.edu.ar\/dpto-cs-comp\/wp-json\/wp\/v2\/pages\/2291\/revisions\/2295"}],"wp:attachment":[{"href":"https:\/\/www.facet.unt.edu.ar\/dpto-cs-comp\/wp-json\/wp\/v2\/media?parent=2291"}],"curies":[{"name":"wp","href":"https:\/\/api.w.org\/{rel}","templated":true}]}}