{"id":2353,"date":"2021-08-31T00:15:48","date_gmt":"2021-08-31T03:15:48","guid":{"rendered":"https:\/\/www.facet.unt.edu.ar\/dpto-cs-comp\/?page_id=2353"},"modified":"2021-08-31T00:17:00","modified_gmt":"2021-08-31T03:17:00","slug":"cv-dafernandez","status":"publish","type":"page","link":"https:\/\/www.facet.unt.edu.ar\/dpto-cs-comp\/cv-dafernandez\/","title":{"rendered":"Dante Aquilino Fern\u00e1ndez"},"content":{"rendered":"<h2><strong>Esp. Ing. Dante Aquilino Fern\u00e1ndez<\/strong><\/h2>\n<h3><a href=\"https:\/\/www.facet.unt.edu.ar\/dpto-cs-comp\/wp-content\/uploads\/sites\/29\/2021\/08\/dafernandez.jpg\"><img decoding=\"async\" loading=\"lazy\" class=\"alignnone wp-image-2359\" src=\"https:\/\/www.facet.unt.edu.ar\/dpto-cs-comp\/wp-content\/uploads\/sites\/29\/2021\/08\/dafernandez.jpg\" alt=\"\" width=\"284\" height=\"296\" \/><\/a><\/h3>\n<h3><strong>Estudios superiores<\/strong><\/h3>\n<ul>\n<li>Ingeniero Electricista Orientaci\u00f3n Electr\u00f3nica &#8211; FACET &#8211; UNT<\/li>\n<li>MAVILE (Especializaci\u00f3n en Medio Ambiente Visual e Iluminaci\u00f3n Eficiente) &#8211; FACET &#8211; UNT<\/li>\n<\/ul>\n<h3><strong>Docencia<\/strong><\/h3>\n<ul>\n<li>Profesor Adjunto a cargo de la c\u00e1tedra INFORMATICA CBI (Departamento de Ciencias de la Programaci\u00f3n) &#8211; FACET &#8211; UNT<\/li>\n<li>Profesor Adjunto Interino en Algebra y Geom &#8211; Fac. Regional Tucum\u00e1n &#8211; UTN<\/li>\n<li>Ayudante de Trabajos Pr\u00e1cticos en An\u00e1lisis Matem\u00e1tico I &#8211; Fac. Regional Tucum\u00e1n &#8211; UTN<\/li>\n<li>Jefe de Trabajos Pr\u00e1cticos de Matem\u00e1tica Aplicada &#8211; FAU &#8211; UNT<\/li>\n<\/ul>\n<h3><strong>Otros antecedentes<\/strong><\/h3>\n<ul>\n<li>Proyectos varios de investigaci\u00f3n en FAU &#8212; UNT , y en FRT &#8211; UTN<\/li>\n<li>Representante del COPIT ante la FACET<\/li>\n<li>Presentaci\u00f3n de trabajos varios sobre Matem\u00e1tica en varios Congresos.<\/li>\n<li>Dictado de Cursillos de Ingreso en la FRT &#8211; UTN.<\/li>\n<\/ul>\n","protected":false},"excerpt":{"rendered":"<p>Esp. Ing. Dante Aquilino Fern\u00e1ndez Estudios superiores Ingeniero Electricista Orientaci\u00f3n Electr\u00f3nica &#8211; FACET &#8211; UNT MAVILE (Especializaci\u00f3n en Medio Ambiente Visual e Iluminaci\u00f3n Eficiente) &#8211; FACET &#8211; UNT Docencia Profesor Adjunto a cargo de la c\u00e1tedra INFORMATICA CBI (Departamento de Ciencias de la Programaci\u00f3n) &#8211; FACET &#8211; UNT Profesor Adjunto Interino en Algebra y Geom [&hellip;]<\/p>\n","protected":false},"author":101021,"featured_media":0,"parent":0,"menu_order":0,"comment_status":"closed","ping_status":"closed","template":"","meta":[],"_links":{"self":[{"href":"https:\/\/www.facet.unt.edu.ar\/dpto-cs-comp\/wp-json\/wp\/v2\/pages\/2353"}],"collection":[{"href":"https:\/\/www.facet.unt.edu.ar\/dpto-cs-comp\/wp-json\/wp\/v2\/pages"}],"about":[{"href":"https:\/\/www.facet.unt.edu.ar\/dpto-cs-comp\/wp-json\/wp\/v2\/types\/page"}],"author":[{"embeddable":true,"href":"https:\/\/www.facet.unt.edu.ar\/dpto-cs-comp\/wp-json\/wp\/v2\/users\/101021"}],"replies":[{"embeddable":true,"href":"https:\/\/www.facet.unt.edu.ar\/dpto-cs-comp\/wp-json\/wp\/v2\/comments?post=2353"}],"version-history":[{"count":4,"href":"https:\/\/www.facet.unt.edu.ar\/dpto-cs-comp\/wp-json\/wp\/v2\/pages\/2353\/revisions"}],"predecessor-version":[{"id":2363,"href":"https:\/\/www.facet.unt.edu.ar\/dpto-cs-comp\/wp-json\/wp\/v2\/pages\/2353\/revisions\/2363"}],"wp:attachment":[{"href":"https:\/\/www.facet.unt.edu.ar\/dpto-cs-comp\/wp-json\/wp\/v2\/media?parent=2353"}],"curies":[{"name":"wp","href":"https:\/\/api.w.org\/{rel}","templated":true}]}}