{"id":2366,"date":"2021-08-31T00:21:11","date_gmt":"2021-08-31T03:21:11","guid":{"rendered":"https:\/\/www.facet.unt.edu.ar\/dpto-cs-comp\/?page_id=2366"},"modified":"2021-08-31T00:26:59","modified_gmt":"2021-08-31T03:26:59","slug":"cv-ljaimovich","status":"publish","type":"page","link":"https:\/\/www.facet.unt.edu.ar\/dpto-cs-comp\/cv-ljaimovich\/","title":{"rendered":"Le\u00f3n Jaimovich"},"content":{"rendered":"<h2><strong>Ing. Le\u00f3n Jaimovich<\/strong><\/h2>\n<p><a href=\"https:\/\/www.facet.unt.edu.ar\/dpto-cs-comp\/wp-content\/uploads\/sites\/29\/2021\/08\/ljaimovich.jpeg\"><img decoding=\"async\" loading=\"lazy\" class=\"alignnone wp-image-2314\" src=\"https:\/\/www.facet.unt.edu.ar\/dpto-cs-comp\/wp-content\/uploads\/sites\/29\/2021\/08\/ljaimovich.jpeg\" alt=\"\" width=\"323\" height=\"314\" \/><\/a><\/p>\n<h3><strong>Estudios<\/strong><\/h3>\n<ul>\n<li>Ingeniero en Computaci\u00f3n de la UNT (desde Diciembre de 2011)<\/li>\n<\/ul>\n<h3><strong>Docencia<\/strong><\/h3>\n<ul>\n<li>Cargo: Auxiliar Docente Graduado con Dedicaci\u00f3n Simple<br \/>\nInform\u00e1tica. Facultad de Ciencias Exactas y Tecnolog\u00eda de la UNT.<br \/>\nDesde: Marzo de 2019 Hasta: Actualidad<\/li>\n<li>Cargo: JTP con Dedicaci\u00f3n Simple<br \/>\nAdministraci\u00f3n avanzada de sistemas operativos. Facultad de Ciencias<br \/>\nExactas y Tecnolog\u00eda de la UNT.<br \/>\nDesde: Marzo de 2021 Hasta: Actualidad<\/li>\n<\/ul>\n<h3><strong>Antecedentes Profesionales<\/strong><\/h3>\n<ul>\n<li><strong> Grupo Lucci<\/strong> | Agosto 2012 a Diciembre 2014<br \/>\nAnalista Funcional SAP<br \/>\nSoporte a usuarios claves y finales en funcionalidades de la soluci\u00f3n SAP<br \/>\nR\/3 versi\u00f3n 6.0, en m\u00f3dulos MM, SD, FI, PP. Encargado de mejoras<br \/>\ncontinuas sobre procesos existentes y dise\u00f1o de nuevos procesos. Nexo de<br \/>\ncomunicaci\u00f3n con terceros (consultores, desarrolladores).<\/li>\n<li><strong>UNICEF<\/strong> \u2013 Ministerio de Educaci\u00f3n de la Provincia de Tucum\u00e1n | Febrero<br \/>\n2018 hasta la actualidad<br \/>\nReferente T\u00e9cnico de la Escuela Secundaria Rural Mediada por TIC<br \/>\nParticipaci\u00f3n en la definici\u00f3n de la infraestructura de conectividad, hardware<br \/>\ny software necesario para garantizar el soporte t\u00e9cnico de la propuesta<br \/>\nSRTIC. Participaci\u00f3n en la gesti\u00f3n y seguimiento de reclamos a proveedores<br \/>\nen caso de inconvenientes.<\/li>\n<\/ul>\n","protected":false},"excerpt":{"rendered":"<p>Ing. Le\u00f3n Jaimovich Estudios Ingeniero en Computaci\u00f3n de la UNT (desde Diciembre de 2011) Docencia Cargo: Auxiliar Docente Graduado con Dedicaci\u00f3n Simple Inform\u00e1tica. Facultad de Ciencias Exactas y Tecnolog\u00eda de la UNT. Desde: Marzo de 2019 Hasta: Actualidad Cargo: JTP con Dedicaci\u00f3n Simple Administraci\u00f3n avanzada de sistemas operativos. Facultad de Ciencias Exactas y Tecnolog\u00eda de [&hellip;]<\/p>\n","protected":false},"author":101021,"featured_media":0,"parent":0,"menu_order":0,"comment_status":"closed","ping_status":"closed","template":"","meta":[],"_links":{"self":[{"href":"https:\/\/www.facet.unt.edu.ar\/dpto-cs-comp\/wp-json\/wp\/v2\/pages\/2366"}],"collection":[{"href":"https:\/\/www.facet.unt.edu.ar\/dpto-cs-comp\/wp-json\/wp\/v2\/pages"}],"about":[{"href":"https:\/\/www.facet.unt.edu.ar\/dpto-cs-comp\/wp-json\/wp\/v2\/types\/page"}],"author":[{"embeddable":true,"href":"https:\/\/www.facet.unt.edu.ar\/dpto-cs-comp\/wp-json\/wp\/v2\/users\/101021"}],"replies":[{"embeddable":true,"href":"https:\/\/www.facet.unt.edu.ar\/dpto-cs-comp\/wp-json\/wp\/v2\/comments?post=2366"}],"version-history":[{"count":7,"href":"https:\/\/www.facet.unt.edu.ar\/dpto-cs-comp\/wp-json\/wp\/v2\/pages\/2366\/revisions"}],"predecessor-version":[{"id":2375,"href":"https:\/\/www.facet.unt.edu.ar\/dpto-cs-comp\/wp-json\/wp\/v2\/pages\/2366\/revisions\/2375"}],"wp:attachment":[{"href":"https:\/\/www.facet.unt.edu.ar\/dpto-cs-comp\/wp-json\/wp\/v2\/media?parent=2366"}],"curies":[{"name":"wp","href":"https:\/\/api.w.org\/{rel}","templated":true}]}}