{"id":2499,"date":"2021-09-20T12:18:33","date_gmt":"2021-09-20T15:18:33","guid":{"rendered":"https:\/\/www.facet.unt.edu.ar\/dpto-cs-comp\/?page_id=2499"},"modified":"2021-09-20T12:25:23","modified_gmt":"2021-09-20T15:25:23","slug":"cv-cwerenitzkycuria","status":"publish","type":"page","link":"https:\/\/www.facet.unt.edu.ar\/dpto-cs-comp\/cv-cwerenitzkycuria\/","title":{"rendered":"CV Cristina Werenitzky Curia"},"content":{"rendered":"<h2><strong>Lic. Cristina Werenitzky Curia<\/strong><\/h2>\n<p><a href=\"https:\/\/www.facet.unt.edu.ar\/dpto-cs-comp\/wp-content\/uploads\/sites\/29\/2021\/09\/Werenitzky.jpg\"><img decoding=\"async\" loading=\"lazy\" class=\"alignnone wp-image-2500\" src=\"https:\/\/www.facet.unt.edu.ar\/dpto-cs-comp\/wp-content\/uploads\/sites\/29\/2021\/09\/Werenitzky.jpg\" alt=\"\" width=\"288\" height=\"307\" \/><\/a><\/p>\n<h3><strong>TITULOS:<\/strong><\/h3>\n<p>&#8211; Programador Universitario. Dic\/2000. FACET &#8211; UNT<br \/>\n&#8211; Licenciada en Inform\u00e1tica. Dic\/2010. FACET &#8211; UNT<\/p>\n<h3><strong>DOCENCIA:<\/strong><\/h3>\n<p>En el a\u00f1o 2000 comenz\u00f3 su carrera docente como ayudante estudiantil de Elementos de Computaci\u00f3n y L\u00f3gica y Programaci\u00f3n y desde el 2001 se desempe\u00f1a como docente del DCC. Form\u00f3 parte de las siguientes c\u00e1tedras: Elementos de Computaci\u00f3n y L\u00f3gica, Programaci\u00f3n, Inform\u00e1tica, Conceptos de Bases de Datos I y II, Algoritmos y Estructuras de Datos I y II, Paradigmas de Programaci\u00f3n y Patrones de Dise\u00f1o<\/p>\n<h4><strong>Cargo Actual<\/strong><\/h4>\n<p>Profesora Asociada con dedicaci\u00f3n exclusiva. Asignaturas Algoritmos y Estructuras de Datos I y II y Paradigmas de Programaci\u00f3n. Dpto. Cs. de la Comp. (DCC) &#8211; FACET \u2013 UNT.<\/p>\n<h3><strong>INVESTIGACI\u00d3N:<\/strong><\/h3>\n<p>Desde el a\u00f1o 2005 participa en diferentes proyectos de investigaci\u00f3n. Desde el a\u00f1o 2014 participa en proyectos de investigaci\u00f3n de Inteligencia Artificial (IA). Temas de inter\u00e9s: algoritmos, t\u00e9cnicas, herramientas y aplicaciones de IA.<\/p>\n<h4><strong>Investigaci\u00f3n Actual:<\/strong><\/h4>\n<p>Directora del Proyecto &#8220;Inteligencia Artificial aplicada a la Salud\u201d. Proyecto aprobado por el CIUNT (Proy. N\u00ba 26\/E692 Tipo C).\u00a0 PIUNT 2019.<\/p>\n<h3><strong>GESTI\u00d3N:<\/strong><\/h3>\n<p>Desde el a\u00f1o 2004 participa en las actividades de gesti\u00f3n del DCC como miembro de la Comisi\u00f3n de Prioridades o miembro de la Comisi\u00f3n Acad\u00e9mica de las carreras y como jurado de numeras tesis, concursos y evaluaciones docentes.<\/p>\n<h4><strong>Actualidad:<\/strong><\/h4>\n<p>-Directora de las carreras Licenciatura en Inform\u00e1tica y Programador Universitario de la FACET desde 1\/8\/2018 a la fecha.<br \/>\n-Miembro de la comisi\u00f3n de Autoevaluaci\u00f3n de la Carrera Licenciatura en Inform\u00e1tica de la FACET para las convocatorias de acreditaci\u00f3n de carreras de grado. Desde 2010 a la fecha.<br \/>\n-Miembro de la Comisi\u00f3n Acad\u00e9mica de la carrera Ingenier\u00eda en Inform\u00e1tica desde 2019 a la fecha.<br \/>\n-Representante UNT en la Comisi\u00f3n de trabajo de Terminal Licenciatura en Inform\u00e1tica \u2013 REDUNCI. A\u00f1o 2021.<\/p>\n<h3><strong>EXTENSI\u00d3N:<\/strong><\/h3>\n<p>Desde el a\u00f1o 2004 participa en diferentes actividades de extensi\u00f3n (dictado de cursos de capacitaci\u00f3n, programas de extensi\u00f3n, organizaci\u00f3n de cursos, talleres y jornadas, coordinaci\u00f3n de jornadas y programas, etc.)<\/p>\n<h4><strong>Actualidad:<\/strong><\/h4>\n<p>Coordinadora de la FACET y miembro del equipo docente de la L\u00ednea de Trabajo B de la iniciativa PROGRAM.AR, fundaci\u00f3n Dr. Manuel Sadosky. Desde 2018 a la fecha.<\/p>\n","protected":false},"excerpt":{"rendered":"<p>Lic. Cristina Werenitzky Curia TITULOS: &#8211; Programador Universitario. Dic\/2000. FACET &#8211; UNT &#8211; Licenciada en Inform\u00e1tica. Dic\/2010. FACET &#8211; UNT DOCENCIA: En el a\u00f1o 2000 comenz\u00f3 su carrera docente como ayudante estudiantil de Elementos de Computaci\u00f3n y L\u00f3gica y Programaci\u00f3n y desde el 2001 se desempe\u00f1a como docente del DCC. Form\u00f3 parte de las siguientes [&hellip;]<\/p>\n","protected":false},"author":101021,"featured_media":0,"parent":0,"menu_order":0,"comment_status":"closed","ping_status":"closed","template":"","meta":[],"_links":{"self":[{"href":"https:\/\/www.facet.unt.edu.ar\/dpto-cs-comp\/wp-json\/wp\/v2\/pages\/2499"}],"collection":[{"href":"https:\/\/www.facet.unt.edu.ar\/dpto-cs-comp\/wp-json\/wp\/v2\/pages"}],"about":[{"href":"https:\/\/www.facet.unt.edu.ar\/dpto-cs-comp\/wp-json\/wp\/v2\/types\/page"}],"author":[{"embeddable":true,"href":"https:\/\/www.facet.unt.edu.ar\/dpto-cs-comp\/wp-json\/wp\/v2\/users\/101021"}],"replies":[{"embeddable":true,"href":"https:\/\/www.facet.unt.edu.ar\/dpto-cs-comp\/wp-json\/wp\/v2\/comments?post=2499"}],"version-history":[{"count":8,"href":"https:\/\/www.facet.unt.edu.ar\/dpto-cs-comp\/wp-json\/wp\/v2\/pages\/2499\/revisions"}],"predecessor-version":[{"id":2508,"href":"https:\/\/www.facet.unt.edu.ar\/dpto-cs-comp\/wp-json\/wp\/v2\/pages\/2499\/revisions\/2508"}],"wp:attachment":[{"href":"https:\/\/www.facet.unt.edu.ar\/dpto-cs-comp\/wp-json\/wp\/v2\/media?parent=2499"}],"curies":[{"name":"wp","href":"https:\/\/api.w.org\/{rel}","templated":true}]}}