{"id":2515,"date":"2021-09-20T12:48:12","date_gmt":"2021-09-20T15:48:12","guid":{"rendered":"https:\/\/www.facet.unt.edu.ar\/dpto-cs-comp\/?page_id=2515"},"modified":"2021-09-20T12:56:44","modified_gmt":"2021-09-20T15:56:44","slug":"cv-ptoledo","status":"publish","type":"page","link":"https:\/\/www.facet.unt.edu.ar\/dpto-cs-comp\/cv-ptoledo\/","title":{"rendered":"CV Pablo Gabriel Toledo"},"content":{"rendered":"<h2><strong>Ing. Pablo Gabriel Toledo<\/strong><\/h2>\n<p><a href=\"https:\/\/www.facet.unt.edu.ar\/dpto-cs-comp\/wp-content\/uploads\/sites\/29\/2021\/09\/ptoledo.jpg\"><img decoding=\"async\" loading=\"lazy\" class=\"alignnone wp-image-2516\" src=\"https:\/\/www.facet.unt.edu.ar\/dpto-cs-comp\/wp-content\/uploads\/sites\/29\/2021\/09\/ptoledo.jpg\" alt=\"\" width=\"321\" height=\"321\" \/><\/a><\/p>\n<h3><strong>Formaci\u00f3n Acad\u00e9mica<\/strong><\/h3>\n<p>Universidad Nacional de Tucum\u00e1n \u2013 Facultad de Cs. Exactas y Tecnolog\u00eda<br \/>\nIngenier\u00eda en Computaci\u00f3n<br \/>\nT\u00edtulo: Ingeniero en Computaci\u00f3n<br \/>\nAbril, 2017<\/p>\n<p>Instituto T\u00e9cnico Salesiano Lorenzo Massa<br \/>\nT\u00edtulo: T\u00e9cnico en Electr\u00f3nica<br \/>\nDiciembre, 2009<\/p>\n<p>Cambridge ESOL Examina tions International &#8211; Cambridge University<br \/>\nT\u00edtulo: First Certificate in English<br \/>\nDiciembre, 2008<\/p>\n<h3><strong>Experiencia Laboral<\/strong><\/h3>\n<p>Auxiliar docente graduado | FACET \u2013 UNT<br \/>\nPer\u00edodo: 2018-Actualidad<\/p>\n<p>Quality Assurance Automation Engineer | Integra Media SRL<br \/>\nPer\u00edodo: 2019-Actualidad<\/p>\n<p>Ingeniero en redes | Providers SA<br \/>\nPer\u00edodo: 2017-2018<\/p>\n<p>Pasant\u00eda &#8211; Analista de Sistemas | Scania Argentina SA<br \/>\nPer\u00edodo: 2014-2015<\/p>\n<p>Instalaci\u00f3n de Softwares y Mantenimiento de Equipos | Inter &#8211; Claro<br \/>\nPer\u00edodo: 2013-2014<\/p>\n<h3><strong>Cursos y Congresos<\/strong><\/h3>\n<p>Simposio Argentino de Sistemas Embebidos (SASE)<br \/>\nAgosto 2014<\/p>\n<h3><strong>Gesti\u00f3n<\/strong><\/h3>\n<p>Representante Estudiantil en la Comisi\u00f3n Acad\u00e9mica de la Carrera<br \/>\nIngenier\u00eda en Computaci\u00f3n de la FACET \u2013 UNT.<\/p>\n","protected":false},"excerpt":{"rendered":"<p>Ing. Pablo Gabriel Toledo Formaci\u00f3n Acad\u00e9mica Universidad Nacional de Tucum\u00e1n \u2013 Facultad de Cs. Exactas y Tecnolog\u00eda Ingenier\u00eda en Computaci\u00f3n T\u00edtulo: Ingeniero en Computaci\u00f3n Abril, 2017 Instituto T\u00e9cnico Salesiano Lorenzo Massa T\u00edtulo: T\u00e9cnico en Electr\u00f3nica Diciembre, 2009 Cambridge ESOL Examina tions International &#8211; Cambridge University T\u00edtulo: First Certificate in English Diciembre, 2008 Experiencia Laboral Auxiliar [&hellip;]<\/p>\n","protected":false},"author":101021,"featured_media":0,"parent":0,"menu_order":0,"comment_status":"closed","ping_status":"closed","template":"","meta":[],"_links":{"self":[{"href":"https:\/\/www.facet.unt.edu.ar\/dpto-cs-comp\/wp-json\/wp\/v2\/pages\/2515"}],"collection":[{"href":"https:\/\/www.facet.unt.edu.ar\/dpto-cs-comp\/wp-json\/wp\/v2\/pages"}],"about":[{"href":"https:\/\/www.facet.unt.edu.ar\/dpto-cs-comp\/wp-json\/wp\/v2\/types\/page"}],"author":[{"embeddable":true,"href":"https:\/\/www.facet.unt.edu.ar\/dpto-cs-comp\/wp-json\/wp\/v2\/users\/101021"}],"replies":[{"embeddable":true,"href":"https:\/\/www.facet.unt.edu.ar\/dpto-cs-comp\/wp-json\/wp\/v2\/comments?post=2515"}],"version-history":[{"count":5,"href":"https:\/\/www.facet.unt.edu.ar\/dpto-cs-comp\/wp-json\/wp\/v2\/pages\/2515\/revisions"}],"predecessor-version":[{"id":2521,"href":"https:\/\/www.facet.unt.edu.ar\/dpto-cs-comp\/wp-json\/wp\/v2\/pages\/2515\/revisions\/2521"}],"wp:attachment":[{"href":"https:\/\/www.facet.unt.edu.ar\/dpto-cs-comp\/wp-json\/wp\/v2\/media?parent=2515"}],"curies":[{"name":"wp","href":"https:\/\/api.w.org\/{rel}","templated":true}]}}