{"id":2526,"date":"2021-09-20T13:13:26","date_gmt":"2021-09-20T16:13:26","guid":{"rendered":"https:\/\/www.facet.unt.edu.ar\/dpto-cs-comp\/?page_id=2526"},"modified":"2021-09-20T13:48:38","modified_gmt":"2021-09-20T16:48:38","slug":"cv-eguennam","status":"publish","type":"page","link":"https:\/\/www.facet.unt.edu.ar\/dpto-cs-comp\/cv-eguennam\/","title":{"rendered":"CV Ahmad Eduardo Guennam"},"content":{"rendered":"<h2><strong>Dr. Ing. Ahmad Eduardo Guennam<\/strong><\/h2>\n<p><a href=\"https:\/\/www.facet.unt.edu.ar\/dpto-cs-comp\/wp-content\/uploads\/sites\/29\/2021\/09\/eguennam.png\"><img decoding=\"async\" loading=\"lazy\" class=\"alignnone wp-image-2527\" src=\"https:\/\/www.facet.unt.edu.ar\/dpto-cs-comp\/wp-content\/uploads\/sites\/29\/2021\/09\/eguennam.png\" alt=\"\" width=\"311\" height=\"307\" \/><\/a><\/p>\n<h3><strong>Estudios<\/strong><\/h3>\n<p>Posgrado &#8211; Doctorado 2005-2010: Doctorado en Ingenier\u00eda \u2013 Instituto de Estructuras, Universidad Nacional de Tucum\u00e1n.<\/p>\n<p>Posgrado &#8211; Maestr\u00eda 2001-2005: Maestr\u00eda en Ingenier\u00eda Estructural \u2013 Instituto de Estructuras, Universidad Nacional de Tucum\u00e1n.<\/p>\n<p>Universitario 1995-2001: Ingeniero Aeron\u00e1utico &#8211; Universidad Nacional de La Plata<\/p>\n<p>Secundario 1987-1994: T\u00e9cnico Mec\u00e1nico Electricista &#8211; Instituto T\u00e9cnico de la Universidad Nacional de Tucum\u00e1n<\/p>\n<h3><strong>Idiomas<\/strong><\/h3>\n<p>Ingl\u00e9s &#8211; Nivel avanzado en lectura e interpretaci\u00f3n, intermedio en conversaci\u00f3n y redacci\u00f3n.<\/p>\n<p>Franc\u00e9s &#8211; Examen DELF, nivel A1.<\/p>\n<h3><strong>Conocimientos en Computaci\u00f3n<\/strong><\/h3>\n<p>10\/2013-presente: Desarrollador del programa efemas para c\u00e1lculo estructural basado en el m\u00e9todo de elementos finitos. El mismo programa incluye motores de pre y post procesamiento de modelos y resultados.<\/p>\n<p>Programaci\u00f3n: Fortran, C, VisualBasic, C#, Python, OpenGL, OpenTK, Octave, Matlab, Scilab.<br \/>\nS\u00f3lidos conocimientos en el \u00e1rea de elementos finitos aplicados a la mec\u00e1nica de s\u00f3lidos y de Fluidos.<\/p>\n<p>Basta experiencia en desarrollar modelos para ser incorporados como subrutinas de usuario en ABAQUS.<\/p>\n<p>Desarrollo de programas de elementos finitos, de geometr\u00eda, mallado y c\u00e1lculo estructural.<\/p>\n<p>Desarrollo de scripts para automatizaci\u00f3n del post-procesamiento de resultados.<\/p>\n<p>Muy buen manejo de programas comerciales de elementos finitos y computaci\u00f3n cient\u00edfica como ABAQUS, NASTRAN, MARC, ANSYS, CFX, MSC ADAMS, SASSI. Programas de CAD y mallado: Catia, NX, Autocad, ICEM-CFD, Femap.<\/p>\n<h3><strong>Docencia y Apoyo T\u00e9cnico<\/strong><\/h3>\n<p>05\/2018-presente: Profesor Adjunto de \u201cM\u00c9TODOS NUM\u00c9RICOS\u201d del Departamento de Ciencias de la Computaci\u00f3n \u2013 FACET \u2013 UNT.<\/p>\n<p>05\/2018-presente: Colaboraci\u00f3n en el dictado de la parte pr\u00e1ctica del curso obligatorio \u201cC\u00c1LCULO NUM\u00c9RICO\u201d que forma parte de las carreras de \u201cMaestr\u00eda en Ingenier\u00eda Estructural\u201d y \u201cDoctorado en Ingenier\u00eda\u201d \u2013 Res. 1042\/2018.<\/p>\n<p>06\/2012-12\/2014: Jefe de Trabajos Pr\u00e1cticos Interino de Estabilidad I para la carreda de Ing. Mec\u00e1nica de la UTN \u2013 FR Delta, Campana.<\/p>\n<p>12\/2014-9\/2015: Jefe de Trabajos Pr\u00e1cticos Interino de Estabilidad II para la carreda de Ing. Mec\u00e1nica de la UTN \u2013 FR Delta, Campana.<\/p>\n<p>04\/2000-03\/2002: Ayudante Alumno Interino de la materia Mec\u00e1nica I en la Facultad de<br \/>\nIngenier\u00eda de la Universidad Nacional de La Plata.<\/p>\n<p>03\/2000-07\/2001: Apoyo T\u00e9cnico a las C\u00e1tedras de F\u00edsica I, II y III. Departamento de Ciencias Fisicomatem\u00e1ticas de la Universidad Nacional de La Plata.<\/p>\n<p>11\/2017-presente: Miembro del comit\u00e9 acad\u00e9mico de la Maestr\u00eda en M\u00e9todos Num\u00e9ricos y Mec\u00e1nica Computacional \u2013 UTN FR Delta, Resoluci\u00f3n 2025\/2017.<\/p>\n<h3><strong>Formaci\u00f3n de Recursos Humanos<\/strong><\/h3>\n<p>11\/2014-10\/2017 Proyecto DTEC 0022\/13 \u2013 Dos (2) Becarios, Ingenieros de apoyo en formaci\u00f3n.<\/p>\n<p>06\/2015-presente Co-Director de tesis doctoral de Federico Ovejero (con beca doctoral de UTN). Director: J.L. Raffo \u2013 FR Delta, Campana.<\/p>\n<h3><strong>Jurado de Tesis<\/strong><\/h3>\n<p>02\/08\/2019 Tesis Doctoral: Estimaci\u00f3n de contornos parcialmente visibles a partir del c\u00e1lculo de movimiento. Tesista: Javier Gonz\u00e1lez Chambeaud &#8211; UNT<\/p>\n<h3><strong>Gesti\u00f3n<\/strong><\/h3>\n<p>05\/2018 -presente: Integrante de la Comisi\u00f3n Acad\u00e9mica de la Carrera de Ingenier\u00eda Biom\u00e9dica \u2013 FACET &#8211; UNT.<\/p>\n<p>08\/2012-presente: Integrante del Grupo de Mec\u00e1nica Computacional UTN-FR Delta \u2013 Campana.<\/p>\n<h3><strong>Investigaci\u00f3n<\/strong><\/h3>\n<p>04\/2020-presente: Investigador participante en el \u201cCentro Iberoamericano de Investigaci\u00f3n en M\u00e9todos Num\u00e9ricos en Ingenier\u00eda (CIMNE-IBER)<\/p>\n<h3><strong>Becas obtenidas<\/strong><\/h3>\n<table>\n<tbody>\n<tr>\n<td width=\"102\"><strong><em>Entidad<\/em><\/strong><\/td>\n<td width=\"132\"><strong><em>Per\u00edodo<\/em><\/strong><\/td>\n<td width=\"366\"><strong><em>Actividad \u2013 Objetivo<\/em><\/strong><\/td>\n<\/tr>\n<tr>\n<td width=\"102\">UNT<\/td>\n<td width=\"132\">11\/2014-10\/2017<\/td>\n<td width=\"366\">D-TEC2013<\/td>\n<\/tr>\n<tr>\n<td width=\"102\">CONICET<\/td>\n<td width=\"132\">04\/2010-04\/2011<\/td>\n<td width=\"366\">Posdoctoral<\/td>\n<\/tr>\n<tr>\n<td width=\"102\">CONICET<\/td>\n<td width=\"132\">04\/2008-04\/2010<\/td>\n<td width=\"366\">Para finalizar el Doctorado en Ingenier\u00eda.<\/td>\n<\/tr>\n<tr>\n<td width=\"102\">CONICET<\/td>\n<td width=\"132\">04\/2004-07\/2007<\/td>\n<td width=\"366\">Para realizar el Doctorado en Ingenier\u00eda.<\/td>\n<\/tr>\n<tr>\n<td width=\"102\">UNT<\/td>\n<td width=\"132\">08\/2001-08\/2003<\/td>\n<td width=\"366\">Maestr\u00eda en Ingenier\u00eda Estructural \u2013 Instituto de Estructuras, Universidad Nacional de Tucum\u00e1n<\/td>\n<\/tr>\n<tr>\n<td width=\"102\">UNLP<\/td>\n<td width=\"132\">04\/200-07\/2001<\/td>\n<td width=\"366\">Asistencia t\u00e9cnica en el departamento de F\u00edsica de la facultad de Ingenier\u00eda de la UNLP.<\/td>\n<\/tr>\n<tr>\n<td width=\"102\">UNLP<\/td>\n<td width=\"132\">A\u00f1o 1998<\/td>\n<td width=\"366\">Asistencia t\u00e9cnica al Grupo de Ensayos Mec\u00e1nicos<\/p>\n<p>Aplicados, GEMA del Dpto de Aeron\u00e1utica UNLP<\/td>\n<\/tr>\n<\/tbody>\n<\/table>\n<h3><strong>Participaci\u00f3n en Proyectos de Investigaci\u00f3n y\/o Transferencia Tecnol\u00f3gica<\/strong><\/h3>\n<p>6\/6\/2019-presente Sistema Sol-Tierra: Estudio de variabilidad y tendencias en par\u00e1metros atmosf\u00e9ricos, solares y geomagn\u00e9ticos (26\/E642)<\/p>\n<p>11\/2014-10\/2017 Desempe\u00f1o del cargo \u201cResponsable de ejecuci\u00f3n de proyecto\u201d DTEC 0022\/13\u201d. Finalizaci\u00f3n exitosa.<\/p>\n<p>10\/2017 Equipo de evaluaci\u00f3n de agudeza visual. Participaci\u00f3n en el desarrollo y trasferencia de ocho (8) unidades funcionales a la cl\u00ednica oftalmol\u00f3gica COT \u2013 SM Tucum\u00e1n.<\/p>\n<p>07\/2017 Equipo autom\u00e1tico de medici\u00f3n de luminancias. Transferencia interna al DLLyV ILAV.<br \/>\n2016\/2017 Estudio de Capacidad S\u00edsmica de Edificios de Seguridad CNAI para NUCLEOEL\u00c9CTRICA ARGENTINA S.A.<\/p>\n<p>06\/2016 Estudio de capacidad s\u00edsmica y cargas aerodin\u00e1micas para una chimenea de ventilaci\u00f3n ubicada en un reactor nuclear experimental para producci\u00f3n de radiois\u00f3topos para la empresa BIAM AMBIENTAL MEC\u00c1NICA<\/p>\n<p>A\u00f1o 2016 Desarrollo, transferencia y soporte t\u00e9cnico de un programa de c\u00e1lculo de andamios industriales basado en el m\u00e9todo de elementos finitos para la empresa TERMIPOL SA. Emisi\u00f3n autom\u00e1tica de la memoria de c\u00e1lculo.<\/p>\n<p>2015-2017 Modelos Materiales y estructurales para estructuras de material compuesto. Proyecto PIP 2015-2017 GI.<\/p>\n<p>11\/2015 PDTS: PCTI \u2013 254: Desarrollo de un software para c\u00e1lculo de andamios. RESOL 2017-20-APN-SECACT#MCT<\/p>\n<p>05\/2015-presente Estudio computacional\/experimental del comportamiento mec\u00e1nico de componentes estructurales. Proyecto ASUTIDE0003487TC.<\/p>\n<p>A\u00f1o 2015 C\u00e1lculo estructural de la plataforma de mantenimiento de toma de agua en Presidencia Roca para JCR SA-INC. Y CONST. SA-ROVELLA CARRANZA SA-UTE<\/p>\n<p>2011-2015 Modelos no lineales para materiales compuestos. PIP CONICET 105.<\/p>\n<p>11\/2014-10\/2017 Proyecto DTEC 0022\/13. ILAV-UNT-CONICET Universidad Nacional de Tucum\u00e1n<\/p>\n<p>09\/2008-05\/2009 Trabajo de transferencia a la industria. Estudio de v\u00f3rtices de Von Karman en \u00e1labes de una turbina hidr\u00e1ulica. Elaboraci\u00f3n de informes t\u00e9cnicos. Comitente: IMPSA S.A. Mendoza \u2013 Argentina.<\/p>\n<p>2006-2008 Acciones extremas y da\u00f1o estructural. PIP-CONICET 5055.<\/p>\n<p>2005-2008 Modelos num\u00e9ricos para materiales y elementos estructurales. Proyecto CIUNT 26E\/319.<\/p>\n<p>2002-2005 Acciones din\u00e1micas sobre suelos y estructuras. Proyecto CIUNT 26E\/227.<\/p>\n<p>Noviembre 2000-Mayo 2001 Determinaci\u00f3n de cargas admisibles y de rotura de zunchos de acero y pl\u00e1sticos para SIDERCA. Evaluaci\u00f3n de factibilidad de uso en empaque de tubos sin costura para transporte en barco. Recomendaciones para impedir la rotura de los zunchos.<\/p>\n<h3><strong>Publicaciones<\/strong><\/h3>\n<h4><strong>En revistas internacionales con referato<\/strong><\/h4>\n<p>Guennam, A.E, Luccioni B.M. FE Modeling of a Closed Box Beam with Piezoelectric Fiber Composite Patches. Smart Material and Structures 15 (2006) 1605-1615.<\/p>\n<p>Guennam A.E., Luccioni B.M, Piezoelectric shell FE for the static and dynamic analysis of piezoelectric fibre composite laminates. Smart Material and Structures 18 (2009) 095044 (12pp).<\/p>\n<p>Guennam A.E., Luccioni B.M, Model for piezoelectric\/ferroelectric composites polarized with interdigitated electrodes. Composites Structures 131 (2015) 312-324.<\/p>\n<p>Guennam A.E., Luccioni B.M, Numerical modelling of micro energy harvesting systems based on piezoelectric composites polarized with interdigitated electrodes. Smart Material and Structures 29 (2020) 075015.<\/p>\n<h4><strong>Trabajos presentados en Congresos Internacionales<\/strong><\/h4>\n<p>ENIEF 2004 Bariloche, Argentina Elemento finito bidimensional para laminados piezoel\u00e9ctricos con electrodos interdigitales.<\/p>\n<p>ENIEF 2006<br \/>\nSanta F\u00e9, Argentina Elemento finito de placa para laminados piezoel\u00e9ctricos con electrodos interdigitales.<\/p>\n<p>ENIEF 2007, C\u00f3rdoba, Argentina Micro generadores de energ\u00eda el\u00e9ctrica basados en dispositivos piezoel\u00e9ctricos.<\/p>\n<p>ENIEF 2008, San Luis, Argentina Aplicaci\u00f3n de un elemento finito de c\u00e1scara piezoel\u00e9ctrica al an\u00e1lisis de control activo de una estructura tipo caj\u00f3n cerrado.<\/p>\n<p>MECOM 2010, Bs.As, Argentina Aplicaci\u00f3n de un modelo para c\u00e1scaras piezoel\u00e9ctricas al an\u00e1lisis est\u00e1tico y din\u00e1mico de estructuras activas.<\/p>\n<p>TTExpo 2012, Colonia, Alemania Calculation of tire characteristic functions based on finite element analysis.<\/p>\n<p>MECOM 2012, Salta, Argentina C\u00e1lculo de funciones caracter\u00edsticas de neum\u00e1ticos basado en m\u00e9todos num\u00e9ricos.<\/p>\n<p>ENIEF 2013, Mendoza, Argentina Simulaci\u00f3n num\u00e9rica de neum\u00e1ticos &#8211; Influencia del dibujo de rodado.<\/p>\n<p>ENIEF 2018<br \/>\nTucum\u00e1n &#8211; Argentina Estudio Param\u00e9trico de un Modelo de Reactor Nuclear de Potencia con Interacci\u00f3n Suelo-Estructura<\/p>\n<p>AAGG 2021<br \/>\nMendoza &#8211; Argentina Comportamiento de la temperatura estratosf\u00e9rica en el hemisferio sur, fue presentado en XXIX Reuni\u00f3n Cient\u00edfica de la Asociaci\u00f3n Argentina de Geof\u00edsicos y Geodestas. Mendoza, 02 al 10 de agosto de 2021.<\/p>\n<h3><strong>Asistencia a seminarios y cursos de capacitaci\u00f3n<\/strong><\/h3>\n<p>Octubre 2019 (60 horas) Fen\u00f3menos Solares, su efecto en el medio terrestre. Introducci\u00f3n a la Meteorolog\u00eda Espacial &#8211; UNT<\/p>\n<p>15\/03\/2019 \u2013 13\/09\/2020 (160 horas) DIPLOMATURA EN DID\u00c1CTICA Y CURR\u00cdCULUM PARA DOCENTES UNIVERSITARIOS. Trayecto curricular de posgrado acreditado por Res. CD. 1204\/2019 &#8211; Expte. N\u00b0 60.836-2019 FACET &#8211; UNT<\/p>\n<p>Abril 2017 (24 horas) SSI SASSI Training Course &#8211; Workshop. W\u00f6lfel Engineering GmbH + Co. KG &#8211; Alemania.<\/p>\n<p>Marzo 2017 (60 horas) WORKSHOP en programaci\u00f3n cient\u00edfica de alto desempe\u00f1o (HPC). UNT<\/p>\n<p>Abril 2016 (12 horas) TALLER SCRUM desde la trinchera \u2013 Programaci\u00f3n \u00c1gil. UTN-FR Tucum\u00e1n.<\/p>\n<p>Noviembre de 2012 (40 horas) MSC ADAMS Car ADM740. San Pablo &#8211; Brasil.<\/p>\n<p>Noviembre de 2012 (16 horas) MSC ADAMS Tire Customized. San Pablo \u2013 Brasil.<\/p>\n<p>Noviembre de 2012 (24 horas) DIN\u00c1MICA COMPUTACIONAL DE FLUIDOS NO NEWTONIANOS USANDO ANSYS POLYFLOW. ESSS, C\u00f3rdoba.<\/p>\n<p>Abril-Julio 2005 Elementos Finitos Avanzados en la Mec\u00e1nica de Fluidos \u2013 UBA. Docentes: M. Goldschmit y S. Ferro.<\/p>\n<p>Abril 2007 (40 horas) Flujo de Fluidos Incompresibles \u2013 UNCuyo &#8211; Dr. Jos\u00e9 Converti.<\/p>\n<p>Mayo a Julio de 2001 (30 horas) MANTENIMIENTO AERON\u00c1UTICO Y GESTI\u00d3N DE LA CALIDAD. UNLP. Docentes: Dawid Gomplewicz y Claudio Rimoldi.<\/p>\n<p>Abril 1998 (12 horas) SISTEMAS ELECTRICOS DE AERONAVES. UNLP. Docente: Prof. Sanjurjo Navarro de La Universidad Polit\u00e9cnica de Madrid.<\/p>\n<p>Septiembre de 1997 (6 horas) SEMINARIO DE COMBUSTIBLES Y LUBRICANTES. YPF S.A.<\/p>\n<p>A\u00f1o 1997 (20 horas) MANTENIMIENTO AERONAUTICO. Mantenar 97, IUA C\u00f3rdoba.<\/p>\n<p>A\u00f1o 1997 (10 horas) INTRODUCCI\u00d3N A LOS MOTORES COHETES. UNLP. Docente: Prof. Pablo Ringegni.<\/p>\n<h3><strong>Experiencia laboral en relaci\u00f3n a la industria<\/strong><\/h3>\n<p>02\/2011-06\/2014 Investigador en Neum\u00e1ticos FATE S.A.I.C.I &#8211; Gerencia de Investigaci\u00f3n y Desarrollo.<\/p>\n<p>09\/2006-03\/2008 IMPSA S.A. Mendoza \u2013 Argentina. Laboratorio de Hidr\u00e1ulica. Dise\u00f1o hidr\u00e1ulico y simulaci\u00f3n num\u00e9rica CFD del flujo en turbom\u00e1quinas.<\/p>\n<p>08\/2003-02\/2004 Pasante\/Becario. An\u00e1lisis estructural de Gr\u00faas porta-contenedores. IMPSA (Industrias Metal\u00fargicas Pescarmona S.A. Mendoza \u2013 Argentina).<\/p>\n<p>01\/1998-12\/1998 Becario del grupo GEMA (Grupo de Ensayos Mec\u00e1nicos Aplicados) Departamento de Aeron\u00e1utica UNLP.<\/p>\n<p>&nbsp;<\/p>\n<p>&nbsp;<\/p>\n","protected":false},"excerpt":{"rendered":"<p>Dr. Ing. Ahmad Eduardo Guennam Estudios Posgrado &#8211; Doctorado 2005-2010: Doctorado en Ingenier\u00eda \u2013 Instituto de Estructuras, Universidad Nacional de Tucum\u00e1n. Posgrado &#8211; Maestr\u00eda 2001-2005: Maestr\u00eda en Ingenier\u00eda Estructural \u2013 Instituto de Estructuras, Universidad Nacional de Tucum\u00e1n. Universitario 1995-2001: Ingeniero Aeron\u00e1utico &#8211; Universidad Nacional de La Plata Secundario 1987-1994: T\u00e9cnico Mec\u00e1nico Electricista &#8211; Instituto T\u00e9cnico [&hellip;]<\/p>\n","protected":false},"author":101021,"featured_media":0,"parent":0,"menu_order":0,"comment_status":"closed","ping_status":"closed","template":"","meta":[],"_links":{"self":[{"href":"https:\/\/www.facet.unt.edu.ar\/dpto-cs-comp\/wp-json\/wp\/v2\/pages\/2526"}],"collection":[{"href":"https:\/\/www.facet.unt.edu.ar\/dpto-cs-comp\/wp-json\/wp\/v2\/pages"}],"about":[{"href":"https:\/\/www.facet.unt.edu.ar\/dpto-cs-comp\/wp-json\/wp\/v2\/types\/page"}],"author":[{"embeddable":true,"href":"https:\/\/www.facet.unt.edu.ar\/dpto-cs-comp\/wp-json\/wp\/v2\/users\/101021"}],"replies":[{"embeddable":true,"href":"https:\/\/www.facet.unt.edu.ar\/dpto-cs-comp\/wp-json\/wp\/v2\/comments?post=2526"}],"version-history":[{"count":16,"href":"https:\/\/www.facet.unt.edu.ar\/dpto-cs-comp\/wp-json\/wp\/v2\/pages\/2526\/revisions"}],"predecessor-version":[{"id":2543,"href":"https:\/\/www.facet.unt.edu.ar\/dpto-cs-comp\/wp-json\/wp\/v2\/pages\/2526\/revisions\/2543"}],"wp:attachment":[{"href":"https:\/\/www.facet.unt.edu.ar\/dpto-cs-comp\/wp-json\/wp\/v2\/media?parent=2526"}],"curies":[{"name":"wp","href":"https:\/\/api.w.org\/{rel}","templated":true}]}}