{"id":2549,"date":"2021-09-20T14:00:27","date_gmt":"2021-09-20T17:00:27","guid":{"rendered":"https:\/\/www.facet.unt.edu.ar\/dpto-cs-comp\/?page_id=2549"},"modified":"2021-09-20T14:01:05","modified_gmt":"2021-09-20T17:01:05","slug":"cv-godstrcil","status":"publish","type":"page","link":"https:\/\/www.facet.unt.edu.ar\/dpto-cs-comp\/cv-godstrcil\/","title":{"rendered":"CV Gabriela Odstrcil"},"content":{"rendered":"<h2><strong>Ing. Gabriela Odstrcil<\/strong><\/h2>\n<p><a href=\"https:\/\/www.facet.unt.edu.ar\/dpto-cs-comp\/wp-content\/uploads\/sites\/29\/2021\/09\/godstrcil.png\"><img decoding=\"async\" loading=\"lazy\" class=\"alignnone size-full wp-image-2550\" src=\"https:\/\/www.facet.unt.edu.ar\/dpto-cs-comp\/wp-content\/uploads\/sites\/29\/2021\/09\/godstrcil.png\" alt=\"\" width=\"256\" height=\"214\" \/><\/a><\/p>\n<h3><strong>T\u00edtulo<\/strong><\/h3>\n<p>&#8211; Ingeniera en Computaci\u00f3n<\/p>\n<h3><strong>Docencia<\/strong><\/h3>\n<p>&#8211; Auxiliar Docente Graduado en C\u00e1tedras de Algoritmos y Estructuras de Datos I y Algoritmos y Estructuras de Datos II. Licenciatura en Inform\u00e1tica, Ingenier\u00eda Inform\u00e1tica y Programador Universitario. Faculta de Ciencias Exactas y Tecnolog\u00eda. Universidad Nacional de Tucum\u00e1n.<br \/>\n&#8211; Jefe de Trabajos Pr\u00e1cticos en c\u00e1tedras de Estructuras de Datos y Algoritmos y M\u00e9todos Num\u00e9ricos. Ingenier\u00eda en Computaci\u00f3n. Facultad de Ciencias Exactas y Tecnolog\u00eda. Universidad Nacional de Tucum\u00e1n.<\/p>\n<h3><strong>Antecedentes de Gesti\u00f3n<\/strong><\/h3>\n<p>&#8211; Miembro de la Comisi\u00f3n Acad\u00e9mica de la carrera Ingenier\u00eda Inform\u00e1tica.<\/p>\n<h3><strong>Antecedentes Profesionales<\/strong><\/h3>\n<p>&#8211; Direcci\u00f3n de Estad\u00edstica de la Provincia: Jefa de Cartograf\u00eda y Sistemas de Informaci\u00f3n Geogr\u00e1fica.<br \/>\n&#8211; Argenti Lemon: L\u00edder de Proyecto.<br \/>\n&#8211; Exiros \u2013 Grupo Techint: L\u00edder de Equipo.<br \/>\n&#8211; Accenture: Analista funcional para Telef\u00f3nica de Argentina.<br \/>\n&#8211; Scania Argentina: Analista y Planificaci\u00f3n.<\/p>\n<h3><strong>Extensi\u00f3n<\/strong><\/h3>\n<p>&#8211; Dictando el curso de capacitaci\u00f3n docente \u201cPROGRAMACI\u00d3N Y SU DID\u00c1CTICA I\u201d y \u201cPROGRAMACI\u00d3N Y SU DID\u00c1CTICA II\u201d, en convenio con la Fundaci\u00f3n Dr. Manuel Sadosky y la Universidad Nacional de Tucum\u00e1n.<\/p>\n","protected":false},"excerpt":{"rendered":"<p>Ing. Gabriela Odstrcil T\u00edtulo &#8211; Ingeniera en Computaci\u00f3n Docencia &#8211; Auxiliar Docente Graduado en C\u00e1tedras de Algoritmos y Estructuras de Datos I y Algoritmos y Estructuras de Datos II. Licenciatura en Inform\u00e1tica, Ingenier\u00eda Inform\u00e1tica y Programador Universitario. Faculta de Ciencias Exactas y Tecnolog\u00eda. Universidad Nacional de Tucum\u00e1n. &#8211; Jefe de Trabajos Pr\u00e1cticos en c\u00e1tedras de [&hellip;]<\/p>\n","protected":false},"author":101021,"featured_media":0,"parent":0,"menu_order":0,"comment_status":"closed","ping_status":"closed","template":"","meta":[],"_links":{"self":[{"href":"https:\/\/www.facet.unt.edu.ar\/dpto-cs-comp\/wp-json\/wp\/v2\/pages\/2549"}],"collection":[{"href":"https:\/\/www.facet.unt.edu.ar\/dpto-cs-comp\/wp-json\/wp\/v2\/pages"}],"about":[{"href":"https:\/\/www.facet.unt.edu.ar\/dpto-cs-comp\/wp-json\/wp\/v2\/types\/page"}],"author":[{"embeddable":true,"href":"https:\/\/www.facet.unt.edu.ar\/dpto-cs-comp\/wp-json\/wp\/v2\/users\/101021"}],"replies":[{"embeddable":true,"href":"https:\/\/www.facet.unt.edu.ar\/dpto-cs-comp\/wp-json\/wp\/v2\/comments?post=2549"}],"version-history":[{"count":2,"href":"https:\/\/www.facet.unt.edu.ar\/dpto-cs-comp\/wp-json\/wp\/v2\/pages\/2549\/revisions"}],"predecessor-version":[{"id":2552,"href":"https:\/\/www.facet.unt.edu.ar\/dpto-cs-comp\/wp-json\/wp\/v2\/pages\/2549\/revisions\/2552"}],"wp:attachment":[{"href":"https:\/\/www.facet.unt.edu.ar\/dpto-cs-comp\/wp-json\/wp\/v2\/media?parent=2549"}],"curies":[{"name":"wp","href":"https:\/\/api.w.org\/{rel}","templated":true}]}}