{"id":2555,"date":"2021-09-20T14:27:15","date_gmt":"2021-09-20T17:27:15","guid":{"rendered":"https:\/\/www.facet.unt.edu.ar\/dpto-cs-comp\/?page_id=2555"},"modified":"2021-09-20T14:50:11","modified_gmt":"2021-09-20T17:50:11","slug":"cv-dfsingh","status":"publish","type":"page","link":"https:\/\/www.facet.unt.edu.ar\/dpto-cs-comp\/cv-dfsingh\/","title":{"rendered":"CV Daniel Fernando Singh"},"content":{"rendered":"<h2><strong>Esp. Lic. Daniel Fernando Singh<\/strong><\/h2>\n<p><a href=\"https:\/\/www.facet.unt.edu.ar\/dpto-cs-comp\/wp-content\/uploads\/sites\/29\/2021\/09\/dfsingh.jpg\"><img decoding=\"async\" loading=\"lazy\" class=\"alignnone size-full wp-image-2556\" src=\"https:\/\/www.facet.unt.edu.ar\/dpto-cs-comp\/wp-content\/uploads\/sites\/29\/2021\/09\/dfsingh.jpg\" alt=\"\" width=\"200\" height=\"200\" \/><\/a><\/p>\n<h3><strong>Estudios<\/strong><\/h3>\n<p><span class=\"fontstyle0\">Especializaci\u00f3n en Gerencia y Vinculaci\u00f3n Tecnol\u00f3gica <\/span><span class=\"fontstyle2\">&#8211; 2018<br \/>\nUniversidad Nacional de Tucum\u00e1n<br \/>\n<\/span><\/p>\n<p><span class=\"fontstyle0\">Especializaci\u00f3n en Big Data and Business Analytics <\/span><span class=\"fontstyle2\">&#8211; 2018<br \/>\nAden Business School<br \/>\n<\/span><\/p>\n<p><span class=\"fontstyle0\">Especializaci\u00f3n en Direcci\u00f3n de Operaciones <\/span><span class=\"fontstyle2\">&#8211; 2017<br \/>\nAden Business School<br \/>\n<\/span><\/p>\n<p><span class=\"fontstyle0\">Lic. en Inform\u00e1tica <\/span><span class=\"fontstyle2\">\u2013 2014<br \/>\nUniversidad Nacional de Tucum\u00e1n<br \/>\n<\/span><\/p>\n<p><span class=\"fontstyle0\">Programador Universitario <\/span><span class=\"fontstyle2\">\u2013 2006<br \/>\nUniversidad Nacional de Tucum\u00e1n<br \/>\n<\/span><\/p>\n<p><span class=\"fontstyle0\">T\u00e9cnico <\/span><span class=\"fontstyle2\">\u2013 1996<br \/>\nENET N\u00ba 2<\/span><\/p>\n<h3>Idiomas<\/h3>\n<p>Ingl\u00e9s (Intermedio)<\/p>\n<h3>Certificaciones obtenidas<\/h3>\n<p>Microsoft Certified Professional Developer (MCPD)<\/p>\n<p>Microsoft Certified Data Fundamentals<\/p>\n<h3><strong>Docencia<\/strong><\/h3>\n<h4><strong>Auxiliar Docente Graduado &#8211; 2019 al Presente<\/strong><\/h4>\n<p>Universidad Nacional de Tucum\u00e1n \u2013 Facultad de Ciencias Exactas<\/p>\n<p>Funciones en Asignaturas: Laboratorio I , Laboratorio II y Dise\u00f1o de Aplicaciones Web<\/p>\n<h4><strong>Docente a cargo de Materias en Profesorado de Educaci\u00f3n Secundaria en Inform\u00e1tica<\/strong><\/h4>\n<p>Instituto Nicol\u00e1s Avellaneda, Nivel Superior<\/p>\n<p>Programaci\u00f3n I,\u00a0 Programaci\u00f3n II,\u00a0 Seguridad Inform\u00e1tica, Investigaci\u00f3n en TIC, Producci\u00f3n de recursos did\u00e1cticos y digitales.<\/p>\n<h3><strong>Becas<\/strong><\/h3>\n<p>Becario &#8211; Investigaci\u00f3n y desarrollo de videojuego para estimulaci\u00f3n de ni\u00f1os de 7 a 10 a\u00f1os con trastornos disl\u00e9xicos. &#8211; 2014<br \/>\nMinisterio de Ciencia, Tecnolog\u00eda e Innovaci\u00f3n Productiva de la Naci\u00f3n<\/p>\n<h3><strong>Cursos en calidad de Asistente<\/strong><\/h3>\n<p>Master en SQL Server Integration Services (SSIS)<\/p>\n<p>Power BI \u2013 An\u00e1lisis de Datos y Business Intelligence<\/p>\n<p>GitHub para programadores<\/p>\n<p>Data analyst: T\u00e9cnicas y herramientas de informes avanzado<\/p>\n<p>Excel Business Intelligence 1: Obtener y Transformar (Power Query) (365\/2019)<\/p>\n<p>R para big data esencial<\/p>\n<p>Aprende big data: Visualizaci\u00f3n de datos<\/p>\n<h3><strong>Experiencia Laboral<\/strong><\/h3>\n<p><strong>Consultor IT Independiente &#8211; 2015 al Presesente:<\/strong><\/p>\n<p>Consultor Business Intelligente. Dise\u00f1o de data warehouse corporativo, estrategias de venta interna, construcci\u00f3n de modelos de an\u00e1lisis, tableros, env\u00edos proactivos y alertas.<\/p>\n<p>Integrador de sistemas y soluciones en multiplataforma.<\/p>\n<p>Reingenier\u00eda de procesos. Automatizaci\u00f3n, simplificaci\u00f3n, optimizaci\u00f3n de procesos de negocio y funciones operativas.<\/p>\n<p>Capacitaciones IT.<\/p>\n<p><strong>Analista BI y Programador<\/strong> &#8211; 05\/2016 al 11\/2017.<br \/>\nF.G.F. TRAPANI S.A.<\/p>\n<p><strong>Analista Funcional y Administrador de Bases de Datos<\/strong> &#8211; 05\/2016<br \/>\nal 11\/2017.<br \/>\nFacultad de Ciencias Naturales \u2013 UNT<\/p>\n<p><strong>Responsable de Seguridad Inform\u00e1tica<\/strong> &#8211; 09\/2010 al 12\/2012.<br \/>\nCitr\u00edcola San Miguel<\/p>\n<p><strong>Analista Programador y Analista BI<\/strong> &#8211; 11\/2007 al 12\/2009.<br \/>\nMinera Alumbrera LTD.<\/p>\n<p><strong>Analista Funcional y Programador<\/strong> &#8211; 01\/2007 al 11\/2007.<br \/>\nEDET S.A.<\/p>\n<p><strong>Analista de Proyectos de TI<\/strong> &#8211; 06\/2005 al 11\/2006<br \/>\nGobierno de Tucum\u00e1n &#8211; Secretaria de Modernizaci\u00f3n.<\/p>\n<h3><strong>\u00c1reas de conocimiento<\/strong><\/h3>\n<p><strong>An\u00e1lisis de Datos<\/strong>:<\/p>\n<p>Excel<br \/>\nPower BI<br \/>\nTableau<br \/>\nQlik<br \/>\nMs Analys Services<br \/>\nMs. Integration Services<br \/>\nMs. Reporting Services<\/p>\n<p><strong>Bases de Datos:<\/strong><\/p>\n<p>Ms. SQL Server<br \/>\nAzure SQL Database<br \/>\nMySql<br \/>\nOracle<br \/>\nInformix<br \/>\nFOX<\/p>\n<p><strong>Infraestructura:<\/strong><\/p>\n<p>AZURE<br \/>\nMs. Windows Server<br \/>\nMs. Exchange Server<br \/>\nRedes<br \/>\nAntivirus<\/p>\n<p><strong>Lenguajes de Programaci\u00f3n<\/strong><\/p>\n<p>C# &#8211; Java \u2013 C \u2013 C++<br \/>\nPHP \u2013 ASPX<br \/>\nVisual Basic<br \/>\nPython \u2013 R<br \/>\nHTML \u2013 CSS \u2013 JS<br \/>\nAngular \u2013 React &#8211; Ionic<\/p>\n<p><strong>ERP:<\/strong><\/p>\n<p>SAP<br \/>\nTOTVS<br \/>\nFinnegans<br \/>\nGESPER<br \/>\nELLIPSE<\/p>\n","protected":false},"excerpt":{"rendered":"<p>Esp. Lic. Daniel Fernando Singh Estudios Especializaci\u00f3n en Gerencia y Vinculaci\u00f3n Tecnol\u00f3gica &#8211; 2018 Universidad Nacional de Tucum\u00e1n Especializaci\u00f3n en Big Data and Business Analytics &#8211; 2018 Aden Business School Especializaci\u00f3n en Direcci\u00f3n de Operaciones &#8211; 2017 Aden Business School Lic. en Inform\u00e1tica \u2013 2014 Universidad Nacional de Tucum\u00e1n Programador Universitario \u2013 2006 Universidad Nacional [&hellip;]<\/p>\n","protected":false},"author":101021,"featured_media":0,"parent":0,"menu_order":0,"comment_status":"closed","ping_status":"closed","template":"","meta":[],"_links":{"self":[{"href":"https:\/\/www.facet.unt.edu.ar\/dpto-cs-comp\/wp-json\/wp\/v2\/pages\/2555"}],"collection":[{"href":"https:\/\/www.facet.unt.edu.ar\/dpto-cs-comp\/wp-json\/wp\/v2\/pages"}],"about":[{"href":"https:\/\/www.facet.unt.edu.ar\/dpto-cs-comp\/wp-json\/wp\/v2\/types\/page"}],"author":[{"embeddable":true,"href":"https:\/\/www.facet.unt.edu.ar\/dpto-cs-comp\/wp-json\/wp\/v2\/users\/101021"}],"replies":[{"embeddable":true,"href":"https:\/\/www.facet.unt.edu.ar\/dpto-cs-comp\/wp-json\/wp\/v2\/comments?post=2555"}],"version-history":[{"count":8,"href":"https:\/\/www.facet.unt.edu.ar\/dpto-cs-comp\/wp-json\/wp\/v2\/pages\/2555\/revisions"}],"predecessor-version":[{"id":2564,"href":"https:\/\/www.facet.unt.edu.ar\/dpto-cs-comp\/wp-json\/wp\/v2\/pages\/2555\/revisions\/2564"}],"wp:attachment":[{"href":"https:\/\/www.facet.unt.edu.ar\/dpto-cs-comp\/wp-json\/wp\/v2\/media?parent=2555"}],"curies":[{"name":"wp","href":"https:\/\/api.w.org\/{rel}","templated":true}]}}