{"id":2576,"date":"2021-09-22T01:02:17","date_gmt":"2021-09-22T04:02:17","guid":{"rendered":"https:\/\/www.facet.unt.edu.ar\/dpto-cs-comp\/?page_id=2576"},"modified":"2021-09-22T01:05:17","modified_gmt":"2021-09-22T04:05:17","slug":"cv-lortiz","status":"publish","type":"page","link":"https:\/\/www.facet.unt.edu.ar\/dpto-cs-comp\/cv-lortiz\/","title":{"rendered":"CV Luis Alberto Ortiz"},"content":{"rendered":"<h2><strong>Ing. Luis Alberto Ortiz<\/strong><\/h2>\n<p><a href=\"https:\/\/www.facet.unt.edu.ar\/dpto-cs-comp\/wp-content\/uploads\/sites\/29\/2021\/09\/lortiz.jpg\"><img decoding=\"async\" loading=\"lazy\" class=\"alignnone wp-image-2577\" src=\"https:\/\/www.facet.unt.edu.ar\/dpto-cs-comp\/wp-content\/uploads\/sites\/29\/2021\/09\/lortiz.jpg\" alt=\"\" width=\"271\" height=\"262\" \/><\/a><\/p>\n<h3><strong>Estudios<\/strong><\/h3>\n<p>Ingeniero en computaci\u00f3n<\/p>\n<p>Especialista en integraci\u00f3n de tecnolog\u00edas de la informaci\u00f3n<\/p>\n<p>Microsoft Certified Technology Specialist (MCTS) on Windows Server 2008<\/p>\n<h3><strong>Docencia<\/strong><\/h3>\n<p>Jefe de trabajos pr\u00e1cticos en las materias Comunicaciones I y II &#8211; FACET &#8211; UNT<\/p>\n<h3><strong>Esperiencia Laboral<\/strong><\/h3>\n<p>Como Ingeniero en computaci\u00f3n ha recibido una fuerte capacitaci\u00f3n en sistemas hard\/soft<\/p>\n<p>Profesionalmente su carrera se desarroll\u00f3 siempre alrededor del mantenimiento, mejora y optimizaci\u00f3n de sistemas de IT.<\/p>\n<p>Es un administrador de sistemas con m\u00e1s de 15 a\u00f1os de experiencia en diverso sistemas incluyendo servidores windows\/linux y un DBA senior con experiencia en distintos motores de bases de datos (sql server, sybase, mysql server, postgresql, etc).<\/p>\n<p>Form\u00f3 parte de distintas \u00e1reas de sistemas tanto p\u00fablicas como privadas asumiendo diversos roles.<\/p>\n<p>Actualmente es parte del equipo de administradores de sistemas del poder judicial de la provincia de Tucum\u00e1n,\u00a0 y consultor especialista en infraestructura de ti para empresas privadas.<\/p>\n","protected":false},"excerpt":{"rendered":"<p>Ing. Luis Alberto Ortiz Estudios Ingeniero en computaci\u00f3n Especialista en integraci\u00f3n de tecnolog\u00edas de la informaci\u00f3n Microsoft Certified Technology Specialist (MCTS) on Windows Server 2008 Docencia Jefe de trabajos pr\u00e1cticos en las materias Comunicaciones I y II &#8211; FACET &#8211; UNT Esperiencia Laboral Como Ingeniero en computaci\u00f3n ha recibido una fuerte capacitaci\u00f3n en sistemas hard\/soft [&hellip;]<\/p>\n","protected":false},"author":101021,"featured_media":0,"parent":0,"menu_order":0,"comment_status":"closed","ping_status":"closed","template":"","meta":[],"_links":{"self":[{"href":"https:\/\/www.facet.unt.edu.ar\/dpto-cs-comp\/wp-json\/wp\/v2\/pages\/2576"}],"collection":[{"href":"https:\/\/www.facet.unt.edu.ar\/dpto-cs-comp\/wp-json\/wp\/v2\/pages"}],"about":[{"href":"https:\/\/www.facet.unt.edu.ar\/dpto-cs-comp\/wp-json\/wp\/v2\/types\/page"}],"author":[{"embeddable":true,"href":"https:\/\/www.facet.unt.edu.ar\/dpto-cs-comp\/wp-json\/wp\/v2\/users\/101021"}],"replies":[{"embeddable":true,"href":"https:\/\/www.facet.unt.edu.ar\/dpto-cs-comp\/wp-json\/wp\/v2\/comments?post=2576"}],"version-history":[{"count":5,"href":"https:\/\/www.facet.unt.edu.ar\/dpto-cs-comp\/wp-json\/wp\/v2\/pages\/2576\/revisions"}],"predecessor-version":[{"id":2582,"href":"https:\/\/www.facet.unt.edu.ar\/dpto-cs-comp\/wp-json\/wp\/v2\/pages\/2576\/revisions\/2582"}],"wp:attachment":[{"href":"https:\/\/www.facet.unt.edu.ar\/dpto-cs-comp\/wp-json\/wp\/v2\/media?parent=2576"}],"curies":[{"name":"wp","href":"https:\/\/api.w.org\/{rel}","templated":true}]}}