{"id":2589,"date":"2021-10-05T20:59:37","date_gmt":"2021-10-05T23:59:37","guid":{"rendered":"https:\/\/www.facet.unt.edu.ar\/dpto-cs-comp\/?page_id=2589"},"modified":"2021-10-05T21:31:39","modified_gmt":"2021-10-06T00:31:39","slug":"cv-mmasvaldecantos","status":"publish","type":"page","link":"https:\/\/www.facet.unt.edu.ar\/dpto-cs-comp\/cv-mmasvaldecantos\/","title":{"rendered":"Marcelo M\u00e1s Valdecandos"},"content":{"rendered":"<h2><strong>Ing. Marcelo Adri\u00e1n M\u00e1s Valdecantos<\/strong><\/h2>\n<p><a href=\"https:\/\/www.facet.unt.edu.ar\/dpto-cs-comp\/wp-content\/uploads\/sites\/29\/2021\/10\/mmasvaldecantos.jpg\"><img decoding=\"async\" loading=\"lazy\" class=\"alignnone wp-image-2590\" src=\"https:\/\/www.facet.unt.edu.ar\/dpto-cs-comp\/wp-content\/uploads\/sites\/29\/2021\/10\/mmasvaldecantos.jpg\" alt=\"\" width=\"305\" height=\"332\" \/><\/a><\/p>\n<h3><strong>Formaci\u00f3n<\/strong><\/h3>\n<p><span class=\"fontstyle0\">T\u00edtulo <\/span><span class=\"fontstyle2\">Universitario de grado<\/span><span class=\"fontstyle3\">: <\/span><strong><span class=\"fontstyle0\">Ingeniero en Computaci\u00f3n<\/span><\/strong><span class=\"fontstyle3\">, 2 de Marzo de 2012. Facultad de Ciencias Exactas y Tecnolog\u00eda, Universidad Nacional de Tucum\u00e1n.<\/span><\/p>\n<h3><strong>Docencia<\/strong><\/h3>\n<ul>\n<li><span class=\"fontstyle0\">Auxiliar Docente Graduado con Semidedicaci\u00f3n<\/span><span class=\"fontstyle2\">, en el \u00c1rea \u201cCiencias de la Computaci\u00f3n\u201d, Asignaturas \u201cSistemas Operativos I\u201d y \u201cSistemas Operativos II\u201d de la carrera Licenciatura en Inform\u00e1tica.<br \/>\n<\/span><span class=\"fontstyle3\">o <\/span><span class=\"fontstyle2\">Antecedentes:<br \/>\n<\/span><span class=\"fontstyle4\">&#8211; <\/span><span class=\"fontstyle2\">Resoluci\u00f3n N\u00b0 1426\/16. Fecha: 27 de Octubre de 2016-Actualidad<\/span><\/li>\n<li><span class=\"fontstyle6\">Auxiliar Estudiantil<\/span><span class=\"fontstyle2\">. Gabinete de Inform\u00e1tica del C.U.E.C.E.T., Facultad de Ciencias Exactas y Tecnolog\u00eda, UNT. Docentes supervisores: Ing. Antonio Carlino e Ing. Humberto S. Agliano<br \/>\n<\/span><span class=\"fontstyle3\">o <\/span><span class=\"fontstyle2\">Concursos de oposici\u00f3n y antecedentes:<br \/>\n<\/span><span class=\"fontstyle4\">&#8211;\u00a0 <\/span><span class=\"fontstyle2\">Resoluci\u00f3n N\u00ba 0527\/2008. Fecha: 19 de Mayo de 2008.<br \/>\n<\/span><span class=\"fontstyle4\">&#8211; <\/span><span class=\"fontstyle2\">Resoluci\u00f3n N\u00ba 0021\/2009. Fecha 06 de Mayo de 2009.<br \/>\n<\/span><span class=\"fontstyle4\">&#8211; <\/span><span class=\"fontstyle2\">Resoluci\u00f3n N\u00ba 0352\/2010. Fecha 25 de Junio de 2010.<br \/>\n<\/span><span class=\"fontstyle4\">&#8211; <\/span><span class=\"fontstyle2\">Resoluci\u00f3n N\u00ba 0665\/2011. Fecha 4 de Julio de 2011<\/span><\/li>\n<li><span class=\"fontstyle0\">Administrador de Red Inform\u00e1tica<\/span><span class=\"fontstyle2\">, Escuela de Rep\u00fablica Oriental del Uruguay. Programa Conectar Igualdad. Funciones: Asesoramiento a docentes y alumnos en el uso de netbooks.<\/span><\/li>\n<\/ul>\n<h3><strong>Gesti\u00f3n<\/strong><\/h3>\n<p><span class=\"fontstyle0\">\u201cRepresentante estudiantil en la Comisi\u00f3n Acad\u00e9mica de la carrera Ingenier\u00eda en Computaci\u00f3n&#8221;.<\/span><\/p>\n<h3><strong>Antecedentes Profesionales<\/strong><\/h3>\n<ul>\n<li>Analista Programador \u2013 Universidad del Norte Santo Tomas de Aquino.<br \/>\nNoviembre 2012 &#8211; Actualidad<br \/>\nResumen: Desarrollo, soporte y mantenimiento de Sistemas, Mantenimiento de Servidores Linux y del<br \/>\nSistema Integrado de Gesti\u00f3n de Bibliotecas<br \/>\nTecnolog\u00edas: HTML, CSS, PHP, MySQL, JavaScript, Framewoks: Synfony 1.4, KOHA.<\/li>\n<li>Administrador de Sistema \u2013 Grupo LAMA, producto AhorroFull.<br \/>\nURL: https:\/\/ahorrofull.com.ar.<br \/>\nSoporte y desarrollo del sistema de gesti\u00f3n clubes de beneficios AhorroFull<br \/>\nOctubre 2018 \u2013 Actualidad<br \/>\nTecnolog\u00edas: HTML, CSS, PHP, JavaScrip, MySQL, Framework:YII2.<br \/>\nLinux (VPS Debian en Digital Ocean).<\/li>\n<li>Administrador de Sistema \u2013 Colegio San Tarcisio, Producto STGestion.<br \/>\nURL: https:\/\/colegiosantarcisio.edu.ar\/.<br \/>\nSoporte y desarrollo del sistema de gesti\u00f3n de alumnos y docentes del<br \/>\nColegio San Tarcisio.<br \/>\nAbril 2016 \u2013 Julio 2019.<br \/>\nTecnolog\u00edas: HTML, CSS, JavaScrip, PHP, Framework YII 2, PHP, Linux (VPS Debian en Digital Ocean).<\/li>\n<\/ul>\n<h3><strong>Disertaciones<\/strong><\/h3>\n<ul>\n<li><span class=\"fontstyle0\">Disertante. Trabajo de graduaci\u00f3n: \u201cDesarrollo de un servidor de VoIP implementado con tecnolog\u00eda Asterisk\u201d \u2013 Para el Sistema provincial de Salud de Tucum\u00e1n.<br \/>\nDirector: Ing. Pablo Solars. Presentaci\u00f3n p\u00fablica: 2 de Marzo de 2012.<br \/>\n<\/span><\/li>\n<li><span class=\"fontstyle0\">Disertante. \u201cDesarrollo de la Aplicaci\u00f3n \u2018UNSTA Biblio\u2019\u201d \u2013 Para la 14\u00b0 Jornada sobre Biblioteca Digital Universitaria, JBDU2016 \u201cProyectos, Desarrollos, Novedades, Tendencias\u201d.<br \/>\nUniversidad del Norte Santo Tomas de Aquino 3 y 4 de Noviembre de 2016.<\/span><\/li>\n<\/ul>\n<h3><strong>Formaci\u00f3n y Perfeccionamiento<\/strong><\/h3>\n<ul>\n<li><span class=\"fontstyle0\">\u201cDiplomatura en Metodolog\u00edas y Marcos de Trabajo \u00c1giles\u201d \u2013 Universidad Tecnol\u00f3gica Nacional, Facultad Regional Buenos Aires.<br \/>\nA\u00f1o: 2020.<br \/>\nCondiciones exigidas satisfechas.<\/span><\/li>\n<li><span class=\"fontstyle2\">\u00a0<\/span><span class=\"fontstyle0\">\u201c1er Curso de Dise\u00f1o Web\u201d \u2013 Universidad Nacional de Tucum\u00e1n.<br \/>\nA\u00f1o: 2011.<br \/>\nAprobado con evaluaci\u00f3n final aprobada.<\/span><\/li>\n<li><span class=\"fontstyle0\">&#8220;Programaci\u00f3n Java &#8221; &#8211; Universidad Tecnol\u00f3gica Nacional<br \/>\nEn el marco de las Becas Entertech 2.<br \/>\nA\u00f1o: 2008.<br \/>\nAprobado con evaluaci\u00f3n final aprobada.<\/span><\/li>\n<li><span class=\"fontstyle0\">\u201c1\u00b0 Curso Programaci\u00f3n Web en PHP5\u201d &#8211; Universidad Nacional de Tucum\u00e1n<br \/>\nA\u00f1o: 2010<br \/>\nAprobado en calidad de asistente con evaluaci\u00f3n final.<\/span><\/li>\n<\/ul>\n<h3><strong>Idiomas<\/strong><\/h3>\n<p><span class=\"fontstyle0\">Conocimiento Intermedio-Avanzado en el Idioma Ingl\u00e9s<\/span><\/p>\n<p>&nbsp;<\/p>\n","protected":false},"excerpt":{"rendered":"<p>Ing. Marcelo Adri\u00e1n M\u00e1s Valdecantos Formaci\u00f3n T\u00edtulo Universitario de grado: Ingeniero en Computaci\u00f3n, 2 de Marzo de 2012. Facultad de Ciencias Exactas y Tecnolog\u00eda, Universidad Nacional de Tucum\u00e1n. Docencia Auxiliar Docente Graduado con Semidedicaci\u00f3n, en el \u00c1rea \u201cCiencias de la Computaci\u00f3n\u201d, Asignaturas \u201cSistemas Operativos I\u201d y \u201cSistemas Operativos II\u201d de la carrera Licenciatura en Inform\u00e1tica. [&hellip;]<\/p>\n","protected":false},"author":101021,"featured_media":0,"parent":0,"menu_order":0,"comment_status":"closed","ping_status":"closed","template":"","meta":[],"_links":{"self":[{"href":"https:\/\/www.facet.unt.edu.ar\/dpto-cs-comp\/wp-json\/wp\/v2\/pages\/2589"}],"collection":[{"href":"https:\/\/www.facet.unt.edu.ar\/dpto-cs-comp\/wp-json\/wp\/v2\/pages"}],"about":[{"href":"https:\/\/www.facet.unt.edu.ar\/dpto-cs-comp\/wp-json\/wp\/v2\/types\/page"}],"author":[{"embeddable":true,"href":"https:\/\/www.facet.unt.edu.ar\/dpto-cs-comp\/wp-json\/wp\/v2\/users\/101021"}],"replies":[{"embeddable":true,"href":"https:\/\/www.facet.unt.edu.ar\/dpto-cs-comp\/wp-json\/wp\/v2\/comments?post=2589"}],"version-history":[{"count":11,"href":"https:\/\/www.facet.unt.edu.ar\/dpto-cs-comp\/wp-json\/wp\/v2\/pages\/2589\/revisions"}],"predecessor-version":[{"id":2603,"href":"https:\/\/www.facet.unt.edu.ar\/dpto-cs-comp\/wp-json\/wp\/v2\/pages\/2589\/revisions\/2603"}],"wp:attachment":[{"href":"https:\/\/www.facet.unt.edu.ar\/dpto-cs-comp\/wp-json\/wp\/v2\/media?parent=2589"}],"curies":[{"name":"wp","href":"https:\/\/api.w.org\/{rel}","templated":true}]}}