{"id":2621,"date":"2021-10-05T22:10:31","date_gmt":"2021-10-06T01:10:31","guid":{"rendered":"https:\/\/www.facet.unt.edu.ar\/dpto-cs-comp\/?page_id=2621"},"modified":"2021-10-05T22:11:07","modified_gmt":"2021-10-06T01:11:07","slug":"cv-preimundin","status":"publish","type":"page","link":"https:\/\/www.facet.unt.edu.ar\/dpto-cs-comp\/cv-preimundin\/","title":{"rendered":"Pablo Reimund\u00edn"},"content":{"rendered":"<h2><strong>Ing. Pablo Reimund\u00edn<\/strong><\/h2>\n<p><a href=\"https:\/\/www.facet.unt.edu.ar\/dpto-cs-comp\/wp-content\/uploads\/sites\/29\/2021\/10\/preimundin.jpg\"><img decoding=\"async\" loading=\"lazy\" class=\" wp-image-2620\" src=\"https:\/\/www.facet.unt.edu.ar\/dpto-cs-comp\/wp-content\/uploads\/sites\/29\/2021\/10\/preimundin.jpg\" alt=\"\" width=\"309\" height=\"309\" \/><\/a><\/p>\n<h3><strong>Formaci\u00f3n Acad\u00e9mica<\/strong><\/h3>\n<p><span class=\"fontstyle0\">T\u00edtulo: Ingeniero Civil<br \/>\nFecha de obtenci\u00f3n: 31 de Agosto de 1992<br \/>\nUniversidad Nacional de Tucum\u00e1n<\/span><\/p>\n<h3><strong>Cargo Docente Actual<\/strong><\/h3>\n<p><span class=\"fontstyle0\">Auxiliar Docente Graduado con semidedicaci\u00f3n, con funciones en las asignaturas \u201cInform\u00e1tica CBI&#8221; de las carreras de Ingenier\u00eda Qu\u00edmica, Ingenier\u00eda Mec\u00e1nica, Ingenier\u00eda Geod\u00e9sica y Geof\u00edsica, Agrimensura e Ingenier\u00eda Azucarera y \u201cComputaci\u00f3n I\u201d de las carreras de Licenciatura y Profesorado en Matem\u00e1tica del Departamento de Ciencias de Computaci\u00f3n<\/span><\/p>\n<h3><strong>Actividad de Posgrado<\/strong><\/h3>\n<p><span class=\"fontstyle0\">Actualmente cursando \u201cProgramaci\u00f3n Cient\u00edfica\u201d, organizado por el Laboratorio de Computaci\u00f3n Cient\u00edfica dependiente del Departamento de Ciencias de la Computaci\u00f3n de la Facultad de Ciencias Exactas y Tecnolog\u00eda UNT.<\/span><\/p>\n<h3><strong>Desempe\u00f1o en \u00e1mbito no acad\u00e9mico<\/strong><\/h3>\n<p><span class=\"fontstyle0\">Direcci\u00f3n Nacional de Vialidad, Divisi\u00f3n Proyectos e Ingenier\u00eda Vial, \u00e1rea Centro de Control de Tr\u00e1nsito.<\/span><\/p>\n","protected":false},"excerpt":{"rendered":"<p>Ing. Pablo Reimund\u00edn Formaci\u00f3n Acad\u00e9mica T\u00edtulo: Ingeniero Civil Fecha de obtenci\u00f3n: 31 de Agosto de 1992 Universidad Nacional de Tucum\u00e1n Cargo Docente Actual Auxiliar Docente Graduado con semidedicaci\u00f3n, con funciones en las asignaturas \u201cInform\u00e1tica CBI&#8221; de las carreras de Ingenier\u00eda Qu\u00edmica, Ingenier\u00eda Mec\u00e1nica, Ingenier\u00eda Geod\u00e9sica y Geof\u00edsica, Agrimensura e Ingenier\u00eda Azucarera y \u201cComputaci\u00f3n I\u201d de [&hellip;]<\/p>\n","protected":false},"author":101021,"featured_media":0,"parent":0,"menu_order":0,"comment_status":"closed","ping_status":"closed","template":"","meta":[],"_links":{"self":[{"href":"https:\/\/www.facet.unt.edu.ar\/dpto-cs-comp\/wp-json\/wp\/v2\/pages\/2621"}],"collection":[{"href":"https:\/\/www.facet.unt.edu.ar\/dpto-cs-comp\/wp-json\/wp\/v2\/pages"}],"about":[{"href":"https:\/\/www.facet.unt.edu.ar\/dpto-cs-comp\/wp-json\/wp\/v2\/types\/page"}],"author":[{"embeddable":true,"href":"https:\/\/www.facet.unt.edu.ar\/dpto-cs-comp\/wp-json\/wp\/v2\/users\/101021"}],"replies":[{"embeddable":true,"href":"https:\/\/www.facet.unt.edu.ar\/dpto-cs-comp\/wp-json\/wp\/v2\/comments?post=2621"}],"version-history":[{"count":2,"href":"https:\/\/www.facet.unt.edu.ar\/dpto-cs-comp\/wp-json\/wp\/v2\/pages\/2621\/revisions"}],"predecessor-version":[{"id":2623,"href":"https:\/\/www.facet.unt.edu.ar\/dpto-cs-comp\/wp-json\/wp\/v2\/pages\/2621\/revisions\/2623"}],"wp:attachment":[{"href":"https:\/\/www.facet.unt.edu.ar\/dpto-cs-comp\/wp-json\/wp\/v2\/media?parent=2621"}],"curies":[{"name":"wp","href":"https:\/\/api.w.org\/{rel}","templated":true}]}}