{"id":2627,"date":"2021-10-05T22:23:38","date_gmt":"2021-10-06T01:23:38","guid":{"rendered":"https:\/\/www.facet.unt.edu.ar\/dpto-cs-comp\/?page_id=2627"},"modified":"2021-10-05T22:40:50","modified_gmt":"2021-10-06T01:40:50","slug":"cv-ttorresperalta","status":"publish","type":"page","link":"https:\/\/www.facet.unt.edu.ar\/dpto-cs-comp\/cv-ttorresperalta\/","title":{"rendered":"Ticiano Torres Peralta"},"content":{"rendered":"<h2><strong>MSc. BS. Ticiano Torres Peralta<\/strong><\/h2>\n<p><a href=\"https:\/\/www.facet.unt.edu.ar\/dpto-cs-comp\/wp-content\/uploads\/sites\/29\/2021\/10\/ttorresperalta.png\"><img decoding=\"async\" loading=\"lazy\" class=\"alignnone wp-image-2628\" src=\"https:\/\/www.facet.unt.edu.ar\/dpto-cs-comp\/wp-content\/uploads\/sites\/29\/2021\/10\/ttorresperalta.png\" alt=\"\" width=\"416\" height=\"529\" \/><\/a><\/p>\n<h3><strong> <span class=\"fontstyle0\">Formaci\u00f3n Acad\u00e9mica<\/span><\/strong><\/h3>\n<p><span class=\"fontstyle0\">2013: <\/span><span class=\"fontstyle2\">Master of Science in Electrical Engineering in Rochester Institute of Technology, EEUU.<br \/>\n<\/span><span class=\"fontstyle0\">2009: <\/span><span class=\"fontstyle2\">Bachelor of Science in Electrical Engineering in Rochester Institute of Technology,<br \/>\nEEUU.<\/span><\/p>\n<h3><strong><span class=\"fontstyle0\">Docencia<\/span><\/strong><\/h3>\n<h4><strong><span class=\"fontstyle0\">Grado<\/span><\/strong><\/h4>\n<ul>\n<li><span class=\"fontstyle0\">2018 &#8211; Presente: <\/span><span class=\"fontstyle2\">Profesor Adjunto con semi dedicaci\u00f3n, Dpto. De Ciencias de la<br \/>\nComputaci\u00f3n, Facultad de Ciencias Exactas y Tecnolog\u00eda de la Universidad Nacional de<br \/>\nTucum\u00e1n. Asignaturas incluyen Arquitectura y Organizaci\u00f3n de Computadoras, Arquitectura y<br \/>\nOrganizaci\u00f3n de Computadoras I y Arquitectura y Organizaci\u00f3n de Computadoras II, para la<br \/>\ncarrera de Ing. En Inform\u00e1tica, Lic. en Inform\u00e1tica y Programador Universitario. Regular por<br \/>\nconcurso.<\/span><\/li>\n<li><span class=\"fontstyle0\">2014 \u2013 2018: <\/span><span class=\"fontstyle2\">Auxiliar Docente Graduado con semi dedicaci\u00f3n, Dpto. De Ciencias de la<br \/>\nComputaci\u00f3n, Facultad de Ciencias Exactas y Tecnolog\u00eda de la Universidad Nacional de<br \/>\nTucum\u00e1n. Asignaturas incluyen Arquitectura y Organizaci\u00f3n de Computadoras, Arquitectura y<br \/>\nOrganizaci\u00f3n de Computadoras I y Arquitectura y Organizaci\u00f3n de Computadoras II, para la<br \/>\ncarrera de Lic. en Inform\u00e1tica y Programador Universitario.<\/span><\/li>\n<li><span class=\"fontstyle0\">2010 \u2013 2013: <\/span><span class=\"fontstyle2\">Teaching Assistant, Multi Agent Bio-Robotics Laboratory, Kate Gleason College<br \/>\nof Engineering, Rochester Institute of Technology. Asignaturas incluyen Robotics and<br \/>\nSystems, Principles of Robotics, y Cybernetics, para la carrera de Electrical Engineering.<\/span><\/li>\n<li><span class=\"fontstyle0\">2010: <\/span><span class=\"fontstyle2\">Teaching Assistant, Dept. of Electrical and Microelectronics Engineering, Kate Gleason<br \/>\nCollege of Engineering, Rochester Institute of Technology. Asignaturas incluyen Circuits I y<br \/>\nDigital Electronics, para la carrera de Electrical Engineering.<\/span><\/li>\n<li><span class=\"fontstyle0\">2009: <\/span><span class=\"fontstyle2\">Teaching Assistant, Dept. of Electrical and Microelectronics Engineering, Kate Gleason<br \/>\nCollege of Engineering, Rochester Institute of Technology. Asignaturas incluye Mechatronics,<br \/>\nElectronics I y Electronics II, para la carrera de Electrical Engineering.<\/span><\/li>\n<\/ul>\n<h4><strong><span class=\"fontstyle0\">Otros Cursos<\/span><\/strong><\/h4>\n<ul>\n<li><span class=\"fontstyle0\">2019: <\/span><span class=\"fontstyle2\">\u201cIntroducci\u00f3n a la Programaci\u00f3n con Python\u201d. Curso de Formaci\u00f3n para el personal de<br \/>\nla empresa consultora Market One.<\/span><\/li>\n<\/ul>\n<h3><span class=\"fontstyle2\"><br \/>\n<\/span><strong><span class=\"fontstyle0\">Investigaci\u00f3n<\/span><\/strong><\/h3>\n<h4><strong><span class=\"fontstyle0\">Cargos en Investigaci\u00f3n<\/span><\/strong><\/h4>\n<ul>\n<li><span class=\"fontstyle0\">2014 \u2013 Presente: <\/span><span class=\"fontstyle2\">Investigador categorizado por el programa de incentivos. Categor\u00eda actual:<br \/>\nV.<\/span><\/li>\n<li><span class=\"fontstyle0\">2010 \u2013 2013: <\/span><span class=\"fontstyle2\">Research Assistant en Multi Agent Bio-robotics Laboratory, Kate Gleason<br \/>\nCollege of Engineering, Rochester Institute of Technology.<\/span><\/li>\n<\/ul>\n<h4><strong><span class=\"fontstyle0\">Proyectos de Investigaci\u00f3n<\/span><\/strong><\/h4>\n<ul>\n<li><span class=\"fontstyle0\">2020 \u2013 2022: <\/span><span class=\"fontstyle2\">Integrante del proyecto, \u201cAplicaciones de Meteorolog\u00eda del Espacio basadas en<br \/>\nInteligencia Artificial\u201d. PIUNT E689 2020-2022.<\/span><\/li>\n<li><span class=\"fontstyle0\">2018 \u2013 2020: <\/span><span class=\"fontstyle2\">Integrante del proyecto, \u201cEstrategias de Computaci\u00f3n Cient\u00edfica Aplicadas al<br \/>\nMonitoreo de Eventos de Meteorolog\u00eda del Espacio\u201d. PIUNT E360 2018-2020.<\/span><\/li>\n<li><span class=\"fontstyle0\">2014 \u2013 2017: <\/span><span class=\"fontstyle2\">Integrante del proyecto, \u201cInvestigaci\u00f3n y Desarrollos para la Implementaci\u00f3n de<br \/>\nla Educaci\u00f3n a Distancia en la FACET\u201d. PIUNT 26\/E525.<\/span><\/li>\n<\/ul>\n<h4><span class=\"fontstyle2\"><br \/>\n<\/span><strong><span class=\"fontstyle0\">Desarrollo Tecnol\u00f3gico<\/span><\/strong><\/h4>\n<ul>\n<li><span class=\"fontstyle0\">2021: <\/span><span class=\"fontstyle2\">Sistema de monitoreo para meteorolog\u00eda del espacio \u2013<br \/>\n<\/span><span class=\"fontstyle2\">https:\/\/spaceweather.facet.unt.edu.ar\/<\/span><span class=\"fontstyle2\">. Sistema web basado en ciencia de datos, big data y<br \/>\nsu visualizaci\u00f3n para el monitoreo de condiciones de meteorolog\u00eda del espacio usando<br \/>\ninstrumentos locales y remotos como fuente de datos.<\/span><\/li>\n<li><span class=\"fontstyle0\">2010: <\/span><span class=\"fontstyle2\">Sistema de adquisici\u00f3n de datos para el proyecto Water Propulsion System for MiniBaja \u2013 <\/span><span class=\"fontstyle2\">http:\/\/edge.rit.edu\/edge\/P10225\/public\/Home<\/span><span class=\"fontstyle2\">. Este sistema era parte del sistema de<br \/>\npruebas para medir la eficacia de la propulsi\u00f3n acu\u00e1tica de veh\u00edculos Baja. Mini-Baja Club,<br \/>\nRochester Institute of Technology.<\/span><\/li>\n<\/ul>\n<h4><span class=\"fontstyle2\"><br \/>\n<\/span><strong><span class=\"fontstyle0\">Publicaciones<\/span><\/strong><\/h4>\n<ul>\n<li><span class=\"fontstyle0\">2021: <\/span><span class=\"fontstyle2\">A data science approach for the development of space weather services at the<br \/>\nTucum\u00e1n Space Weather Center. Molina, M. G. and Torres Peralta, T. and Namour, J. and<br \/>\nGomez, A. N. and Paz, E. and Delorme, G. and Dall\u2019ara, D. and Amaya, G. and Cort\u00e9s, B.<br \/>\nXXXIV URSI General Assembly and Scientific Symposium.<\/span><\/li>\n<li><span class=\"fontstyle0\">2021: <\/span><span class=\"fontstyle2\">New Space Weather Services in Argentina: The Tucum\u00e1n Space Weather Center.<br \/>\nMolina, M. G. and Migoya Oru\u00e9, Y. and Namour, J. and Torres Peralta, T. and Alazo Cuartas,<br \/>\nK. and Elias, A. G and Zuccheretti, E. and Cabrera, Miguel A. XXXIV URSI General Assembly<br \/>\nand Scientific Symposium.<\/span><\/li>\n<li><span class=\"fontstyle0\">2021: <\/span><span class=\"fontstyle2\">Forbush decrease on September 6-13, 2017 observed by the Tanca water-Cherenkov<br \/>\ndetector. Fauth, A. C. and Agosin, V. and Morillas, A. A. and Ochoa, C. A. and LAGO<br \/>\nCollaboration (full author list <\/span><span class=\"fontstyle2\">http:\/\/lagoproject.net\/collab.html<\/span><span class=\"fontstyle2\">). 37th International Cosmic Ray<br \/>\nConference DOI: 10.22323\/1.395.1267<\/span><\/li>\n<li><span class=\"fontstyle0\">2021: <\/span><span class=\"fontstyle2\">Observations of the cosmic ray detector at the Argentine Marambio base in the<br \/>\nAntarctic Peninsula. Santos, N. A. and Dasso, S. and Gulisano, A. M. and Areso, O. and<br \/>\nLAGO Collaboration (full author list <\/span><span class=\"fontstyle2\">http:\/\/lagoproject.net\/collab.html<\/span><span class=\"fontstyle2\">). 37th International<br \/>\nCosmic Ray Conference DOI: 10.22323\/1.395.0304<\/span><\/li>\n<li><span class=\"fontstyle0\">2011: <\/span><span class=\"fontstyle2\">A study of crossover operators and reference set sizes for scatter search in<br \/>\nunconstrained function optimization. T. T. Peralta and F. Sahin. 2011 IEEE International<br \/>\nConference on Systems, Man, and Cybernetics, 2011, pp. 2156-2161, DOI:<br \/>\n10.1109\/ICSMC.2011.6083991<\/span><\/li>\n<\/ul>\n<h4><strong><span class=\"fontstyle0\">Presentaciones en Reuniones Cient\u00edficas<\/span><\/strong><\/h4>\n<ul>\n<li><span class=\"fontstyle0\">2018: <\/span><span class=\"fontstyle2\">Space Weather Monitoring: challanges in data management. Namour, J.; Torres<br \/>\nPeralta, T.; Ruiz, M.; Molina, M. G. ; Fagre, M.; Miranda Bonomi, F. XI COLAGE (Latin<br \/>\nAmerican Conference on Space Geophysics), Buenos Aires, Argentina.<\/span><\/li>\n<li><span class=\"fontstyle0\">2017: <\/span><span class=\"fontstyle2\">Addressing Space Weather Monitoring data handling problem. Molina, M. G.; Namour,<br \/>\nJ.; Torres Peralta, T.; Ruiz, M.; Fagre, M.; Miranda Bonomi, F.. PyData conference.<br \/>\nUniversidad Nacional de San Luis. San Luis, Argentina.<\/span><\/li>\n<li><span class=\"fontstyle0\">2017: <\/span><span class=\"fontstyle2\">El desaf\u00edo de dise\u00f1ar y ense\u00f1ar por competencias. Implementaci\u00f3n en aulas virtuales.<br \/>\nL\u00eda F. Torres Auad, Mar\u00eda Fernanda Guzm\u00e1n, Nicol\u00e1s G. Auvieux, Ticiano Torres Peralta,<br \/>\nJos\u00e9 Eduardo Martel. IV Jornadas de Innovaci\u00f3n Educativa de la Facultad de Ingenier\u00eda,<br \/>\nUniversidad Nacional de Jujuy. Jujuy, Argentina<\/span><\/li>\n<li><span class=\"fontstyle0\">2015: <\/span><span class=\"fontstyle2\">Pautas para la actualizaci\u00f3n de la Plataforma Moodle entre versiones distantes. Una<br \/>\nexperiencia concreta. Mar\u00eda Fernanda Guzm\u00e1n, Pablo J. Rodr\u00edguez Rey, L\u00eda F. Torres Auad,<br \/>\nNicol\u00e1s G. Auvieux, Julio A. Escalante Figueroa, Ticiano Torres Peralta. XXI Congreso<br \/>\nArgentino de Ciencias de la Computaci\u00f3n, Universidad de La Plata. Buenos Aires, Argentina.<\/span><\/li>\n<\/ul>\n<h4><strong><span class=\"fontstyle0\">Asistencia a Eventos Cient\u00edficos<\/span><\/strong><\/h4>\n<ul>\n<li><span class=\"fontstyle0\">2016: <\/span><span class=\"fontstyle2\">Workshop en T\u00e9cnicas de Programaci\u00f3n Cient\u00edfica, Edici\u00f3n 2016. Dtpo de F\u00edsica,<br \/>\nFACEyN-UBA.<\/span><\/li>\n<\/ul>\n<h4><strong><span class=\"fontstyle0\">Organizaci\u00f3n de Eventos Cient\u00edficos<\/span><\/strong><\/h4>\n<ul>\n<li><span class=\"fontstyle0\">2020: <\/span><span class=\"fontstyle2\">Organizador en el workshop, \u201dMachine Intelligence: Training and applications to<br \/>\nregional challenges\u201d. Facultad de Ciencias Exactas y Tecnolog\u00eda de la Universidad Nacional<br \/>\nde Tucum\u00e1n y Newcastle University. <\/span><span class=\"fontstyle2\">https:\/\/catedras.facet.unt.edu.ar\/ai-facet\/es\/inicio\/<\/span><\/li>\n<li><span class=\"fontstyle0\">2017: <\/span><span class=\"fontstyle2\">Organizador en el workshop, \u201cWorkshop en T\u00e9cnicas de Programaci\u00f3n Cient\u00edfica\u201d.<br \/>\nDpto. De Ciencias de la Computaci\u00f3n, Facultad de Ciencias Exactas y Tecnolog\u00eda de la<\/span><\/li>\n<li><span class=\"fontstyle0\">2014: <\/span><span class=\"fontstyle2\">Organizador de \u201cIII Jornadas de Intercambio de Experiencias Educativas: FacetVirtual<br \/>\n2.0\u201d. Centro de Educaci\u00f3n a Distancia e Investigaci\u00f3n en Tecnolog\u00edas Educativas, Facultad<br \/>\nde Ciencias Exactas y Tecnolog\u00eda de la Universidad Nacional de Tucum\u00e1n.<\/span><\/li>\n<\/ul>\n<h3><span class=\"fontstyle2\"><br \/>\n<\/span><strong><span class=\"fontstyle0\">Formaci\u00f3n de Recursos Humanos<\/span><\/strong><\/h3>\n<h3><strong><span class=\"fontstyle0\">Direcci\u00f3n de Tesis de Grado<\/span><\/strong><\/h3>\n<ul>\n<li><span class=\"fontstyle0\">2019 \u2013 2021: <\/span><span class=\"fontstyle2\">Algoritmos aplicados a herramientas bioinform\u00e1ticas para el ensamblado de<br \/>\ngenomas. Alumna: Josefina Lobo Colombres. Lic. en Inform\u00e1tica, Facultad de Ciencias<br \/>\nExactas y Tecnolog\u00eda de la Universidad Nacional de Tucum\u00e1n<br \/>\n<\/span><\/li>\n<\/ul>\n<h4><strong><span class=\"fontstyle0\">Direcci\u00f3n de Becas y Pasant\u00edas<\/span><\/strong><\/h4>\n<ul>\n<li><span class=\"fontstyle0\">2021: <\/span><span class=\"fontstyle2\">Sistema autom\u00e1tico para la adquisici\u00f3n, procesamiento y almacenamiento de<br \/>\npar\u00e1metros ionosf\u00e9ricos para Argentina para el acceso p\u00fablico. Alumno: Esteban Emmanuel<br \/>\nPaz. Lic. en Inform\u00e1tica, Facultad de Ciencias Exactas y Tecnolog\u00eda de la Universidad<br \/>\nNacional de Tucum\u00e1n.<\/span><\/li>\n<\/ul>\n<h3><span class=\"fontstyle2\"><br \/>\n<\/span><strong><span class=\"fontstyle0\">Formaci\u00f3n y Perfeccionamiento<\/span><\/strong><\/h3>\n<h4><strong><span class=\"fontstyle0\">Cursos de Postgrado<\/span><\/strong><\/h4>\n<ul>\n<li><span class=\"fontstyle0\">2020: <\/span><span class=\"fontstyle2\">Introducci\u00f3n al aprendizaje de maquina. Dictado por Dr. Jaume Bacardit. Facultad de<br \/>\nCiencias Exactas y Tecnolog\u00eda de la Universidad Nacional de Tucum\u00e1n. 40 Horas.<br \/>\n<\/span><span class=\"fontstyle0\">2020: <\/span><span class=\"fontstyle2\">Inteligencia computacional para problemas de optimizaci\u00f3n complejos. Dictado por Dr.<br \/>\nNatalio Krasnogor. Facultad de Ciencias Exactas y Tecnolog\u00eda de la Universidad Nacional de<br \/>\nTucum\u00e1n. 40 Horas.<\/span><\/li>\n<li><span class=\"fontstyle0\">2019: <\/span><span class=\"fontstyle2\">Introducci\u00f3n a las misiones espaciales, producci\u00f3n de sat\u00e9lites. Dictado por Dres.<br \/>\nCelio Costa Vaz y Geilson Loureiro. 20 Horas.<\/span><\/li>\n<\/ul>\n<h4><span class=\"fontstyle2\"><br \/>\n<\/span><strong><span class=\"fontstyle0\">Participaci\u00f3n en Cursos, Talleres y Otros<\/span><\/strong><\/h4>\n<ul>\n<li><span class=\"fontstyle0\">2017: <\/span><span class=\"fontstyle2\">Big Data, e-service, c\u00f3mputo intensivo y mucho m\u00e1s. M. G. Molina y J. Namour. Charla<br \/>\nde divulgaci\u00f3n cient\u00edfica. Semana del Programador 2017. Facultad de Ciencias Exactas y<br \/>\nTecnolog\u00eda de la Universidad Nacional de Tucum\u00e1n.<\/span><\/li>\n<li><span class=\"fontstyle0\">2017: <\/span><span class=\"fontstyle2\">El aporte de la ciencias b\u00e1sicas al logro de las competencias gen\u00e9ricas. Dictado por<br \/>\nIng. Daniel Morano. Facultad de Ciencias Exactas y Tecnolog\u00eda de la Universidad Nacional<br \/>\nde Tucum\u00e1n.<\/span><\/li>\n<li><span class=\"fontstyle0\">2017: <\/span><span class=\"fontstyle2\">Transformando la Educaci\u00f3n en Ingenieria para la Era de la Innovaci\u00f3n. Dictador por<br \/>\nDra. Lueny Morell y Ing. Uriel Cukierma. Facultad de Ciencias Exactas y Tecnolog\u00eda de la<br \/>\nUniversidad Nacional de Tucum\u00e1n.<\/span><\/li>\n<li><span class=\"fontstyle0\">2016: <\/span><span class=\"fontstyle2\">Taller de Redacci\u00f3n Acad\u00e9mica. Dictado por Lic. Angel Ram\u00f3n Diaz Cabrera y Lic.<br \/>\nPatricia Guadalupe Nuno Brito. Centro de Estudios del Tucum\u00e1n.<\/span><\/li>\n<li><span class=\"fontstyle0\">2013: <\/span><span class=\"fontstyle2\">Los docentes podemos hacer: Producci\u00f3n de Material Did\u00e1ctico Digital. Dictado por<br \/>\nProf. Esp. Juan Carlos Asinsten. Centro de Educaci\u00f3n a Distancia e Investigaci\u00f3n en<br \/>\nTecnolog\u00edas Educativas, Facultad de Ciencias Exactas y Tecnolog\u00eda de la Universidad<br \/>\nNacional de Tucum\u00e1n.<\/span><\/li>\n<li><span class=\"fontstyle0\">2013: <\/span><span class=\"fontstyle2\">II Jornadas de Intercambio de Experiencias Educativas: Recursos para el Aula Virtual.<br \/>\nCentro de Educaci\u00f3n a Distancia e Investigaci\u00f3n en Tecnolog\u00edas Educativas, Facultad de<br \/>\nCiencias Exactas y Tecnolog\u00eda de la Universidad Nacional de Tucum\u00e1n.<\/span><\/li>\n<\/ul>\n<h3><strong><span class=\"fontstyle0\">Gesti\u00f3n<\/span><\/strong><\/h3>\n<ul>\n<li><span class=\"fontstyle0\">2019 \u2013 Presente: <\/span><span class=\"fontstyle2\">Director del Club de Rob\u00f3tica, iniciativa de extensi\u00f3n del Laboratorio de<br \/>\nComputaci\u00f3n Cient\u00edfica. Facultad de Ciencias Exactas y Tecnolog\u00eda de la Universidad<br \/>\nNacional de Tucum\u00e1n.<\/span><\/li>\n<li><span class=\"fontstyle0\">2019 \u2013 Presente: <\/span><span class=\"fontstyle2\">Direcci\u00f3n T\u00e9cnica del Centro de C\u00f3mputos de Alto Desempe\u00f1o de la<br \/>\nUniversidad Nacional de Tucum\u00e1n.<\/span><\/li>\n<li><span class=\"fontstyle0\">2019 \u2013 Presente: <\/span><span class=\"fontstyle2\">Integrante de la Comisi\u00f3n Acad\u00e9mica de la carrera de Ing. en Inform\u00e1tica.<br \/>\nFacultad de Ciencias Exactas y Tecnolog\u00eda de la Universidad Nacional de Tucum\u00e1n.<\/span><\/li>\n<li><span class=\"fontstyle0\">2016 \u2013 2018: <\/span><span class=\"fontstyle2\">Integrante de la Comisi\u00f3n Acad\u00e9mica de la carrera de Lic. en Inform\u00e1tica.<br \/>\nFacultad de Ciencias Exactas y Tecnolog\u00eda de la Universidad Nacional de Tucum\u00e1n.<\/span><\/li>\n<li><span class=\"fontstyle0\">2016 \u2013 2018: <\/span><span class=\"fontstyle2\">Integrante suplente de la Comisi\u00f3n Acad\u00e9mica de la carrera de Programador<br \/>\nUniversitario. Facultad de Ciencias Exactas y Tecnolog\u00eda de la Universidad Nacional de<br \/>\nTucum\u00e1n.<\/span><\/li>\n<li><span class=\"fontstyle0\">2010 \u2013 2013: <\/span><span class=\"fontstyle2\">Integrante del la Comisi\u00f3n de Mantenimiento del Multi Agent Bio-robotics<br \/>\nLaboratory, Rochester Institute of Technology.<\/span><\/li>\n<\/ul>\n<h3><strong><span class=\"fontstyle0\">Extensi\u00f3n<\/span><\/strong><\/h3>\n<ul>\n<li><span class=\"fontstyle0\">2019: <\/span><span class=\"fontstyle2\">Organizador y expositor en el proyecto de extensi\u00f3n \u201cPrograma de Extensi\u00f3n:<br \/>\nPromoci\u00f3n de Carreras de la FACET a trav\u00e9s de la Rob\u00f3tica\u201d. Facultad de Ciencias Exactas<br \/>\ny Tecnolog\u00eda de la Universidad Nacional de Tucum\u00e1n.<\/span><\/li>\n<li><span class=\"fontstyle0\">2018 \u2013 2019: <\/span><span class=\"fontstyle2\">Expositor en EDUCATEC. evento anual del Centro de Innovaci\u00f3n e<br \/>\nInvestigaci\u00f3n para el Desarrollo Educativo, Productivo y Tecnol\u00f3gico.<\/span><\/li>\n<li><span class=\"fontstyle0\">2017: <\/span><span class=\"fontstyle2\">Organizador del \u201cPrimer Torneo de Rob\u00f3tica de la FACET\u201d. Facultad de Ciencias<br \/>\nExactas y Tecnolog\u00eda de la Universidad Nacional de Tucum\u00e1n.<\/span><\/li>\n<li><span class=\"fontstyle0\">2016 \u2013 2019: <\/span><span class=\"fontstyle2\">Organizador y disertante del taller \u201cRob\u00f3tica para Todos\u201d, como parte del<br \/>\nevento anual Exactas para todos. Facultad de Ciencias Exactas y Tecnolog\u00eda de la<br \/>\nUniversidad Nacional de Tucum\u00e1n.<\/span><\/li>\n<li><span class=\"fontstyle0\">2016: <\/span><span class=\"fontstyle2\">Disertante de \u201cRob\u00f3tica aplicada: conectando Arduino con sensores infrarrojos y de<br \/>\nultrasonido\u201d. Parte de la 1<\/span><span class=\"fontstyle2\">o <\/span><span class=\"fontstyle2\">Jornada del D\u00eda del Programador, Dpto. De Ciencias de la<\/span><br \/>\n<span class=\"fontstyle2\">Computaci\u00f3n, Facultad de Ciencias Exactas y Tecnolog\u00eda de la Universidad Nacional de<br \/>\nTucum\u00e1n.<\/span><\/li>\n<li><span class=\"fontstyle0\">2016: <\/span><span class=\"fontstyle2\">Organizador de la \u201c1<\/span><span class=\"fontstyle2\">o <\/span><span class=\"fontstyle2\">Jornada del D\u00eda del Programador\u201d, Laboratorio de Computaci\u00f3n<br \/>\nCient\u00edfica, Dpto. De Ciencias de la Computaci\u00f3n, Facultad de Ciencias Exactas y Tecnolog\u00eda<br \/>\nde la Universidad Nacional de Tucum\u00e1n.<\/span><\/li>\n<li><span class=\"fontstyle0\">2010 \u2013 2012: <\/span><span class=\"fontstyle2\">Organizador y expositor del programa \u201cRobo Weekend\u201d. Multi Agent Biorobotics Laboratory, Rochester Institute of Technology.<\/span><\/li>\n<li><span class=\"fontstyle0\">2009 \u2013 2011: <\/span><span class=\"fontstyle2\">Representante del Multi Agent Bio-robotics Laboratory en el evento en<br \/>\n\u201cImagine RIT: Innovation and Creativity Festival\u201d. Rochester Institute of Technology<\/span><\/li>\n<\/ul>\n","protected":false},"excerpt":{"rendered":"<p>MSc. BS. Ticiano Torres Peralta Formaci\u00f3n Acad\u00e9mica 2013: Master of Science in Electrical Engineering in Rochester Institute of Technology, EEUU. 2009: Bachelor of Science in Electrical Engineering in Rochester Institute of Technology, EEUU. Docencia Grado 2018 &#8211; Presente: Profesor Adjunto con semi dedicaci\u00f3n, Dpto. De Ciencias de la Computaci\u00f3n, Facultad de Ciencias Exactas y Tecnolog\u00eda [&hellip;]<\/p>\n","protected":false},"author":101021,"featured_media":0,"parent":0,"menu_order":0,"comment_status":"closed","ping_status":"closed","template":"","meta":[],"_links":{"self":[{"href":"https:\/\/www.facet.unt.edu.ar\/dpto-cs-comp\/wp-json\/wp\/v2\/pages\/2627"}],"collection":[{"href":"https:\/\/www.facet.unt.edu.ar\/dpto-cs-comp\/wp-json\/wp\/v2\/pages"}],"about":[{"href":"https:\/\/www.facet.unt.edu.ar\/dpto-cs-comp\/wp-json\/wp\/v2\/types\/page"}],"author":[{"embeddable":true,"href":"https:\/\/www.facet.unt.edu.ar\/dpto-cs-comp\/wp-json\/wp\/v2\/users\/101021"}],"replies":[{"embeddable":true,"href":"https:\/\/www.facet.unt.edu.ar\/dpto-cs-comp\/wp-json\/wp\/v2\/comments?post=2627"}],"version-history":[{"count":8,"href":"https:\/\/www.facet.unt.edu.ar\/dpto-cs-comp\/wp-json\/wp\/v2\/pages\/2627\/revisions"}],"predecessor-version":[{"id":2636,"href":"https:\/\/www.facet.unt.edu.ar\/dpto-cs-comp\/wp-json\/wp\/v2\/pages\/2627\/revisions\/2636"}],"wp:attachment":[{"href":"https:\/\/www.facet.unt.edu.ar\/dpto-cs-comp\/wp-json\/wp\/v2\/media?parent=2627"}],"curies":[{"name":"wp","href":"https:\/\/api.w.org\/{rel}","templated":true}]}}