{"id":2639,"date":"2021-10-14T00:36:59","date_gmt":"2021-10-14T03:36:59","guid":{"rendered":"https:\/\/www.facet.unt.edu.ar\/dpto-cs-comp\/?page_id=2639"},"modified":"2021-10-14T01:06:11","modified_gmt":"2021-10-14T04:06:11","slug":"cv-dhmelucci","status":"publish","type":"page","link":"https:\/\/www.facet.unt.edu.ar\/dpto-cs-comp\/cv-dhmelucci\/","title":{"rendered":"Daniel Horacio Melucci"},"content":{"rendered":"<h2><strong>Lic. Daniel Horacio Melucci<\/strong><\/h2>\n<p><a href=\"https:\/\/www.facet.unt.edu.ar\/dpto-cs-comp\/wp-content\/uploads\/sites\/29\/2021\/10\/dmelucci.jpg\"><img decoding=\"async\" loading=\"lazy\" class=\"alignnone wp-image-2641\" src=\"https:\/\/www.facet.unt.edu.ar\/dpto-cs-comp\/wp-content\/uploads\/sites\/29\/2021\/10\/dmelucci.jpg\" alt=\"\" width=\"400\" height=\"365\" \/><\/a><\/p>\n<h3><strong>Formaci\u00f3n<\/strong><\/h3>\n<ul>\n<li>Posgrado: Curso de Postgrado \u201cPericias en Inform\u00e1tica\u201d. Universidad Nacional de La Plata, Facultad de Inform\u00e1tica. 2021. Finalizado. Nota: 10. (Otorga 4 cr\u00e9ditos para el Doctorado en Ciencias Inform\u00e1ticas).<\/li>\n<li>Posgrado: Master en Administraci\u00f3n de Empresas. Universidad Nacional de Tucum\u00e1n, Facultad de Ciencias Econ\u00f3micas. Cursando Terminado. (Elaborando Tesis)<\/li>\n<li>Grado Universitario: Licenciado en Inform\u00e1tica. Universidad Nacional de Tucum\u00e1n, Facultad de Ciencias Exactas y Tecnolog\u00eda. Marzo de 2011 \u2013 Abril de 2018. Promedio: 7,67 (Mejor Promedio)<\/li>\n<li>Pregrado Universitario: Programador Universitario. Universidad Nacional de Tucum\u00e1n, Facultad de Ciencias Exactas y Tecnolog\u00eda. Marzo de 2012 \u2013 Noviembre de 2017. Promedio: 7,63<\/li>\n<li>Titulo Secundario: T\u00e9cnico en Inform\u00e1tica Personal y Profesional. Escuela T\u00e9cnica N\u00b01 de Monteros. Egreso 2010. Promedio: 9,18 (Mejor Promedio)<\/li>\n<\/ul>\n<h3><strong>Logros<\/strong><\/h3>\n<ul>\n<li>Ganador de la Beca FONSOFT (Fondo fiduciario para la promoci\u00f3n cient\u00edfica del software) \u2013 2016: por la idea proyecto de innovaci\u00f3n tecnol\u00f3gica presentada.<\/li>\n<\/ul>\n<h3><strong>Experiencia Laboral<\/strong><\/h3>\n<ul>\n<li>Junio 2021 \u2013 Actual: Ayudante Judicial en Oficina de Gesti\u00f3n de Audiencias, Centro Judicial Capital, Poder Judicial de la Provincia de Tucum\u00e1n.<\/li>\n<li>Marzo 2021 \u2013 Actual: Jefe de Trabajos Pr\u00e1cticos en Facultad de Ciencias Exactas, Universidad Nacional de Tucum\u00e1n.<\/li>\n<li>Agosto 2020 \u2013 Julio 2021: Capacitador del curso La Programaci\u00f3n y su Did\u00e1ctica I, Universidad Nacional de Tucum\u00e1n \u2013 Fundaci\u00f3n Sadosky.<\/li>\n<li>Abril de 2019 \u2013 Actual: Docente Auxiliar en Facultad de Ciencias Exactas, Universidad Nacional de Tucum\u00e1n.<\/li>\n<li>Septiembre de 2018 \u2013 Diciembre 2018: Profesor multidisciplinar en el uso de TICs en el aula &#8211; Escuela Secundaria de Leales \u2013 Proyecto de Mejora Institucional \u2013 Ministerio de Educaci\u00f3n:<br \/>\n\u2022 Producci\u00f3n de material did\u00e1ctico digital.<br \/>\n\u2022 Dictado de clases.<br \/>\n\u2022 Creaci\u00f3n y administraci\u00f3n de una p\u00e1gina web para la instituci\u00f3n<\/li>\n<li>Enero 2018 \u2013 Mayo 2018: Representante de atenci\u00f3n al cliente en Aegis:<br \/>\n\u2022 Brindar soporte t\u00e9cnico a los Clientes de Cablevision y Fibertel.<br \/>\n\u2022 Diagn\u00f3stico y seguimiento de los servicios de internet, cable, telefon\u00eda y aplicaciones m\u00f3viles.<br \/>\n\u2022 Configuraci\u00f3n de equipos en forma remota.<br \/>\n\u2022 Manejo de agenda t\u00e9cnicas.<br \/>\n\u2022 Ajustes de facturaci\u00f3n.<\/li>\n<li>Marzo de 2016 \u2013 octubre 2017: Desarrollador de Software para GuiNor Muebleria (Practica Profesional<br \/>\nSupervisada):<br \/>\n\u2022 Analizar el funcionamiento interno de la empresa.<br \/>\n\u2022 Determinar los requisitos funcionales del sistema de informaci\u00f3n que respondan a las necesidades de los usuarios potenciales.<br \/>\n\u2022 Establecer alcances del sistema. Como resultado del an\u00e1lisis se determin\u00f3 que se necesitaba migrar el sistema de gesti\u00f3n implementado con planillas de Excel con el que funcionaba la empresa. El sistema deb\u00eda permitir el manejo de clientes, cr\u00e9ditos, cuotas, pagos, proveedores, empleados; cobradores y vendedores, permitir la generaci\u00f3n de informes estad\u00edsticos y manejar usuarios con diferentes niveles de privilegios.<br \/>\n\u2022 Planificar y establecer cronogramas de tareas.<br \/>\n\u2022 Dise\u00f1o soluci\u00f3n a implementar: interfaces, arquitectura y base de datos (MySQL).<\/li>\n<\/ul>\n<h3><strong>Conocimientos<\/strong><\/h3>\n<p><strong>Habilidades T\u00e9cnicas:<\/strong><br \/>\n\u2022 Manejo de lenguajes de programaci\u00f3n: C, C++, C#, Visual Basic, HTML, CSS3.<br \/>\n\u2022 Frameworks: .NET<br \/>\n\u2022 Manejos de Bases de Datos: MySQL, Postgres, Acces.<br \/>\n\u2022 Manejo de otros programas: PhotoScap, Prezzi, Word, Excel, Power Point.<br \/>\n\u2022 Configuraci\u00f3n de Equipos.<br \/>\n\u2022 Configuraci\u00f3n de Redes y Servidores con Windows Server.<br \/>\n\u2022 Dactilograf\u00eda.<\/p>\n<p><strong>Habilidades de Administraci\u00f3n:<\/strong><br \/>\n\u2022 Lectura y elaboraci\u00f3n de estados contables: Estados de Resultados, Estados de Situaci\u00f3n<br \/>\nPatrimonial, Estado de Flujo de Efectivo y Estado de Evoluci\u00f3n del Patrimonio.<br \/>\n\u2022 Diagn\u00f3stico de problemas, evaluaci\u00f3n de planes de acci\u00f3n y toma de decisiones.<br \/>\n\u2022 Confecci\u00f3n de estados de costos y an\u00e1lisis de rentabilidad de pedidos y clientes.<br \/>\n\u2022 Lectura y evaluaci\u00f3n de informes estad\u00edsticos.<br \/>\n\u2022 An\u00e1lisis de mercado y productos.<br \/>\n\u2022 Evaluaci\u00f3n de estrategias de Marketing.<br \/>\n\u2022 Gesti\u00f3n de RRHH.<br \/>\n\u2022 Gesti\u00f3n de Servicios.<br \/>\n\u2022 Implementaci\u00f3n de Estrategia y Gesti\u00f3n del Cambio en la Organizaci\u00f3n.<br \/>\n\u2022 Dise\u00f1o de la Estructura Organizacional.<\/p>\n","protected":false},"excerpt":{"rendered":"<p>Lic. Daniel Horacio Melucci Formaci\u00f3n Posgrado: Curso de Postgrado \u201cPericias en Inform\u00e1tica\u201d. Universidad Nacional de La Plata, Facultad de Inform\u00e1tica. 2021. Finalizado. Nota: 10. (Otorga 4 cr\u00e9ditos para el Doctorado en Ciencias Inform\u00e1ticas). Posgrado: Master en Administraci\u00f3n de Empresas. Universidad Nacional de Tucum\u00e1n, Facultad de Ciencias Econ\u00f3micas. Cursando Terminado. (Elaborando Tesis) Grado Universitario: Licenciado en [&hellip;]<\/p>\n","protected":false},"author":101021,"featured_media":0,"parent":0,"menu_order":0,"comment_status":"closed","ping_status":"closed","template":"","meta":[],"_links":{"self":[{"href":"https:\/\/www.facet.unt.edu.ar\/dpto-cs-comp\/wp-json\/wp\/v2\/pages\/2639"}],"collection":[{"href":"https:\/\/www.facet.unt.edu.ar\/dpto-cs-comp\/wp-json\/wp\/v2\/pages"}],"about":[{"href":"https:\/\/www.facet.unt.edu.ar\/dpto-cs-comp\/wp-json\/wp\/v2\/types\/page"}],"author":[{"embeddable":true,"href":"https:\/\/www.facet.unt.edu.ar\/dpto-cs-comp\/wp-json\/wp\/v2\/users\/101021"}],"replies":[{"embeddable":true,"href":"https:\/\/www.facet.unt.edu.ar\/dpto-cs-comp\/wp-json\/wp\/v2\/comments?post=2639"}],"version-history":[{"count":16,"href":"https:\/\/www.facet.unt.edu.ar\/dpto-cs-comp\/wp-json\/wp\/v2\/pages\/2639\/revisions"}],"predecessor-version":[{"id":2660,"href":"https:\/\/www.facet.unt.edu.ar\/dpto-cs-comp\/wp-json\/wp\/v2\/pages\/2639\/revisions\/2660"}],"wp:attachment":[{"href":"https:\/\/www.facet.unt.edu.ar\/dpto-cs-comp\/wp-json\/wp\/v2\/media?parent=2639"}],"curies":[{"name":"wp","href":"https:\/\/api.w.org\/{rel}","templated":true}]}}