{"id":266,"date":"2015-08-29T18:44:18","date_gmt":"2015-08-29T21:44:18","guid":{"rendered":"https:\/\/www.facet.unt.edu.ar\/dpto-cs-comp\/?page_id=266"},"modified":"2023-03-08T19:43:16","modified_gmt":"2023-03-08T22:43:16","slug":"secretaria","status":"publish","type":"page","link":"https:\/\/www.facet.unt.edu.ar\/dpto-cs-comp\/secretaria\/","title":{"rendered":"SECRETAR\u00cdA"},"content":{"rendered":"<h3><u>Secretar\u00eda del Departamento de Ciencias de la Computaci\u00f3n<\/u><\/h3>\n<p>&nbsp;<\/p>\n<h4><u>Jefa administrativa de secretar\u00eda:<\/u><\/h4>\n<p>Mariana Gonz\u00e1lez (Turno ma\u00f1ana)<\/p>\n<h4><u>Correo:<\/u><\/h4>\n<p><a href=\"mailto:secdecc@herrera.unt.edu.ar\" target=\"_blank\" rel=\"noopener\">secdecc@herrera.unt.edu.ar<\/a><\/p>\n<h4><u>Ubicaci\u00f3n:<\/u><\/h4>\n<p>Block 2 \u2013 OFICINA 2-0-13 \u2013 Planta Baja<\/p>\n<h4><u>Direcci\u00f3n: <\/u><\/h4>\n<p>Av. Independencia 1800 \u2013 S. M. de Tucum\u00e1n \u2013 Argentina<\/p>\n<h4><u>Tel.: <\/u><\/h4>\n<p>(0381) 4364093 interno 7746<\/p>\n<p>Facultad de Ciencias Exactas y Tecnolog\u00eda<br \/>\nUniversidad Nacional de Tucum\u00e1n<br \/>\n(Predio conocido como &#8220;Quinta Agron\u00f3mica&#8221; Y &#8220;Centro Herrera&#8221;)<\/p>\n<p><a href=\"https:\/\/www.facet.unt.edu.ar\/dpto-cs-comp\/wp-content\/uploads\/sites\/29\/2015\/08\/blocks.jpg\"><img decoding=\"async\" loading=\"lazy\" class=\"alignnone size-medium wp-image-276\" src=\"https:\/\/www.facet.unt.edu.ar\/dpto-cs-comp\/wp-content\/uploads\/sites\/29\/2015\/08\/blocks-300x210.jpg\" alt=\"blocks\" width=\"300\" height=\"210\" srcset=\"https:\/\/www.facet.unt.edu.ar\/dpto-cs-comp\/wp-content\/uploads\/sites\/29\/2015\/08\/blocks-300x210.jpg 300w, https:\/\/www.facet.unt.edu.ar\/dpto-cs-comp\/wp-content\/uploads\/sites\/29\/2015\/08\/blocks.jpg 725w\" sizes=\"(max-width: 300px) 100vw, 300px\" \/><\/a><\/p>\n<p><strong>(Haga Click en la imagen para ampliar)<\/strong><\/p>\n","protected":false},"excerpt":{"rendered":"<p>Secretar\u00eda del Departamento de Ciencias de la Computaci\u00f3n &nbsp; Jefa administrativa de secretar\u00eda: Mariana Gonz\u00e1lez (Turno ma\u00f1ana) Correo: secdecc@herrera.unt.edu.ar Ubicaci\u00f3n: Block 2 \u2013 OFICINA 2-0-13 \u2013 Planta Baja Direcci\u00f3n: Av. Independencia 1800 \u2013 S. M. de Tucum\u00e1n \u2013 Argentina Tel.: (0381) 4364093 interno 7746 Facultad de Ciencias Exactas y Tecnolog\u00eda Universidad Nacional de Tucum\u00e1n (Predio [&hellip;]<\/p>\n","protected":false},"author":23,"featured_media":0,"parent":0,"menu_order":0,"comment_status":"closed","ping_status":"closed","template":"","meta":[],"_links":{"self":[{"href":"https:\/\/www.facet.unt.edu.ar\/dpto-cs-comp\/wp-json\/wp\/v2\/pages\/266"}],"collection":[{"href":"https:\/\/www.facet.unt.edu.ar\/dpto-cs-comp\/wp-json\/wp\/v2\/pages"}],"about":[{"href":"https:\/\/www.facet.unt.edu.ar\/dpto-cs-comp\/wp-json\/wp\/v2\/types\/page"}],"author":[{"embeddable":true,"href":"https:\/\/www.facet.unt.edu.ar\/dpto-cs-comp\/wp-json\/wp\/v2\/users\/23"}],"replies":[{"embeddable":true,"href":"https:\/\/www.facet.unt.edu.ar\/dpto-cs-comp\/wp-json\/wp\/v2\/comments?post=266"}],"version-history":[{"count":20,"href":"https:\/\/www.facet.unt.edu.ar\/dpto-cs-comp\/wp-json\/wp\/v2\/pages\/266\/revisions"}],"predecessor-version":[{"id":3045,"href":"https:\/\/www.facet.unt.edu.ar\/dpto-cs-comp\/wp-json\/wp\/v2\/pages\/266\/revisions\/3045"}],"wp:attachment":[{"href":"https:\/\/www.facet.unt.edu.ar\/dpto-cs-comp\/wp-json\/wp\/v2\/media?parent=266"}],"curies":[{"name":"wp","href":"https:\/\/api.w.org\/{rel}","templated":true}]}}